{"id":9179,"date":"2020-03-23T20:22:59","date_gmt":"2020-03-23T20:22:59","guid":{"rendered":"https:\/\/auctionahead.com\/?post_type=product&#038;p=9179"},"modified":"2022-04-24T19:54:24","modified_gmt":"2022-04-24T19:54:24","slug":"medical-reusable-mouth-mask","status":"publish","type":"product","link":"https:\/\/auctionahead.com\/en\/product\/medical-reusable-mouth-mask\/","title":{"rendered":"Medical Reusable Mouth Mask"},"content":{"rendered":"<p>&#8211; Correas el\u00e1sticas y clip de nariz ajustable para diferentes formas y tama\u00f1os de cara<br \/>\n&#8211; Material de alta calidad<br \/>\n&#8211; Material c\u00f3modo sin frotarse la cara<\/p>","protected":false},"excerpt":{"rendered":"<p>Mascarillas de respiraci\u00f3n Mascarilla bucal m\u00e9dica reutilizable<br \/>\n&#8211; Correas el\u00e1sticas y clip de nariz ajustable para diferentes formas y tama\u00f1os de cara<br \/>\n&#8211; Material de alta calidad<br \/>\n&#8211; Material c\u00f3modo sin frotarse la cara<\/p>","protected":false},"featured_media":9180,"template":"","meta":[],"product_brand":[],"product_cat":[73],"product_tag":[],"class_list":{"0":"post-9179","1":"product","2":"type-product","3":"status-publish","4":"has-post-thumbnail","6":"product_cat-hygiene-care","8":"first","9":"instock","10":"sale","11":"taxable","12":"shipping-taxable","13":"purchasable","14":"product-type-simple"},"yoast_head":"<!-- This site is optimized with the Yoast SEO plugin v27.4 - https:\/\/yoast.com\/product\/yoast-seo-wordpress\/ -->\n<title>M\u00e1scara bucal m\u00e9dica reutilizable - Auction Ahead<\/title>\n<meta name=\"robots\" content=\"index, follow, max-snippet:-1, max-image-preview:large, max-video-preview:-1\" \/>\n<link rel=\"canonical\" href=\"https:\/\/auctionahead.com\/en\/product\/medical-reusable-mouth-mask\/\" \/>\n<meta property=\"og:locale\" content=\"en_US\" \/>\n<meta property=\"og:type\" content=\"article\" \/>\n<meta property=\"og:title\" content=\"M\u00e1scara bucal m\u00e9dica reutilizable - Auction Ahead\" \/>\n<meta property=\"og:description\" content=\"Mascarillas de respiraci\u00f3n Mascarilla bucal m\u00e9dica reutilizable - Correas el\u00e1sticas y clip de nariz ajustable para diferentes formas y tama\u00f1os de cara - Material de alta calidad - Material c\u00f3modo sin frotarse la cara\" \/>\n<meta property=\"og:url\" content=\"https:\/\/auctionahead.com\/en\/product\/medical-reusable-mouth-mask\/\" \/>\n<meta property=\"og:site_name\" content=\"Auction Ahead\" \/>\n<meta property=\"article:modified_time\" content=\"2022-04-24T19:54:24+00:00\" \/>\n<meta property=\"og:image\" content=\"https:\/\/auctionahead.com\/wp-content\/uploads\/2022\/04\/Mask3.jpg\" \/>\n\t<meta property=\"og:image:width\" content=\"800\" \/>\n\t<meta property=\"og:image:height\" content=\"800\" \/>\n\t<meta property=\"og:image:type\" content=\"image\/jpeg\" \/>\n<meta name=\"twitter:card\" content=\"summary_large_image\" \/>\n<script type=\"application\/ld+json\" class=\"yoast-schema-graph\">{\"@context\":\"https:\\\/\\\/schema.org\",\"@graph\":[{\"@type\":\"WebPage\",\"@id\":\"https:\\\/\\\/auctionahead.com\\\/product\\\/medical-reusable-mouth-mask\\\/\",\"url\":\"https:\\\/\\\/auctionahead.com\\\/product\\\/medical-reusable-mouth-mask\\\/\",\"name\":\"M\u00e1scara bucal m\u00e9dica reutilizable - Auction Ahead\",\"isPartOf\":{\"@id\":\"https:\\\/\\\/auctionahead.com\\\/#website\"},\"primaryImageOfPage\":{\"@id\":\"https:\\\/\\\/auctionahead.com\\\/product\\\/medical-reusable-mouth-mask\\\/#primaryimage\"},\"image\":{\"@id\":\"https:\\\/\\\/auctionahead.com\\\/product\\\/medical-reusable-mouth-mask\\\/#primaryimage\"},\"thumbnailUrl\":\"https:\\\/\\\/auctionahead.com\\\/wp-content\\\/uploads\\\/2022\\\/04\\\/Mask3.jpg\",\"datePublished\":\"2020-03-23T20:22:59+00:00\",\"dateModified\":\"2022-04-24T19:54:24+00:00\",\"breadcrumb\":{\"@id\":\"https:\\\/\\\/auctionahead.com\\\/product\\\/medical-reusable-mouth-mask\\\/#breadcrumb\"},\"inLanguage\":\"en-US\",\"potentialAction\":[{\"@type\":\"ReadAction\",\"target\":[\"https:\\\/\\\/auctionahead.com\\\/product\\\/medical-reusable-mouth-mask\\\/\"]}]},{\"@type\":\"ImageObject\",\"inLanguage\":\"en-US\",\"@id\":\"https:\\\/\\\/auctionahead.com\\\/product\\\/medical-reusable-mouth-mask\\\/#primaryimage\",\"url\":\"https:\\\/\\\/auctionahead.com\\\/wp-content\\\/uploads\\\/2022\\\/04\\\/Mask3.jpg\",\"contentUrl\":\"https:\\\/\\\/auctionahead.com\\\/wp-content\\\/uploads\\\/2022\\\/04\\\/Mask3.jpg\",\"width\":800,\"height\":800},{\"@type\":\"BreadcrumbList\",\"@id\":\"https:\\\/\\\/auctionahead.com\\\/product\\\/medical-reusable-mouth-mask\\\/#breadcrumb\",\"itemListElement\":[{\"@type\":\"ListItem\",\"position\":1,\"name\":\"Inicio\",\"item\":\"https:\\\/\\\/auctionahead.com\\\/\"},{\"@type\":\"ListItem\",\"position\":2,\"name\":\"Shop\",\"item\":\"https:\\\/\\\/auctionahead.com\\\/shop\\\/\"},{\"@type\":\"ListItem\",\"position\":3,\"name\":\"M\u00e1scara bucal m\u00e9dica reutilizable\"}]},{\"@type\":\"WebSite\",\"@id\":\"https:\\\/\\\/auctionahead.com\\\/#website\",\"url\":\"https:\\\/\\\/auctionahead.com\\\/\",\"name\":\"Auction Ahead\",\"description\":\"Subastas en vivo y tecnolog\u00eda de vanguardia\",\"potentialAction\":[{\"@type\":\"SearchAction\",\"target\":{\"@type\":\"EntryPoint\",\"urlTemplate\":\"https:\\\/\\\/auctionahead.com\\\/?s={search_term_string}\"},\"query-input\":{\"@type\":\"PropertyValueSpecification\",\"valueRequired\":true,\"valueName\":\"search_term_string\"}}],\"inLanguage\":\"en-US\"}]}<\/script>\n<!-- \/ Yoast SEO plugin. -->","yoast_head_json":{"title":"M\u00e1scara bucal m\u00e9dica reutilizable - Auction Ahead","robots":{"index":"index","follow":"follow","max-snippet":"max-snippet:-1","max-image-preview":"max-image-preview:large","max-video-preview":"max-video-preview:-1"},"canonical":"https:\/\/auctionahead.com\/en\/product\/medical-reusable-mouth-mask\/","og_locale":"en_US","og_type":"article","og_title":"M\u00e1scara bucal m\u00e9dica reutilizable - Auction Ahead","og_description":"Mascarillas de respiraci\u00f3n Mascarilla bucal m\u00e9dica reutilizable - Correas el\u00e1sticas y clip de nariz ajustable para diferentes formas y tama\u00f1os de cara - Material de alta calidad - Material c\u00f3modo sin frotarse la cara","og_url":"https:\/\/auctionahead.com\/en\/product\/medical-reusable-mouth-mask\/","og_site_name":"Auction Ahead","article_modified_time":"2022-04-24T19:54:24+00:00","og_image":[{"width":800,"height":800,"url":"https:\/\/auctionahead.com\/wp-content\/uploads\/2022\/04\/Mask3.jpg","type":"image\/jpeg"}],"twitter_card":"summary_large_image","schema":{"@context":"https:\/\/schema.org","@graph":[{"@type":"WebPage","@id":"https:\/\/auctionahead.com\/product\/medical-reusable-mouth-mask\/","url":"https:\/\/auctionahead.com\/product\/medical-reusable-mouth-mask\/","name":"M\u00e1scara bucal m\u00e9dica reutilizable - Auction Ahead","isPartOf":{"@id":"https:\/\/auctionahead.com\/#website"},"primaryImageOfPage":{"@id":"https:\/\/auctionahead.com\/product\/medical-reusable-mouth-mask\/#primaryimage"},"image":{"@id":"https:\/\/auctionahead.com\/product\/medical-reusable-mouth-mask\/#primaryimage"},"thumbnailUrl":"https:\/\/auctionahead.com\/wp-content\/uploads\/2022\/04\/Mask3.jpg","datePublished":"2020-03-23T20:22:59+00:00","dateModified":"2022-04-24T19:54:24+00:00","breadcrumb":{"@id":"https:\/\/auctionahead.com\/product\/medical-reusable-mouth-mask\/#breadcrumb"},"inLanguage":"en-US","potentialAction":[{"@type":"ReadAction","target":["https:\/\/auctionahead.com\/product\/medical-reusable-mouth-mask\/"]}]},{"@type":"ImageObject","inLanguage":"en-US","@id":"https:\/\/auctionahead.com\/product\/medical-reusable-mouth-mask\/#primaryimage","url":"https:\/\/auctionahead.com\/wp-content\/uploads\/2022\/04\/Mask3.jpg","contentUrl":"https:\/\/auctionahead.com\/wp-content\/uploads\/2022\/04\/Mask3.jpg","width":800,"height":800},{"@type":"BreadcrumbList","@id":"https:\/\/auctionahead.com\/product\/medical-reusable-mouth-mask\/#breadcrumb","itemListElement":[{"@type":"ListItem","position":1,"name":"Inicio","item":"https:\/\/auctionahead.com\/"},{"@type":"ListItem","position":2,"name":"Shop","item":"https:\/\/auctionahead.com\/shop\/"},{"@type":"ListItem","position":3,"name":"M\u00e1scara bucal m\u00e9dica reutilizable"}]},{"@type":"WebSite","@id":"https:\/\/auctionahead.com\/#website","url":"https:\/\/auctionahead.com\/","name":"Auction Ahead","description":"Subastas en vivo y tecnolog\u00eda de vanguardia","potentialAction":[{"@type":"SearchAction","target":{"@type":"EntryPoint","urlTemplate":"https:\/\/auctionahead.com\/?s={search_term_string}"},"query-input":{"@type":"PropertyValueSpecification","valueRequired":true,"valueName":"search_term_string"}}],"inLanguage":"en-US"}]}},"_links":{"self":[{"href":"https:\/\/auctionahead.com\/en\/wp-json\/wp\/v2\/product\/9179","targetHints":{"allow":["GET"]}}],"collection":[{"href":"https:\/\/auctionahead.com\/en\/wp-json\/wp\/v2\/product"}],"about":[{"href":"https:\/\/auctionahead.com\/en\/wp-json\/wp\/v2\/types\/product"}],"wp:featuredmedia":[{"embeddable":true,"href":"https:\/\/auctionahead.com\/en\/wp-json\/wp\/v2\/media\/9180"}],"wp:attachment":[{"href":"https:\/\/auctionahead.com\/en\/wp-json\/wp\/v2\/media?parent=9179"}],"wp:term":[{"taxonomy":"product_brand","embeddable":true,"href":"https:\/\/auctionahead.com\/en\/wp-json\/wp\/v2\/product_brand?post=9179"},{"taxonomy":"product_cat","embeddable":true,"href":"https:\/\/auctionahead.com\/en\/wp-json\/wp\/v2\/product_cat?post=9179"},{"taxonomy":"product_tag","embeddable":true,"href":"https:\/\/auctionahead.com\/en\/wp-json\/wp\/v2\/product_tag?post=9179"}],"curies":[{"name":"wp","href":"https:\/\/api.w.org\/{rel}","templated":true}]}}