{"id":9177,"date":"2020-03-23T20:03:08","date_gmt":"2020-03-23T20:03:08","guid":{"rendered":"https:\/\/auctionahead.com\/?post_type=product&#038;p=9177"},"modified":"2022-04-24T19:52:45","modified_gmt":"2022-04-24T19:52:45","slug":"20pcs-disposable-face-masks","status":"publish","type":"product","link":"https:\/\/auctionahead.com\/en\/product\/20pcs-disposable-face-masks\/","title":{"rendered":"20Pcs Disposable Face Masks"},"content":{"rendered":"<p>&#8211; Fabricada con material est\u00e1ndar de seguridad, material de microfibra de polipropileno electrost\u00e1tico, mascarilla bucal desechable de 3 capas para ni\u00f1os y adultos, se mantiene sana y salva cuando est\u00e1 en el trabajo o fuera de \u00e9l.<br \/>\n&#8211; Filtra m\u00e1s del 95% de las part\u00edculas, humos y olores del aire. Mantenga a las personas sanas y seguras en el trabajo o fuera de \u00e9l protegiendo sus v\u00edas respiratorias de los contaminantes y al\u00e9rgenos para ayudarle a respirar m\u00e1s f\u00e1cilmente en la medida de lo posible.<br \/>\n&#8211; Esta m\u00e1scara facial tiene un alambre de nariz ajustable para asegurar un ajuste perfecto. C\u00f3modo bucle de oreja el\u00e1stico, los bucles de oreja extra suaves eliminan la presi\u00f3n en las orejas. La capa interna est\u00e1 hecha de tejido facial suave, sin tinte, suave para la piel.<\/p>","protected":false},"excerpt":{"rendered":"<p>Mascarilla protectora desechable Polvo respirable M\u00e1scara facial de bucle C\u00f3moda m\u00e1scara bucal Gruesa 3<\/p>\n<p>&#8211; Fabricada con material est\u00e1ndar de seguridad, material de microfibra de polipropileno electrost\u00e1tico, mascarilla bucal desechable de 3 capas para ni\u00f1os y adultos, se mantiene sana y salva cuando est\u00e1 en el trabajo o fuera de \u00e9l.<br \/>\n&#8211; Filtra m\u00e1s del 95% de las part\u00edculas, humos y olores del aire. Mantenga a las personas sanas y seguras en el trabajo o fuera de \u00e9l protegiendo sus v\u00edas respiratorias de los contaminantes y al\u00e9rgenos para ayudarle a respirar m\u00e1s f\u00e1cilmente en la medida de lo posible.<br \/>\n&#8211; Esta m\u00e1scara facial tiene un alambre de nariz ajustable para asegurar un ajuste perfecto. C\u00f3modo bucle de oreja el\u00e1stico, los bucles de oreja extra suaves eliminan la presi\u00f3n en las orejas. La capa interna est\u00e1 hecha de tejido facial suave, sin tinte, suave para la piel.<\/p>","protected":false},"featured_media":9137,"template":"","meta":[],"product_brand":[],"product_cat":[73],"product_tag":[],"class_list":{"0":"post-9177","1":"product","2":"type-product","3":"status-publish","4":"has-post-thumbnail","6":"product_cat-hygiene-care","8":"first","9":"instock","10":"sale","11":"taxable","12":"shipping-taxable","13":"purchasable","14":"product-type-simple"},"yoast_head":"<!-- This site is optimized with the Yoast SEO plugin v27.4 - https:\/\/yoast.com\/product\/yoast-seo-wordpress\/ -->\n<title>20Pcs M\u00e1scaras faciales desechables - Auction Ahead<\/title>\n<meta name=\"robots\" content=\"index, follow, max-snippet:-1, max-image-preview:large, max-video-preview:-1\" \/>\n<link rel=\"canonical\" href=\"https:\/\/auctionahead.com\/en\/product\/20pcs-disposable-face-masks\/\" \/>\n<meta property=\"og:locale\" content=\"en_US\" \/>\n<meta property=\"og:type\" content=\"article\" \/>\n<meta property=\"og:title\" content=\"20Pcs M\u00e1scaras faciales desechables - Auction Ahead\" \/>\n<meta property=\"og:description\" content=\"Mascarilla protectora desechable Polvo respirable M\u00e1scara facial de bucle C\u00f3moda m\u00e1scara bucal Gruesa 3  - Fabricada con material est\u00e1ndar de seguridad, material de microfibra de polipropileno electrost\u00e1tico, mascarilla bucal desechable de 3 capas para ni\u00f1os y adultos, se mantiene sana y salva cuando est\u00e1 en el trabajo o fuera de \u00e9l. - Filtra m\u00e1s del 95% de las part\u00edculas, humos y olores del aire. Mantenga a las personas sanas y seguras en el trabajo o fuera de \u00e9l protegiendo sus v\u00edas respiratorias de los contaminantes y al\u00e9rgenos para ayudarle a respirar m\u00e1s f\u00e1cilmente en la medida de lo posible. - Esta m\u00e1scara facial tiene un alambre de nariz ajustable para asegurar un ajuste perfecto. C\u00f3modo bucle de oreja el\u00e1stico, los bucles de oreja extra suaves eliminan la presi\u00f3n en las orejas. La capa interna est\u00e1 hecha de tejido facial suave, sin tinte, suave para la piel.\" \/>\n<meta property=\"og:url\" content=\"https:\/\/auctionahead.com\/en\/product\/20pcs-disposable-face-masks\/\" \/>\n<meta property=\"og:site_name\" content=\"Auction Ahead\" \/>\n<meta property=\"article:modified_time\" content=\"2022-04-24T19:52:45+00:00\" \/>\n<meta property=\"og:image\" content=\"https:\/\/auctionahead.com\/wp-content\/uploads\/2022\/04\/Mask-1.jpg\" \/>\n\t<meta property=\"og:image:width\" content=\"800\" \/>\n\t<meta property=\"og:image:height\" content=\"800\" \/>\n\t<meta property=\"og:image:type\" content=\"image\/jpeg\" \/>\n<meta name=\"twitter:card\" content=\"summary_large_image\" \/>\n<meta name=\"twitter:label1\" content=\"Est. reading time\" \/>\n\t<meta name=\"twitter:data1\" content=\"1 minute\" \/>\n<script type=\"application\/ld+json\" class=\"yoast-schema-graph\">{\"@context\":\"https:\\\/\\\/schema.org\",\"@graph\":[{\"@type\":\"WebPage\",\"@id\":\"https:\\\/\\\/auctionahead.com\\\/product\\\/20pcs-disposable-face-masks\\\/\",\"url\":\"https:\\\/\\\/auctionahead.com\\\/product\\\/20pcs-disposable-face-masks\\\/\",\"name\":\"20Pcs M\u00e1scaras faciales desechables - Auction Ahead\",\"isPartOf\":{\"@id\":\"https:\\\/\\\/auctionahead.com\\\/#website\"},\"primaryImageOfPage\":{\"@id\":\"https:\\\/\\\/auctionahead.com\\\/product\\\/20pcs-disposable-face-masks\\\/#primaryimage\"},\"image\":{\"@id\":\"https:\\\/\\\/auctionahead.com\\\/product\\\/20pcs-disposable-face-masks\\\/#primaryimage\"},\"thumbnailUrl\":\"https:\\\/\\\/auctionahead.com\\\/wp-content\\\/uploads\\\/2022\\\/04\\\/Mask-1.jpg\",\"datePublished\":\"2020-03-23T20:03:08+00:00\",\"dateModified\":\"2022-04-24T19:52:45+00:00\",\"breadcrumb\":{\"@id\":\"https:\\\/\\\/auctionahead.com\\\/product\\\/20pcs-disposable-face-masks\\\/#breadcrumb\"},\"inLanguage\":\"en-US\",\"potentialAction\":[{\"@type\":\"ReadAction\",\"target\":[\"https:\\\/\\\/auctionahead.com\\\/product\\\/20pcs-disposable-face-masks\\\/\"]}]},{\"@type\":\"ImageObject\",\"inLanguage\":\"en-US\",\"@id\":\"https:\\\/\\\/auctionahead.com\\\/product\\\/20pcs-disposable-face-masks\\\/#primaryimage\",\"url\":\"https:\\\/\\\/auctionahead.com\\\/wp-content\\\/uploads\\\/2022\\\/04\\\/Mask-1.jpg\",\"contentUrl\":\"https:\\\/\\\/auctionahead.com\\\/wp-content\\\/uploads\\\/2022\\\/04\\\/Mask-1.jpg\",\"width\":800,\"height\":800},{\"@type\":\"BreadcrumbList\",\"@id\":\"https:\\\/\\\/auctionahead.com\\\/product\\\/20pcs-disposable-face-masks\\\/#breadcrumb\",\"itemListElement\":[{\"@type\":\"ListItem\",\"position\":1,\"name\":\"Inicio\",\"item\":\"https:\\\/\\\/auctionahead.com\\\/\"},{\"@type\":\"ListItem\",\"position\":2,\"name\":\"Shop\",\"item\":\"https:\\\/\\\/auctionahead.com\\\/shop\\\/\"},{\"@type\":\"ListItem\",\"position\":3,\"name\":\"20Pcs M\u00e1scaras faciales desechables\"}]},{\"@type\":\"WebSite\",\"@id\":\"https:\\\/\\\/auctionahead.com\\\/#website\",\"url\":\"https:\\\/\\\/auctionahead.com\\\/\",\"name\":\"Auction Ahead\",\"description\":\"Subastas en vivo y tecnolog\u00eda de vanguardia\",\"potentialAction\":[{\"@type\":\"SearchAction\",\"target\":{\"@type\":\"EntryPoint\",\"urlTemplate\":\"https:\\\/\\\/auctionahead.com\\\/?s={search_term_string}\"},\"query-input\":{\"@type\":\"PropertyValueSpecification\",\"valueRequired\":true,\"valueName\":\"search_term_string\"}}],\"inLanguage\":\"en-US\"}]}<\/script>\n<!-- \/ Yoast SEO plugin. -->","yoast_head_json":{"title":"20Pcs M\u00e1scaras faciales desechables - Auction Ahead","robots":{"index":"index","follow":"follow","max-snippet":"max-snippet:-1","max-image-preview":"max-image-preview:large","max-video-preview":"max-video-preview:-1"},"canonical":"https:\/\/auctionahead.com\/en\/product\/20pcs-disposable-face-masks\/","og_locale":"en_US","og_type":"article","og_title":"20Pcs M\u00e1scaras faciales desechables - Auction Ahead","og_description":"Mascarilla protectora desechable Polvo respirable M\u00e1scara facial de bucle C\u00f3moda m\u00e1scara bucal Gruesa 3  - Fabricada con material est\u00e1ndar de seguridad, material de microfibra de polipropileno electrost\u00e1tico, mascarilla bucal desechable de 3 capas para ni\u00f1os y adultos, se mantiene sana y salva cuando est\u00e1 en el trabajo o fuera de \u00e9l. - Filtra m\u00e1s del 95% de las part\u00edculas, humos y olores del aire. Mantenga a las personas sanas y seguras en el trabajo o fuera de \u00e9l protegiendo sus v\u00edas respiratorias de los contaminantes y al\u00e9rgenos para ayudarle a respirar m\u00e1s f\u00e1cilmente en la medida de lo posible. - Esta m\u00e1scara facial tiene un alambre de nariz ajustable para asegurar un ajuste perfecto. C\u00f3modo bucle de oreja el\u00e1stico, los bucles de oreja extra suaves eliminan la presi\u00f3n en las orejas. La capa interna est\u00e1 hecha de tejido facial suave, sin tinte, suave para la piel.","og_url":"https:\/\/auctionahead.com\/en\/product\/20pcs-disposable-face-masks\/","og_site_name":"Auction Ahead","article_modified_time":"2022-04-24T19:52:45+00:00","og_image":[{"width":800,"height":800,"url":"https:\/\/auctionahead.com\/wp-content\/uploads\/2022\/04\/Mask-1.jpg","type":"image\/jpeg"}],"twitter_card":"summary_large_image","twitter_misc":{"Est. reading time":"1 minute"},"schema":{"@context":"https:\/\/schema.org","@graph":[{"@type":"WebPage","@id":"https:\/\/auctionahead.com\/product\/20pcs-disposable-face-masks\/","url":"https:\/\/auctionahead.com\/product\/20pcs-disposable-face-masks\/","name":"20Pcs M\u00e1scaras faciales desechables - Auction Ahead","isPartOf":{"@id":"https:\/\/auctionahead.com\/#website"},"primaryImageOfPage":{"@id":"https:\/\/auctionahead.com\/product\/20pcs-disposable-face-masks\/#primaryimage"},"image":{"@id":"https:\/\/auctionahead.com\/product\/20pcs-disposable-face-masks\/#primaryimage"},"thumbnailUrl":"https:\/\/auctionahead.com\/wp-content\/uploads\/2022\/04\/Mask-1.jpg","datePublished":"2020-03-23T20:03:08+00:00","dateModified":"2022-04-24T19:52:45+00:00","breadcrumb":{"@id":"https:\/\/auctionahead.com\/product\/20pcs-disposable-face-masks\/#breadcrumb"},"inLanguage":"en-US","potentialAction":[{"@type":"ReadAction","target":["https:\/\/auctionahead.com\/product\/20pcs-disposable-face-masks\/"]}]},{"@type":"ImageObject","inLanguage":"en-US","@id":"https:\/\/auctionahead.com\/product\/20pcs-disposable-face-masks\/#primaryimage","url":"https:\/\/auctionahead.com\/wp-content\/uploads\/2022\/04\/Mask-1.jpg","contentUrl":"https:\/\/auctionahead.com\/wp-content\/uploads\/2022\/04\/Mask-1.jpg","width":800,"height":800},{"@type":"BreadcrumbList","@id":"https:\/\/auctionahead.com\/product\/20pcs-disposable-face-masks\/#breadcrumb","itemListElement":[{"@type":"ListItem","position":1,"name":"Inicio","item":"https:\/\/auctionahead.com\/"},{"@type":"ListItem","position":2,"name":"Shop","item":"https:\/\/auctionahead.com\/shop\/"},{"@type":"ListItem","position":3,"name":"20Pcs M\u00e1scaras faciales desechables"}]},{"@type":"WebSite","@id":"https:\/\/auctionahead.com\/#website","url":"https:\/\/auctionahead.com\/","name":"Auction Ahead","description":"Subastas en vivo y tecnolog\u00eda de vanguardia","potentialAction":[{"@type":"SearchAction","target":{"@type":"EntryPoint","urlTemplate":"https:\/\/auctionahead.com\/?s={search_term_string}"},"query-input":{"@type":"PropertyValueSpecification","valueRequired":true,"valueName":"search_term_string"}}],"inLanguage":"en-US"}]}},"_links":{"self":[{"href":"https:\/\/auctionahead.com\/en\/wp-json\/wp\/v2\/product\/9177","targetHints":{"allow":["GET"]}}],"collection":[{"href":"https:\/\/auctionahead.com\/en\/wp-json\/wp\/v2\/product"}],"about":[{"href":"https:\/\/auctionahead.com\/en\/wp-json\/wp\/v2\/types\/product"}],"wp:featuredmedia":[{"embeddable":true,"href":"https:\/\/auctionahead.com\/en\/wp-json\/wp\/v2\/media\/9137"}],"wp:attachment":[{"href":"https:\/\/auctionahead.com\/en\/wp-json\/wp\/v2\/media?parent=9177"}],"wp:term":[{"taxonomy":"product_brand","embeddable":true,"href":"https:\/\/auctionahead.com\/en\/wp-json\/wp\/v2\/product_brand?post=9177"},{"taxonomy":"product_cat","embeddable":true,"href":"https:\/\/auctionahead.com\/en\/wp-json\/wp\/v2\/product_cat?post=9177"},{"taxonomy":"product_tag","embeddable":true,"href":"https:\/\/auctionahead.com\/en\/wp-json\/wp\/v2\/product_tag?post=9177"}],"curies":[{"name":"wp","href":"https:\/\/api.w.org\/{rel}","templated":true}]}}