{"id":9172,"date":"2019-08-13T21:22:29","date_gmt":"2019-08-13T21:22:29","guid":{"rendered":"https:\/\/auctionahead.com\/?post_type=product&#038;p=9172"},"modified":"2022-04-25T11:57:51","modified_gmt":"2022-04-25T11:57:51","slug":"universal-waterproof-phone","status":"publish","type":"product","link":"https:\/\/auctionahead.com\/en\/product\/universal-waterproof-phone\/","title":{"rendered":"Universal Waterproof Cell Phone Case"},"content":{"rendered":"<ul>\n<li><span class=\"a-list-item\">Estuche impermeable universal: Compatible con la mayor\u00eda de los tel\u00e9fonos con sus estuches de hasta 6.5\u2033 de altura, 7.8&#8221; de circunferencia, incluyendo iPhone XS MAX, XR, XS, X, 8, 8 Plus, 7, 7 Plus, 6s, 6s Plus, 5s, SE, Samsung Galaxy S10+, S10, S9, S9+, S8, S8+, Note 9\/8, A, J, Pixel, Moto, LG, Sony Xperia, Moto,etc. Para m\u00e1s modelos, por favor, compruebe a continuaci\u00f3n. Nota: 1. Se adapta al iPhone XS MAX\/7 Plus\/8 Plus y al Samsung Galaxy S9+, S8+, Nota 9\/8, con la caja de transporte otterbox, y otras cajas grandes (no incluye la serie otterbox defender);<\/span><\/li>\n<li><span class=\"a-list-item\">Certificaci\u00f3n IPX8: Nuestra bolsa de tel\u00e9fono a prueba de agua (bolsa seca de tel\u00e9fono m\u00f3vil) es 65 pies bajo el agua con certificaci\u00f3n IPX8, ofrece la funci\u00f3n a prueba de agua cuando se nada, rafting, y la navegaci\u00f3n, la funci\u00f3n a prueba de nieve cuando la nieve, esqu\u00ed, a prueba de suciedad y el polvo cuando en la playa, en cuevas o en el barro. Por favor, pruebe la funci\u00f3n a prueba de agua de la bolsa seca del tel\u00e9fono m\u00f3vil con un papel en el agua m\u00e1s de 15 minutos antes de cada uso para confirmar la seguridad de sus dispositivos electr\u00f3nicos;<\/span><\/li>\n<li><span class=\"a-list-item\">Sensibilidad al tacto de la pantalla: La bolsa del tel\u00e9fono tiene ventanas transparentes de cristal a ambos lados, hechas de un material superfino de 0,3 mm. Es perfecto para tomar fotos o videos, revisar correos electr\u00f3nicos y todas las dem\u00e1s funciones de la pantalla t\u00e1ctil, ya sea que est\u00e9s nadando, pescando, navegando o divirti\u00e9ndote en el agua. Para un uso c\u00f3modo, viene con una correa para el cuello. Nota: Es mejor que tengas el tel\u00e9fono en la configuraci\u00f3n de la c\u00e1mara y que luego te sumerjas y utilices el bot\u00f3n del tel\u00e9fono (no la pantalla t\u00e1ctil) para tomar fotos o videos;<\/span><\/li>\n<li><span class=\"a-list-item\">Protecci\u00f3n total, multifuncional: El doble cierre giratorio y el acceso con clip de cierre sellable, ofrece para su dispositivo y otros art\u00edculos personales, una protecci\u00f3n completa (a prueba de agua \/ a prueba de nieve \/ a prueba de suciedad) contra el agua, la nieve, la arena, la suciedad, incluso contra la tormenta y las malas condiciones extremas. La funda del tel\u00e9fono puede proteger no s\u00f3lo el tel\u00e9fono, sino tambi\u00e9n los documentos de mano, las tarjetas de cr\u00e9dito o el dinero en efectivo, etc. Muy perfecto para uso subacu\u00e1tico, nadadores, surfistas y buceadores, actividades en interiores y exteriores, viajes<\/span><\/li>\n<li><span class=\"a-list-item\">Nota: 1. Evite los objetos punzantes; 2. Cuando reciba nuestro malet\u00edn impermeable, por favor haga una prueba de seguridad antes de usarlo. Es decir, pruebe la funci\u00f3n impermeable de la funda de tel\u00e9fono a prueba de agua con un pedazo de papel en el agua m\u00e1s de 15 minutos antes de cada uso; 3. No para la huella digital de identificaci\u00f3n del tacto.<\/span><\/li>\n<\/ul>","protected":false},"excerpt":{"rendered":"<p>Estuche impermeable universal: Compatible con la mayor\u00eda de los tel\u00e9fonos con sus estuches de hasta 6.5\u2033 de altura, 7.8&#8221; de circunferencia, incluyendo iPhone XS MAX, XR, XS, X, 8, 8 Plus, 7, 7 Plus, 6s, 6s Plus, 5s, SE, Samsung Galaxy S10+, S10, S9, S9+, S8, S8+, Note 9\/8, A, J, Pixel, Moto, LG, Sony Xperia, Moto,etc. Para m\u00e1s modelos, por favor, compruebe a continuaci\u00f3n. Nota: 1. Se adapta al iPhone XS MAX\/7 Plus\/8 Plus y al Samsung Galaxy S9+, S8+, Nota 9\/8, con la caja de transporte otterbox, y otras cajas grandes (no incluye la serie otterbox defender);<\/p>","protected":false},"featured_media":2594,"template":"","meta":[],"product_brand":[],"product_cat":[65],"product_tag":[],"class_list":{"0":"post-9172","1":"product","2":"type-product","3":"status-publish","4":"has-post-thumbnail","6":"product_cat-others","8":"first","9":"instock","10":"sold-individually","11":"taxable","12":"shipping-taxable","13":"purchasable","14":"product-type-simple"},"yoast_head":"<!-- This site is optimized with the Yoast SEO plugin v27.4 - https:\/\/yoast.com\/product\/yoast-seo-wordpress\/ -->\n<title>Estuche impermeable universal para celular - Auction Ahead<\/title>\n<meta name=\"robots\" content=\"index, follow, max-snippet:-1, max-image-preview:large, max-video-preview:-1\" \/>\n<link rel=\"canonical\" href=\"https:\/\/auctionahead.com\/en\/product\/universal-waterproof-phone\/\" \/>\n<meta property=\"og:locale\" content=\"en_US\" \/>\n<meta property=\"og:type\" content=\"article\" \/>\n<meta property=\"og:title\" content=\"Estuche impermeable universal para celular - Auction Ahead\" \/>\n<meta property=\"og:description\" content=\"Estuche impermeable universal: Compatible con la mayor\u00eda de los tel\u00e9fonos con sus estuches de hasta 6.5\u2033 de altura, 7.8&#039;&#039; de circunferencia, incluyendo iPhone XS MAX, XR, XS, X, 8, 8 Plus, 7, 7 Plus, 6s, 6s Plus, 5s, SE, Samsung Galaxy S10+, S10, S9, S9+, S8, S8+, Note 9\/8, A, J, Pixel, Moto, LG, Sony Xperia, Moto,etc. Para m\u00e1s modelos, por favor, compruebe a continuaci\u00f3n. Nota: 1. Se adapta al iPhone XS MAX\/7 Plus\/8 Plus y al Samsung Galaxy S9+, S8+, Nota 9\/8, con la caja de transporte otterbox, y otras cajas grandes (no incluye la serie otterbox defender);\" \/>\n<meta property=\"og:url\" content=\"https:\/\/auctionahead.com\/en\/product\/universal-waterproof-phone\/\" \/>\n<meta property=\"og:site_name\" content=\"Auction Ahead\" \/>\n<meta property=\"article:modified_time\" content=\"2022-04-25T11:57:51+00:00\" \/>\n<meta property=\"og:image\" content=\"https:\/\/auctionahead.com\/wp-content\/uploads\/2022\/04\/81FQbHYr3DL._SL1500_-1.png\" \/>\n\t<meta property=\"og:image:width\" content=\"1332\" \/>\n\t<meta property=\"og:image:height\" content=\"1360\" \/>\n\t<meta property=\"og:image:type\" content=\"image\/png\" \/>\n<meta name=\"twitter:card\" content=\"summary_large_image\" \/>\n<meta name=\"twitter:label1\" content=\"Est. reading time\" \/>\n\t<meta name=\"twitter:data1\" content=\"2 minutes\" \/>\n<script type=\"application\/ld+json\" class=\"yoast-schema-graph\">{\"@context\":\"https:\\\/\\\/schema.org\",\"@graph\":[{\"@type\":\"WebPage\",\"@id\":\"https:\\\/\\\/auctionahead.com\\\/product\\\/universal-waterproof-phone\\\/\",\"url\":\"https:\\\/\\\/auctionahead.com\\\/product\\\/universal-waterproof-phone\\\/\",\"name\":\"Estuche impermeable universal para celular - Auction Ahead\",\"isPartOf\":{\"@id\":\"https:\\\/\\\/auctionahead.com\\\/#website\"},\"primaryImageOfPage\":{\"@id\":\"https:\\\/\\\/auctionahead.com\\\/product\\\/universal-waterproof-phone\\\/#primaryimage\"},\"image\":{\"@id\":\"https:\\\/\\\/auctionahead.com\\\/product\\\/universal-waterproof-phone\\\/#primaryimage\"},\"thumbnailUrl\":\"https:\\\/\\\/auctionahead.com\\\/wp-content\\\/uploads\\\/2022\\\/04\\\/81FQbHYr3DL._SL1500_-1.png\",\"datePublished\":\"2019-08-13T21:22:29+00:00\",\"dateModified\":\"2022-04-25T11:57:51+00:00\",\"breadcrumb\":{\"@id\":\"https:\\\/\\\/auctionahead.com\\\/product\\\/universal-waterproof-phone\\\/#breadcrumb\"},\"inLanguage\":\"en-US\",\"potentialAction\":[{\"@type\":\"ReadAction\",\"target\":[\"https:\\\/\\\/auctionahead.com\\\/product\\\/universal-waterproof-phone\\\/\"]}]},{\"@type\":\"ImageObject\",\"inLanguage\":\"en-US\",\"@id\":\"https:\\\/\\\/auctionahead.com\\\/product\\\/universal-waterproof-phone\\\/#primaryimage\",\"url\":\"https:\\\/\\\/auctionahead.com\\\/wp-content\\\/uploads\\\/2022\\\/04\\\/81FQbHYr3DL._SL1500_-1.png\",\"contentUrl\":\"https:\\\/\\\/auctionahead.com\\\/wp-content\\\/uploads\\\/2022\\\/04\\\/81FQbHYr3DL._SL1500_-1.png\",\"width\":1332,\"height\":1360,\"caption\":\"Universal Waterproof Phone\"},{\"@type\":\"BreadcrumbList\",\"@id\":\"https:\\\/\\\/auctionahead.com\\\/product\\\/universal-waterproof-phone\\\/#breadcrumb\",\"itemListElement\":[{\"@type\":\"ListItem\",\"position\":1,\"name\":\"Inicio\",\"item\":\"https:\\\/\\\/auctionahead.com\\\/\"},{\"@type\":\"ListItem\",\"position\":2,\"name\":\"Shop\",\"item\":\"https:\\\/\\\/auctionahead.com\\\/shop\\\/\"},{\"@type\":\"ListItem\",\"position\":3,\"name\":\"Estuche impermeable universal para celular\"}]},{\"@type\":\"WebSite\",\"@id\":\"https:\\\/\\\/auctionahead.com\\\/#website\",\"url\":\"https:\\\/\\\/auctionahead.com\\\/\",\"name\":\"Auction Ahead\",\"description\":\"Subastas en vivo y tecnolog\u00eda de vanguardia\",\"potentialAction\":[{\"@type\":\"SearchAction\",\"target\":{\"@type\":\"EntryPoint\",\"urlTemplate\":\"https:\\\/\\\/auctionahead.com\\\/?s={search_term_string}\"},\"query-input\":{\"@type\":\"PropertyValueSpecification\",\"valueRequired\":true,\"valueName\":\"search_term_string\"}}],\"inLanguage\":\"en-US\"}]}<\/script>\n<!-- \/ Yoast SEO plugin. -->","yoast_head_json":{"title":"Estuche impermeable universal para celular - Auction Ahead","robots":{"index":"index","follow":"follow","max-snippet":"max-snippet:-1","max-image-preview":"max-image-preview:large","max-video-preview":"max-video-preview:-1"},"canonical":"https:\/\/auctionahead.com\/en\/product\/universal-waterproof-phone\/","og_locale":"en_US","og_type":"article","og_title":"Estuche impermeable universal para celular - Auction Ahead","og_description":"Estuche impermeable universal: Compatible con la mayor\u00eda de los tel\u00e9fonos con sus estuches de hasta 6.5\u2033 de altura, 7.8'' de circunferencia, incluyendo iPhone XS MAX, XR, XS, X, 8, 8 Plus, 7, 7 Plus, 6s, 6s Plus, 5s, SE, Samsung Galaxy S10+, S10, S9, S9+, S8, S8+, Note 9\/8, A, J, Pixel, Moto, LG, Sony Xperia, Moto,etc. Para m\u00e1s modelos, por favor, compruebe a continuaci\u00f3n. Nota: 1. Se adapta al iPhone XS MAX\/7 Plus\/8 Plus y al Samsung Galaxy S9+, S8+, Nota 9\/8, con la caja de transporte otterbox, y otras cajas grandes (no incluye la serie otterbox defender);","og_url":"https:\/\/auctionahead.com\/en\/product\/universal-waterproof-phone\/","og_site_name":"Auction Ahead","article_modified_time":"2022-04-25T11:57:51+00:00","og_image":[{"width":1332,"height":1360,"url":"https:\/\/auctionahead.com\/wp-content\/uploads\/2022\/04\/81FQbHYr3DL._SL1500_-1.png","type":"image\/png"}],"twitter_card":"summary_large_image","twitter_misc":{"Est. reading time":"2 minutes"},"schema":{"@context":"https:\/\/schema.org","@graph":[{"@type":"WebPage","@id":"https:\/\/auctionahead.com\/product\/universal-waterproof-phone\/","url":"https:\/\/auctionahead.com\/product\/universal-waterproof-phone\/","name":"Estuche impermeable universal para celular - Auction Ahead","isPartOf":{"@id":"https:\/\/auctionahead.com\/#website"},"primaryImageOfPage":{"@id":"https:\/\/auctionahead.com\/product\/universal-waterproof-phone\/#primaryimage"},"image":{"@id":"https:\/\/auctionahead.com\/product\/universal-waterproof-phone\/#primaryimage"},"thumbnailUrl":"https:\/\/auctionahead.com\/wp-content\/uploads\/2022\/04\/81FQbHYr3DL._SL1500_-1.png","datePublished":"2019-08-13T21:22:29+00:00","dateModified":"2022-04-25T11:57:51+00:00","breadcrumb":{"@id":"https:\/\/auctionahead.com\/product\/universal-waterproof-phone\/#breadcrumb"},"inLanguage":"en-US","potentialAction":[{"@type":"ReadAction","target":["https:\/\/auctionahead.com\/product\/universal-waterproof-phone\/"]}]},{"@type":"ImageObject","inLanguage":"en-US","@id":"https:\/\/auctionahead.com\/product\/universal-waterproof-phone\/#primaryimage","url":"https:\/\/auctionahead.com\/wp-content\/uploads\/2022\/04\/81FQbHYr3DL._SL1500_-1.png","contentUrl":"https:\/\/auctionahead.com\/wp-content\/uploads\/2022\/04\/81FQbHYr3DL._SL1500_-1.png","width":1332,"height":1360,"caption":"Universal Waterproof Phone"},{"@type":"BreadcrumbList","@id":"https:\/\/auctionahead.com\/product\/universal-waterproof-phone\/#breadcrumb","itemListElement":[{"@type":"ListItem","position":1,"name":"Inicio","item":"https:\/\/auctionahead.com\/"},{"@type":"ListItem","position":2,"name":"Shop","item":"https:\/\/auctionahead.com\/shop\/"},{"@type":"ListItem","position":3,"name":"Estuche impermeable universal para celular"}]},{"@type":"WebSite","@id":"https:\/\/auctionahead.com\/#website","url":"https:\/\/auctionahead.com\/","name":"Auction Ahead","description":"Subastas en vivo y tecnolog\u00eda de vanguardia","potentialAction":[{"@type":"SearchAction","target":{"@type":"EntryPoint","urlTemplate":"https:\/\/auctionahead.com\/?s={search_term_string}"},"query-input":{"@type":"PropertyValueSpecification","valueRequired":true,"valueName":"search_term_string"}}],"inLanguage":"en-US"}]}},"_links":{"self":[{"href":"https:\/\/auctionahead.com\/en\/wp-json\/wp\/v2\/product\/9172","targetHints":{"allow":["GET"]}}],"collection":[{"href":"https:\/\/auctionahead.com\/en\/wp-json\/wp\/v2\/product"}],"about":[{"href":"https:\/\/auctionahead.com\/en\/wp-json\/wp\/v2\/types\/product"}],"wp:featuredmedia":[{"embeddable":true,"href":"https:\/\/auctionahead.com\/en\/wp-json\/wp\/v2\/media\/2594"}],"wp:attachment":[{"href":"https:\/\/auctionahead.com\/en\/wp-json\/wp\/v2\/media?parent=9172"}],"wp:term":[{"taxonomy":"product_brand","embeddable":true,"href":"https:\/\/auctionahead.com\/en\/wp-json\/wp\/v2\/product_brand?post=9172"},{"taxonomy":"product_cat","embeddable":true,"href":"https:\/\/auctionahead.com\/en\/wp-json\/wp\/v2\/product_cat?post=9172"},{"taxonomy":"product_tag","embeddable":true,"href":"https:\/\/auctionahead.com\/en\/wp-json\/wp\/v2\/product_tag?post=9172"}],"curies":[{"name":"wp","href":"https:\/\/api.w.org\/{rel}","templated":true}]}}