{"id":9171,"date":"2019-08-13T21:18:42","date_gmt":"2019-08-13T21:18:42","guid":{"rendered":"https:\/\/auctionahead.com\/?post_type=product&#038;p=9171"},"modified":"2022-04-24T20:05:43","modified_gmt":"2022-04-24T20:05:43","slug":"neck-lanyards-2","status":"publish","type":"product","link":"https:\/\/auctionahead.com\/en\/product\/neck-lanyards-2\/","title":{"rendered":"Neck Lanyards"},"content":{"rendered":"<div class=\"electro-description clearfix\">\n<div id=\"twister_feature_div\" class=\"feature\" data-feature-name=\"twister\" data-cel-widget=\"twister_feature_div\">\n<div id=\"twisterContainer\" class=\"addTwisterMargin\">\n<form id=\"twister\" class=\"a-section a-spacing-small\" action=\"https:\/\/auctionahead.com\/en\/gp\/producto\/handle-buy-box\/ref=dp_start-bbf_1_glance\/\" method=\"post\" data-trp-original-action=\"https:\/\/auctionahead.com\/es\/gp\/producto\/handle-buy-box\/ref=dp_start-bbf_1_glance\/\">\n<div id=\"variation_color_name\" class=\"a-section a-spacing-small\">\n<ul>\n<li class=\"a-row a-spacing-micro singleton\"><span class=\"selection\">10 colores<\/span><\/li>\n<\/ul>\n<\/div>\n<input type=\"hidden\" name=\"trp-form-language\" value=\"en\"\/><\/form>\n<\/div>\n<\/div>\n<div id=\"featurebullets_feature_div\" class=\"feature\" data-feature-name=\"featurebullets\" data-cel-widget=\"featurebullets_feature_div\">\n<div id=\"feature-bullets\" class=\"a-section a-spacing-medium a-spacing-top-small\">\n<ul class=\"a-unordered-list a-vertical a-spacing-none\">\n<li><span class=\"a-list-item\">ESCUDO DE DIAMANTE PAQUETE DE VENTA AL P\u00daBLICO DE 10 PIEZAS: Cordones para el cuello en 10 colores diferentes, con un gancho ovalado y una correa de liberaci\u00f3n r\u00e1pida.<\/span><\/li>\n<li><span class=\"a-list-item\">MULTIPROP\u00d3SITO: Ideal para ferias, eventos deportivos, pases de backstage, prensa, tarjetas de socio, fundas de m\u00f3viles, llaves (electr\u00f3nicas), silbato, informaci\u00f3n m\u00e9dica, etc.<\/span><\/li>\n<li><span class=\"a-list-item\">MATERIALES DE ALTA CALIDAD: Gancho de modelo mejorado. M\u00e1s ancho y fuerte que un gancho est\u00e1ndar. Menos balanceo, extra resistente y duradero. Fuerte banda de nylon para el cuello.<\/span><\/li>\n<li><span class=\"a-list-item\">UNA TALLA \u00daNICA PARA TODOS: Este cord\u00f3n para el cuello le quedar\u00e1 a casi todos los ni\u00f1os de 3 a\u00f1os en adelante. Nota importante: siempre hay que tener cuidado con el hecho de que un cord\u00f3n o sin cuello puede ser un peligro de estrangulaci\u00f3n para ni\u00f1os peque\u00f1os o mascotas.<\/span><\/li>\n<li><span class=\"a-list-item\">DIMENSIONES: Longitud del cord\u00f3n del cuello = 43 cm.<\/span><\/li>\n<\/ul>\n<\/div>\n<\/div>\n<\/div>","protected":false},"excerpt":{"rendered":"<p><span class=\"a-list-item\">ESCUDO DE DIAMANTE PAQUETE DE VENTA AL P\u00daBLICO DE 10 PIEZAS: Cordones para el cuello en 10 colores diferentes, con un gancho ovalado y una correa de liberaci\u00f3n r\u00e1pida.<\/span><\/p>\n<div id=\"twister_feature_div\" class=\"feature\" data-feature-name=\"twister\" data-cel-widget=\"twister_feature_div\">\n<div id=\"twisterContainer\" class=\"addTwisterMargin\">\n<form id=\"twister\" class=\"a-section a-spacing-small\" action=\"https:\/\/auctionahead.com\/en\/gp\/producto\/handle-buy-box\/ref=dp_start-bbf_1_glance\/\" method=\"post\" data-trp-original-action=\"https:\/\/auctionahead.com\/es\/gp\/producto\/handle-buy-box\/ref=dp_start-bbf_1_glance\/\">\n<div id=\"variation_color_name\" class=\"a-section a-spacing-small\">\n<ul>\n<li class=\"a-row a-spacing-micro singleton\"><span class=\"selection\">10 colores<\/span><\/li>\n<\/ul>\n<\/div>\n<input type=\"hidden\" name=\"trp-form-language\" value=\"en\"\/><\/form>\n<\/div>\n<\/div>\n<div id=\"featurebullets_feature_div\" class=\"feature\" data-feature-name=\"featurebullets\" data-cel-widget=\"featurebullets_feature_div\">\n<div id=\"feature-bullets\" class=\"a-section a-spacing-medium a-spacing-top-small\">\n<ul class=\"a-unordered-list a-vertical a-spacing-none\">\n<li><span class=\"a-list-item\">ESCUDO DE DIAMANTE PAQUETE DE VENTA AL P\u00daBLICO DE 10 PIEZAS: Cordones para el cuello en 10 colores diferentes, con un gancho ovalado y una correa de liberaci\u00f3n r\u00e1pida.<\/span><\/li>\n<li><span class=\"a-list-item\">MULTIPROP\u00d3SITO: Ideal para ferias, eventos deportivos, pases de backstage, prensa, tarjetas de socio, fundas de m\u00f3viles, llaves (electr\u00f3nicas), silbato, informaci\u00f3n m\u00e9dica, etc.<\/span><\/li>\n<li><span class=\"a-list-item\">MATERIALES DE ALTA CALIDAD: Gancho de modelo mejorado. M\u00e1s ancho y fuerte que un gancho est\u00e1ndar. Menos balanceo, extra resistente y duradero. Fuerte banda de nylon para el cuello.<\/span><\/li>\n<li><span class=\"a-list-item\">UNA TALLA \u00daNICA PARA TODOS: Este cord\u00f3n para el cuello le quedar\u00e1 a casi todos los ni\u00f1os de 3 a\u00f1os en adelante. Nota importante: siempre hay que tener cuidado con el hecho de que un cord\u00f3n o sin cuello puede ser un peligro de estrangulaci\u00f3n para ni\u00f1os peque\u00f1os o mascotas.<\/span><\/li>\n<li><span class=\"a-list-item\">DIMENSIONES: Longitud del cord\u00f3n del cuello = 43 cm.<\/span><\/li>\n<\/ul>\n<\/div>\n<\/div>","protected":false},"featured_media":2589,"template":"","meta":[],"product_brand":[],"product_cat":[65],"product_tag":[],"class_list":{"0":"post-9171","1":"product","2":"type-product","3":"status-publish","4":"has-post-thumbnail","6":"product_cat-others","8":"first","9":"outofstock","10":"sold-individually","11":"taxable","12":"shipping-taxable","13":"purchasable","14":"product-type-simple"},"yoast_head":"<!-- This site is optimized with the Yoast SEO plugin v27.4 - https:\/\/yoast.com\/product\/yoast-seo-wordpress\/ -->\n<title>Cordones para el cuello - Auction Ahead<\/title>\n<meta name=\"robots\" content=\"index, follow, max-snippet:-1, max-image-preview:large, max-video-preview:-1\" \/>\n<link rel=\"canonical\" href=\"https:\/\/auctionahead.com\/en\/product\/neck-lanyards-2\/\" \/>\n<meta property=\"og:locale\" content=\"en_US\" \/>\n<meta property=\"og:type\" content=\"article\" \/>\n<meta property=\"og:title\" content=\"Cordones para el cuello - Auction Ahead\" \/>\n<meta property=\"og:description\" content=\"ESCUDO DE DIAMANTE PAQUETE DE VENTA AL P\u00daBLICO DE 10 PIEZAS: Cordones para el cuello en 10 colores diferentes, con un gancho ovalado y una correa de liberaci\u00f3n r\u00e1pida.      10 colores         ESCUDO DE DIAMANTE PAQUETE DE VENTA AL P\u00daBLICO DE 10 PIEZAS: Cordones para el cuello en 10 colores diferentes, con un gancho ovalado y una correa de liberaci\u00f3n r\u00e1pida.  MULTIPROP\u00d3SITO: Ideal para ferias, eventos deportivos, pases de backstage, prensa, tarjetas de socio, fundas de m\u00f3viles, llaves (electr\u00f3nicas), silbato, informaci\u00f3n m\u00e9dica, etc.  MATERIALES DE ALTA CALIDAD: Gancho de modelo mejorado. M\u00e1s ancho y fuerte que un gancho est\u00e1ndar. Menos balanceo, extra resistente y duradero. Fuerte banda de nylon para el cuello.  UNA TALLA \u00daNICA PARA TODOS: Este cord\u00f3n para el cuello le quedar\u00e1 a casi todos los ni\u00f1os de 3 a\u00f1os en adelante. Nota importante: siempre hay que tener cuidado con el hecho de que un cord\u00f3n o sin cuello puede ser un peligro de estrangulaci\u00f3n para ni\u00f1os peque\u00f1os o mascotas.  DIMENSIONES: Longitud del cord\u00f3n del cuello = 43 cm.\" \/>\n<meta property=\"og:url\" content=\"https:\/\/auctionahead.com\/en\/product\/neck-lanyards-2\/\" \/>\n<meta property=\"og:site_name\" content=\"Auction Ahead\" \/>\n<meta property=\"article:modified_time\" content=\"2022-04-24T20:05:43+00:00\" \/>\n<meta property=\"og:image\" content=\"https:\/\/auctionahead.com\/wp-content\/uploads\/2022\/04\/81FQbHYr3DL._SL1500_-1.jpg\" \/>\n\t<meta property=\"og:image:width\" content=\"1500\" \/>\n\t<meta property=\"og:image:height\" content=\"1236\" \/>\n\t<meta property=\"og:image:type\" content=\"image\/jpeg\" \/>\n<meta name=\"twitter:card\" content=\"summary_large_image\" \/>\n<meta name=\"twitter:label1\" content=\"Est. reading time\" \/>\n\t<meta name=\"twitter:data1\" content=\"1 minute\" \/>\n<script type=\"application\/ld+json\" class=\"yoast-schema-graph\">{\"@context\":\"https:\\\/\\\/schema.org\",\"@graph\":[{\"@type\":\"WebPage\",\"@id\":\"https:\\\/\\\/auctionahead.com\\\/product\\\/neck-lanyards-2\\\/\",\"url\":\"https:\\\/\\\/auctionahead.com\\\/product\\\/neck-lanyards-2\\\/\",\"name\":\"Cordones para el cuello - Auction Ahead\",\"isPartOf\":{\"@id\":\"https:\\\/\\\/auctionahead.com\\\/#website\"},\"primaryImageOfPage\":{\"@id\":\"https:\\\/\\\/auctionahead.com\\\/product\\\/neck-lanyards-2\\\/#primaryimage\"},\"image\":{\"@id\":\"https:\\\/\\\/auctionahead.com\\\/product\\\/neck-lanyards-2\\\/#primaryimage\"},\"thumbnailUrl\":\"https:\\\/\\\/auctionahead.com\\\/wp-content\\\/uploads\\\/2022\\\/04\\\/81FQbHYr3DL._SL1500_-1.jpg\",\"datePublished\":\"2019-08-13T21:18:42+00:00\",\"dateModified\":\"2022-04-24T20:05:43+00:00\",\"breadcrumb\":{\"@id\":\"https:\\\/\\\/auctionahead.com\\\/product\\\/neck-lanyards-2\\\/#breadcrumb\"},\"inLanguage\":\"en-US\",\"potentialAction\":[{\"@type\":\"ReadAction\",\"target\":[\"https:\\\/\\\/auctionahead.com\\\/product\\\/neck-lanyards-2\\\/\"]}]},{\"@type\":\"ImageObject\",\"inLanguage\":\"en-US\",\"@id\":\"https:\\\/\\\/auctionahead.com\\\/product\\\/neck-lanyards-2\\\/#primaryimage\",\"url\":\"https:\\\/\\\/auctionahead.com\\\/wp-content\\\/uploads\\\/2022\\\/04\\\/81FQbHYr3DL._SL1500_-1.jpg\",\"contentUrl\":\"https:\\\/\\\/auctionahead.com\\\/wp-content\\\/uploads\\\/2022\\\/04\\\/81FQbHYr3DL._SL1500_-1.jpg\",\"width\":1500,\"height\":1236,\"caption\":\"Neck Lanyards\"},{\"@type\":\"BreadcrumbList\",\"@id\":\"https:\\\/\\\/auctionahead.com\\\/product\\\/neck-lanyards-2\\\/#breadcrumb\",\"itemListElement\":[{\"@type\":\"ListItem\",\"position\":1,\"name\":\"Inicio\",\"item\":\"https:\\\/\\\/auctionahead.com\\\/\"},{\"@type\":\"ListItem\",\"position\":2,\"name\":\"Shop\",\"item\":\"https:\\\/\\\/auctionahead.com\\\/shop\\\/\"},{\"@type\":\"ListItem\",\"position\":3,\"name\":\"Cordones para el cuello\"}]},{\"@type\":\"WebSite\",\"@id\":\"https:\\\/\\\/auctionahead.com\\\/#website\",\"url\":\"https:\\\/\\\/auctionahead.com\\\/\",\"name\":\"Auction Ahead\",\"description\":\"Subastas en vivo y tecnolog\u00eda de vanguardia\",\"potentialAction\":[{\"@type\":\"SearchAction\",\"target\":{\"@type\":\"EntryPoint\",\"urlTemplate\":\"https:\\\/\\\/auctionahead.com\\\/?s={search_term_string}\"},\"query-input\":{\"@type\":\"PropertyValueSpecification\",\"valueRequired\":true,\"valueName\":\"search_term_string\"}}],\"inLanguage\":\"en-US\"}]}<\/script>\n<!-- \/ Yoast SEO plugin. -->","yoast_head_json":{"title":"Cordones para el cuello - Auction Ahead","robots":{"index":"index","follow":"follow","max-snippet":"max-snippet:-1","max-image-preview":"max-image-preview:large","max-video-preview":"max-video-preview:-1"},"canonical":"https:\/\/auctionahead.com\/en\/product\/neck-lanyards-2\/","og_locale":"en_US","og_type":"article","og_title":"Cordones para el cuello - Auction Ahead","og_description":"ESCUDO DE DIAMANTE PAQUETE DE VENTA AL P\u00daBLICO DE 10 PIEZAS: Cordones para el cuello en 10 colores diferentes, con un gancho ovalado y una correa de liberaci\u00f3n r\u00e1pida.      10 colores         ESCUDO DE DIAMANTE PAQUETE DE VENTA AL P\u00daBLICO DE 10 PIEZAS: Cordones para el cuello en 10 colores diferentes, con un gancho ovalado y una correa de liberaci\u00f3n r\u00e1pida.  MULTIPROP\u00d3SITO: Ideal para ferias, eventos deportivos, pases de backstage, prensa, tarjetas de socio, fundas de m\u00f3viles, llaves (electr\u00f3nicas), silbato, informaci\u00f3n m\u00e9dica, etc.  MATERIALES DE ALTA CALIDAD: Gancho de modelo mejorado. M\u00e1s ancho y fuerte que un gancho est\u00e1ndar. Menos balanceo, extra resistente y duradero. Fuerte banda de nylon para el cuello.  UNA TALLA \u00daNICA PARA TODOS: Este cord\u00f3n para el cuello le quedar\u00e1 a casi todos los ni\u00f1os de 3 a\u00f1os en adelante. Nota importante: siempre hay que tener cuidado con el hecho de que un cord\u00f3n o sin cuello puede ser un peligro de estrangulaci\u00f3n para ni\u00f1os peque\u00f1os o mascotas.  DIMENSIONES: Longitud del cord\u00f3n del cuello = 43 cm.","og_url":"https:\/\/auctionahead.com\/en\/product\/neck-lanyards-2\/","og_site_name":"Auction Ahead","article_modified_time":"2022-04-24T20:05:43+00:00","og_image":[{"width":1500,"height":1236,"url":"https:\/\/auctionahead.com\/wp-content\/uploads\/2022\/04\/81FQbHYr3DL._SL1500_-1.jpg","type":"image\/jpeg"}],"twitter_card":"summary_large_image","twitter_misc":{"Est. reading time":"1 minute"},"schema":{"@context":"https:\/\/schema.org","@graph":[{"@type":"WebPage","@id":"https:\/\/auctionahead.com\/product\/neck-lanyards-2\/","url":"https:\/\/auctionahead.com\/product\/neck-lanyards-2\/","name":"Cordones para el cuello - Auction Ahead","isPartOf":{"@id":"https:\/\/auctionahead.com\/#website"},"primaryImageOfPage":{"@id":"https:\/\/auctionahead.com\/product\/neck-lanyards-2\/#primaryimage"},"image":{"@id":"https:\/\/auctionahead.com\/product\/neck-lanyards-2\/#primaryimage"},"thumbnailUrl":"https:\/\/auctionahead.com\/wp-content\/uploads\/2022\/04\/81FQbHYr3DL._SL1500_-1.jpg","datePublished":"2019-08-13T21:18:42+00:00","dateModified":"2022-04-24T20:05:43+00:00","breadcrumb":{"@id":"https:\/\/auctionahead.com\/product\/neck-lanyards-2\/#breadcrumb"},"inLanguage":"en-US","potentialAction":[{"@type":"ReadAction","target":["https:\/\/auctionahead.com\/product\/neck-lanyards-2\/"]}]},{"@type":"ImageObject","inLanguage":"en-US","@id":"https:\/\/auctionahead.com\/product\/neck-lanyards-2\/#primaryimage","url":"https:\/\/auctionahead.com\/wp-content\/uploads\/2022\/04\/81FQbHYr3DL._SL1500_-1.jpg","contentUrl":"https:\/\/auctionahead.com\/wp-content\/uploads\/2022\/04\/81FQbHYr3DL._SL1500_-1.jpg","width":1500,"height":1236,"caption":"Neck Lanyards"},{"@type":"BreadcrumbList","@id":"https:\/\/auctionahead.com\/product\/neck-lanyards-2\/#breadcrumb","itemListElement":[{"@type":"ListItem","position":1,"name":"Inicio","item":"https:\/\/auctionahead.com\/"},{"@type":"ListItem","position":2,"name":"Shop","item":"https:\/\/auctionahead.com\/shop\/"},{"@type":"ListItem","position":3,"name":"Cordones para el cuello"}]},{"@type":"WebSite","@id":"https:\/\/auctionahead.com\/#website","url":"https:\/\/auctionahead.com\/","name":"Auction Ahead","description":"Subastas en vivo y tecnolog\u00eda de vanguardia","potentialAction":[{"@type":"SearchAction","target":{"@type":"EntryPoint","urlTemplate":"https:\/\/auctionahead.com\/?s={search_term_string}"},"query-input":{"@type":"PropertyValueSpecification","valueRequired":true,"valueName":"search_term_string"}}],"inLanguage":"en-US"}]}},"_links":{"self":[{"href":"https:\/\/auctionahead.com\/en\/wp-json\/wp\/v2\/product\/9171","targetHints":{"allow":["GET"]}}],"collection":[{"href":"https:\/\/auctionahead.com\/en\/wp-json\/wp\/v2\/product"}],"about":[{"href":"https:\/\/auctionahead.com\/en\/wp-json\/wp\/v2\/types\/product"}],"wp:featuredmedia":[{"embeddable":true,"href":"https:\/\/auctionahead.com\/en\/wp-json\/wp\/v2\/media\/2589"}],"wp:attachment":[{"href":"https:\/\/auctionahead.com\/en\/wp-json\/wp\/v2\/media?parent=9171"}],"wp:term":[{"taxonomy":"product_brand","embeddable":true,"href":"https:\/\/auctionahead.com\/en\/wp-json\/wp\/v2\/product_brand?post=9171"},{"taxonomy":"product_cat","embeddable":true,"href":"https:\/\/auctionahead.com\/en\/wp-json\/wp\/v2\/product_cat?post=9171"},{"taxonomy":"product_tag","embeddable":true,"href":"https:\/\/auctionahead.com\/en\/wp-json\/wp\/v2\/product_tag?post=9171"}],"curies":[{"name":"wp","href":"https:\/\/api.w.org\/{rel}","templated":true}]}}