{"id":9170,"date":"2019-08-13T21:15:24","date_gmt":"2019-08-13T21:15:24","guid":{"rendered":"https:\/\/auctionahead.com\/?post_type=product&#038;p=9170"},"modified":"2022-04-24T20:06:18","modified_gmt":"2022-04-24T20:06:18","slug":"universal-smartphone-holder","status":"publish","type":"product","link":"https:\/\/auctionahead.com\/en\/product\/universal-smartphone-holder\/","title":{"rendered":"Universal Smartphone Holder"},"content":{"rendered":"<div class=\"electro-description clearfix\">\n<ul class=\"a-unordered-list a-vertical a-spacing-none\">\n<li><span class=\"a-list-item\">Bot\u00f3n de liberaci\u00f3n r\u00e1pida: Presione el bot\u00f3n en la parte posterior de la unidad para abrirla y luego saque el tel\u00e9fono m\u00f3vil. Presione los brazos de ambos lados para sujetar el tel\u00e9fono m\u00f3vil de nuevo, es f\u00e1cil de operar, ahorra tiempo y energ\u00eda.<\/span><\/li>\n<li><span class=\"a-list-item\">Rotaci\u00f3n de 360 grados: La rotaci\u00f3n completa de 360 grados le proporciona el mejor \u00e1ngulo de visi\u00f3n. El soporte garantiza una conducci\u00f3n segura tanto si est\u00e1 hablando, navegando, escuchando m\u00fasica o cargando.<\/span><\/li>\n<li><span class=\"a-list-item\">Amplia compatibilidad: Pas\u00f3 una amplia gama de pruebas, apta para la mayor\u00eda de los tel\u00e9fonos m\u00f3viles, iPhone 7 7 Plus iPhone 6s Plus, 6s, 5s, 5c ,Samsung Galaxy S6, HTC,LG, Nexus, Nokia, Dispositivo GPS. Sistema de sujeci\u00f3n de dispositivos robusto, sin cuna y atractivo. Adecuado para tel\u00e9fonos inteligentes o dispositivos electr\u00f3nicos de 1,9 a 3,7 pulgadas de ancho.<\/span><\/li>\n<li><span class=\"a-list-item\">Operaci\u00f3n con una sola mano: Instalaci\u00f3n y extracci\u00f3n sencilla de los tel\u00e9fonos inteligentes. Instalaci\u00f3n simple, operaci\u00f3n con una sola mano, no se necesitan herramientas.<\/span><\/li>\n<li><span class=\"a-list-item\">1 a\u00f1o de garant\u00eda. No es compatible con el smartphone Pixel 5. Soporte para autom\u00f3vil, soportes para autom\u00f3vil, soporte para tel\u00e9fono celular, soportes para tel\u00e9fono celular, soporte para tel\u00e9fono celular, soporte para autom\u00f3vil, soportes para autom\u00f3vil, tel\u00e9fono celular, soporte para tel\u00e9fono.<\/span><\/li>\n<\/ul>\n<\/div>","protected":false},"excerpt":{"rendered":"<p><span class=\"a-list-item\">Bot\u00f3n de liberaci\u00f3n r\u00e1pida: Presione el bot\u00f3n en la parte posterior de la unidad para abrirla y luego saque el tel\u00e9fono m\u00f3vil. Presione los brazos de ambos lados para sujetar el tel\u00e9fono m\u00f3vil de nuevo, es f\u00e1cil de operar, ahorra tiempo y energ\u00eda.<\/span><\/p>\n<p><span class=\"a-list-item\">Rotaci\u00f3n de 360 grados: La rotaci\u00f3n completa de 360 grados le proporciona el mejor \u00e1ngulo de visi\u00f3n. El soporte garantiza una conducci\u00f3n segura tanto si est\u00e1 hablando, navegando, escuchando m\u00fasica o cargando.<\/span><\/p>","protected":false},"featured_media":2576,"template":"","meta":[],"product_brand":[],"product_cat":[65],"product_tag":[],"class_list":{"0":"post-9170","1":"product","2":"type-product","3":"status-publish","4":"has-post-thumbnail","6":"product_cat-others","8":"first","9":"instock","10":"taxable","11":"shipping-taxable","12":"purchasable","13":"product-type-simple"},"yoast_head":"<!-- This site is optimized with the Yoast SEO plugin v27.4 - https:\/\/yoast.com\/product\/yoast-seo-wordpress\/ -->\n<title>Soporte universal para tel\u00e9fonos inteligentes - Auction Ahead<\/title>\n<meta name=\"robots\" content=\"index, follow, max-snippet:-1, max-image-preview:large, max-video-preview:-1\" \/>\n<link rel=\"canonical\" href=\"https:\/\/auctionahead.com\/en\/product\/universal-smartphone-holder\/\" \/>\n<meta property=\"og:locale\" content=\"en_US\" \/>\n<meta property=\"og:type\" content=\"article\" \/>\n<meta property=\"og:title\" content=\"Soporte universal para tel\u00e9fonos inteligentes - Auction Ahead\" \/>\n<meta property=\"og:description\" content=\"Bot\u00f3n de liberaci\u00f3n r\u00e1pida: Presione el bot\u00f3n en la parte posterior de la unidad para abrirla y luego saque el tel\u00e9fono m\u00f3vil. Presione los brazos de ambos lados para sujetar el tel\u00e9fono m\u00f3vil de nuevo, es f\u00e1cil de operar, ahorra tiempo y energ\u00eda.  Rotaci\u00f3n de 360 grados: La rotaci\u00f3n completa de 360 grados le proporciona el mejor \u00e1ngulo de visi\u00f3n. El soporte garantiza una conducci\u00f3n segura tanto si est\u00e1 hablando, navegando, escuchando m\u00fasica o cargando.\" \/>\n<meta property=\"og:url\" content=\"https:\/\/auctionahead.com\/en\/product\/universal-smartphone-holder\/\" \/>\n<meta property=\"og:site_name\" content=\"Auction Ahead\" \/>\n<meta property=\"article:modified_time\" content=\"2022-04-24T20:06:18+00:00\" \/>\n<meta property=\"og:image\" content=\"https:\/\/auctionahead.com\/wp-content\/uploads\/2022\/04\/PHONE-HOLDER.png\" \/>\n\t<meta property=\"og:image:width\" content=\"679\" \/>\n\t<meta property=\"og:image:height\" content=\"679\" \/>\n\t<meta property=\"og:image:type\" content=\"image\/png\" \/>\n<meta name=\"twitter:card\" content=\"summary_large_image\" \/>\n<meta name=\"twitter:label1\" content=\"Est. reading time\" \/>\n\t<meta name=\"twitter:data1\" content=\"1 minute\" \/>\n<script type=\"application\/ld+json\" class=\"yoast-schema-graph\">{\"@context\":\"https:\\\/\\\/schema.org\",\"@graph\":[{\"@type\":\"WebPage\",\"@id\":\"https:\\\/\\\/auctionahead.com\\\/product\\\/universal-smartphone-holder\\\/\",\"url\":\"https:\\\/\\\/auctionahead.com\\\/product\\\/universal-smartphone-holder\\\/\",\"name\":\"Soporte universal para tel\u00e9fonos inteligentes - Auction Ahead\",\"isPartOf\":{\"@id\":\"https:\\\/\\\/auctionahead.com\\\/#website\"},\"primaryImageOfPage\":{\"@id\":\"https:\\\/\\\/auctionahead.com\\\/product\\\/universal-smartphone-holder\\\/#primaryimage\"},\"image\":{\"@id\":\"https:\\\/\\\/auctionahead.com\\\/product\\\/universal-smartphone-holder\\\/#primaryimage\"},\"thumbnailUrl\":\"https:\\\/\\\/auctionahead.com\\\/wp-content\\\/uploads\\\/2022\\\/04\\\/PHONE-HOLDER.png\",\"datePublished\":\"2019-08-13T21:15:24+00:00\",\"dateModified\":\"2022-04-24T20:06:18+00:00\",\"breadcrumb\":{\"@id\":\"https:\\\/\\\/auctionahead.com\\\/product\\\/universal-smartphone-holder\\\/#breadcrumb\"},\"inLanguage\":\"en-US\",\"potentialAction\":[{\"@type\":\"ReadAction\",\"target\":[\"https:\\\/\\\/auctionahead.com\\\/product\\\/universal-smartphone-holder\\\/\"]}]},{\"@type\":\"ImageObject\",\"inLanguage\":\"en-US\",\"@id\":\"https:\\\/\\\/auctionahead.com\\\/product\\\/universal-smartphone-holder\\\/#primaryimage\",\"url\":\"https:\\\/\\\/auctionahead.com\\\/wp-content\\\/uploads\\\/2022\\\/04\\\/PHONE-HOLDER.png\",\"contentUrl\":\"https:\\\/\\\/auctionahead.com\\\/wp-content\\\/uploads\\\/2022\\\/04\\\/PHONE-HOLDER.png\",\"width\":679,\"height\":679,\"caption\":\"Universal Smartphone Holder\"},{\"@type\":\"BreadcrumbList\",\"@id\":\"https:\\\/\\\/auctionahead.com\\\/product\\\/universal-smartphone-holder\\\/#breadcrumb\",\"itemListElement\":[{\"@type\":\"ListItem\",\"position\":1,\"name\":\"Inicio\",\"item\":\"https:\\\/\\\/auctionahead.com\\\/\"},{\"@type\":\"ListItem\",\"position\":2,\"name\":\"Shop\",\"item\":\"https:\\\/\\\/auctionahead.com\\\/shop\\\/\"},{\"@type\":\"ListItem\",\"position\":3,\"name\":\"Soporte universal para tel\u00e9fonos inteligentes\"}]},{\"@type\":\"WebSite\",\"@id\":\"https:\\\/\\\/auctionahead.com\\\/#website\",\"url\":\"https:\\\/\\\/auctionahead.com\\\/\",\"name\":\"Auction Ahead\",\"description\":\"Subastas en vivo y tecnolog\u00eda de vanguardia\",\"potentialAction\":[{\"@type\":\"SearchAction\",\"target\":{\"@type\":\"EntryPoint\",\"urlTemplate\":\"https:\\\/\\\/auctionahead.com\\\/?s={search_term_string}\"},\"query-input\":{\"@type\":\"PropertyValueSpecification\",\"valueRequired\":true,\"valueName\":\"search_term_string\"}}],\"inLanguage\":\"en-US\"}]}<\/script>\n<!-- \/ Yoast SEO plugin. -->","yoast_head_json":{"title":"Soporte universal para tel\u00e9fonos inteligentes - Auction Ahead","robots":{"index":"index","follow":"follow","max-snippet":"max-snippet:-1","max-image-preview":"max-image-preview:large","max-video-preview":"max-video-preview:-1"},"canonical":"https:\/\/auctionahead.com\/en\/product\/universal-smartphone-holder\/","og_locale":"en_US","og_type":"article","og_title":"Soporte universal para tel\u00e9fonos inteligentes - Auction Ahead","og_description":"Bot\u00f3n de liberaci\u00f3n r\u00e1pida: Presione el bot\u00f3n en la parte posterior de la unidad para abrirla y luego saque el tel\u00e9fono m\u00f3vil. Presione los brazos de ambos lados para sujetar el tel\u00e9fono m\u00f3vil de nuevo, es f\u00e1cil de operar, ahorra tiempo y energ\u00eda.  Rotaci\u00f3n de 360 grados: La rotaci\u00f3n completa de 360 grados le proporciona el mejor \u00e1ngulo de visi\u00f3n. El soporte garantiza una conducci\u00f3n segura tanto si est\u00e1 hablando, navegando, escuchando m\u00fasica o cargando.","og_url":"https:\/\/auctionahead.com\/en\/product\/universal-smartphone-holder\/","og_site_name":"Auction Ahead","article_modified_time":"2022-04-24T20:06:18+00:00","og_image":[{"width":679,"height":679,"url":"https:\/\/auctionahead.com\/wp-content\/uploads\/2022\/04\/PHONE-HOLDER.png","type":"image\/png"}],"twitter_card":"summary_large_image","twitter_misc":{"Est. reading time":"1 minute"},"schema":{"@context":"https:\/\/schema.org","@graph":[{"@type":"WebPage","@id":"https:\/\/auctionahead.com\/product\/universal-smartphone-holder\/","url":"https:\/\/auctionahead.com\/product\/universal-smartphone-holder\/","name":"Soporte universal para tel\u00e9fonos inteligentes - Auction Ahead","isPartOf":{"@id":"https:\/\/auctionahead.com\/#website"},"primaryImageOfPage":{"@id":"https:\/\/auctionahead.com\/product\/universal-smartphone-holder\/#primaryimage"},"image":{"@id":"https:\/\/auctionahead.com\/product\/universal-smartphone-holder\/#primaryimage"},"thumbnailUrl":"https:\/\/auctionahead.com\/wp-content\/uploads\/2022\/04\/PHONE-HOLDER.png","datePublished":"2019-08-13T21:15:24+00:00","dateModified":"2022-04-24T20:06:18+00:00","breadcrumb":{"@id":"https:\/\/auctionahead.com\/product\/universal-smartphone-holder\/#breadcrumb"},"inLanguage":"en-US","potentialAction":[{"@type":"ReadAction","target":["https:\/\/auctionahead.com\/product\/universal-smartphone-holder\/"]}]},{"@type":"ImageObject","inLanguage":"en-US","@id":"https:\/\/auctionahead.com\/product\/universal-smartphone-holder\/#primaryimage","url":"https:\/\/auctionahead.com\/wp-content\/uploads\/2022\/04\/PHONE-HOLDER.png","contentUrl":"https:\/\/auctionahead.com\/wp-content\/uploads\/2022\/04\/PHONE-HOLDER.png","width":679,"height":679,"caption":"Universal Smartphone Holder"},{"@type":"BreadcrumbList","@id":"https:\/\/auctionahead.com\/product\/universal-smartphone-holder\/#breadcrumb","itemListElement":[{"@type":"ListItem","position":1,"name":"Inicio","item":"https:\/\/auctionahead.com\/"},{"@type":"ListItem","position":2,"name":"Shop","item":"https:\/\/auctionahead.com\/shop\/"},{"@type":"ListItem","position":3,"name":"Soporte universal para tel\u00e9fonos inteligentes"}]},{"@type":"WebSite","@id":"https:\/\/auctionahead.com\/#website","url":"https:\/\/auctionahead.com\/","name":"Auction Ahead","description":"Subastas en vivo y tecnolog\u00eda de vanguardia","potentialAction":[{"@type":"SearchAction","target":{"@type":"EntryPoint","urlTemplate":"https:\/\/auctionahead.com\/?s={search_term_string}"},"query-input":{"@type":"PropertyValueSpecification","valueRequired":true,"valueName":"search_term_string"}}],"inLanguage":"en-US"}]}},"_links":{"self":[{"href":"https:\/\/auctionahead.com\/en\/wp-json\/wp\/v2\/product\/9170","targetHints":{"allow":["GET"]}}],"collection":[{"href":"https:\/\/auctionahead.com\/en\/wp-json\/wp\/v2\/product"}],"about":[{"href":"https:\/\/auctionahead.com\/en\/wp-json\/wp\/v2\/types\/product"}],"wp:featuredmedia":[{"embeddable":true,"href":"https:\/\/auctionahead.com\/en\/wp-json\/wp\/v2\/media\/2576"}],"wp:attachment":[{"href":"https:\/\/auctionahead.com\/en\/wp-json\/wp\/v2\/media?parent=9170"}],"wp:term":[{"taxonomy":"product_brand","embeddable":true,"href":"https:\/\/auctionahead.com\/en\/wp-json\/wp\/v2\/product_brand?post=9170"},{"taxonomy":"product_cat","embeddable":true,"href":"https:\/\/auctionahead.com\/en\/wp-json\/wp\/v2\/product_cat?post=9170"},{"taxonomy":"product_tag","embeddable":true,"href":"https:\/\/auctionahead.com\/en\/wp-json\/wp\/v2\/product_tag?post=9170"}],"curies":[{"name":"wp","href":"https:\/\/api.w.org\/{rel}","templated":true}]}}