{"id":9167,"date":"2019-08-13T21:07:30","date_gmt":"2019-08-13T21:07:30","guid":{"rendered":"https:\/\/auctionahead.com\/?post_type=product&#038;p=9167"},"modified":"2022-04-25T09:46:48","modified_gmt":"2022-04-25T09:46:48","slug":"polo-shirt","status":"publish","type":"product","link":"https:\/\/auctionahead.com\/en\/product\/polo-shirt\/","title":{"rendered":"Polo Shirt"},"content":{"rendered":"<ul class=\"a-unordered-list a-vertical a-spacing-none\">\n<li><span class=\"a-list-item\">100% Algod\u00f3n<\/span><\/li>\n<li><span class=\"a-list-item\">Importado<\/span><\/li>\n<li><span class=\"a-list-item\">Cierre de bot\u00f3n<\/span><\/li>\n<li><span class=\"a-list-item\">Lavado a m\u00e1quina<\/span><\/li>\n<li><span class=\"a-list-item\">Ajuste regular a trav\u00e9s del pecho para un ajuste relajado y sin restricciones con una etiqueta impresa en el cuello para maximizar la comodidad<\/span><\/li>\n<li><span class=\"a-list-item\">Un corte cl\u00e1sico y una suave tela de algod\u00f3n hacen de este polo una opci\u00f3n para la oficina o el fin de semana.<\/span><\/li>\n<li><span class=\"a-list-item\">Polo de manga corta de punto de piqu\u00e9 transpirable y suave.<\/span><\/li>\n<\/ul>\n<p>&nbsp;<\/p>\n<ul>\n<li><span class=\"a-list-item\"><span class=\"a-text-bold\">Dimensiones del paquete:\u00a0<\/span>11.9 x 7.2 x 1 inches<\/span><\/li>\n<li><span class=\"a-list-item\"><span class=\"a-text-bold\">ASIN:\u00a0<\/span>B01IXFS0L4<\/span><\/li>\n<li><span class=\"a-list-item\"><span class=\"a-text-bold\">N\u00famero de modelo del art\u00edculo:\u00a0<\/span>F16AE4WER0000<\/span><\/li>\n<\/ul>","protected":false},"excerpt":{"rendered":"<ul class=\"a-unordered-list a-vertical a-spacing-none\">\n<li><span class=\"a-list-item\">100% Algod\u00f3n<\/span><\/li>\n<li><span class=\"a-list-item\">Importado<\/span><\/li>\n<li><span class=\"a-list-item\">Cierre de bot\u00f3n<\/span><\/li>\n<li><span class=\"a-list-item\">Lavado a m\u00e1quina<\/span><\/li>\n<li><span class=\"a-list-item\">Ajuste regular a trav\u00e9s del pecho para un ajuste relajado y sin restricciones con una etiqueta impresa en el cuello para maximizar la comodidad<\/span><\/li>\n<li><span class=\"a-list-item\">Un corte cl\u00e1sico y una suave tela de algod\u00f3n hacen de este polo una opci\u00f3n para la oficina o el fin de semana.<\/span><\/li>\n<li><span class=\"a-list-item\">Polo de manga corta de punto de piqu\u00e9 transpirable y suave.<\/span><\/li>\n<\/ul>","protected":false},"featured_media":2537,"template":"","meta":[],"product_brand":[],"product_cat":[67],"product_tag":[],"class_list":{"0":"post-9167","1":"product","2":"type-product","3":"status-publish","4":"has-post-thumbnail","6":"product_cat-clothing","8":"first","9":"instock","10":"taxable","11":"shipping-taxable","12":"purchasable","13":"product-type-simple"},"yoast_head":"<!-- This site is optimized with the Yoast SEO plugin v27.4 - https:\/\/yoast.com\/product\/yoast-seo-wordpress\/ -->\n<title>Camisa polo - Auction Ahead<\/title>\n<meta name=\"robots\" content=\"index, follow, max-snippet:-1, max-image-preview:large, max-video-preview:-1\" \/>\n<link rel=\"canonical\" href=\"https:\/\/auctionahead.com\/en\/product\/polo-shirt\/\" \/>\n<meta property=\"og:locale\" content=\"en_US\" \/>\n<meta property=\"og:type\" content=\"article\" \/>\n<meta property=\"og:title\" content=\"Camisa polo - Auction Ahead\" \/>\n<meta property=\"og:description\" content=\"100% Algod\u00f3n  Importado  Cierre de bot\u00f3n  Lavado a m\u00e1quina  Ajuste regular a trav\u00e9s del pecho para un ajuste relajado y sin restricciones con una etiqueta impresa en el cuello para maximizar la comodidad  Un corte cl\u00e1sico y una suave tela de algod\u00f3n hacen de este polo una opci\u00f3n para la oficina o el fin de semana.  Polo de manga corta de punto de piqu\u00e9 transpirable y suave.\" \/>\n<meta property=\"og:url\" content=\"https:\/\/auctionahead.com\/en\/product\/polo-shirt\/\" \/>\n<meta property=\"og:site_name\" content=\"Auction Ahead\" \/>\n<meta property=\"article:modified_time\" content=\"2022-04-25T09:46:48+00:00\" \/>\n<meta property=\"og:image\" content=\"https:\/\/auctionahead.com\/wp-content\/uploads\/2022\/04\/Polo-Shirt.png\" \/>\n\t<meta property=\"og:image:width\" content=\"679\" \/>\n\t<meta property=\"og:image:height\" content=\"679\" \/>\n\t<meta property=\"og:image:type\" content=\"image\/png\" \/>\n<meta name=\"twitter:card\" content=\"summary_large_image\" \/>\n<script type=\"application\/ld+json\" class=\"yoast-schema-graph\">{\"@context\":\"https:\\\/\\\/schema.org\",\"@graph\":[{\"@type\":\"WebPage\",\"@id\":\"https:\\\/\\\/auctionahead.com\\\/product\\\/polo-shirt\\\/\",\"url\":\"https:\\\/\\\/auctionahead.com\\\/product\\\/polo-shirt\\\/\",\"name\":\"Camisa polo - Auction Ahead\",\"isPartOf\":{\"@id\":\"https:\\\/\\\/auctionahead.com\\\/#website\"},\"primaryImageOfPage\":{\"@id\":\"https:\\\/\\\/auctionahead.com\\\/product\\\/polo-shirt\\\/#primaryimage\"},\"image\":{\"@id\":\"https:\\\/\\\/auctionahead.com\\\/product\\\/polo-shirt\\\/#primaryimage\"},\"thumbnailUrl\":\"https:\\\/\\\/auctionahead.com\\\/wp-content\\\/uploads\\\/2022\\\/04\\\/Polo-Shirt.png\",\"datePublished\":\"2019-08-13T21:07:30+00:00\",\"dateModified\":\"2022-04-25T09:46:48+00:00\",\"breadcrumb\":{\"@id\":\"https:\\\/\\\/auctionahead.com\\\/product\\\/polo-shirt\\\/#breadcrumb\"},\"inLanguage\":\"en-US\",\"potentialAction\":[{\"@type\":\"ReadAction\",\"target\":[\"https:\\\/\\\/auctionahead.com\\\/product\\\/polo-shirt\\\/\"]}]},{\"@type\":\"ImageObject\",\"inLanguage\":\"en-US\",\"@id\":\"https:\\\/\\\/auctionahead.com\\\/product\\\/polo-shirt\\\/#primaryimage\",\"url\":\"https:\\\/\\\/auctionahead.com\\\/wp-content\\\/uploads\\\/2022\\\/04\\\/Polo-Shirt.png\",\"contentUrl\":\"https:\\\/\\\/auctionahead.com\\\/wp-content\\\/uploads\\\/2022\\\/04\\\/Polo-Shirt.png\",\"width\":679,\"height\":679,\"caption\":\"Polo Shirt\"},{\"@type\":\"BreadcrumbList\",\"@id\":\"https:\\\/\\\/auctionahead.com\\\/product\\\/polo-shirt\\\/#breadcrumb\",\"itemListElement\":[{\"@type\":\"ListItem\",\"position\":1,\"name\":\"Inicio\",\"item\":\"https:\\\/\\\/auctionahead.com\\\/\"},{\"@type\":\"ListItem\",\"position\":2,\"name\":\"Shop\",\"item\":\"https:\\\/\\\/auctionahead.com\\\/shop\\\/\"},{\"@type\":\"ListItem\",\"position\":3,\"name\":\"Camisa polo\"}]},{\"@type\":\"WebSite\",\"@id\":\"https:\\\/\\\/auctionahead.com\\\/#website\",\"url\":\"https:\\\/\\\/auctionahead.com\\\/\",\"name\":\"Auction Ahead\",\"description\":\"Subastas en vivo y tecnolog\u00eda de vanguardia\",\"potentialAction\":[{\"@type\":\"SearchAction\",\"target\":{\"@type\":\"EntryPoint\",\"urlTemplate\":\"https:\\\/\\\/auctionahead.com\\\/?s={search_term_string}\"},\"query-input\":{\"@type\":\"PropertyValueSpecification\",\"valueRequired\":true,\"valueName\":\"search_term_string\"}}],\"inLanguage\":\"en-US\"}]}<\/script>\n<!-- \/ Yoast SEO plugin. -->","yoast_head_json":{"title":"Camisa polo - Auction Ahead","robots":{"index":"index","follow":"follow","max-snippet":"max-snippet:-1","max-image-preview":"max-image-preview:large","max-video-preview":"max-video-preview:-1"},"canonical":"https:\/\/auctionahead.com\/en\/product\/polo-shirt\/","og_locale":"en_US","og_type":"article","og_title":"Camisa polo - Auction Ahead","og_description":"100% Algod\u00f3n  Importado  Cierre de bot\u00f3n  Lavado a m\u00e1quina  Ajuste regular a trav\u00e9s del pecho para un ajuste relajado y sin restricciones con una etiqueta impresa en el cuello para maximizar la comodidad  Un corte cl\u00e1sico y una suave tela de algod\u00f3n hacen de este polo una opci\u00f3n para la oficina o el fin de semana.  Polo de manga corta de punto de piqu\u00e9 transpirable y suave.","og_url":"https:\/\/auctionahead.com\/en\/product\/polo-shirt\/","og_site_name":"Auction Ahead","article_modified_time":"2022-04-25T09:46:48+00:00","og_image":[{"width":679,"height":679,"url":"https:\/\/auctionahead.com\/wp-content\/uploads\/2022\/04\/Polo-Shirt.png","type":"image\/png"}],"twitter_card":"summary_large_image","schema":{"@context":"https:\/\/schema.org","@graph":[{"@type":"WebPage","@id":"https:\/\/auctionahead.com\/product\/polo-shirt\/","url":"https:\/\/auctionahead.com\/product\/polo-shirt\/","name":"Camisa polo - Auction Ahead","isPartOf":{"@id":"https:\/\/auctionahead.com\/#website"},"primaryImageOfPage":{"@id":"https:\/\/auctionahead.com\/product\/polo-shirt\/#primaryimage"},"image":{"@id":"https:\/\/auctionahead.com\/product\/polo-shirt\/#primaryimage"},"thumbnailUrl":"https:\/\/auctionahead.com\/wp-content\/uploads\/2022\/04\/Polo-Shirt.png","datePublished":"2019-08-13T21:07:30+00:00","dateModified":"2022-04-25T09:46:48+00:00","breadcrumb":{"@id":"https:\/\/auctionahead.com\/product\/polo-shirt\/#breadcrumb"},"inLanguage":"en-US","potentialAction":[{"@type":"ReadAction","target":["https:\/\/auctionahead.com\/product\/polo-shirt\/"]}]},{"@type":"ImageObject","inLanguage":"en-US","@id":"https:\/\/auctionahead.com\/product\/polo-shirt\/#primaryimage","url":"https:\/\/auctionahead.com\/wp-content\/uploads\/2022\/04\/Polo-Shirt.png","contentUrl":"https:\/\/auctionahead.com\/wp-content\/uploads\/2022\/04\/Polo-Shirt.png","width":679,"height":679,"caption":"Polo Shirt"},{"@type":"BreadcrumbList","@id":"https:\/\/auctionahead.com\/product\/polo-shirt\/#breadcrumb","itemListElement":[{"@type":"ListItem","position":1,"name":"Inicio","item":"https:\/\/auctionahead.com\/"},{"@type":"ListItem","position":2,"name":"Shop","item":"https:\/\/auctionahead.com\/shop\/"},{"@type":"ListItem","position":3,"name":"Camisa polo"}]},{"@type":"WebSite","@id":"https:\/\/auctionahead.com\/#website","url":"https:\/\/auctionahead.com\/","name":"Auction Ahead","description":"Subastas en vivo y tecnolog\u00eda de vanguardia","potentialAction":[{"@type":"SearchAction","target":{"@type":"EntryPoint","urlTemplate":"https:\/\/auctionahead.com\/?s={search_term_string}"},"query-input":{"@type":"PropertyValueSpecification","valueRequired":true,"valueName":"search_term_string"}}],"inLanguage":"en-US"}]}},"_links":{"self":[{"href":"https:\/\/auctionahead.com\/en\/wp-json\/wp\/v2\/product\/9167","targetHints":{"allow":["GET"]}}],"collection":[{"href":"https:\/\/auctionahead.com\/en\/wp-json\/wp\/v2\/product"}],"about":[{"href":"https:\/\/auctionahead.com\/en\/wp-json\/wp\/v2\/types\/product"}],"wp:featuredmedia":[{"embeddable":true,"href":"https:\/\/auctionahead.com\/en\/wp-json\/wp\/v2\/media\/2537"}],"wp:attachment":[{"href":"https:\/\/auctionahead.com\/en\/wp-json\/wp\/v2\/media?parent=9167"}],"wp:term":[{"taxonomy":"product_brand","embeddable":true,"href":"https:\/\/auctionahead.com\/en\/wp-json\/wp\/v2\/product_brand?post=9167"},{"taxonomy":"product_cat","embeddable":true,"href":"https:\/\/auctionahead.com\/en\/wp-json\/wp\/v2\/product_cat?post=9167"},{"taxonomy":"product_tag","embeddable":true,"href":"https:\/\/auctionahead.com\/en\/wp-json\/wp\/v2\/product_tag?post=9167"}],"curies":[{"name":"wp","href":"https:\/\/api.w.org\/{rel}","templated":true}]}}