{"id":9166,"date":"2019-08-13T21:03:44","date_gmt":"2019-08-13T21:03:44","guid":{"rendered":"https:\/\/auctionahead.com\/?post_type=product&#038;p=9166"},"modified":"2022-04-24T20:12:01","modified_gmt":"2022-04-24T20:12:01","slug":"womens-splash-jacket","status":"publish","type":"product","link":"https:\/\/auctionahead.com\/en\/product\/womens-splash-jacket\/","title":{"rendered":"Women\u2019s Splash Jacket"},"content":{"rendered":"<p>Ve y salpica un poco &#8211; esta chaqueta aerodin\u00e1mica est\u00e1 hecha para ello. Con una cubierta totalmente impermeable y una capucha ajustable, proporciona un ajuste transpirable que permanece en su lugar y mantiene los elementos fuera.<\/p>\n<ul class=\"a-unordered-list a-vertical a-spacing-none\">\n<li><span class=\"a-list-item\">Nylon, Poli\u00e9ster<\/span><\/li>\n<li><span class=\"a-list-item\">Hecho en EE.UU. o importado<\/span><\/li>\n<li><span class=\"a-list-item\">Lavado a m\u00e1quina<\/span><\/li>\n<li><span class=\"a-list-item\">TECNOLOG\u00cdA: Esta chaqueta de mujer de Columbia Splash A Little II tiene una construcci\u00f3n impermeable, transpirable y totalmente sellada para los d\u00edas de lluvia.<\/span><\/li>\n<li><span class=\"a-list-item\">CARACTER\u00cdSTICAS AJUSTABLES: Esta chaqueta impermeable para mujeres tiene una capucha ajustable para mayor protecci\u00f3n.<\/span><\/li>\n<li><span class=\"a-list-item\">CARACTER\u00cdSTICAS PR\u00c1CTICAS: Con un bolsillo interior de seguridad, bolsillos con cremallera y pu\u00f1os ajustables, esta chaqueta de lluvia para mujeres tiene todo lo necesario para estar c\u00f3moda y segura.<\/span><\/li>\n<li><span class=\"a-list-item\">Tejido Plano Omni-Tech Tejido 100% poli\u00e9ster y forro 100% nylon hacen de esta chaqueta un c\u00e1lido escudo contra la lluvia.<\/span><\/li>\n<li><span class=\"a-list-item\">La chaqueta Splash A Little II para mujeres de Columbia es la chaqueta de lluvia perfecta para usar en d\u00edas de mal tiempo.<\/span><\/li>\n<\/ul>","protected":false},"excerpt":{"rendered":"<div class=\"textright apm-hero-text\">\n<div class=\"woocommerce-product-details__short-description\">\n<div class=\"textright apm-hero-text\">\n<p>Ve y salpica un poco &#8211; esta chaqueta aerodin\u00e1mica est\u00e1 hecha para ello. Con una cubierta totalmente impermeable y una capucha ajustable, proporciona un ajuste transpirable que permanece en su lugar y mantiene los elementos fuera.<\/p>\n<\/div>\n<\/div>\n<\/div>","protected":false},"featured_media":2504,"template":"","meta":[],"product_brand":[],"product_cat":[67],"product_tag":[],"class_list":{"0":"post-9166","1":"product","2":"type-product","3":"status-publish","4":"has-post-thumbnail","6":"product_cat-clothing","8":"first","9":"instock","10":"taxable","11":"shipping-taxable","12":"purchasable","13":"product-type-simple"},"yoast_head":"<!-- This site is optimized with the Yoast SEO plugin v27.4 - https:\/\/yoast.com\/product\/yoast-seo-wordpress\/ -->\n<title>Chaqueta de salpicadura para mujeres - Auction Ahead<\/title>\n<meta name=\"robots\" content=\"index, follow, max-snippet:-1, max-image-preview:large, max-video-preview:-1\" \/>\n<link rel=\"canonical\" href=\"https:\/\/auctionahead.com\/en\/product\/womens-splash-jacket\/\" \/>\n<meta property=\"og:locale\" content=\"en_US\" \/>\n<meta property=\"og:type\" content=\"article\" \/>\n<meta property=\"og:title\" content=\"Chaqueta de salpicadura para mujeres - Auction Ahead\" \/>\n<meta property=\"og:description\" content=\"Ve y salpica un poco - esta chaqueta aerodin\u00e1mica est\u00e1 hecha para ello. Con una cubierta totalmente impermeable y una capucha ajustable, proporciona un ajuste transpirable que permanece en su lugar y mantiene los elementos fuera.\" \/>\n<meta property=\"og:url\" content=\"https:\/\/auctionahead.com\/en\/product\/womens-splash-jacket\/\" \/>\n<meta property=\"og:site_name\" content=\"Auction Ahead\" \/>\n<meta property=\"article:modified_time\" content=\"2022-04-24T20:12:01+00:00\" \/>\n<meta property=\"og:image\" content=\"https:\/\/auctionahead.com\/wp-content\/uploads\/2022\/04\/Womens-Splash-1.png\" \/>\n\t<meta property=\"og:image:width\" content=\"679\" \/>\n\t<meta property=\"og:image:height\" content=\"679\" \/>\n\t<meta property=\"og:image:type\" content=\"image\/png\" \/>\n<meta name=\"twitter:card\" content=\"summary_large_image\" \/>\n<meta name=\"twitter:label1\" content=\"Est. reading time\" \/>\n\t<meta name=\"twitter:data1\" content=\"1 minute\" \/>\n<script type=\"application\/ld+json\" class=\"yoast-schema-graph\">{\"@context\":\"https:\\\/\\\/schema.org\",\"@graph\":[{\"@type\":\"WebPage\",\"@id\":\"https:\\\/\\\/auctionahead.com\\\/product\\\/womens-splash-jacket\\\/\",\"url\":\"https:\\\/\\\/auctionahead.com\\\/product\\\/womens-splash-jacket\\\/\",\"name\":\"Chaqueta de salpicadura para mujeres - Auction Ahead\",\"isPartOf\":{\"@id\":\"https:\\\/\\\/auctionahead.com\\\/#website\"},\"primaryImageOfPage\":{\"@id\":\"https:\\\/\\\/auctionahead.com\\\/product\\\/womens-splash-jacket\\\/#primaryimage\"},\"image\":{\"@id\":\"https:\\\/\\\/auctionahead.com\\\/product\\\/womens-splash-jacket\\\/#primaryimage\"},\"thumbnailUrl\":\"https:\\\/\\\/auctionahead.com\\\/wp-content\\\/uploads\\\/2022\\\/04\\\/Womens-Splash-1.png\",\"datePublished\":\"2019-08-13T21:03:44+00:00\",\"dateModified\":\"2022-04-24T20:12:01+00:00\",\"breadcrumb\":{\"@id\":\"https:\\\/\\\/auctionahead.com\\\/product\\\/womens-splash-jacket\\\/#breadcrumb\"},\"inLanguage\":\"en-US\",\"potentialAction\":[{\"@type\":\"ReadAction\",\"target\":[\"https:\\\/\\\/auctionahead.com\\\/product\\\/womens-splash-jacket\\\/\"]}]},{\"@type\":\"ImageObject\",\"inLanguage\":\"en-US\",\"@id\":\"https:\\\/\\\/auctionahead.com\\\/product\\\/womens-splash-jacket\\\/#primaryimage\",\"url\":\"https:\\\/\\\/auctionahead.com\\\/wp-content\\\/uploads\\\/2022\\\/04\\\/Womens-Splash-1.png\",\"contentUrl\":\"https:\\\/\\\/auctionahead.com\\\/wp-content\\\/uploads\\\/2022\\\/04\\\/Womens-Splash-1.png\",\"width\":679,\"height\":679,\"caption\":\"Women's Splash Jacket\"},{\"@type\":\"BreadcrumbList\",\"@id\":\"https:\\\/\\\/auctionahead.com\\\/product\\\/womens-splash-jacket\\\/#breadcrumb\",\"itemListElement\":[{\"@type\":\"ListItem\",\"position\":1,\"name\":\"Inicio\",\"item\":\"https:\\\/\\\/auctionahead.com\\\/\"},{\"@type\":\"ListItem\",\"position\":2,\"name\":\"Shop\",\"item\":\"https:\\\/\\\/auctionahead.com\\\/shop\\\/\"},{\"@type\":\"ListItem\",\"position\":3,\"name\":\"Chaqueta de salpicadura para mujeres\"}]},{\"@type\":\"WebSite\",\"@id\":\"https:\\\/\\\/auctionahead.com\\\/#website\",\"url\":\"https:\\\/\\\/auctionahead.com\\\/\",\"name\":\"Auction Ahead\",\"description\":\"Subastas en vivo y tecnolog\u00eda de vanguardia\",\"potentialAction\":[{\"@type\":\"SearchAction\",\"target\":{\"@type\":\"EntryPoint\",\"urlTemplate\":\"https:\\\/\\\/auctionahead.com\\\/?s={search_term_string}\"},\"query-input\":{\"@type\":\"PropertyValueSpecification\",\"valueRequired\":true,\"valueName\":\"search_term_string\"}}],\"inLanguage\":\"en-US\"}]}<\/script>\n<!-- \/ Yoast SEO plugin. -->","yoast_head_json":{"title":"Chaqueta de salpicadura para mujeres - Auction Ahead","robots":{"index":"index","follow":"follow","max-snippet":"max-snippet:-1","max-image-preview":"max-image-preview:large","max-video-preview":"max-video-preview:-1"},"canonical":"https:\/\/auctionahead.com\/en\/product\/womens-splash-jacket\/","og_locale":"en_US","og_type":"article","og_title":"Chaqueta de salpicadura para mujeres - Auction Ahead","og_description":"Ve y salpica un poco - esta chaqueta aerodin\u00e1mica est\u00e1 hecha para ello. Con una cubierta totalmente impermeable y una capucha ajustable, proporciona un ajuste transpirable que permanece en su lugar y mantiene los elementos fuera.","og_url":"https:\/\/auctionahead.com\/en\/product\/womens-splash-jacket\/","og_site_name":"Auction Ahead","article_modified_time":"2022-04-24T20:12:01+00:00","og_image":[{"width":679,"height":679,"url":"https:\/\/auctionahead.com\/wp-content\/uploads\/2022\/04\/Womens-Splash-1.png","type":"image\/png"}],"twitter_card":"summary_large_image","twitter_misc":{"Est. reading time":"1 minute"},"schema":{"@context":"https:\/\/schema.org","@graph":[{"@type":"WebPage","@id":"https:\/\/auctionahead.com\/product\/womens-splash-jacket\/","url":"https:\/\/auctionahead.com\/product\/womens-splash-jacket\/","name":"Chaqueta de salpicadura para mujeres - Auction Ahead","isPartOf":{"@id":"https:\/\/auctionahead.com\/#website"},"primaryImageOfPage":{"@id":"https:\/\/auctionahead.com\/product\/womens-splash-jacket\/#primaryimage"},"image":{"@id":"https:\/\/auctionahead.com\/product\/womens-splash-jacket\/#primaryimage"},"thumbnailUrl":"https:\/\/auctionahead.com\/wp-content\/uploads\/2022\/04\/Womens-Splash-1.png","datePublished":"2019-08-13T21:03:44+00:00","dateModified":"2022-04-24T20:12:01+00:00","breadcrumb":{"@id":"https:\/\/auctionahead.com\/product\/womens-splash-jacket\/#breadcrumb"},"inLanguage":"en-US","potentialAction":[{"@type":"ReadAction","target":["https:\/\/auctionahead.com\/product\/womens-splash-jacket\/"]}]},{"@type":"ImageObject","inLanguage":"en-US","@id":"https:\/\/auctionahead.com\/product\/womens-splash-jacket\/#primaryimage","url":"https:\/\/auctionahead.com\/wp-content\/uploads\/2022\/04\/Womens-Splash-1.png","contentUrl":"https:\/\/auctionahead.com\/wp-content\/uploads\/2022\/04\/Womens-Splash-1.png","width":679,"height":679,"caption":"Women's Splash Jacket"},{"@type":"BreadcrumbList","@id":"https:\/\/auctionahead.com\/product\/womens-splash-jacket\/#breadcrumb","itemListElement":[{"@type":"ListItem","position":1,"name":"Inicio","item":"https:\/\/auctionahead.com\/"},{"@type":"ListItem","position":2,"name":"Shop","item":"https:\/\/auctionahead.com\/shop\/"},{"@type":"ListItem","position":3,"name":"Chaqueta de salpicadura para mujeres"}]},{"@type":"WebSite","@id":"https:\/\/auctionahead.com\/#website","url":"https:\/\/auctionahead.com\/","name":"Auction Ahead","description":"Subastas en vivo y tecnolog\u00eda de vanguardia","potentialAction":[{"@type":"SearchAction","target":{"@type":"EntryPoint","urlTemplate":"https:\/\/auctionahead.com\/?s={search_term_string}"},"query-input":{"@type":"PropertyValueSpecification","valueRequired":true,"valueName":"search_term_string"}}],"inLanguage":"en-US"}]}},"_links":{"self":[{"href":"https:\/\/auctionahead.com\/en\/wp-json\/wp\/v2\/product\/9166","targetHints":{"allow":["GET"]}}],"collection":[{"href":"https:\/\/auctionahead.com\/en\/wp-json\/wp\/v2\/product"}],"about":[{"href":"https:\/\/auctionahead.com\/en\/wp-json\/wp\/v2\/types\/product"}],"wp:featuredmedia":[{"embeddable":true,"href":"https:\/\/auctionahead.com\/en\/wp-json\/wp\/v2\/media\/2504"}],"wp:attachment":[{"href":"https:\/\/auctionahead.com\/en\/wp-json\/wp\/v2\/media?parent=9166"}],"wp:term":[{"taxonomy":"product_brand","embeddable":true,"href":"https:\/\/auctionahead.com\/en\/wp-json\/wp\/v2\/product_brand?post=9166"},{"taxonomy":"product_cat","embeddable":true,"href":"https:\/\/auctionahead.com\/en\/wp-json\/wp\/v2\/product_cat?post=9166"},{"taxonomy":"product_tag","embeddable":true,"href":"https:\/\/auctionahead.com\/en\/wp-json\/wp\/v2\/product_tag?post=9166"}],"curies":[{"name":"wp","href":"https:\/\/api.w.org\/{rel}","templated":true}]}}