{"id":9163,"date":"2019-08-13T20:56:17","date_gmt":"2019-08-13T20:56:17","guid":{"rendered":"https:\/\/auctionahead.com\/?post_type=product&#038;p=9163"},"modified":"2022-04-24T20:14:41","modified_gmt":"2022-04-24T20:14:41","slug":"bella-canvas-unisex-jersey-short-sleeve-tee","status":"publish","type":"product","link":"https:\/\/auctionahead.com\/en\/product\/bella-canvas-unisex-jersey-short-sleeve-tee\/","title":{"rendered":"Unisex Jersey Short Sleeve Tee"},"content":{"rendered":"<p>4.2 oz. 100% algod\u00f3n peinado y anillado. 30 individuales. La ceniza es 99% algod\u00f3n peinado e hilado en anillo y 1% poli\u00e9ster. El Heather Athletic es 90% algod\u00f3n peinado e hilado en anillos, 10% poli\u00e9ster. Todos los dem\u00e1s colores de Heather\/Blend son 52% algod\u00f3n peinado e hilado en anillos, 48% poli\u00e9ster. Talla unisex. Ajuste al por menor. Ajustado en el b\u00edceps. Tapizado en el hombro. Costura lateral.<\/p>\n<ul class=\"a-unordered-list a-vertical a-spacing-none\">\n<li><span class=\"a-list-item\">100% Algod\u00f3n<\/span><\/li>\n<li><span class=\"a-list-item\">4.2 oz. 100% algod\u00f3n peinado y anillado<\/span><\/li>\n<li><span class=\"a-list-item\">30 solteros<\/span><\/li>\n<li><span class=\"a-list-item\">La ceniza es 99% algod\u00f3n peinado en forma de anillo y 1% poli\u00e9ster.<\/span><\/li>\n<li><span class=\"a-list-item\">El Athletic Heather es 90% algod\u00f3n peinado y 10% poli\u00e9ster.<\/span><\/li>\n<li><span class=\"a-list-item\">Todos los dem\u00e1s colores de Heather\/Blend son 52% de algod\u00f3n peinado e hilado en anillo 48% de poli\u00e9ster<\/span><\/li>\n<\/ul>","protected":false},"excerpt":{"rendered":"<ul class=\"a-unordered-list a-vertical a-spacing-none\">\n<li><span class=\"a-list-item\">100% Algod\u00f3n<\/span><\/li>\n<li><span class=\"a-list-item\">4.2 oz. 100% algod\u00f3n peinado y anillado<\/span><\/li>\n<li><span class=\"a-list-item\">30 solteros<\/span><\/li>\n<li><span class=\"a-list-item\">La ceniza es 99% algod\u00f3n peinado en forma de anillo y 1% poli\u00e9ster.<\/span><\/li>\n<li><span class=\"a-list-item\">El Athletic Heather es 90% algod\u00f3n peinado y 10% poli\u00e9ster.<\/span><\/li>\n<li><span class=\"a-list-item\">Todos los dem\u00e1s colores de Heather\/Blend son 52% de algod\u00f3n peinado e hilado en anillo 48% de poli\u00e9ster<\/span><\/li>\n<\/ul>","protected":false},"featured_media":2489,"template":"","meta":[],"product_brand":[],"product_cat":[67],"product_tag":[],"class_list":{"0":"post-9163","1":"product","2":"type-product","3":"status-publish","4":"has-post-thumbnail","6":"product_cat-clothing","8":"first","9":"instock","10":"taxable","11":"shipping-taxable","12":"purchasable","13":"product-type-simple"},"yoast_head":"<!-- This site is optimized with the Yoast SEO plugin v27.4 - https:\/\/yoast.com\/product\/yoast-seo-wordpress\/ -->\n<title>Camiseta unisex de manga corta de Jersey - Auction Ahead<\/title>\n<meta name=\"robots\" content=\"index, follow, max-snippet:-1, max-image-preview:large, max-video-preview:-1\" \/>\n<link rel=\"canonical\" href=\"https:\/\/auctionahead.com\/en\/product\/bella-canvas-unisex-jersey-short-sleeve-tee\/\" \/>\n<meta property=\"og:locale\" content=\"en_US\" \/>\n<meta property=\"og:type\" content=\"article\" \/>\n<meta property=\"og:title\" content=\"Camiseta unisex de manga corta de Jersey - Auction Ahead\" \/>\n<meta property=\"og:description\" content=\"100% Algod\u00f3n  4.2 oz. 100% algod\u00f3n peinado y anillado  30 solteros  La ceniza es 99% algod\u00f3n peinado en forma de anillo y 1% poli\u00e9ster.  El Athletic Heather es 90% algod\u00f3n peinado y 10% poli\u00e9ster.  Todos los dem\u00e1s colores de Heather\/Blend son 52% de algod\u00f3n peinado e hilado en anillo 48% de poli\u00e9ster\" \/>\n<meta property=\"og:url\" content=\"https:\/\/auctionahead.com\/en\/product\/bella-canvas-unisex-jersey-short-sleeve-tee\/\" \/>\n<meta property=\"og:site_name\" content=\"Auction Ahead\" \/>\n<meta property=\"article:modified_time\" content=\"2022-04-24T20:14:41+00:00\" \/>\n<meta property=\"og:image\" content=\"https:\/\/auctionahead.com\/wp-content\/uploads\/2022\/04\/MAN-JERSEY-1.png\" \/>\n\t<meta property=\"og:image:width\" content=\"679\" \/>\n\t<meta property=\"og:image:height\" content=\"679\" \/>\n\t<meta property=\"og:image:type\" content=\"image\/png\" \/>\n<meta name=\"twitter:card\" content=\"summary_large_image\" \/>\n<meta name=\"twitter:label1\" content=\"Est. reading time\" \/>\n\t<meta name=\"twitter:data1\" content=\"1 minute\" \/>\n<script type=\"application\/ld+json\" class=\"yoast-schema-graph\">{\"@context\":\"https:\\\/\\\/schema.org\",\"@graph\":[{\"@type\":\"WebPage\",\"@id\":\"https:\\\/\\\/auctionahead.com\\\/product\\\/bella-canvas-unisex-jersey-short-sleeve-tee\\\/\",\"url\":\"https:\\\/\\\/auctionahead.com\\\/product\\\/bella-canvas-unisex-jersey-short-sleeve-tee\\\/\",\"name\":\"Camiseta unisex de manga corta de Jersey - Auction Ahead\",\"isPartOf\":{\"@id\":\"https:\\\/\\\/auctionahead.com\\\/#website\"},\"primaryImageOfPage\":{\"@id\":\"https:\\\/\\\/auctionahead.com\\\/product\\\/bella-canvas-unisex-jersey-short-sleeve-tee\\\/#primaryimage\"},\"image\":{\"@id\":\"https:\\\/\\\/auctionahead.com\\\/product\\\/bella-canvas-unisex-jersey-short-sleeve-tee\\\/#primaryimage\"},\"thumbnailUrl\":\"https:\\\/\\\/auctionahead.com\\\/wp-content\\\/uploads\\\/2022\\\/04\\\/MAN-JERSEY-1.png\",\"datePublished\":\"2019-08-13T20:56:17+00:00\",\"dateModified\":\"2022-04-24T20:14:41+00:00\",\"breadcrumb\":{\"@id\":\"https:\\\/\\\/auctionahead.com\\\/product\\\/bella-canvas-unisex-jersey-short-sleeve-tee\\\/#breadcrumb\"},\"inLanguage\":\"en-US\",\"potentialAction\":[{\"@type\":\"ReadAction\",\"target\":[\"https:\\\/\\\/auctionahead.com\\\/product\\\/bella-canvas-unisex-jersey-short-sleeve-tee\\\/\"]}]},{\"@type\":\"ImageObject\",\"inLanguage\":\"en-US\",\"@id\":\"https:\\\/\\\/auctionahead.com\\\/product\\\/bella-canvas-unisex-jersey-short-sleeve-tee\\\/#primaryimage\",\"url\":\"https:\\\/\\\/auctionahead.com\\\/wp-content\\\/uploads\\\/2022\\\/04\\\/MAN-JERSEY-1.png\",\"contentUrl\":\"https:\\\/\\\/auctionahead.com\\\/wp-content\\\/uploads\\\/2022\\\/04\\\/MAN-JERSEY-1.png\",\"width\":679,\"height\":679,\"caption\":\"Unisex Jersey Short Sleeve Tee\"},{\"@type\":\"BreadcrumbList\",\"@id\":\"https:\\\/\\\/auctionahead.com\\\/product\\\/bella-canvas-unisex-jersey-short-sleeve-tee\\\/#breadcrumb\",\"itemListElement\":[{\"@type\":\"ListItem\",\"position\":1,\"name\":\"Inicio\",\"item\":\"https:\\\/\\\/auctionahead.com\\\/\"},{\"@type\":\"ListItem\",\"position\":2,\"name\":\"Shop\",\"item\":\"https:\\\/\\\/auctionahead.com\\\/shop\\\/\"},{\"@type\":\"ListItem\",\"position\":3,\"name\":\"Camiseta unisex de manga corta de Jersey\"}]},{\"@type\":\"WebSite\",\"@id\":\"https:\\\/\\\/auctionahead.com\\\/#website\",\"url\":\"https:\\\/\\\/auctionahead.com\\\/\",\"name\":\"Auction Ahead\",\"description\":\"Subastas en vivo y tecnolog\u00eda de vanguardia\",\"potentialAction\":[{\"@type\":\"SearchAction\",\"target\":{\"@type\":\"EntryPoint\",\"urlTemplate\":\"https:\\\/\\\/auctionahead.com\\\/?s={search_term_string}\"},\"query-input\":{\"@type\":\"PropertyValueSpecification\",\"valueRequired\":true,\"valueName\":\"search_term_string\"}}],\"inLanguage\":\"en-US\"}]}<\/script>\n<!-- \/ Yoast SEO plugin. -->","yoast_head_json":{"title":"Camiseta unisex de manga corta de Jersey - Auction Ahead","robots":{"index":"index","follow":"follow","max-snippet":"max-snippet:-1","max-image-preview":"max-image-preview:large","max-video-preview":"max-video-preview:-1"},"canonical":"https:\/\/auctionahead.com\/en\/product\/bella-canvas-unisex-jersey-short-sleeve-tee\/","og_locale":"en_US","og_type":"article","og_title":"Camiseta unisex de manga corta de Jersey - Auction Ahead","og_description":"100% Algod\u00f3n  4.2 oz. 100% algod\u00f3n peinado y anillado  30 solteros  La ceniza es 99% algod\u00f3n peinado en forma de anillo y 1% poli\u00e9ster.  El Athletic Heather es 90% algod\u00f3n peinado y 10% poli\u00e9ster.  Todos los dem\u00e1s colores de Heather\/Blend son 52% de algod\u00f3n peinado e hilado en anillo 48% de poli\u00e9ster","og_url":"https:\/\/auctionahead.com\/en\/product\/bella-canvas-unisex-jersey-short-sleeve-tee\/","og_site_name":"Auction Ahead","article_modified_time":"2022-04-24T20:14:41+00:00","og_image":[{"width":679,"height":679,"url":"https:\/\/auctionahead.com\/wp-content\/uploads\/2022\/04\/MAN-JERSEY-1.png","type":"image\/png"}],"twitter_card":"summary_large_image","twitter_misc":{"Est. reading time":"1 minute"},"schema":{"@context":"https:\/\/schema.org","@graph":[{"@type":"WebPage","@id":"https:\/\/auctionahead.com\/product\/bella-canvas-unisex-jersey-short-sleeve-tee\/","url":"https:\/\/auctionahead.com\/product\/bella-canvas-unisex-jersey-short-sleeve-tee\/","name":"Camiseta unisex de manga corta de Jersey - Auction Ahead","isPartOf":{"@id":"https:\/\/auctionahead.com\/#website"},"primaryImageOfPage":{"@id":"https:\/\/auctionahead.com\/product\/bella-canvas-unisex-jersey-short-sleeve-tee\/#primaryimage"},"image":{"@id":"https:\/\/auctionahead.com\/product\/bella-canvas-unisex-jersey-short-sleeve-tee\/#primaryimage"},"thumbnailUrl":"https:\/\/auctionahead.com\/wp-content\/uploads\/2022\/04\/MAN-JERSEY-1.png","datePublished":"2019-08-13T20:56:17+00:00","dateModified":"2022-04-24T20:14:41+00:00","breadcrumb":{"@id":"https:\/\/auctionahead.com\/product\/bella-canvas-unisex-jersey-short-sleeve-tee\/#breadcrumb"},"inLanguage":"en-US","potentialAction":[{"@type":"ReadAction","target":["https:\/\/auctionahead.com\/product\/bella-canvas-unisex-jersey-short-sleeve-tee\/"]}]},{"@type":"ImageObject","inLanguage":"en-US","@id":"https:\/\/auctionahead.com\/product\/bella-canvas-unisex-jersey-short-sleeve-tee\/#primaryimage","url":"https:\/\/auctionahead.com\/wp-content\/uploads\/2022\/04\/MAN-JERSEY-1.png","contentUrl":"https:\/\/auctionahead.com\/wp-content\/uploads\/2022\/04\/MAN-JERSEY-1.png","width":679,"height":679,"caption":"Unisex Jersey Short Sleeve Tee"},{"@type":"BreadcrumbList","@id":"https:\/\/auctionahead.com\/product\/bella-canvas-unisex-jersey-short-sleeve-tee\/#breadcrumb","itemListElement":[{"@type":"ListItem","position":1,"name":"Inicio","item":"https:\/\/auctionahead.com\/"},{"@type":"ListItem","position":2,"name":"Shop","item":"https:\/\/auctionahead.com\/shop\/"},{"@type":"ListItem","position":3,"name":"Camiseta unisex de manga corta de Jersey"}]},{"@type":"WebSite","@id":"https:\/\/auctionahead.com\/#website","url":"https:\/\/auctionahead.com\/","name":"Auction Ahead","description":"Subastas en vivo y tecnolog\u00eda de vanguardia","potentialAction":[{"@type":"SearchAction","target":{"@type":"EntryPoint","urlTemplate":"https:\/\/auctionahead.com\/?s={search_term_string}"},"query-input":{"@type":"PropertyValueSpecification","valueRequired":true,"valueName":"search_term_string"}}],"inLanguage":"en-US"}]}},"_links":{"self":[{"href":"https:\/\/auctionahead.com\/en\/wp-json\/wp\/v2\/product\/9163","targetHints":{"allow":["GET"]}}],"collection":[{"href":"https:\/\/auctionahead.com\/en\/wp-json\/wp\/v2\/product"}],"about":[{"href":"https:\/\/auctionahead.com\/en\/wp-json\/wp\/v2\/types\/product"}],"wp:featuredmedia":[{"embeddable":true,"href":"https:\/\/auctionahead.com\/en\/wp-json\/wp\/v2\/media\/2489"}],"wp:attachment":[{"href":"https:\/\/auctionahead.com\/en\/wp-json\/wp\/v2\/media?parent=9163"}],"wp:term":[{"taxonomy":"product_brand","embeddable":true,"href":"https:\/\/auctionahead.com\/en\/wp-json\/wp\/v2\/product_brand?post=9163"},{"taxonomy":"product_cat","embeddable":true,"href":"https:\/\/auctionahead.com\/en\/wp-json\/wp\/v2\/product_cat?post=9163"},{"taxonomy":"product_tag","embeddable":true,"href":"https:\/\/auctionahead.com\/en\/wp-json\/wp\/v2\/product_tag?post=9163"}],"curies":[{"name":"wp","href":"https:\/\/api.w.org\/{rel}","templated":true}]}}