{"id":9142,"date":"2020-03-23T20:32:31","date_gmt":"2020-03-23T20:32:31","guid":{"rendered":"https:\/\/auctionahead.com\/?post_type=product&#038;p=9142"},"modified":"2022-04-24T19:48:15","modified_gmt":"2022-04-24T19:48:15","slug":"comfortable-disposable-multipurpose-nitrile-exam-gloves-medical","status":"publish","type":"product","link":"https:\/\/auctionahead.com\/en\/product\/comfortable-disposable-multipurpose-nitrile-exam-gloves-medical\/","title":{"rendered":"Comfortable Disposable Multipurpose Nitrile Exam Gloves-Medical"},"content":{"rendered":"<div class=\"electro-description clearfix\">\n<p>&#8211; Guantes de nitrilo desechables limpios e higi\u00e9nicos, protegen las manos de las \u00f3rdenes y la suciedad.<br \/>\n&#8211; Un tama\u00f1o se ajusta a la mayor\u00eda. La mano izquierda y la derecha pueden usarlas. Grandes opciones para ti o tu familia.<\/p>\n<\/div>","protected":false},"excerpt":{"rendered":"<p>La textura del diamante, ayuda a mantener la circulaci\u00f3n del aire.<\/p>\n<p>Sin l\u00e1tex y sin polvo pero con cloro.<\/p>\n<p>Resistente a los pinchazos, a los desgarros y a las roturas.<\/p>\n<p>Excelente sensibilidad t\u00e1ctil.<\/p>\n<p>Flexible, c\u00f3modo de llevar.<\/p>","protected":false},"featured_media":9143,"template":"","meta":[],"product_brand":[],"product_cat":[73],"product_tag":[],"class_list":{"0":"post-9142","1":"product","2":"type-product","3":"status-publish","4":"has-post-thumbnail","6":"product_cat-hygiene-care","8":"first","9":"instock","10":"sale","11":"taxable","12":"shipping-taxable","13":"purchasable","14":"product-type-simple"},"yoast_head":"<!-- This site is optimized with the Yoast SEO plugin v27.4 - https:\/\/yoast.com\/product\/yoast-seo-wordpress\/ -->\n<title>C\u00f3modos guantes de examen de nitrilo desechables y multiusos - m\u00e9dicos - Auction Ahead<\/title>\n<meta name=\"robots\" content=\"index, follow, max-snippet:-1, max-image-preview:large, max-video-preview:-1\" \/>\n<link rel=\"canonical\" href=\"https:\/\/auctionahead.com\/en\/product\/comfortable-disposable-multipurpose-nitrile-exam-gloves-medical\/\" \/>\n<meta property=\"og:locale\" content=\"en_US\" \/>\n<meta property=\"og:type\" content=\"article\" \/>\n<meta property=\"og:title\" content=\"C\u00f3modos guantes de examen de nitrilo desechables y multiusos - m\u00e9dicos - Auction Ahead\" \/>\n<meta property=\"og:description\" content=\"La textura del diamante, ayuda a mantener la circulaci\u00f3n del aire.  Sin l\u00e1tex y sin polvo pero con cloro.  Resistente a los pinchazos, a los desgarros y a las roturas.  Excelente sensibilidad t\u00e1ctil.  Flexible, c\u00f3modo de llevar.\" \/>\n<meta property=\"og:url\" content=\"https:\/\/auctionahead.com\/en\/product\/comfortable-disposable-multipurpose-nitrile-exam-gloves-medical\/\" \/>\n<meta property=\"og:site_name\" content=\"Auction Ahead\" \/>\n<meta property=\"article:modified_time\" content=\"2022-04-24T19:48:15+00:00\" \/>\n<meta property=\"og:image\" content=\"https:\/\/auctionahead.com\/wp-content\/uploads\/2022\/04\/gloves1.jpg\" \/>\n\t<meta property=\"og:image:width\" content=\"800\" \/>\n\t<meta property=\"og:image:height\" content=\"800\" \/>\n\t<meta property=\"og:image:type\" content=\"image\/jpeg\" \/>\n<meta name=\"twitter:card\" content=\"summary_large_image\" \/>\n<script type=\"application\/ld+json\" class=\"yoast-schema-graph\">{\"@context\":\"https:\\\/\\\/schema.org\",\"@graph\":[{\"@type\":\"WebPage\",\"@id\":\"https:\\\/\\\/auctionahead.com\\\/product\\\/comfortable-disposable-multipurpose-nitrile-exam-gloves-medical\\\/\",\"url\":\"https:\\\/\\\/auctionahead.com\\\/product\\\/comfortable-disposable-multipurpose-nitrile-exam-gloves-medical\\\/\",\"name\":\"C\u00f3modos guantes de examen de nitrilo desechables y multiusos - m\u00e9dicos - Auction Ahead\",\"isPartOf\":{\"@id\":\"https:\\\/\\\/auctionahead.com\\\/#website\"},\"primaryImageOfPage\":{\"@id\":\"https:\\\/\\\/auctionahead.com\\\/product\\\/comfortable-disposable-multipurpose-nitrile-exam-gloves-medical\\\/#primaryimage\"},\"image\":{\"@id\":\"https:\\\/\\\/auctionahead.com\\\/product\\\/comfortable-disposable-multipurpose-nitrile-exam-gloves-medical\\\/#primaryimage\"},\"thumbnailUrl\":\"https:\\\/\\\/auctionahead.com\\\/wp-content\\\/uploads\\\/2022\\\/04\\\/gloves1.jpg\",\"datePublished\":\"2020-03-23T20:32:31+00:00\",\"dateModified\":\"2022-04-24T19:48:15+00:00\",\"breadcrumb\":{\"@id\":\"https:\\\/\\\/auctionahead.com\\\/product\\\/comfortable-disposable-multipurpose-nitrile-exam-gloves-medical\\\/#breadcrumb\"},\"inLanguage\":\"en-US\",\"potentialAction\":[{\"@type\":\"ReadAction\",\"target\":[\"https:\\\/\\\/auctionahead.com\\\/product\\\/comfortable-disposable-multipurpose-nitrile-exam-gloves-medical\\\/\"]}]},{\"@type\":\"ImageObject\",\"inLanguage\":\"en-US\",\"@id\":\"https:\\\/\\\/auctionahead.com\\\/product\\\/comfortable-disposable-multipurpose-nitrile-exam-gloves-medical\\\/#primaryimage\",\"url\":\"https:\\\/\\\/auctionahead.com\\\/wp-content\\\/uploads\\\/2022\\\/04\\\/gloves1.jpg\",\"contentUrl\":\"https:\\\/\\\/auctionahead.com\\\/wp-content\\\/uploads\\\/2022\\\/04\\\/gloves1.jpg\",\"width\":800,\"height\":800},{\"@type\":\"BreadcrumbList\",\"@id\":\"https:\\\/\\\/auctionahead.com\\\/product\\\/comfortable-disposable-multipurpose-nitrile-exam-gloves-medical\\\/#breadcrumb\",\"itemListElement\":[{\"@type\":\"ListItem\",\"position\":1,\"name\":\"Inicio\",\"item\":\"https:\\\/\\\/auctionahead.com\\\/\"},{\"@type\":\"ListItem\",\"position\":2,\"name\":\"Shop\",\"item\":\"https:\\\/\\\/auctionahead.com\\\/shop\\\/\"},{\"@type\":\"ListItem\",\"position\":3,\"name\":\"C\u00f3modos guantes de examen de nitrilo desechables y multiusos &#8211; m\u00e9dicos\"}]},{\"@type\":\"WebSite\",\"@id\":\"https:\\\/\\\/auctionahead.com\\\/#website\",\"url\":\"https:\\\/\\\/auctionahead.com\\\/\",\"name\":\"Auction Ahead\",\"description\":\"Subastas en vivo y tecnolog\u00eda de vanguardia\",\"potentialAction\":[{\"@type\":\"SearchAction\",\"target\":{\"@type\":\"EntryPoint\",\"urlTemplate\":\"https:\\\/\\\/auctionahead.com\\\/?s={search_term_string}\"},\"query-input\":{\"@type\":\"PropertyValueSpecification\",\"valueRequired\":true,\"valueName\":\"search_term_string\"}}],\"inLanguage\":\"en-US\"}]}<\/script>\n<!-- \/ Yoast SEO plugin. -->","yoast_head_json":{"title":"C\u00f3modos guantes de examen de nitrilo desechables y multiusos - m\u00e9dicos - Auction Ahead","robots":{"index":"index","follow":"follow","max-snippet":"max-snippet:-1","max-image-preview":"max-image-preview:large","max-video-preview":"max-video-preview:-1"},"canonical":"https:\/\/auctionahead.com\/en\/product\/comfortable-disposable-multipurpose-nitrile-exam-gloves-medical\/","og_locale":"en_US","og_type":"article","og_title":"C\u00f3modos guantes de examen de nitrilo desechables y multiusos - m\u00e9dicos - Auction Ahead","og_description":"La textura del diamante, ayuda a mantener la circulaci\u00f3n del aire.  Sin l\u00e1tex y sin polvo pero con cloro.  Resistente a los pinchazos, a los desgarros y a las roturas.  Excelente sensibilidad t\u00e1ctil.  Flexible, c\u00f3modo de llevar.","og_url":"https:\/\/auctionahead.com\/en\/product\/comfortable-disposable-multipurpose-nitrile-exam-gloves-medical\/","og_site_name":"Auction Ahead","article_modified_time":"2022-04-24T19:48:15+00:00","og_image":[{"width":800,"height":800,"url":"https:\/\/auctionahead.com\/wp-content\/uploads\/2022\/04\/gloves1.jpg","type":"image\/jpeg"}],"twitter_card":"summary_large_image","schema":{"@context":"https:\/\/schema.org","@graph":[{"@type":"WebPage","@id":"https:\/\/auctionahead.com\/product\/comfortable-disposable-multipurpose-nitrile-exam-gloves-medical\/","url":"https:\/\/auctionahead.com\/product\/comfortable-disposable-multipurpose-nitrile-exam-gloves-medical\/","name":"C\u00f3modos guantes de examen de nitrilo desechables y multiusos - m\u00e9dicos - Auction Ahead","isPartOf":{"@id":"https:\/\/auctionahead.com\/#website"},"primaryImageOfPage":{"@id":"https:\/\/auctionahead.com\/product\/comfortable-disposable-multipurpose-nitrile-exam-gloves-medical\/#primaryimage"},"image":{"@id":"https:\/\/auctionahead.com\/product\/comfortable-disposable-multipurpose-nitrile-exam-gloves-medical\/#primaryimage"},"thumbnailUrl":"https:\/\/auctionahead.com\/wp-content\/uploads\/2022\/04\/gloves1.jpg","datePublished":"2020-03-23T20:32:31+00:00","dateModified":"2022-04-24T19:48:15+00:00","breadcrumb":{"@id":"https:\/\/auctionahead.com\/product\/comfortable-disposable-multipurpose-nitrile-exam-gloves-medical\/#breadcrumb"},"inLanguage":"en-US","potentialAction":[{"@type":"ReadAction","target":["https:\/\/auctionahead.com\/product\/comfortable-disposable-multipurpose-nitrile-exam-gloves-medical\/"]}]},{"@type":"ImageObject","inLanguage":"en-US","@id":"https:\/\/auctionahead.com\/product\/comfortable-disposable-multipurpose-nitrile-exam-gloves-medical\/#primaryimage","url":"https:\/\/auctionahead.com\/wp-content\/uploads\/2022\/04\/gloves1.jpg","contentUrl":"https:\/\/auctionahead.com\/wp-content\/uploads\/2022\/04\/gloves1.jpg","width":800,"height":800},{"@type":"BreadcrumbList","@id":"https:\/\/auctionahead.com\/product\/comfortable-disposable-multipurpose-nitrile-exam-gloves-medical\/#breadcrumb","itemListElement":[{"@type":"ListItem","position":1,"name":"Inicio","item":"https:\/\/auctionahead.com\/"},{"@type":"ListItem","position":2,"name":"Shop","item":"https:\/\/auctionahead.com\/shop\/"},{"@type":"ListItem","position":3,"name":"C\u00f3modos guantes de examen de nitrilo desechables y multiusos &#8211; m\u00e9dicos"}]},{"@type":"WebSite","@id":"https:\/\/auctionahead.com\/#website","url":"https:\/\/auctionahead.com\/","name":"Auction Ahead","description":"Subastas en vivo y tecnolog\u00eda de vanguardia","potentialAction":[{"@type":"SearchAction","target":{"@type":"EntryPoint","urlTemplate":"https:\/\/auctionahead.com\/?s={search_term_string}"},"query-input":{"@type":"PropertyValueSpecification","valueRequired":true,"valueName":"search_term_string"}}],"inLanguage":"en-US"}]}},"_links":{"self":[{"href":"https:\/\/auctionahead.com\/en\/wp-json\/wp\/v2\/product\/9142","targetHints":{"allow":["GET"]}}],"collection":[{"href":"https:\/\/auctionahead.com\/en\/wp-json\/wp\/v2\/product"}],"about":[{"href":"https:\/\/auctionahead.com\/en\/wp-json\/wp\/v2\/types\/product"}],"wp:featuredmedia":[{"embeddable":true,"href":"https:\/\/auctionahead.com\/en\/wp-json\/wp\/v2\/media\/9143"}],"wp:attachment":[{"href":"https:\/\/auctionahead.com\/en\/wp-json\/wp\/v2\/media?parent=9142"}],"wp:term":[{"taxonomy":"product_brand","embeddable":true,"href":"https:\/\/auctionahead.com\/en\/wp-json\/wp\/v2\/product_brand?post=9142"},{"taxonomy":"product_cat","embeddable":true,"href":"https:\/\/auctionahead.com\/en\/wp-json\/wp\/v2\/product_cat?post=9142"},{"taxonomy":"product_tag","embeddable":true,"href":"https:\/\/auctionahead.com\/en\/wp-json\/wp\/v2\/product_tag?post=9142"}],"curies":[{"name":"wp","href":"https:\/\/api.w.org\/{rel}","templated":true}]}}