{"id":9121,"date":"2020-03-23T16:43:44","date_gmt":"2020-03-23T16:43:44","guid":{"rendered":"https:\/\/auctionahead.com\/?post_type=product&#038;p=9121"},"modified":"2022-04-25T09:10:06","modified_gmt":"2022-04-25T09:10:06","slug":"emergency-travel-hygiene-kit-blue-plastic-case","status":"publish","type":"product","link":"https:\/\/auctionahead.com\/en\/product\/emergency-travel-hygiene-kit-blue-plastic-case\/","title":{"rendered":"Emergency Travel Hygiene Kit Blue Plastic Case"},"content":{"rendered":"<p>&#8211; Art\u00edculos de higiene personal embalados en estuche de viaje de pl\u00e1stico<br \/>\n&#8211; Gran Kit de Higiene Personal de Emergencia<br \/>\n&#8211; Incluye Vendajes y Crema de Primeros Auxilios<br \/>\n&#8211; Econ\u00f3micamente suficiente para usar en obsequios<\/p>","protected":false},"excerpt":{"rendered":"<p>El kit de higiene de tama\u00f1o de viaje tiene art\u00edculos de higiene personal empacados en una caja de pl\u00e1stico que se puede reutilizar o rellenar. Contiene material b\u00e1sico de higiene as\u00ed como material b\u00e1sico de primeros auxilios. Todos los suministros est\u00e1n empacados en paquetes de uso \u00fanico o individual. Ideal para usar en la carretera, pernoctaciones de emergencia porque es lo suficientemente peque\u00f1o como para guardarlo en bolsos, maletines o carteras.<\/p>","protected":false},"featured_media":9122,"template":"","meta":[],"product_brand":[],"product_cat":[73],"product_tag":[],"class_list":{"0":"post-9121","1":"product","2":"type-product","3":"status-publish","4":"has-post-thumbnail","6":"product_cat-hygiene-care","8":"first","9":"instock","10":"sale","11":"taxable","12":"shipping-taxable","13":"purchasable","14":"product-type-simple"},"yoast_head":"<!-- This site is optimized with the Yoast SEO plugin v27.4 - https:\/\/yoast.com\/product\/yoast-seo-wordpress\/ -->\n<title>Kit de higiene de viaje de emergencia Estuche de pl\u00e1stico azul - Auction Ahead<\/title>\n<meta name=\"robots\" content=\"index, follow, max-snippet:-1, max-image-preview:large, max-video-preview:-1\" \/>\n<link rel=\"canonical\" href=\"https:\/\/auctionahead.com\/en\/product\/emergency-travel-hygiene-kit-blue-plastic-case\/\" \/>\n<meta property=\"og:locale\" content=\"en_US\" \/>\n<meta property=\"og:type\" content=\"article\" \/>\n<meta property=\"og:title\" content=\"Kit de higiene de viaje de emergencia Estuche de pl\u00e1stico azul - Auction Ahead\" \/>\n<meta property=\"og:description\" content=\"El kit de higiene de tama\u00f1o de viaje tiene art\u00edculos de higiene personal empacados en una caja de pl\u00e1stico que se puede reutilizar o rellenar. Contiene material b\u00e1sico de higiene as\u00ed como material b\u00e1sico de primeros auxilios. Todos los suministros est\u00e1n empacados en paquetes de uso \u00fanico o individual. Ideal para usar en la carretera, pernoctaciones de emergencia porque es lo suficientemente peque\u00f1o como para guardarlo en bolsos, maletines o carteras.\" \/>\n<meta property=\"og:url\" content=\"https:\/\/auctionahead.com\/en\/product\/emergency-travel-hygiene-kit-blue-plastic-case\/\" \/>\n<meta property=\"og:site_name\" content=\"Auction Ahead\" \/>\n<meta property=\"article:modified_time\" content=\"2022-04-25T09:10:06+00:00\" \/>\n<meta property=\"og:image\" content=\"https:\/\/auctionahead.com\/wp-content\/uploads\/2022\/04\/EmergencyTravelHygiene.jpg\" \/>\n\t<meta property=\"og:image:width\" content=\"800\" \/>\n\t<meta property=\"og:image:height\" content=\"800\" \/>\n\t<meta property=\"og:image:type\" content=\"image\/jpeg\" \/>\n<meta name=\"twitter:card\" content=\"summary_large_image\" \/>\n<script type=\"application\/ld+json\" class=\"yoast-schema-graph\">{\"@context\":\"https:\\\/\\\/schema.org\",\"@graph\":[{\"@type\":\"WebPage\",\"@id\":\"https:\\\/\\\/auctionahead.com\\\/product\\\/emergency-travel-hygiene-kit-blue-plastic-case\\\/\",\"url\":\"https:\\\/\\\/auctionahead.com\\\/product\\\/emergency-travel-hygiene-kit-blue-plastic-case\\\/\",\"name\":\"Kit de higiene de viaje de emergencia Estuche de pl\u00e1stico azul - Auction Ahead\",\"isPartOf\":{\"@id\":\"https:\\\/\\\/auctionahead.com\\\/#website\"},\"primaryImageOfPage\":{\"@id\":\"https:\\\/\\\/auctionahead.com\\\/product\\\/emergency-travel-hygiene-kit-blue-plastic-case\\\/#primaryimage\"},\"image\":{\"@id\":\"https:\\\/\\\/auctionahead.com\\\/product\\\/emergency-travel-hygiene-kit-blue-plastic-case\\\/#primaryimage\"},\"thumbnailUrl\":\"https:\\\/\\\/auctionahead.com\\\/wp-content\\\/uploads\\\/2022\\\/04\\\/EmergencyTravelHygiene.jpg\",\"datePublished\":\"2020-03-23T16:43:44+00:00\",\"dateModified\":\"2022-04-25T09:10:06+00:00\",\"breadcrumb\":{\"@id\":\"https:\\\/\\\/auctionahead.com\\\/product\\\/emergency-travel-hygiene-kit-blue-plastic-case\\\/#breadcrumb\"},\"inLanguage\":\"en-US\",\"potentialAction\":[{\"@type\":\"ReadAction\",\"target\":[\"https:\\\/\\\/auctionahead.com\\\/product\\\/emergency-travel-hygiene-kit-blue-plastic-case\\\/\"]}]},{\"@type\":\"ImageObject\",\"inLanguage\":\"en-US\",\"@id\":\"https:\\\/\\\/auctionahead.com\\\/product\\\/emergency-travel-hygiene-kit-blue-plastic-case\\\/#primaryimage\",\"url\":\"https:\\\/\\\/auctionahead.com\\\/wp-content\\\/uploads\\\/2022\\\/04\\\/EmergencyTravelHygiene.jpg\",\"contentUrl\":\"https:\\\/\\\/auctionahead.com\\\/wp-content\\\/uploads\\\/2022\\\/04\\\/EmergencyTravelHygiene.jpg\",\"width\":800,\"height\":800},{\"@type\":\"BreadcrumbList\",\"@id\":\"https:\\\/\\\/auctionahead.com\\\/product\\\/emergency-travel-hygiene-kit-blue-plastic-case\\\/#breadcrumb\",\"itemListElement\":[{\"@type\":\"ListItem\",\"position\":1,\"name\":\"Inicio\",\"item\":\"https:\\\/\\\/auctionahead.com\\\/\"},{\"@type\":\"ListItem\",\"position\":2,\"name\":\"Shop\",\"item\":\"https:\\\/\\\/auctionahead.com\\\/shop\\\/\"},{\"@type\":\"ListItem\",\"position\":3,\"name\":\"Kit de higiene de viaje de emergencia Estuche de pl\u00e1stico azul\"}]},{\"@type\":\"WebSite\",\"@id\":\"https:\\\/\\\/auctionahead.com\\\/#website\",\"url\":\"https:\\\/\\\/auctionahead.com\\\/\",\"name\":\"Auction Ahead\",\"description\":\"Subastas en vivo y tecnolog\u00eda de vanguardia\",\"potentialAction\":[{\"@type\":\"SearchAction\",\"target\":{\"@type\":\"EntryPoint\",\"urlTemplate\":\"https:\\\/\\\/auctionahead.com\\\/?s={search_term_string}\"},\"query-input\":{\"@type\":\"PropertyValueSpecification\",\"valueRequired\":true,\"valueName\":\"search_term_string\"}}],\"inLanguage\":\"en-US\"}]}<\/script>\n<!-- \/ Yoast SEO plugin. -->","yoast_head_json":{"title":"Kit de higiene de viaje de emergencia Estuche de pl\u00e1stico azul - Auction Ahead","robots":{"index":"index","follow":"follow","max-snippet":"max-snippet:-1","max-image-preview":"max-image-preview:large","max-video-preview":"max-video-preview:-1"},"canonical":"https:\/\/auctionahead.com\/en\/product\/emergency-travel-hygiene-kit-blue-plastic-case\/","og_locale":"en_US","og_type":"article","og_title":"Kit de higiene de viaje de emergencia Estuche de pl\u00e1stico azul - Auction Ahead","og_description":"El kit de higiene de tama\u00f1o de viaje tiene art\u00edculos de higiene personal empacados en una caja de pl\u00e1stico que se puede reutilizar o rellenar. Contiene material b\u00e1sico de higiene as\u00ed como material b\u00e1sico de primeros auxilios. Todos los suministros est\u00e1n empacados en paquetes de uso \u00fanico o individual. Ideal para usar en la carretera, pernoctaciones de emergencia porque es lo suficientemente peque\u00f1o como para guardarlo en bolsos, maletines o carteras.","og_url":"https:\/\/auctionahead.com\/en\/product\/emergency-travel-hygiene-kit-blue-plastic-case\/","og_site_name":"Auction Ahead","article_modified_time":"2022-04-25T09:10:06+00:00","og_image":[{"width":800,"height":800,"url":"https:\/\/auctionahead.com\/wp-content\/uploads\/2022\/04\/EmergencyTravelHygiene.jpg","type":"image\/jpeg"}],"twitter_card":"summary_large_image","schema":{"@context":"https:\/\/schema.org","@graph":[{"@type":"WebPage","@id":"https:\/\/auctionahead.com\/product\/emergency-travel-hygiene-kit-blue-plastic-case\/","url":"https:\/\/auctionahead.com\/product\/emergency-travel-hygiene-kit-blue-plastic-case\/","name":"Kit de higiene de viaje de emergencia Estuche de pl\u00e1stico azul - Auction Ahead","isPartOf":{"@id":"https:\/\/auctionahead.com\/#website"},"primaryImageOfPage":{"@id":"https:\/\/auctionahead.com\/product\/emergency-travel-hygiene-kit-blue-plastic-case\/#primaryimage"},"image":{"@id":"https:\/\/auctionahead.com\/product\/emergency-travel-hygiene-kit-blue-plastic-case\/#primaryimage"},"thumbnailUrl":"https:\/\/auctionahead.com\/wp-content\/uploads\/2022\/04\/EmergencyTravelHygiene.jpg","datePublished":"2020-03-23T16:43:44+00:00","dateModified":"2022-04-25T09:10:06+00:00","breadcrumb":{"@id":"https:\/\/auctionahead.com\/product\/emergency-travel-hygiene-kit-blue-plastic-case\/#breadcrumb"},"inLanguage":"en-US","potentialAction":[{"@type":"ReadAction","target":["https:\/\/auctionahead.com\/product\/emergency-travel-hygiene-kit-blue-plastic-case\/"]}]},{"@type":"ImageObject","inLanguage":"en-US","@id":"https:\/\/auctionahead.com\/product\/emergency-travel-hygiene-kit-blue-plastic-case\/#primaryimage","url":"https:\/\/auctionahead.com\/wp-content\/uploads\/2022\/04\/EmergencyTravelHygiene.jpg","contentUrl":"https:\/\/auctionahead.com\/wp-content\/uploads\/2022\/04\/EmergencyTravelHygiene.jpg","width":800,"height":800},{"@type":"BreadcrumbList","@id":"https:\/\/auctionahead.com\/product\/emergency-travel-hygiene-kit-blue-plastic-case\/#breadcrumb","itemListElement":[{"@type":"ListItem","position":1,"name":"Inicio","item":"https:\/\/auctionahead.com\/"},{"@type":"ListItem","position":2,"name":"Shop","item":"https:\/\/auctionahead.com\/shop\/"},{"@type":"ListItem","position":3,"name":"Kit de higiene de viaje de emergencia Estuche de pl\u00e1stico azul"}]},{"@type":"WebSite","@id":"https:\/\/auctionahead.com\/#website","url":"https:\/\/auctionahead.com\/","name":"Auction Ahead","description":"Subastas en vivo y tecnolog\u00eda de vanguardia","potentialAction":[{"@type":"SearchAction","target":{"@type":"EntryPoint","urlTemplate":"https:\/\/auctionahead.com\/?s={search_term_string}"},"query-input":{"@type":"PropertyValueSpecification","valueRequired":true,"valueName":"search_term_string"}}],"inLanguage":"en-US"}]}},"_links":{"self":[{"href":"https:\/\/auctionahead.com\/en\/wp-json\/wp\/v2\/product\/9121","targetHints":{"allow":["GET"]}}],"collection":[{"href":"https:\/\/auctionahead.com\/en\/wp-json\/wp\/v2\/product"}],"about":[{"href":"https:\/\/auctionahead.com\/en\/wp-json\/wp\/v2\/types\/product"}],"wp:featuredmedia":[{"embeddable":true,"href":"https:\/\/auctionahead.com\/en\/wp-json\/wp\/v2\/media\/9122"}],"wp:attachment":[{"href":"https:\/\/auctionahead.com\/en\/wp-json\/wp\/v2\/media?parent=9121"}],"wp:term":[{"taxonomy":"product_brand","embeddable":true,"href":"https:\/\/auctionahead.com\/en\/wp-json\/wp\/v2\/product_brand?post=9121"},{"taxonomy":"product_cat","embeddable":true,"href":"https:\/\/auctionahead.com\/en\/wp-json\/wp\/v2\/product_cat?post=9121"},{"taxonomy":"product_tag","embeddable":true,"href":"https:\/\/auctionahead.com\/en\/wp-json\/wp\/v2\/product_tag?post=9121"}],"curies":[{"name":"wp","href":"https:\/\/api.w.org\/{rel}","templated":true}]}}