{"id":5487,"date":"2019-08-26T17:00:09","date_gmt":"2019-08-26T17:00:09","guid":{"rendered":"https:\/\/auctionahead.com\/?post_type=product&#038;p=5487"},"modified":"2022-04-24T19:57:57","modified_gmt":"2022-04-24T19:57:57","slug":"apple-iphone-x-24k-gold-edition-64gb","status":"publish","type":"product","link":"https:\/\/auctionahead.com\/en\/product\/apple-iphone-x-24k-gold-edition-64gb\/","title":{"rendered":"Apple iPhone X 24k Gold Edition 64gb"},"content":{"rendered":"<table border=\"0\" width=\"100%\" cellspacing=\"0\" cellpadding=\"0\">\n<tbody>\n<tr>\n<td colspan=\"2\"><span class=\"product-details-title\">Informaci\u00f3n del producto<\/span><\/td>\n<\/tr>\n<tr>\n<td colspan=\"2\"><span class=\"expSvcText\">Desbloqueado para cualquier red, este Apple iPhone X viene en plata elegante y te proporciona un mont\u00f3n de funciones de smartphone que usar\u00e1s a diario. Este estilizado tel\u00e9fono tiene una pantalla t\u00e1ctil 5.8\u2033, enriquecida con la tecnolog\u00eda de pantalla Super Retina HD para obtener fotos y ventanas n\u00edtidas, sin mencionar el v\u00eddeo HD m\u00e1s suave. Un procesador Hexa Core garantiza un r\u00e1pido rendimiento, mientras que los 64 GB de almacenamiento est\u00e1n a mano para los contenidos y aplicaciones favoritas. Este dispositivo es compatible con Vodafone, EE, O2, Three Carriers.<\/span><\/td>\n<\/tr>\n<tr class=\"br\">\n<td><\/td>\n<\/tr>\n<tr>\n<td colspan=\"2\"><span class=\"product-details-title\">Identificadores de productos<\/span><\/td>\n<\/tr>\n<tr>\n<td valign=\"top\" width=\"35%\">Marca<\/td>\n<td valign=\"top\" width=\"65%\">Apple<\/td>\n<\/tr>\n<tr>\n<td valign=\"top\" width=\"35%\">MPN<\/td>\n<td valign=\"top\" width=\"65%\">MQAD2B\/A<\/td>\n<\/tr>\n<tr>\n<td valign=\"top\" width=\"35%\">EAN<\/td>\n<td valign=\"top\" width=\"65%\">0190198457325<\/td>\n<\/tr>\n<tr>\n<td valign=\"top\" width=\"35%\">Modelo<\/td>\n<td valign=\"top\" width=\"65%\">Apple iPhone X<\/td>\n<\/tr>\n<tr>\n<td valign=\"top\" width=\"35%\">ID de producto de eBay (ePID)<\/td>\n<td valign=\"top\" width=\"65%\">239165268<\/td>\n<\/tr>\n<tr class=\"br\">\n<td><\/td>\n<\/tr>\n<tr>\n<td colspan=\"2\"><span class=\"product-details-title\">ID de producto de eBay (ePID)<\/span><\/td>\n<\/tr>\n<tr>\n<td valign=\"top\" width=\"35%\">Estilo<\/td>\n<td valign=\"top\" width=\"65%\">Barra<\/td>\n<\/tr>\n<tr>\n<td valign=\"top\" width=\"35%\">Capacidad de almacenamiento<\/td>\n<td valign=\"top\" width=\"65%\">64 GB<\/td>\n<\/tr>\n<tr>\n<td valign=\"top\" width=\"35%\">Caracter\u00edsticas<\/td>\n<td valign=\"top\" width=\"65%\">Br\u00fajula digital, pantalla OLED, aceler\u00f3metro, c\u00e1mara, altavoz, c\u00e1mara trasera, sensor de luz ambiental, EDGE, GPRS, sensor de proximidad, bar\u00f3metro, pantalla HDR, infrarrojos, c\u00e1mara frontal, teleobjetivo, sensor girosc\u00f3pico&#8230;<\/td>\n<\/tr>\n<tr>\n<td valign=\"top\" width=\"35%\">Paquete personalizado<\/td>\n<td valign=\"top\" width=\"65%\">No<\/td>\n<\/tr>\n<tr>\n<td valign=\"top\" width=\"35%\">Red de trabajo<\/td>\n<td valign=\"top\" width=\"65%\">Desbloqueado<\/td>\n<\/tr>\n<tr>\n<td valign=\"top\" width=\"35%\">Screen Size<\/td>\n<td valign=\"top\" width=\"65%\">5.8 in<\/td>\n<\/tr>\n<tr>\n<td valign=\"top\" width=\"35%\">Conectividad<\/td>\n<td valign=\"top\" width=\"65%\">Rayo, Bluetooth, NFC, Wi-Fi<\/td>\n<\/tr>\n<tr>\n<td valign=\"top\" width=\"35%\">Color<\/td>\n<td valign=\"top\" width=\"65%\">Plata<\/td>\n<\/tr>\n<tr>\n<td valign=\"top\" width=\"35%\">Procesador<\/td>\n<td valign=\"top\" width=\"65%\">Hexa Core<\/td>\n<\/tr>\n<tr>\n<td valign=\"top\" width=\"35%\">Sistema operativo<\/td>\n<td valign=\"top\" width=\"65%\">iOS<\/td>\n<\/tr>\n<tr>\n<td valign=\"top\" width=\"35%\">Estado de bloqueo<\/td>\n<td valign=\"top\" width=\"65%\">F\u00e1brica desbloqueada<\/td>\n<\/tr>\n<tr>\n<td valign=\"top\" width=\"35%\">Banda celular<\/td>\n<td valign=\"top\" width=\"65%\">Lte<\/td>\n<\/tr>\n<tr>\n<td valign=\"top\" width=\"35%\">Fabricante Color<\/td>\n<td valign=\"top\" width=\"65%\">Plata<\/td>\n<\/tr>\n<tr>\n<td valign=\"top\" width=\"35%\">Resoluci\u00f3n de la c\u00e1mara<\/td>\n<td valign=\"top\" width=\"65%\">12.0MP<\/td>\n<\/tr>\n<tr class=\"br\">\n<td><\/td>\n<\/tr>\n<tr>\n<td colspan=\"2\"><span class=\"product-details-title\">Dimensiones<\/span><\/td>\n<\/tr>\n<tr>\n<td valign=\"top\" width=\"35%\">Peso<\/td>\n<td valign=\"top\" width=\"65%\">174GR<\/td>\n<\/tr>\n<tr>\n<td valign=\"top\" width=\"35%\">Ancho<\/td>\n<td valign=\"top\" width=\"65%\">70.9mm<\/td>\n<\/tr>\n<tr>\n<td valign=\"top\" width=\"35%\">Altura<\/td>\n<td valign=\"top\" width=\"65%\">143.6mm<\/td>\n<\/tr>\n<tr>\n<td valign=\"top\" width=\"35%\">Profundidad<\/td>\n<td valign=\"top\" width=\"65%\">7.7mm<\/td>\n<\/tr>\n<tr class=\"br\">\n<td><\/td>\n<\/tr>\n<tr>\n<td colspan=\"2\"><span class=\"product-details-title\">Caracter\u00edsticas adicionales del producto<\/span><\/td>\n<\/tr>\n<tr>\n<td valign=\"top\" width=\"35%\">L\u00ednea familiar<\/td>\n<td valign=\"top\" width=\"65%\">Apple iPhone<\/td>\n<\/tr>\n<tr>\n<td valign=\"top\" width=\"35%\">Tipo de bater\u00eda<\/td>\n<td valign=\"top\" width=\"65%\">Lithium Ion<\/td>\n<\/tr>\n<tr>\n<td valign=\"top\" width=\"35%\">Tiempo de espera de la bater\u00eda<\/td>\n<td valign=\"top\" width=\"65%\">Up to 242 Hr<\/td>\n<\/tr>\n<tr>\n<td valign=\"top\" width=\"35%\">RAM<\/td>\n<td valign=\"top\" width=\"65%\">3GB<\/td>\n<\/tr>\n<tr>\n<td valign=\"top\" width=\"35%\">N\u00famero de modelo<\/td>\n<td valign=\"top\" width=\"65%\">A1901<\/td>\n<\/tr>\n<tr>\n<td valign=\"top\" width=\"35%\">Escriba<\/td>\n<td valign=\"top\" width=\"65%\">Tel\u00e9fono inteligente<\/td>\n<\/tr>\n<tr>\n<td valign=\"top\" width=\"35%\">Tecnolog\u00eda de redes<\/td>\n<td valign=\"top\" width=\"65%\">GSM \/ Hspa \/ LTE<\/td>\n<\/tr>\n<tr>\n<td valign=\"top\" width=\"35%\">Capacidad de la bater\u00eda<\/td>\n<td valign=\"top\" width=\"65%\">2716mAh<\/td>\n<\/tr>\n<tr>\n<td valign=\"top\" width=\"35%\">Tiempo de conversaci\u00f3n de la bater\u00eda<\/td>\n<td valign=\"top\" width=\"65%\">Hasta 21 horas<\/td>\n<\/tr>\n<tr>\n<td valign=\"top\" width=\"35%\">Tipo de tarjeta de memoria<\/td>\n<td valign=\"top\" width=\"65%\">Memoria incorporada<\/td>\n<\/tr>\n<tr>\n<td valign=\"top\" width=\"35%\">La tecnolog\u00eda de la pantalla<\/td>\n<td valign=\"top\" width=\"65%\">Pantalla HD Super Retina<\/td>\n<\/tr>\n<\/tbody>\n<\/table>","protected":false},"excerpt":{"rendered":"<p>Desbloqueado para cualquier red, este Apple iPhone X viene en plata elegante y te proporciona un mont\u00f3n de funciones de smartphone que usar\u00e1s a diario. Este estilizado tel\u00e9fono tiene una pantalla t\u00e1ctil 5.8\u2033, enriquecida con la tecnolog\u00eda de pantalla Super Retina HD para obtener fotos y ventanas n\u00edtidas, sin mencionar el v\u00eddeo HD m\u00e1s suave. Un procesador Hexa Core garantiza un r\u00e1pido rendimiento, mientras que los 64 GB de almacenamiento est\u00e1n a mano para los contenidos y aplicaciones favoritas. Este dispositivo es compatible con Vodafone, EE, O2, Three Carriers.<\/p>","protected":false},"featured_media":5488,"template":"","meta":[],"product_brand":[],"product_cat":[70],"product_tag":[],"class_list":{"0":"post-5487","1":"product","2":"type-product","3":"status-publish","4":"has-post-thumbnail","6":"product_cat-waterproof-headphones","8":"first","9":"instock","10":"sold-individually","11":"taxable","12":"shipping-taxable","13":"purchasable","14":"product-type-simple"},"yoast_head":"<!-- This site is optimized with the Yoast SEO plugin v27.4 - https:\/\/yoast.com\/product\/yoast-seo-wordpress\/ -->\n<title>Apple iPhone X 24k Gold Edition 64gb - Auction Ahead<\/title>\n<meta name=\"robots\" content=\"index, follow, max-snippet:-1, max-image-preview:large, max-video-preview:-1\" \/>\n<link rel=\"canonical\" href=\"https:\/\/auctionahead.com\/en\/product\/apple-iphone-x-24k-gold-edition-64gb\/\" \/>\n<meta property=\"og:locale\" content=\"en_US\" \/>\n<meta property=\"og:type\" content=\"article\" \/>\n<meta property=\"og:title\" content=\"Apple iPhone X 24k Gold Edition 64gb - Auction Ahead\" \/>\n<meta property=\"og:description\" content=\"Desbloqueado para cualquier red, este Apple iPhone X viene en plata elegante y te proporciona un mont\u00f3n de funciones de smartphone que usar\u00e1s a diario. Este estilizado tel\u00e9fono tiene una pantalla t\u00e1ctil 5.8\u2033, enriquecida con la tecnolog\u00eda de pantalla Super Retina HD para obtener fotos y ventanas n\u00edtidas, sin mencionar el v\u00eddeo HD m\u00e1s suave. Un procesador Hexa Core garantiza un r\u00e1pido rendimiento, mientras que los 64 GB de almacenamiento est\u00e1n a mano para los contenidos y aplicaciones favoritas. Este dispositivo es compatible con Vodafone, EE, O2, Three Carriers.\" \/>\n<meta property=\"og:url\" content=\"https:\/\/auctionahead.com\/en\/product\/apple-iphone-x-24k-gold-edition-64gb\/\" \/>\n<meta property=\"og:site_name\" content=\"Auction Ahead\" \/>\n<meta property=\"article:modified_time\" content=\"2022-04-24T19:57:57+00:00\" \/>\n<meta property=\"og:image\" content=\"https:\/\/auctionahead.com\/wp-content\/uploads\/2022\/04\/iphone.jpg\" \/>\n\t<meta property=\"og:image:width\" content=\"1200\" \/>\n\t<meta property=\"og:image:height\" content=\"1600\" \/>\n\t<meta property=\"og:image:type\" content=\"image\/jpeg\" \/>\n<meta name=\"twitter:card\" content=\"summary_large_image\" \/>\n<meta name=\"twitter:label1\" content=\"Est. reading time\" \/>\n\t<meta name=\"twitter:data1\" content=\"1 minute\" \/>\n<script type=\"application\/ld+json\" class=\"yoast-schema-graph\">{\"@context\":\"https:\\\/\\\/schema.org\",\"@graph\":[{\"@type\":\"WebPage\",\"@id\":\"https:\\\/\\\/auctionahead.com\\\/product\\\/apple-iphone-x-24k-gold-edition-64gb\\\/\",\"url\":\"https:\\\/\\\/auctionahead.com\\\/product\\\/apple-iphone-x-24k-gold-edition-64gb\\\/\",\"name\":\"Apple iPhone X 24k Gold Edition 64gb - Auction Ahead\",\"isPartOf\":{\"@id\":\"https:\\\/\\\/auctionahead.com\\\/#website\"},\"primaryImageOfPage\":{\"@id\":\"https:\\\/\\\/auctionahead.com\\\/product\\\/apple-iphone-x-24k-gold-edition-64gb\\\/#primaryimage\"},\"image\":{\"@id\":\"https:\\\/\\\/auctionahead.com\\\/product\\\/apple-iphone-x-24k-gold-edition-64gb\\\/#primaryimage\"},\"thumbnailUrl\":\"https:\\\/\\\/auctionahead.com\\\/wp-content\\\/uploads\\\/2022\\\/04\\\/iphone.jpg\",\"datePublished\":\"2019-08-26T17:00:09+00:00\",\"dateModified\":\"2022-04-24T19:57:57+00:00\",\"breadcrumb\":{\"@id\":\"https:\\\/\\\/auctionahead.com\\\/product\\\/apple-iphone-x-24k-gold-edition-64gb\\\/#breadcrumb\"},\"inLanguage\":\"en-US\",\"potentialAction\":[{\"@type\":\"ReadAction\",\"target\":[\"https:\\\/\\\/auctionahead.com\\\/product\\\/apple-iphone-x-24k-gold-edition-64gb\\\/\"]}]},{\"@type\":\"ImageObject\",\"inLanguage\":\"en-US\",\"@id\":\"https:\\\/\\\/auctionahead.com\\\/product\\\/apple-iphone-x-24k-gold-edition-64gb\\\/#primaryimage\",\"url\":\"https:\\\/\\\/auctionahead.com\\\/wp-content\\\/uploads\\\/2022\\\/04\\\/iphone.jpg\",\"contentUrl\":\"https:\\\/\\\/auctionahead.com\\\/wp-content\\\/uploads\\\/2022\\\/04\\\/iphone.jpg\",\"width\":1200,\"height\":1600},{\"@type\":\"BreadcrumbList\",\"@id\":\"https:\\\/\\\/auctionahead.com\\\/product\\\/apple-iphone-x-24k-gold-edition-64gb\\\/#breadcrumb\",\"itemListElement\":[{\"@type\":\"ListItem\",\"position\":1,\"name\":\"Inicio\",\"item\":\"https:\\\/\\\/auctionahead.com\\\/\"},{\"@type\":\"ListItem\",\"position\":2,\"name\":\"Shop\",\"item\":\"https:\\\/\\\/auctionahead.com\\\/shop\\\/\"},{\"@type\":\"ListItem\",\"position\":3,\"name\":\"Apple iPhone X 24k Gold Edition 64gb\"}]},{\"@type\":\"WebSite\",\"@id\":\"https:\\\/\\\/auctionahead.com\\\/#website\",\"url\":\"https:\\\/\\\/auctionahead.com\\\/\",\"name\":\"Auction Ahead\",\"description\":\"Subastas en vivo y tecnolog\u00eda de vanguardia\",\"potentialAction\":[{\"@type\":\"SearchAction\",\"target\":{\"@type\":\"EntryPoint\",\"urlTemplate\":\"https:\\\/\\\/auctionahead.com\\\/?s={search_term_string}\"},\"query-input\":{\"@type\":\"PropertyValueSpecification\",\"valueRequired\":true,\"valueName\":\"search_term_string\"}}],\"inLanguage\":\"en-US\"}]}<\/script>\n<!-- \/ Yoast SEO plugin. -->","yoast_head_json":{"title":"Apple iPhone X 24k Gold Edition 64gb - Auction Ahead","robots":{"index":"index","follow":"follow","max-snippet":"max-snippet:-1","max-image-preview":"max-image-preview:large","max-video-preview":"max-video-preview:-1"},"canonical":"https:\/\/auctionahead.com\/en\/product\/apple-iphone-x-24k-gold-edition-64gb\/","og_locale":"en_US","og_type":"article","og_title":"Apple iPhone X 24k Gold Edition 64gb - Auction Ahead","og_description":"Desbloqueado para cualquier red, este Apple iPhone X viene en plata elegante y te proporciona un mont\u00f3n de funciones de smartphone que usar\u00e1s a diario. Este estilizado tel\u00e9fono tiene una pantalla t\u00e1ctil 5.8\u2033, enriquecida con la tecnolog\u00eda de pantalla Super Retina HD para obtener fotos y ventanas n\u00edtidas, sin mencionar el v\u00eddeo HD m\u00e1s suave. Un procesador Hexa Core garantiza un r\u00e1pido rendimiento, mientras que los 64 GB de almacenamiento est\u00e1n a mano para los contenidos y aplicaciones favoritas. Este dispositivo es compatible con Vodafone, EE, O2, Three Carriers.","og_url":"https:\/\/auctionahead.com\/en\/product\/apple-iphone-x-24k-gold-edition-64gb\/","og_site_name":"Auction Ahead","article_modified_time":"2022-04-24T19:57:57+00:00","og_image":[{"width":1200,"height":1600,"url":"https:\/\/auctionahead.com\/wp-content\/uploads\/2022\/04\/iphone.jpg","type":"image\/jpeg"}],"twitter_card":"summary_large_image","twitter_misc":{"Est. reading time":"1 minute"},"schema":{"@context":"https:\/\/schema.org","@graph":[{"@type":"WebPage","@id":"https:\/\/auctionahead.com\/product\/apple-iphone-x-24k-gold-edition-64gb\/","url":"https:\/\/auctionahead.com\/product\/apple-iphone-x-24k-gold-edition-64gb\/","name":"Apple iPhone X 24k Gold Edition 64gb - Auction Ahead","isPartOf":{"@id":"https:\/\/auctionahead.com\/#website"},"primaryImageOfPage":{"@id":"https:\/\/auctionahead.com\/product\/apple-iphone-x-24k-gold-edition-64gb\/#primaryimage"},"image":{"@id":"https:\/\/auctionahead.com\/product\/apple-iphone-x-24k-gold-edition-64gb\/#primaryimage"},"thumbnailUrl":"https:\/\/auctionahead.com\/wp-content\/uploads\/2022\/04\/iphone.jpg","datePublished":"2019-08-26T17:00:09+00:00","dateModified":"2022-04-24T19:57:57+00:00","breadcrumb":{"@id":"https:\/\/auctionahead.com\/product\/apple-iphone-x-24k-gold-edition-64gb\/#breadcrumb"},"inLanguage":"en-US","potentialAction":[{"@type":"ReadAction","target":["https:\/\/auctionahead.com\/product\/apple-iphone-x-24k-gold-edition-64gb\/"]}]},{"@type":"ImageObject","inLanguage":"en-US","@id":"https:\/\/auctionahead.com\/product\/apple-iphone-x-24k-gold-edition-64gb\/#primaryimage","url":"https:\/\/auctionahead.com\/wp-content\/uploads\/2022\/04\/iphone.jpg","contentUrl":"https:\/\/auctionahead.com\/wp-content\/uploads\/2022\/04\/iphone.jpg","width":1200,"height":1600},{"@type":"BreadcrumbList","@id":"https:\/\/auctionahead.com\/product\/apple-iphone-x-24k-gold-edition-64gb\/#breadcrumb","itemListElement":[{"@type":"ListItem","position":1,"name":"Inicio","item":"https:\/\/auctionahead.com\/"},{"@type":"ListItem","position":2,"name":"Shop","item":"https:\/\/auctionahead.com\/shop\/"},{"@type":"ListItem","position":3,"name":"Apple iPhone X 24k Gold Edition 64gb"}]},{"@type":"WebSite","@id":"https:\/\/auctionahead.com\/#website","url":"https:\/\/auctionahead.com\/","name":"Auction Ahead","description":"Subastas en vivo y tecnolog\u00eda de vanguardia","potentialAction":[{"@type":"SearchAction","target":{"@type":"EntryPoint","urlTemplate":"https:\/\/auctionahead.com\/?s={search_term_string}"},"query-input":{"@type":"PropertyValueSpecification","valueRequired":true,"valueName":"search_term_string"}}],"inLanguage":"en-US"}]}},"_links":{"self":[{"href":"https:\/\/auctionahead.com\/en\/wp-json\/wp\/v2\/product\/5487","targetHints":{"allow":["GET"]}}],"collection":[{"href":"https:\/\/auctionahead.com\/en\/wp-json\/wp\/v2\/product"}],"about":[{"href":"https:\/\/auctionahead.com\/en\/wp-json\/wp\/v2\/types\/product"}],"wp:featuredmedia":[{"embeddable":true,"href":"https:\/\/auctionahead.com\/en\/wp-json\/wp\/v2\/media\/5488"}],"wp:attachment":[{"href":"https:\/\/auctionahead.com\/en\/wp-json\/wp\/v2\/media?parent=5487"}],"wp:term":[{"taxonomy":"product_brand","embeddable":true,"href":"https:\/\/auctionahead.com\/en\/wp-json\/wp\/v2\/product_brand?post=5487"},{"taxonomy":"product_cat","embeddable":true,"href":"https:\/\/auctionahead.com\/en\/wp-json\/wp\/v2\/product_cat?post=5487"},{"taxonomy":"product_tag","embeddable":true,"href":"https:\/\/auctionahead.com\/en\/wp-json\/wp\/v2\/product_tag?post=5487"}],"curies":[{"name":"wp","href":"https:\/\/api.w.org\/{rel}","templated":true}]}}