{"id":5482,"date":"2019-08-26T16:38:07","date_gmt":"2019-08-26T16:38:07","guid":{"rendered":"https:\/\/auctionahead.com\/?post_type=product&#038;p=5482"},"modified":"2022-04-24T19:59:15","modified_gmt":"2022-04-24T19:59:15","slug":"xbox-one-s-1tb-minecraft-bundle-2","status":"publish","type":"product","link":"https:\/\/auctionahead.com\/en\/product\/xbox-one-s-1tb-minecraft-bundle-2\/","title":{"rendered":"Xbox One S 1TB Minecraft Bundle"},"content":{"rendered":"<div class=\"electro-description clearfix\">\n<table border=\"0\" width=\"100%\" cellspacing=\"0\" cellpadding=\"0\">\n<tbody>\n<tr>\n<td colspan=\"2\"><span class=\"product-details-title\">Identificadores de productos<\/span><\/td>\n<\/tr>\n<tr>\n<td valign=\"top\" width=\"35%\">Marca<\/td>\n<td valign=\"top\" width=\"65%\">Microsoft<\/td>\n<\/tr>\n<tr>\n<td valign=\"top\" width=\"35%\">MPN<\/td>\n<td valign=\"top\" width=\"65%\">234-00506<\/td>\n<\/tr>\n<tr>\n<td valign=\"top\" width=\"35%\">GTIN<\/td>\n<td valign=\"top\" width=\"65%\">0889842306583<\/td>\n<\/tr>\n<tr>\n<td valign=\"top\" width=\"35%\">Modelo<\/td>\n<td valign=\"top\" width=\"65%\">Xbox One S<\/td>\n<\/tr>\n<tr>\n<td valign=\"top\" width=\"35%\">ID de producto de eBay (ePID)<\/td>\n<td valign=\"top\" width=\"65%\">6029958014<\/td>\n<\/tr>\n<tr class=\"br\">\n<td><\/td>\n<\/tr>\n<tr>\n<td colspan=\"2\"><span class=\"product-details-title\">ID de producto de eBay (ePID)<\/span><\/td>\n<\/tr>\n<tr>\n<td valign=\"top\" width=\"35%\">A\/V Output(s)<\/td>\n<td valign=\"top\" width=\"65%\">HDMI<\/td>\n<\/tr>\n<tr>\n<td valign=\"top\" width=\"35%\">Platform<\/td>\n<td valign=\"top\" width=\"65%\">Microsoft Xbox One<\/td>\n<\/tr>\n<tr>\n<td valign=\"top\" width=\"35%\">Color<\/td>\n<td valign=\"top\" width=\"65%\">Blanco<\/td>\n<\/tr>\n<tr>\n<td valign=\"top\" width=\"35%\">Caracter\u00edsticas<\/td>\n<td valign=\"top\" width=\"65%\">Blu-Ray Compatible<\/td>\n<\/tr>\n<tr>\n<td valign=\"top\" width=\"35%\">Paquete personalizado<\/td>\n<td valign=\"top\" width=\"65%\">No<\/td>\n<\/tr>\n<tr>\n<td valign=\"top\" width=\"35%\">Escriba<\/td>\n<td valign=\"top\" width=\"65%\">Consola de casa<\/td>\n<\/tr>\n<tr>\n<td valign=\"top\" width=\"35%\">Resoluci\u00f3n<\/td>\n<td valign=\"top\" width=\"65%\">4K (UHD)<\/td>\n<\/tr>\n<tr>\n<td valign=\"top\" width=\"35%\">Color del fabricante<\/td>\n<td valign=\"top\" width=\"65%\">Blanco<\/td>\n<\/tr>\n<tr>\n<td valign=\"top\" width=\"35%\">Capacidad del disco duro<\/td>\n<td valign=\"top\" width=\"65%\">1TB<\/td>\n<\/tr>\n<tr class=\"br\">\n<td><\/td>\n<\/tr>\n<tr>\n<td colspan=\"2\"><span class=\"product-details-title\">Caracter\u00edsticas adicionales del producto<\/span><\/td>\n<\/tr>\n<tr>\n<td valign=\"top\" width=\"35%\">Nombre del producto<\/td>\n<td valign=\"top\" width=\"65%\">Minecraft<\/td>\n<\/tr>\n<tr>\n<td valign=\"top\" width=\"35%\">Capacidad de almacenamiento<\/td>\n<td valign=\"top\" width=\"65%\">1TB<\/td>\n<\/tr>\n<\/tbody>\n<\/table>\n<\/div>","protected":false},"excerpt":{"rendered":"<div class=\"woocommerce-product-details__short-description\">\n<ul class=\"a-unordered-list a-vertical a-spacing-mini\">\n<li><span class=\"a-list-item\">Incluye: consola Xbox One S de capacidad de memoria de 1 TB, controlador inal\u00e1mbrico, descarga completa de juego de Minecraft, Minecraft Starter, y paquete de creadores, 1000 Minecoins, 14 d\u00edas Xbox Live Gold y 1 mes de prueba de Xbox Game Pass<\/span><\/li>\n<li><span class=\"a-list-item\">1.000 minecoinas: \u00fasalos para obtener mapas, pieles, paquetes de texturas y m\u00e1s del mercado del juego<\/span><\/li>\n<li><span class=\"a-list-item\">Paquete de iniciaci\u00f3n: mezcla de mitolog\u00eda griega, paquete de textura de pl\u00e1stico, paquete de piel 1 y paquete de piel de Villains<\/span><\/li>\n<li><span class=\"a-list-item\">Creadores: Adventurer&#8217;s Dream &amp; Winter Mini Games Festival por Noxcrew, Relics of the Privateers por Imagiverse, PureBDcraft Texture Pack, Pastel Skin Pack por Eneija, &amp; Wildlife Savanna por PixelHeads<\/span><\/li>\n<li><span class=\"a-list-item\">Juega a Minecraft con amigos que est\u00e1n en Windows 10, m\u00f3vil y consola<\/span><\/li>\n<\/ul>\n<\/div>","protected":false},"featured_media":5484,"template":"","meta":[],"product_brand":[],"product_cat":[70],"product_tag":[],"class_list":{"0":"post-5482","1":"product","2":"type-product","3":"status-publish","4":"has-post-thumbnail","6":"product_cat-waterproof-headphones","8":"first","9":"outofstock","10":"sold-individually","11":"taxable","12":"shipping-taxable","13":"purchasable","14":"product-type-simple"},"yoast_head":"<!-- This site is optimized with the Yoast SEO plugin v27.4 - https:\/\/yoast.com\/product\/yoast-seo-wordpress\/ -->\n<title>Paquete Xbox One S 1TB Minecraft - Auction Ahead<\/title>\n<meta name=\"robots\" content=\"index, follow, max-snippet:-1, max-image-preview:large, max-video-preview:-1\" \/>\n<link rel=\"canonical\" href=\"https:\/\/auctionahead.com\/en\/product\/xbox-one-s-1tb-minecraft-bundle-2\/\" \/>\n<meta property=\"og:locale\" content=\"en_US\" \/>\n<meta property=\"og:type\" content=\"article\" \/>\n<meta property=\"og:title\" content=\"Paquete Xbox One S 1TB Minecraft - Auction Ahead\" \/>\n<meta property=\"og:description\" content=\"Incluye: consola Xbox One S de capacidad de memoria de 1 TB, controlador inal\u00e1mbrico, descarga completa de juego de Minecraft, Minecraft Starter, y paquete de creadores, 1000 Minecoins, 14 d\u00edas Xbox Live Gold y 1 mes de prueba de Xbox Game Pass  1.000 minecoinas: \u00fasalos para obtener mapas, pieles, paquetes de texturas y m\u00e1s del mercado del juego  Paquete de iniciaci\u00f3n: mezcla de mitolog\u00eda griega, paquete de textura de pl\u00e1stico, paquete de piel 1 y paquete de piel de Villains  Creadores: Adventurer&#039;s Dream &amp; Winter Mini Games Festival por Noxcrew, Relics of the Privateers por Imagiverse, PureBDcraft Texture Pack, Pastel Skin Pack por Eneija, &amp; Wildlife Savanna por PixelHeads  Juega a Minecraft con amigos que est\u00e1n en Windows 10, m\u00f3vil y consola\" \/>\n<meta property=\"og:url\" content=\"https:\/\/auctionahead.com\/en\/product\/xbox-one-s-1tb-minecraft-bundle-2\/\" \/>\n<meta property=\"og:site_name\" content=\"Auction Ahead\" \/>\n<meta property=\"article:modified_time\" content=\"2022-04-24T19:59:15+00:00\" \/>\n<meta property=\"og:image\" content=\"https:\/\/auctionahead.com\/wp-content\/uploads\/2022\/04\/s-l500-1.jpg\" \/>\n\t<meta property=\"og:image:width\" content=\"500\" \/>\n\t<meta property=\"og:image:height\" content=\"500\" \/>\n\t<meta property=\"og:image:type\" content=\"image\/jpeg\" \/>\n<meta name=\"twitter:card\" content=\"summary_large_image\" \/>\n<script type=\"application\/ld+json\" class=\"yoast-schema-graph\">{\"@context\":\"https:\\\/\\\/schema.org\",\"@graph\":[{\"@type\":\"WebPage\",\"@id\":\"https:\\\/\\\/auctionahead.com\\\/product\\\/xbox-one-s-1tb-minecraft-bundle-2\\\/\",\"url\":\"https:\\\/\\\/auctionahead.com\\\/product\\\/xbox-one-s-1tb-minecraft-bundle-2\\\/\",\"name\":\"Paquete Xbox One S 1TB Minecraft - Auction Ahead\",\"isPartOf\":{\"@id\":\"https:\\\/\\\/auctionahead.com\\\/#website\"},\"primaryImageOfPage\":{\"@id\":\"https:\\\/\\\/auctionahead.com\\\/product\\\/xbox-one-s-1tb-minecraft-bundle-2\\\/#primaryimage\"},\"image\":{\"@id\":\"https:\\\/\\\/auctionahead.com\\\/product\\\/xbox-one-s-1tb-minecraft-bundle-2\\\/#primaryimage\"},\"thumbnailUrl\":\"https:\\\/\\\/auctionahead.com\\\/wp-content\\\/uploads\\\/2022\\\/04\\\/s-l500-1.jpg\",\"datePublished\":\"2019-08-26T16:38:07+00:00\",\"dateModified\":\"2022-04-24T19:59:15+00:00\",\"breadcrumb\":{\"@id\":\"https:\\\/\\\/auctionahead.com\\\/product\\\/xbox-one-s-1tb-minecraft-bundle-2\\\/#breadcrumb\"},\"inLanguage\":\"en-US\",\"potentialAction\":[{\"@type\":\"ReadAction\",\"target\":[\"https:\\\/\\\/auctionahead.com\\\/product\\\/xbox-one-s-1tb-minecraft-bundle-2\\\/\"]}]},{\"@type\":\"ImageObject\",\"inLanguage\":\"en-US\",\"@id\":\"https:\\\/\\\/auctionahead.com\\\/product\\\/xbox-one-s-1tb-minecraft-bundle-2\\\/#primaryimage\",\"url\":\"https:\\\/\\\/auctionahead.com\\\/wp-content\\\/uploads\\\/2022\\\/04\\\/s-l500-1.jpg\",\"contentUrl\":\"https:\\\/\\\/auctionahead.com\\\/wp-content\\\/uploads\\\/2022\\\/04\\\/s-l500-1.jpg\",\"width\":500,\"height\":500},{\"@type\":\"BreadcrumbList\",\"@id\":\"https:\\\/\\\/auctionahead.com\\\/product\\\/xbox-one-s-1tb-minecraft-bundle-2\\\/#breadcrumb\",\"itemListElement\":[{\"@type\":\"ListItem\",\"position\":1,\"name\":\"Inicio\",\"item\":\"https:\\\/\\\/auctionahead.com\\\/\"},{\"@type\":\"ListItem\",\"position\":2,\"name\":\"Shop\",\"item\":\"https:\\\/\\\/auctionahead.com\\\/shop\\\/\"},{\"@type\":\"ListItem\",\"position\":3,\"name\":\"Paquete Xbox One S 1TB Minecraft\"}]},{\"@type\":\"WebSite\",\"@id\":\"https:\\\/\\\/auctionahead.com\\\/#website\",\"url\":\"https:\\\/\\\/auctionahead.com\\\/\",\"name\":\"Auction Ahead\",\"description\":\"Subastas en vivo y tecnolog\u00eda de vanguardia\",\"potentialAction\":[{\"@type\":\"SearchAction\",\"target\":{\"@type\":\"EntryPoint\",\"urlTemplate\":\"https:\\\/\\\/auctionahead.com\\\/?s={search_term_string}\"},\"query-input\":{\"@type\":\"PropertyValueSpecification\",\"valueRequired\":true,\"valueName\":\"search_term_string\"}}],\"inLanguage\":\"en-US\"}]}<\/script>\n<!-- \/ Yoast SEO plugin. -->","yoast_head_json":{"title":"Paquete Xbox One S 1TB Minecraft - Auction Ahead","robots":{"index":"index","follow":"follow","max-snippet":"max-snippet:-1","max-image-preview":"max-image-preview:large","max-video-preview":"max-video-preview:-1"},"canonical":"https:\/\/auctionahead.com\/en\/product\/xbox-one-s-1tb-minecraft-bundle-2\/","og_locale":"en_US","og_type":"article","og_title":"Paquete Xbox One S 1TB Minecraft - Auction Ahead","og_description":"Incluye: consola Xbox One S de capacidad de memoria de 1 TB, controlador inal\u00e1mbrico, descarga completa de juego de Minecraft, Minecraft Starter, y paquete de creadores, 1000 Minecoins, 14 d\u00edas Xbox Live Gold y 1 mes de prueba de Xbox Game Pass  1.000 minecoinas: \u00fasalos para obtener mapas, pieles, paquetes de texturas y m\u00e1s del mercado del juego  Paquete de iniciaci\u00f3n: mezcla de mitolog\u00eda griega, paquete de textura de pl\u00e1stico, paquete de piel 1 y paquete de piel de Villains  Creadores: Adventurer's Dream &amp; Winter Mini Games Festival por Noxcrew, Relics of the Privateers por Imagiverse, PureBDcraft Texture Pack, Pastel Skin Pack por Eneija, &amp; Wildlife Savanna por PixelHeads  Juega a Minecraft con amigos que est\u00e1n en Windows 10, m\u00f3vil y consola","og_url":"https:\/\/auctionahead.com\/en\/product\/xbox-one-s-1tb-minecraft-bundle-2\/","og_site_name":"Auction Ahead","article_modified_time":"2022-04-24T19:59:15+00:00","og_image":[{"width":500,"height":500,"url":"https:\/\/auctionahead.com\/wp-content\/uploads\/2022\/04\/s-l500-1.jpg","type":"image\/jpeg"}],"twitter_card":"summary_large_image","schema":{"@context":"https:\/\/schema.org","@graph":[{"@type":"WebPage","@id":"https:\/\/auctionahead.com\/product\/xbox-one-s-1tb-minecraft-bundle-2\/","url":"https:\/\/auctionahead.com\/product\/xbox-one-s-1tb-minecraft-bundle-2\/","name":"Paquete Xbox One S 1TB Minecraft - Auction Ahead","isPartOf":{"@id":"https:\/\/auctionahead.com\/#website"},"primaryImageOfPage":{"@id":"https:\/\/auctionahead.com\/product\/xbox-one-s-1tb-minecraft-bundle-2\/#primaryimage"},"image":{"@id":"https:\/\/auctionahead.com\/product\/xbox-one-s-1tb-minecraft-bundle-2\/#primaryimage"},"thumbnailUrl":"https:\/\/auctionahead.com\/wp-content\/uploads\/2022\/04\/s-l500-1.jpg","datePublished":"2019-08-26T16:38:07+00:00","dateModified":"2022-04-24T19:59:15+00:00","breadcrumb":{"@id":"https:\/\/auctionahead.com\/product\/xbox-one-s-1tb-minecraft-bundle-2\/#breadcrumb"},"inLanguage":"en-US","potentialAction":[{"@type":"ReadAction","target":["https:\/\/auctionahead.com\/product\/xbox-one-s-1tb-minecraft-bundle-2\/"]}]},{"@type":"ImageObject","inLanguage":"en-US","@id":"https:\/\/auctionahead.com\/product\/xbox-one-s-1tb-minecraft-bundle-2\/#primaryimage","url":"https:\/\/auctionahead.com\/wp-content\/uploads\/2022\/04\/s-l500-1.jpg","contentUrl":"https:\/\/auctionahead.com\/wp-content\/uploads\/2022\/04\/s-l500-1.jpg","width":500,"height":500},{"@type":"BreadcrumbList","@id":"https:\/\/auctionahead.com\/product\/xbox-one-s-1tb-minecraft-bundle-2\/#breadcrumb","itemListElement":[{"@type":"ListItem","position":1,"name":"Inicio","item":"https:\/\/auctionahead.com\/"},{"@type":"ListItem","position":2,"name":"Shop","item":"https:\/\/auctionahead.com\/shop\/"},{"@type":"ListItem","position":3,"name":"Paquete Xbox One S 1TB Minecraft"}]},{"@type":"WebSite","@id":"https:\/\/auctionahead.com\/#website","url":"https:\/\/auctionahead.com\/","name":"Auction Ahead","description":"Subastas en vivo y tecnolog\u00eda de vanguardia","potentialAction":[{"@type":"SearchAction","target":{"@type":"EntryPoint","urlTemplate":"https:\/\/auctionahead.com\/?s={search_term_string}"},"query-input":{"@type":"PropertyValueSpecification","valueRequired":true,"valueName":"search_term_string"}}],"inLanguage":"en-US"}]}},"_links":{"self":[{"href":"https:\/\/auctionahead.com\/en\/wp-json\/wp\/v2\/product\/5482","targetHints":{"allow":["GET"]}}],"collection":[{"href":"https:\/\/auctionahead.com\/en\/wp-json\/wp\/v2\/product"}],"about":[{"href":"https:\/\/auctionahead.com\/en\/wp-json\/wp\/v2\/types\/product"}],"wp:featuredmedia":[{"embeddable":true,"href":"https:\/\/auctionahead.com\/en\/wp-json\/wp\/v2\/media\/5484"}],"wp:attachment":[{"href":"https:\/\/auctionahead.com\/en\/wp-json\/wp\/v2\/media?parent=5482"}],"wp:term":[{"taxonomy":"product_brand","embeddable":true,"href":"https:\/\/auctionahead.com\/en\/wp-json\/wp\/v2\/product_brand?post=5482"},{"taxonomy":"product_cat","embeddable":true,"href":"https:\/\/auctionahead.com\/en\/wp-json\/wp\/v2\/product_cat?post=5482"},{"taxonomy":"product_tag","embeddable":true,"href":"https:\/\/auctionahead.com\/en\/wp-json\/wp\/v2\/product_tag?post=5482"}],"curies":[{"name":"wp","href":"https:\/\/api.w.org\/{rel}","templated":true}]}}