{"id":5479,"date":"2019-08-26T16:34:48","date_gmt":"2019-08-26T16:34:48","guid":{"rendered":"https:\/\/auctionahead.com\/?post_type=product&#038;p=5479"},"modified":"2022-04-24T20:00:42","modified_gmt":"2022-04-24T20:00:42","slug":"nintendo-switch-console-generation","status":"publish","type":"product","link":"https:\/\/auctionahead.com\/en\/product\/nintendo-switch-console-generation\/","title":{"rendered":"Nintendo Switch Console Generation"},"content":{"rendered":"<p>Acabo de jugar a juegos originales en \u00e9l, pero tiene un software de sistema temprano de 7.01 en \u00e9l.<\/p>\n<div>Esto permite (eventualmente) que el homebrew corra.<\/div>\n<div>No me interesa y s\u00f3lo quer\u00eda hacer de Mario (magn\u00edfico, pero ya lo he terminado).<\/div>\n<div>Mario, el recibo de compra original, la caja, el cargador y todos los dem\u00e1s gubias est\u00e1n incluidos.<\/div>\n<div><\/div>\n<div>No hay problemas, excepto por algunos ara\u00f1azos en la pantalla (zoom en la foto 6), que no se notan cuando se est\u00e1 jugando, pero obviamente hay que mencionarlos.<\/div>\n<div>Creo que uno de los trozos deslizantes del controlador est\u00e1 un poco suelto (podr\u00eda ser un enganche da\u00f1ado) en el lado izquierdo.<\/div>\n<div>Esto nunca me molest\u00f3 en absoluto, pero Cex lo mencion\u00f3 y no me dej\u00f3 cambiar la consola con ellos debido a ello.<\/div>\n<div>De nuevo, es muy poco importante para m\u00ed, pero tiene que ser mencionado.<\/div>\n<div><\/div>\n<div>Otra cosa; he reemplazado las empu\u00f1aduras originales con unas ligeramente m\u00e1s grandes, m\u00e1s resistentes y m\u00e1s t\u00e1ctiles para que tus dedos no resbalen tanto.<\/div>\n<div><\/div>\n<div>Si no necesitas a Mario, entonces por supuesto ofrece un poco menos; puedo cambiar esto.<\/div>\n<div>Salud.<\/div>","protected":false},"excerpt":{"rendered":"<p>Acabo de jugar a juegos originales en \u00e9l, pero tiene un software de sistema temprano de 7.01 en \u00e9l.<\/p>\n<p>Esto permite (eventualmente) que el homebrew corra.<br \/>\nNo me interesa y s\u00f3lo quer\u00eda hacer de Mario (magn\u00edfico, pero ya lo he terminado).<br \/>\nMario, el recibo de compra original, la caja, el cargador y todos los dem\u00e1s gubias est\u00e1n incluidos.<\/p>","protected":false},"featured_media":5480,"template":"","meta":[],"product_brand":[],"product_cat":[70],"product_tag":[],"class_list":{"0":"post-5479","1":"product","2":"type-product","3":"status-publish","4":"has-post-thumbnail","6":"product_cat-waterproof-headphones","8":"first","9":"outofstock","10":"sold-individually","11":"taxable","12":"shipping-taxable","13":"purchasable","14":"product-type-simple"},"yoast_head":"<!-- This site is optimized with the Yoast SEO plugin v27.4 - https:\/\/yoast.com\/product\/yoast-seo-wordpress\/ -->\n<title>Generaci\u00f3n del Interruptor de la Consola de Nintendo. - Auction Ahead<\/title>\n<meta name=\"robots\" content=\"index, follow, max-snippet:-1, max-image-preview:large, max-video-preview:-1\" \/>\n<link rel=\"canonical\" href=\"https:\/\/auctionahead.com\/en\/product\/nintendo-switch-console-generation\/\" \/>\n<meta property=\"og:locale\" content=\"en_US\" \/>\n<meta property=\"og:type\" content=\"article\" \/>\n<meta property=\"og:title\" content=\"Generaci\u00f3n del Interruptor de la Consola de Nintendo. - Auction Ahead\" \/>\n<meta property=\"og:description\" content=\"Acabo de jugar a juegos originales en \u00e9l, pero tiene un software de sistema temprano de 7.01 en \u00e9l.  Esto permite (eventualmente) que el homebrew corra. No me interesa y s\u00f3lo quer\u00eda hacer de Mario (magn\u00edfico, pero ya lo he terminado). Mario, el recibo de compra original, la caja, el cargador y todos los dem\u00e1s gubias est\u00e1n incluidos.\" \/>\n<meta property=\"og:url\" content=\"https:\/\/auctionahead.com\/en\/product\/nintendo-switch-console-generation\/\" \/>\n<meta property=\"og:site_name\" content=\"Auction Ahead\" \/>\n<meta property=\"article:modified_time\" content=\"2022-04-24T20:00:42+00:00\" \/>\n<meta property=\"og:image\" content=\"https:\/\/auctionahead.com\/wp-content\/uploads\/2022\/04\/s-l1600.jpg\" \/>\n\t<meta property=\"og:image:width\" content=\"960\" \/>\n\t<meta property=\"og:image:height\" content=\"720\" \/>\n\t<meta property=\"og:image:type\" content=\"image\/jpeg\" \/>\n<meta name=\"twitter:card\" content=\"summary_large_image\" \/>\n<meta name=\"twitter:label1\" content=\"Est. reading time\" \/>\n\t<meta name=\"twitter:data1\" content=\"1 minute\" \/>\n<script type=\"application\/ld+json\" class=\"yoast-schema-graph\">{\"@context\":\"https:\\\/\\\/schema.org\",\"@graph\":[{\"@type\":\"WebPage\",\"@id\":\"https:\\\/\\\/auctionahead.com\\\/product\\\/nintendo-switch-console-generation\\\/\",\"url\":\"https:\\\/\\\/auctionahead.com\\\/product\\\/nintendo-switch-console-generation\\\/\",\"name\":\"Generaci\u00f3n del Interruptor de la Consola de Nintendo. - Auction Ahead\",\"isPartOf\":{\"@id\":\"https:\\\/\\\/auctionahead.com\\\/#website\"},\"primaryImageOfPage\":{\"@id\":\"https:\\\/\\\/auctionahead.com\\\/product\\\/nintendo-switch-console-generation\\\/#primaryimage\"},\"image\":{\"@id\":\"https:\\\/\\\/auctionahead.com\\\/product\\\/nintendo-switch-console-generation\\\/#primaryimage\"},\"thumbnailUrl\":\"https:\\\/\\\/auctionahead.com\\\/wp-content\\\/uploads\\\/2022\\\/04\\\/s-l1600.jpg\",\"datePublished\":\"2019-08-26T16:34:48+00:00\",\"dateModified\":\"2022-04-24T20:00:42+00:00\",\"breadcrumb\":{\"@id\":\"https:\\\/\\\/auctionahead.com\\\/product\\\/nintendo-switch-console-generation\\\/#breadcrumb\"},\"inLanguage\":\"en-US\",\"potentialAction\":[{\"@type\":\"ReadAction\",\"target\":[\"https:\\\/\\\/auctionahead.com\\\/product\\\/nintendo-switch-console-generation\\\/\"]}]},{\"@type\":\"ImageObject\",\"inLanguage\":\"en-US\",\"@id\":\"https:\\\/\\\/auctionahead.com\\\/product\\\/nintendo-switch-console-generation\\\/#primaryimage\",\"url\":\"https:\\\/\\\/auctionahead.com\\\/wp-content\\\/uploads\\\/2022\\\/04\\\/s-l1600.jpg\",\"contentUrl\":\"https:\\\/\\\/auctionahead.com\\\/wp-content\\\/uploads\\\/2022\\\/04\\\/s-l1600.jpg\",\"width\":960,\"height\":720},{\"@type\":\"BreadcrumbList\",\"@id\":\"https:\\\/\\\/auctionahead.com\\\/product\\\/nintendo-switch-console-generation\\\/#breadcrumb\",\"itemListElement\":[{\"@type\":\"ListItem\",\"position\":1,\"name\":\"Inicio\",\"item\":\"https:\\\/\\\/auctionahead.com\\\/\"},{\"@type\":\"ListItem\",\"position\":2,\"name\":\"Shop\",\"item\":\"https:\\\/\\\/auctionahead.com\\\/shop\\\/\"},{\"@type\":\"ListItem\",\"position\":3,\"name\":\"Generaci\u00f3n del Interruptor de la Consola de Nintendo.\"}]},{\"@type\":\"WebSite\",\"@id\":\"https:\\\/\\\/auctionahead.com\\\/#website\",\"url\":\"https:\\\/\\\/auctionahead.com\\\/\",\"name\":\"Auction Ahead\",\"description\":\"Subastas en vivo y tecnolog\u00eda de vanguardia\",\"potentialAction\":[{\"@type\":\"SearchAction\",\"target\":{\"@type\":\"EntryPoint\",\"urlTemplate\":\"https:\\\/\\\/auctionahead.com\\\/?s={search_term_string}\"},\"query-input\":{\"@type\":\"PropertyValueSpecification\",\"valueRequired\":true,\"valueName\":\"search_term_string\"}}],\"inLanguage\":\"en-US\"}]}<\/script>\n<!-- \/ Yoast SEO plugin. -->","yoast_head_json":{"title":"Generaci\u00f3n del Interruptor de la Consola de Nintendo. - Auction Ahead","robots":{"index":"index","follow":"follow","max-snippet":"max-snippet:-1","max-image-preview":"max-image-preview:large","max-video-preview":"max-video-preview:-1"},"canonical":"https:\/\/auctionahead.com\/en\/product\/nintendo-switch-console-generation\/","og_locale":"en_US","og_type":"article","og_title":"Generaci\u00f3n del Interruptor de la Consola de Nintendo. - Auction Ahead","og_description":"Acabo de jugar a juegos originales en \u00e9l, pero tiene un software de sistema temprano de 7.01 en \u00e9l.  Esto permite (eventualmente) que el homebrew corra. No me interesa y s\u00f3lo quer\u00eda hacer de Mario (magn\u00edfico, pero ya lo he terminado). Mario, el recibo de compra original, la caja, el cargador y todos los dem\u00e1s gubias est\u00e1n incluidos.","og_url":"https:\/\/auctionahead.com\/en\/product\/nintendo-switch-console-generation\/","og_site_name":"Auction Ahead","article_modified_time":"2022-04-24T20:00:42+00:00","og_image":[{"width":960,"height":720,"url":"https:\/\/auctionahead.com\/wp-content\/uploads\/2022\/04\/s-l1600.jpg","type":"image\/jpeg"}],"twitter_card":"summary_large_image","twitter_misc":{"Est. reading time":"1 minute"},"schema":{"@context":"https:\/\/schema.org","@graph":[{"@type":"WebPage","@id":"https:\/\/auctionahead.com\/product\/nintendo-switch-console-generation\/","url":"https:\/\/auctionahead.com\/product\/nintendo-switch-console-generation\/","name":"Generaci\u00f3n del Interruptor de la Consola de Nintendo. - Auction Ahead","isPartOf":{"@id":"https:\/\/auctionahead.com\/#website"},"primaryImageOfPage":{"@id":"https:\/\/auctionahead.com\/product\/nintendo-switch-console-generation\/#primaryimage"},"image":{"@id":"https:\/\/auctionahead.com\/product\/nintendo-switch-console-generation\/#primaryimage"},"thumbnailUrl":"https:\/\/auctionahead.com\/wp-content\/uploads\/2022\/04\/s-l1600.jpg","datePublished":"2019-08-26T16:34:48+00:00","dateModified":"2022-04-24T20:00:42+00:00","breadcrumb":{"@id":"https:\/\/auctionahead.com\/product\/nintendo-switch-console-generation\/#breadcrumb"},"inLanguage":"en-US","potentialAction":[{"@type":"ReadAction","target":["https:\/\/auctionahead.com\/product\/nintendo-switch-console-generation\/"]}]},{"@type":"ImageObject","inLanguage":"en-US","@id":"https:\/\/auctionahead.com\/product\/nintendo-switch-console-generation\/#primaryimage","url":"https:\/\/auctionahead.com\/wp-content\/uploads\/2022\/04\/s-l1600.jpg","contentUrl":"https:\/\/auctionahead.com\/wp-content\/uploads\/2022\/04\/s-l1600.jpg","width":960,"height":720},{"@type":"BreadcrumbList","@id":"https:\/\/auctionahead.com\/product\/nintendo-switch-console-generation\/#breadcrumb","itemListElement":[{"@type":"ListItem","position":1,"name":"Inicio","item":"https:\/\/auctionahead.com\/"},{"@type":"ListItem","position":2,"name":"Shop","item":"https:\/\/auctionahead.com\/shop\/"},{"@type":"ListItem","position":3,"name":"Generaci\u00f3n del Interruptor de la Consola de Nintendo."}]},{"@type":"WebSite","@id":"https:\/\/auctionahead.com\/#website","url":"https:\/\/auctionahead.com\/","name":"Auction Ahead","description":"Subastas en vivo y tecnolog\u00eda de vanguardia","potentialAction":[{"@type":"SearchAction","target":{"@type":"EntryPoint","urlTemplate":"https:\/\/auctionahead.com\/?s={search_term_string}"},"query-input":{"@type":"PropertyValueSpecification","valueRequired":true,"valueName":"search_term_string"}}],"inLanguage":"en-US"}]}},"_links":{"self":[{"href":"https:\/\/auctionahead.com\/en\/wp-json\/wp\/v2\/product\/5479","targetHints":{"allow":["GET"]}}],"collection":[{"href":"https:\/\/auctionahead.com\/en\/wp-json\/wp\/v2\/product"}],"about":[{"href":"https:\/\/auctionahead.com\/en\/wp-json\/wp\/v2\/types\/product"}],"wp:featuredmedia":[{"embeddable":true,"href":"https:\/\/auctionahead.com\/en\/wp-json\/wp\/v2\/media\/5480"}],"wp:attachment":[{"href":"https:\/\/auctionahead.com\/en\/wp-json\/wp\/v2\/media?parent=5479"}],"wp:term":[{"taxonomy":"product_brand","embeddable":true,"href":"https:\/\/auctionahead.com\/en\/wp-json\/wp\/v2\/product_brand?post=5479"},{"taxonomy":"product_cat","embeddable":true,"href":"https:\/\/auctionahead.com\/en\/wp-json\/wp\/v2\/product_cat?post=5479"},{"taxonomy":"product_tag","embeddable":true,"href":"https:\/\/auctionahead.com\/en\/wp-json\/wp\/v2\/product_tag?post=5479"}],"curies":[{"name":"wp","href":"https:\/\/api.w.org\/{rel}","templated":true}]}}