{"id":2572,"date":"2019-08-13T21:14:03","date_gmt":"2019-08-13T21:14:03","guid":{"rendered":"https:\/\/auctionahead.com\/?post_type=product&#038;p=2572"},"modified":"2022-04-24T20:06:54","modified_gmt":"2022-04-24T20:06:54","slug":"gaming-mouse-pad","status":"publish","type":"product","link":"https:\/\/auctionahead.com\/en\/product\/gaming-mouse-pad\/","title":{"rendered":"Gaming Mouse Pad"},"content":{"rendered":"<ul>\n<li><span class=\"a-list-item\">Alfombrilla de rat\u00f3n mediana: 320 x 270 x 3 mm o 12,6 x 10,63 x 0,12 pulgadas.<\/span><\/li>\n<li><span class=\"a-list-item\">Superficie de fibra sint\u00e9tica lisa y de baja fricci\u00f3n para una comodidad \u00f3ptima<\/span><\/li>\n<li><span class=\"a-list-item\">La malla microsc\u00f3pica permite un control de precisi\u00f3n para los ratones sensores \u00f3pticos y l\u00e1ser.<\/span><\/li>\n<li><span class=\"a-list-item\">Los bordes cosidos evitan el deshilachado y son duraderos gracias a su uso prolongado.<\/span><\/li>\n<li><span class=\"a-list-item\">El revestimiento de la base de agarre antideslizante mantiene la alfombrilla del rat\u00f3n en su lugar<\/span><\/li>\n<\/ul>","protected":false},"excerpt":{"rendered":"<ul>\n<li><span class=\"a-list-item\">Alfombrilla de rat\u00f3n mediana: 320 x 270 x 3 mm o 12,6 x 10,63 x 0,12 pulgadas.<\/span><\/li>\n<li><span class=\"a-list-item\">Superficie de fibra sint\u00e9tica lisa y de baja fricci\u00f3n para una comodidad \u00f3ptima<\/span><\/li>\n<li><span class=\"a-list-item\">La malla microsc\u00f3pica permite un control de precisi\u00f3n para los ratones sensores \u00f3pticos y l\u00e1ser.<\/span><\/li>\n<li><span class=\"a-list-item\">Los bordes cosidos evitan el deshilachado y son duraderos gracias a su uso prolongado.<\/span><\/li>\n<li><span class=\"a-list-item\">El revestimiento de la base de agarre antideslizante mantiene la alfombrilla del rat\u00f3n en su lugar<\/span><\/li>\n<\/ul>","protected":false},"featured_media":2573,"template":"","meta":[],"product_brand":[],"product_cat":[65],"product_tag":[],"class_list":{"0":"post-2572","1":"product","2":"type-product","3":"status-publish","4":"has-post-thumbnail","6":"product_cat-others","8":"first","9":"instock","10":"taxable","11":"shipping-taxable","12":"purchasable","13":"product-type-simple"},"yoast_head":"<!-- This site is optimized with the Yoast SEO plugin v27.4 - https:\/\/yoast.com\/product\/yoast-seo-wordpress\/ -->\n<title>Alfombrilla de rat\u00f3n para juegos - Auction Ahead<\/title>\n<meta name=\"robots\" content=\"index, follow, max-snippet:-1, max-image-preview:large, max-video-preview:-1\" \/>\n<link rel=\"canonical\" href=\"https:\/\/auctionahead.com\/en\/product\/gaming-mouse-pad\/\" \/>\n<meta property=\"og:locale\" content=\"en_US\" \/>\n<meta property=\"og:type\" content=\"article\" \/>\n<meta property=\"og:title\" content=\"Alfombrilla de rat\u00f3n para juegos - Auction Ahead\" \/>\n<meta property=\"og:description\" content=\"Alfombrilla de rat\u00f3n mediana: 320 x 270 x 3 mm o 12,6 x 10,63 x 0,12 pulgadas.  Superficie de fibra sint\u00e9tica lisa y de baja fricci\u00f3n para una comodidad \u00f3ptima  La malla microsc\u00f3pica permite un control de precisi\u00f3n para los ratones sensores \u00f3pticos y l\u00e1ser.  Los bordes cosidos evitan el deshilachado y son duraderos gracias a su uso prolongado.  El revestimiento de la base de agarre antideslizante mantiene la alfombrilla del rat\u00f3n en su lugar\" \/>\n<meta property=\"og:url\" content=\"https:\/\/auctionahead.com\/en\/product\/gaming-mouse-pad\/\" \/>\n<meta property=\"og:site_name\" content=\"Auction Ahead\" \/>\n<meta property=\"article:modified_time\" content=\"2022-04-24T20:06:54+00:00\" \/>\n<meta property=\"og:image\" content=\"https:\/\/auctionahead.com\/wp-content\/uploads\/2022\/04\/MOUSEPAD-1.png\" \/>\n\t<meta property=\"og:image:width\" content=\"679\" \/>\n\t<meta property=\"og:image:height\" content=\"679\" \/>\n\t<meta property=\"og:image:type\" content=\"image\/png\" \/>\n<meta name=\"twitter:card\" content=\"summary_large_image\" \/>\n<script type=\"application\/ld+json\" class=\"yoast-schema-graph\">{\"@context\":\"https:\\\/\\\/schema.org\",\"@graph\":[{\"@type\":\"WebPage\",\"@id\":\"https:\\\/\\\/auctionahead.com\\\/product\\\/gaming-mouse-pad\\\/\",\"url\":\"https:\\\/\\\/auctionahead.com\\\/product\\\/gaming-mouse-pad\\\/\",\"name\":\"Alfombrilla de rat\u00f3n para juegos - Auction Ahead\",\"isPartOf\":{\"@id\":\"https:\\\/\\\/auctionahead.com\\\/#website\"},\"primaryImageOfPage\":{\"@id\":\"https:\\\/\\\/auctionahead.com\\\/product\\\/gaming-mouse-pad\\\/#primaryimage\"},\"image\":{\"@id\":\"https:\\\/\\\/auctionahead.com\\\/product\\\/gaming-mouse-pad\\\/#primaryimage\"},\"thumbnailUrl\":\"https:\\\/\\\/auctionahead.com\\\/wp-content\\\/uploads\\\/2022\\\/04\\\/MOUSEPAD-1.png\",\"datePublished\":\"2019-08-13T21:14:03+00:00\",\"dateModified\":\"2022-04-24T20:06:54+00:00\",\"breadcrumb\":{\"@id\":\"https:\\\/\\\/auctionahead.com\\\/product\\\/gaming-mouse-pad\\\/#breadcrumb\"},\"inLanguage\":\"en-US\",\"potentialAction\":[{\"@type\":\"ReadAction\",\"target\":[\"https:\\\/\\\/auctionahead.com\\\/product\\\/gaming-mouse-pad\\\/\"]}]},{\"@type\":\"ImageObject\",\"inLanguage\":\"en-US\",\"@id\":\"https:\\\/\\\/auctionahead.com\\\/product\\\/gaming-mouse-pad\\\/#primaryimage\",\"url\":\"https:\\\/\\\/auctionahead.com\\\/wp-content\\\/uploads\\\/2022\\\/04\\\/MOUSEPAD-1.png\",\"contentUrl\":\"https:\\\/\\\/auctionahead.com\\\/wp-content\\\/uploads\\\/2022\\\/04\\\/MOUSEPAD-1.png\",\"width\":679,\"height\":679,\"caption\":\"Gaming Mouse Pad\"},{\"@type\":\"BreadcrumbList\",\"@id\":\"https:\\\/\\\/auctionahead.com\\\/product\\\/gaming-mouse-pad\\\/#breadcrumb\",\"itemListElement\":[{\"@type\":\"ListItem\",\"position\":1,\"name\":\"Inicio\",\"item\":\"https:\\\/\\\/auctionahead.com\\\/\"},{\"@type\":\"ListItem\",\"position\":2,\"name\":\"Shop\",\"item\":\"https:\\\/\\\/auctionahead.com\\\/shop\\\/\"},{\"@type\":\"ListItem\",\"position\":3,\"name\":\"Alfombrilla de rat\u00f3n para juegos\"}]},{\"@type\":\"WebSite\",\"@id\":\"https:\\\/\\\/auctionahead.com\\\/#website\",\"url\":\"https:\\\/\\\/auctionahead.com\\\/\",\"name\":\"Auction Ahead\",\"description\":\"Subastas en vivo y tecnolog\u00eda de vanguardia\",\"potentialAction\":[{\"@type\":\"SearchAction\",\"target\":{\"@type\":\"EntryPoint\",\"urlTemplate\":\"https:\\\/\\\/auctionahead.com\\\/?s={search_term_string}\"},\"query-input\":{\"@type\":\"PropertyValueSpecification\",\"valueRequired\":true,\"valueName\":\"search_term_string\"}}],\"inLanguage\":\"en-US\"}]}<\/script>\n<!-- \/ Yoast SEO plugin. -->","yoast_head_json":{"title":"Alfombrilla de rat\u00f3n para juegos - Auction Ahead","robots":{"index":"index","follow":"follow","max-snippet":"max-snippet:-1","max-image-preview":"max-image-preview:large","max-video-preview":"max-video-preview:-1"},"canonical":"https:\/\/auctionahead.com\/en\/product\/gaming-mouse-pad\/","og_locale":"en_US","og_type":"article","og_title":"Alfombrilla de rat\u00f3n para juegos - Auction Ahead","og_description":"Alfombrilla de rat\u00f3n mediana: 320 x 270 x 3 mm o 12,6 x 10,63 x 0,12 pulgadas.  Superficie de fibra sint\u00e9tica lisa y de baja fricci\u00f3n para una comodidad \u00f3ptima  La malla microsc\u00f3pica permite un control de precisi\u00f3n para los ratones sensores \u00f3pticos y l\u00e1ser.  Los bordes cosidos evitan el deshilachado y son duraderos gracias a su uso prolongado.  El revestimiento de la base de agarre antideslizante mantiene la alfombrilla del rat\u00f3n en su lugar","og_url":"https:\/\/auctionahead.com\/en\/product\/gaming-mouse-pad\/","og_site_name":"Auction Ahead","article_modified_time":"2022-04-24T20:06:54+00:00","og_image":[{"width":679,"height":679,"url":"https:\/\/auctionahead.com\/wp-content\/uploads\/2022\/04\/MOUSEPAD-1.png","type":"image\/png"}],"twitter_card":"summary_large_image","schema":{"@context":"https:\/\/schema.org","@graph":[{"@type":"WebPage","@id":"https:\/\/auctionahead.com\/product\/gaming-mouse-pad\/","url":"https:\/\/auctionahead.com\/product\/gaming-mouse-pad\/","name":"Alfombrilla de rat\u00f3n para juegos - Auction Ahead","isPartOf":{"@id":"https:\/\/auctionahead.com\/#website"},"primaryImageOfPage":{"@id":"https:\/\/auctionahead.com\/product\/gaming-mouse-pad\/#primaryimage"},"image":{"@id":"https:\/\/auctionahead.com\/product\/gaming-mouse-pad\/#primaryimage"},"thumbnailUrl":"https:\/\/auctionahead.com\/wp-content\/uploads\/2022\/04\/MOUSEPAD-1.png","datePublished":"2019-08-13T21:14:03+00:00","dateModified":"2022-04-24T20:06:54+00:00","breadcrumb":{"@id":"https:\/\/auctionahead.com\/product\/gaming-mouse-pad\/#breadcrumb"},"inLanguage":"en-US","potentialAction":[{"@type":"ReadAction","target":["https:\/\/auctionahead.com\/product\/gaming-mouse-pad\/"]}]},{"@type":"ImageObject","inLanguage":"en-US","@id":"https:\/\/auctionahead.com\/product\/gaming-mouse-pad\/#primaryimage","url":"https:\/\/auctionahead.com\/wp-content\/uploads\/2022\/04\/MOUSEPAD-1.png","contentUrl":"https:\/\/auctionahead.com\/wp-content\/uploads\/2022\/04\/MOUSEPAD-1.png","width":679,"height":679,"caption":"Gaming Mouse Pad"},{"@type":"BreadcrumbList","@id":"https:\/\/auctionahead.com\/product\/gaming-mouse-pad\/#breadcrumb","itemListElement":[{"@type":"ListItem","position":1,"name":"Inicio","item":"https:\/\/auctionahead.com\/"},{"@type":"ListItem","position":2,"name":"Shop","item":"https:\/\/auctionahead.com\/shop\/"},{"@type":"ListItem","position":3,"name":"Alfombrilla de rat\u00f3n para juegos"}]},{"@type":"WebSite","@id":"https:\/\/auctionahead.com\/#website","url":"https:\/\/auctionahead.com\/","name":"Auction Ahead","description":"Subastas en vivo y tecnolog\u00eda de vanguardia","potentialAction":[{"@type":"SearchAction","target":{"@type":"EntryPoint","urlTemplate":"https:\/\/auctionahead.com\/?s={search_term_string}"},"query-input":{"@type":"PropertyValueSpecification","valueRequired":true,"valueName":"search_term_string"}}],"inLanguage":"en-US"}]}},"_links":{"self":[{"href":"https:\/\/auctionahead.com\/en\/wp-json\/wp\/v2\/product\/2572","targetHints":{"allow":["GET"]}}],"collection":[{"href":"https:\/\/auctionahead.com\/en\/wp-json\/wp\/v2\/product"}],"about":[{"href":"https:\/\/auctionahead.com\/en\/wp-json\/wp\/v2\/types\/product"}],"wp:featuredmedia":[{"embeddable":true,"href":"https:\/\/auctionahead.com\/en\/wp-json\/wp\/v2\/media\/2573"}],"wp:attachment":[{"href":"https:\/\/auctionahead.com\/en\/wp-json\/wp\/v2\/media?parent=2572"}],"wp:term":[{"taxonomy":"product_brand","embeddable":true,"href":"https:\/\/auctionahead.com\/en\/wp-json\/wp\/v2\/product_brand?post=2572"},{"taxonomy":"product_cat","embeddable":true,"href":"https:\/\/auctionahead.com\/en\/wp-json\/wp\/v2\/product_cat?post=2572"},{"taxonomy":"product_tag","embeddable":true,"href":"https:\/\/auctionahead.com\/en\/wp-json\/wp\/v2\/product_tag?post=2572"}],"curies":[{"name":"wp","href":"https:\/\/api.w.org\/{rel}","templated":true}]}}