{"id":2571,"date":"2019-08-13T21:13:00","date_gmt":"2019-08-13T21:13:00","guid":{"rendered":"https:\/\/auctionahead.com\/?post_type=product&#038;p=2571"},"modified":"2022-04-24T20:07:21","modified_gmt":"2022-04-24T20:07:21","slug":"wireless-mouse-fr345","status":"publish","type":"product","link":"https:\/\/auctionahead.com\/en\/product\/wireless-mouse-fr345\/","title":{"rendered":"Wireless Mouse FR345"},"content":{"rendered":"<table class=\"apm-fixed-width a-size-base apm-eventhirdcol-table\">\n<tbody>\n<tr>\n<td class=\"apm-top\">\n<div class=\"apm-eventhirdcol apm-floatleft\">\n<h4 class=\"a-spacing-mini\">Disfruta de un espacio de trabajo ordenado con conectividad inal\u00e1mbrica<\/h4>\n<p>Reduzca el desorden de cables con el Rat\u00f3n Inal\u00e1mbrico, proporcionando la funcionalidad que necesita en un rat\u00f3n sin cables.<\/p>\n<p>Compatibilidad: Windows 7\/8\/8.1\/10\/Server, Linux, Android, Chrome<\/p>\n<\/div>\n<\/td>\n<td class=\"apm-top\">\n<div class=\"apm-eventhirdcol apm-floatleft\">\n<h4 class=\"a-spacing-mini\">Es genial para el uso diario en casa o en la oficina.<\/h4>\n<p>Lleva tu trabajo sobre la marcha con la fiable conexi\u00f3n inal\u00e1mbrica del rat\u00f3n inal\u00e1mbrico&#8230; Tambi\u00e9n puede conectar hasta seis dispositivos compatibles con un solo receptor, lo que le permite conectarse de forma inal\u00e1mbrica con sus teclados y ratones en casa, en la oficina o en movimiento.<\/p>\n<p>Lleno de art\u00edculos de fondo: Con un seguimiento l\u00e1ser de 1600 dpi, el rat\u00f3n inal\u00e1mbrico proporciona un seguimiento preciso y responde en pr\u00e1cticamente cualquier superficie. El rat\u00f3n tambi\u00e9n cuenta con siete botones e incluye una rueda de desplazamiento para mayor funcionalidad.<\/p>\n<\/div>\n<\/td>\n<td class=\"apm-top\">\n<div class=\"apm-eventhirdcol apm-floatleft\">\n<h4 class=\"a-spacing-mini\">Trabaja y juega m\u00e1s tiempo con una bater\u00eda de larga duraci\u00f3n<\/h4>\n<p>Hasta un a\u00f1o de duraci\u00f3n de la bater\u00eda le proporciona la tranquilidad de saber que puede permanecer alimentado por m\u00e1s tiempo pr\u00e1cticamente en cualquier lugar.<\/p>\n<p>Dise\u00f1o c\u00f3modo: Trabaja con comodidad gracias a un dise\u00f1o contorneado que se siente muy bien en cualquier mano. El rat\u00f3n cuenta con tres botones que se pueden pulsar (izquierdo, derecho y medio) e incluye una rueda de desplazamiento para facilitar su uso.<\/p>\n<p>Instalaci\u00f3n r\u00e1pida y f\u00e1cil: El rat\u00f3n viene listo para conectar y usar a trav\u00e9s del receptor incluido.<\/p>\n<\/div>\n<\/td>\n<\/tr>\n<\/tbody>\n<\/table>","protected":false},"excerpt":{"rendered":"<p>Reduzca el desorden de cables con el Rat\u00f3n Inal\u00e1mbrico, proporcionando la funcionalidad que necesita en un rat\u00f3n sin cables.<\/p>\n<p>Compatibilidad: Windows 7\/8\/8.1\/10\/Server, Linux, Android, Chrome<\/p>","protected":false},"featured_media":2545,"template":"","meta":[],"product_brand":[],"product_cat":[65],"product_tag":[],"class_list":{"0":"post-2571","1":"product","2":"type-product","3":"status-publish","4":"has-post-thumbnail","6":"product_cat-others","8":"first","9":"instock","10":"taxable","11":"shipping-taxable","12":"purchasable","13":"product-type-simple"},"yoast_head":"<!-- This site is optimized with the Yoast SEO plugin v27.4 - https:\/\/yoast.com\/product\/yoast-seo-wordpress\/ -->\n<title>Wireless Mouse FR345 - Auction Ahead<\/title>\n<meta name=\"robots\" content=\"index, follow, max-snippet:-1, max-image-preview:large, max-video-preview:-1\" \/>\n<link rel=\"canonical\" href=\"https:\/\/auctionahead.com\/en\/product\/wireless-mouse-fr345\/\" \/>\n<meta property=\"og:locale\" content=\"en_US\" \/>\n<meta property=\"og:type\" content=\"article\" \/>\n<meta property=\"og:title\" content=\"Wireless Mouse FR345 - Auction Ahead\" \/>\n<meta property=\"og:description\" content=\"Reduzca el desorden de cables con el Rat\u00f3n Inal\u00e1mbrico, proporcionando la funcionalidad que necesita en un rat\u00f3n sin cables.  Compatibilidad: Windows 7\/8\/8.1\/10\/Server, Linux, Android, Chrome\" \/>\n<meta property=\"og:url\" content=\"https:\/\/auctionahead.com\/en\/product\/wireless-mouse-fr345\/\" \/>\n<meta property=\"og:site_name\" content=\"Auction Ahead\" \/>\n<meta property=\"article:modified_time\" content=\"2022-04-24T20:07:21+00:00\" \/>\n<meta property=\"og:image\" content=\"https:\/\/auctionahead.com\/wp-content\/uploads\/2022\/04\/MOUSE-BASIC-1.png\" \/>\n\t<meta property=\"og:image:width\" content=\"679\" \/>\n\t<meta property=\"og:image:height\" content=\"679\" \/>\n\t<meta property=\"og:image:type\" content=\"image\/png\" \/>\n<meta name=\"twitter:card\" content=\"summary_large_image\" \/>\n<meta name=\"twitter:label1\" content=\"Est. reading time\" \/>\n\t<meta name=\"twitter:data1\" content=\"1 minute\" \/>\n<script type=\"application\/ld+json\" class=\"yoast-schema-graph\">{\"@context\":\"https:\\\/\\\/schema.org\",\"@graph\":[{\"@type\":\"WebPage\",\"@id\":\"https:\\\/\\\/auctionahead.com\\\/product\\\/wireless-mouse-fr345\\\/\",\"url\":\"https:\\\/\\\/auctionahead.com\\\/product\\\/wireless-mouse-fr345\\\/\",\"name\":\"Wireless Mouse FR345 - Auction Ahead\",\"isPartOf\":{\"@id\":\"https:\\\/\\\/auctionahead.com\\\/#website\"},\"primaryImageOfPage\":{\"@id\":\"https:\\\/\\\/auctionahead.com\\\/product\\\/wireless-mouse-fr345\\\/#primaryimage\"},\"image\":{\"@id\":\"https:\\\/\\\/auctionahead.com\\\/product\\\/wireless-mouse-fr345\\\/#primaryimage\"},\"thumbnailUrl\":\"https:\\\/\\\/auctionahead.com\\\/wp-content\\\/uploads\\\/2022\\\/04\\\/MOUSE-BASIC-1.png\",\"datePublished\":\"2019-08-13T21:13:00+00:00\",\"dateModified\":\"2022-04-24T20:07:21+00:00\",\"breadcrumb\":{\"@id\":\"https:\\\/\\\/auctionahead.com\\\/product\\\/wireless-mouse-fr345\\\/#breadcrumb\"},\"inLanguage\":\"en-US\",\"potentialAction\":[{\"@type\":\"ReadAction\",\"target\":[\"https:\\\/\\\/auctionahead.com\\\/product\\\/wireless-mouse-fr345\\\/\"]}]},{\"@type\":\"ImageObject\",\"inLanguage\":\"en-US\",\"@id\":\"https:\\\/\\\/auctionahead.com\\\/product\\\/wireless-mouse-fr345\\\/#primaryimage\",\"url\":\"https:\\\/\\\/auctionahead.com\\\/wp-content\\\/uploads\\\/2022\\\/04\\\/MOUSE-BASIC-1.png\",\"contentUrl\":\"https:\\\/\\\/auctionahead.com\\\/wp-content\\\/uploads\\\/2022\\\/04\\\/MOUSE-BASIC-1.png\",\"width\":679,\"height\":679,\"caption\":\"Wireless Mouse FR345\"},{\"@type\":\"BreadcrumbList\",\"@id\":\"https:\\\/\\\/auctionahead.com\\\/product\\\/wireless-mouse-fr345\\\/#breadcrumb\",\"itemListElement\":[{\"@type\":\"ListItem\",\"position\":1,\"name\":\"Inicio\",\"item\":\"https:\\\/\\\/auctionahead.com\\\/\"},{\"@type\":\"ListItem\",\"position\":2,\"name\":\"Shop\",\"item\":\"https:\\\/\\\/auctionahead.com\\\/shop\\\/\"},{\"@type\":\"ListItem\",\"position\":3,\"name\":\"Wireless Mouse FR345\"}]},{\"@type\":\"WebSite\",\"@id\":\"https:\\\/\\\/auctionahead.com\\\/#website\",\"url\":\"https:\\\/\\\/auctionahead.com\\\/\",\"name\":\"Auction Ahead\",\"description\":\"Subastas en vivo y tecnolog\u00eda de vanguardia\",\"potentialAction\":[{\"@type\":\"SearchAction\",\"target\":{\"@type\":\"EntryPoint\",\"urlTemplate\":\"https:\\\/\\\/auctionahead.com\\\/?s={search_term_string}\"},\"query-input\":{\"@type\":\"PropertyValueSpecification\",\"valueRequired\":true,\"valueName\":\"search_term_string\"}}],\"inLanguage\":\"en-US\"}]}<\/script>\n<!-- \/ Yoast SEO plugin. -->","yoast_head_json":{"title":"Wireless Mouse FR345 - Auction Ahead","robots":{"index":"index","follow":"follow","max-snippet":"max-snippet:-1","max-image-preview":"max-image-preview:large","max-video-preview":"max-video-preview:-1"},"canonical":"https:\/\/auctionahead.com\/en\/product\/wireless-mouse-fr345\/","og_locale":"en_US","og_type":"article","og_title":"Wireless Mouse FR345 - Auction Ahead","og_description":"Reduzca el desorden de cables con el Rat\u00f3n Inal\u00e1mbrico, proporcionando la funcionalidad que necesita en un rat\u00f3n sin cables.  Compatibilidad: Windows 7\/8\/8.1\/10\/Server, Linux, Android, Chrome","og_url":"https:\/\/auctionahead.com\/en\/product\/wireless-mouse-fr345\/","og_site_name":"Auction Ahead","article_modified_time":"2022-04-24T20:07:21+00:00","og_image":[{"width":679,"height":679,"url":"https:\/\/auctionahead.com\/wp-content\/uploads\/2022\/04\/MOUSE-BASIC-1.png","type":"image\/png"}],"twitter_card":"summary_large_image","twitter_misc":{"Est. reading time":"1 minute"},"schema":{"@context":"https:\/\/schema.org","@graph":[{"@type":"WebPage","@id":"https:\/\/auctionahead.com\/product\/wireless-mouse-fr345\/","url":"https:\/\/auctionahead.com\/product\/wireless-mouse-fr345\/","name":"Wireless Mouse FR345 - Auction Ahead","isPartOf":{"@id":"https:\/\/auctionahead.com\/#website"},"primaryImageOfPage":{"@id":"https:\/\/auctionahead.com\/product\/wireless-mouse-fr345\/#primaryimage"},"image":{"@id":"https:\/\/auctionahead.com\/product\/wireless-mouse-fr345\/#primaryimage"},"thumbnailUrl":"https:\/\/auctionahead.com\/wp-content\/uploads\/2022\/04\/MOUSE-BASIC-1.png","datePublished":"2019-08-13T21:13:00+00:00","dateModified":"2022-04-24T20:07:21+00:00","breadcrumb":{"@id":"https:\/\/auctionahead.com\/product\/wireless-mouse-fr345\/#breadcrumb"},"inLanguage":"en-US","potentialAction":[{"@type":"ReadAction","target":["https:\/\/auctionahead.com\/product\/wireless-mouse-fr345\/"]}]},{"@type":"ImageObject","inLanguage":"en-US","@id":"https:\/\/auctionahead.com\/product\/wireless-mouse-fr345\/#primaryimage","url":"https:\/\/auctionahead.com\/wp-content\/uploads\/2022\/04\/MOUSE-BASIC-1.png","contentUrl":"https:\/\/auctionahead.com\/wp-content\/uploads\/2022\/04\/MOUSE-BASIC-1.png","width":679,"height":679,"caption":"Wireless Mouse FR345"},{"@type":"BreadcrumbList","@id":"https:\/\/auctionahead.com\/product\/wireless-mouse-fr345\/#breadcrumb","itemListElement":[{"@type":"ListItem","position":1,"name":"Inicio","item":"https:\/\/auctionahead.com\/"},{"@type":"ListItem","position":2,"name":"Shop","item":"https:\/\/auctionahead.com\/shop\/"},{"@type":"ListItem","position":3,"name":"Wireless Mouse FR345"}]},{"@type":"WebSite","@id":"https:\/\/auctionahead.com\/#website","url":"https:\/\/auctionahead.com\/","name":"Auction Ahead","description":"Subastas en vivo y tecnolog\u00eda de vanguardia","potentialAction":[{"@type":"SearchAction","target":{"@type":"EntryPoint","urlTemplate":"https:\/\/auctionahead.com\/?s={search_term_string}"},"query-input":{"@type":"PropertyValueSpecification","valueRequired":true,"valueName":"search_term_string"}}],"inLanguage":"en-US"}]}},"_links":{"self":[{"href":"https:\/\/auctionahead.com\/en\/wp-json\/wp\/v2\/product\/2571","targetHints":{"allow":["GET"]}}],"collection":[{"href":"https:\/\/auctionahead.com\/en\/wp-json\/wp\/v2\/product"}],"about":[{"href":"https:\/\/auctionahead.com\/en\/wp-json\/wp\/v2\/types\/product"}],"wp:featuredmedia":[{"embeddable":true,"href":"https:\/\/auctionahead.com\/en\/wp-json\/wp\/v2\/media\/2545"}],"wp:attachment":[{"href":"https:\/\/auctionahead.com\/en\/wp-json\/wp\/v2\/media?parent=2571"}],"wp:term":[{"taxonomy":"product_brand","embeddable":true,"href":"https:\/\/auctionahead.com\/en\/wp-json\/wp\/v2\/product_brand?post=2571"},{"taxonomy":"product_cat","embeddable":true,"href":"https:\/\/auctionahead.com\/en\/wp-json\/wp\/v2\/product_cat?post=2571"},{"taxonomy":"product_tag","embeddable":true,"href":"https:\/\/auctionahead.com\/en\/wp-json\/wp\/v2\/product_tag?post=2571"}],"curies":[{"name":"wp","href":"https:\/\/api.w.org\/{rel}","templated":true}]}}