{"id":2567,"date":"2019-08-13T21:00:44","date_gmt":"2019-08-13T21:00:44","guid":{"rendered":"https:\/\/auctionahead.com\/?post_type=product&#038;p=2567"},"modified":"2022-04-24T20:13:13","modified_gmt":"2022-04-24T20:13:13","slug":"compression-socks-for-men-women-2","status":"publish","type":"product","link":"https:\/\/auctionahead.com\/en\/product\/compression-socks-for-men-women-2\/","title":{"rendered":"Compression Socks for Men &amp; Women"},"content":{"rendered":"<ul class=\"a-unordered-list a-vertical a-spacing-none\">\n<li><span class=\"a-list-item\">MEJORA DE LA CIRCULACI\u00d3N SANGU\u00cdNEA CON COMPRESI\u00d3N GRADUADA &#8211; Nuestra tecnolog\u00eda de compresi\u00f3n graduada (15-20mmHg) proporciona la compresi\u00f3n ideal para proporcionar el m\u00e1ximo impulso a su circulaci\u00f3n sangu\u00ednea. Una mejor circulaci\u00f3n de ox\u00edgeno proporcionada por nuestros calcetines de compresi\u00f3n ayuda a reducir la acumulaci\u00f3n de \u00e1cido l\u00e1ctico y ayuda a la recuperaci\u00f3n muscular en su pantorrilla, tobillo, pies y piernas. \u00bfPor qu\u00e9 dejarse sufrir m\u00e1s tiempo? Deje que nuestros calcetines de compresi\u00f3n le ayuden a promover la recuperaci\u00f3n, reducir las lesiones y sentirse bien de nuevo!<\/span><\/li>\n<li><span class=\"a-list-item\">\u00a0 #1 DISE\u00d1O RECOMENDADO: CONSTRUCCI\u00d3N Y COMODIDAD PREMIUM &#8211; Nuestros calcetines de compresi\u00f3n graduada (15-20 mmHg) son recomendados por los m\u00e9dicos y preferidos por los entrenadores. El tal\u00f3n reforzado\/acolchado y el soporte de los dedos del pie proporcionan una comodidad incomparable. Dise\u00f1amos y fabricamos cuidadosamente nuestros calcetines de compresi\u00f3n para proporcionar un soporte, confort y alivio de primera calidad sin comprometer su movilidad. Las caracter\u00edsticas de la forma, el peso ligero y la tela transpirable mantienen la estabilidad de la articulaci\u00f3n independientemente de la actividad.<\/span><\/li>\n<li><span class=\"a-list-item\">\u00a0 EL MEJOR AJUSTE Y COMODIDAD PARA EL USO ATL\u00c9TICO, DE VIAJE Y DIARIO &#8211; Disponible en 2 tama\u00f1os diferentes para asegurar que usted reciba el apoyo enfocado y el alivio de la fatiga muscular que usted necesita. Dise\u00f1ado con un tejido ligero, duradero y transpirable &#8211; especialmente genial si est\u00e1 de pie durante largos periodos de tiempo. El tejido anti-olor y anti-est\u00e1tico detiene el crecimiento de bacterias y hongos, al mismo tiempo que elimina la humedad y el sudor de sus pies. Desodoriza y te mantiene seco incluso con un uso prolongado.<\/span><\/li>\n<li><span class=\"a-list-item\">GRAN INVERSI\u00d3N PARA TUS PIES (GRAN IDEA DE REGALO TAMBI\u00c9N!) &#8211; Pasamos tanto tiempo de pie y sin embargo tendemos a descuidar nuestros pies\/piernas. \u00bfPor qu\u00e9 conformarse con algo menos que un r\u00e1pido alivio a un gran valor? Y mientras lo hace, tome algunos pares para su familia, amigos o seres queridos como un regalo que es funcional y beneficioso para su salud! Tambi\u00e9n, un gran regalo para los corredores, atletas, entrenamientos f\u00edsicos, caminatas, tenis, ciclismo, trabajadores de oficina, viajeros de avi\u00f3n, o cualquier persona de pie todo el d\u00eda!<\/span><\/li>\n<\/ul>","protected":false},"excerpt":{"rendered":"<div class=\"woocommerce-product-details__short-description\">\n<p><span class=\"a-list-item\">MEJORA DE LA CIRCULACI\u00d3N SANGU\u00cdNEA CON COMPRESI\u00d3N GRADUADA &#8211; Nuestra tecnolog\u00eda de compresi\u00f3n graduada (15-20mmHg) proporciona la compresi\u00f3n ideal para proporcionar el m\u00e1ximo impulso a su circulaci\u00f3n sangu\u00ednea. Una mejor circulaci\u00f3n de ox\u00edgeno proporcionada por nuestros calcetines de compresi\u00f3n ayuda a reducir la acumulaci\u00f3n de \u00e1cido l\u00e1ctico y ayuda a la recuperaci\u00f3n muscular en su pantorrilla, tobillo, pies y piernas. \u00bfPor qu\u00e9 dejarse sufrir m\u00e1s tiempo? Deje que nuestros calcetines de compresi\u00f3n le ayuden a promover la recuperaci\u00f3n, reducir las lesiones y sentirse bien de nuevo!<\/span><\/p>\n<\/div>","protected":false},"featured_media":2493,"template":"","meta":[],"product_brand":[],"product_cat":[67],"product_tag":[],"class_list":{"0":"post-2567","1":"product","2":"type-product","3":"status-publish","4":"has-post-thumbnail","6":"product_cat-clothing","8":"first","9":"instock","10":"taxable","11":"shipping-taxable","12":"purchasable","13":"product-type-simple"},"yoast_head":"<!-- This site is optimized with the Yoast SEO plugin v27.4 - https:\/\/yoast.com\/product\/yoast-seo-wordpress\/ -->\n<title>Calcetines de compresi\u00f3n para hombres y mujeres - Auction Ahead<\/title>\n<meta name=\"robots\" content=\"index, follow, max-snippet:-1, max-image-preview:large, max-video-preview:-1\" \/>\n<link rel=\"canonical\" href=\"https:\/\/auctionahead.com\/en\/product\/compression-socks-for-men-women-2\/\" \/>\n<meta property=\"og:locale\" content=\"en_US\" \/>\n<meta property=\"og:type\" content=\"article\" \/>\n<meta property=\"og:title\" content=\"Calcetines de compresi\u00f3n para hombres y mujeres - Auction Ahead\" \/>\n<meta property=\"og:description\" content=\"MEJORA DE LA CIRCULACI\u00d3N SANGU\u00cdNEA CON COMPRESI\u00d3N GRADUADA - Nuestra tecnolog\u00eda de compresi\u00f3n graduada (15-20mmHg) proporciona la compresi\u00f3n ideal para proporcionar el m\u00e1ximo impulso a su circulaci\u00f3n sangu\u00ednea. Una mejor circulaci\u00f3n de ox\u00edgeno proporcionada por nuestros calcetines de compresi\u00f3n ayuda a reducir la acumulaci\u00f3n de \u00e1cido l\u00e1ctico y ayuda a la recuperaci\u00f3n muscular en su pantorrilla, tobillo, pies y piernas. \u00bfPor qu\u00e9 dejarse sufrir m\u00e1s tiempo? Deje que nuestros calcetines de compresi\u00f3n le ayuden a promover la recuperaci\u00f3n, reducir las lesiones y sentirse bien de nuevo!\" \/>\n<meta property=\"og:url\" content=\"https:\/\/auctionahead.com\/en\/product\/compression-socks-for-men-women-2\/\" \/>\n<meta property=\"og:site_name\" content=\"Auction Ahead\" \/>\n<meta property=\"article:modified_time\" content=\"2022-04-24T20:13:13+00:00\" \/>\n<meta property=\"og:image\" content=\"https:\/\/auctionahead.com\/wp-content\/uploads\/2022\/04\/SOX-LITE-C-1.png\" \/>\n\t<meta property=\"og:image:width\" content=\"679\" \/>\n\t<meta property=\"og:image:height\" content=\"679\" \/>\n\t<meta property=\"og:image:type\" content=\"image\/png\" \/>\n<meta name=\"twitter:card\" content=\"summary_large_image\" \/>\n<meta name=\"twitter:label1\" content=\"Est. reading time\" \/>\n\t<meta name=\"twitter:data1\" content=\"2 minutes\" \/>\n<script type=\"application\/ld+json\" class=\"yoast-schema-graph\">{\"@context\":\"https:\\\/\\\/schema.org\",\"@graph\":[{\"@type\":\"WebPage\",\"@id\":\"https:\\\/\\\/auctionahead.com\\\/product\\\/compression-socks-for-men-women-2\\\/\",\"url\":\"https:\\\/\\\/auctionahead.com\\\/product\\\/compression-socks-for-men-women-2\\\/\",\"name\":\"Calcetines de compresi\u00f3n para hombres y mujeres - Auction Ahead\",\"isPartOf\":{\"@id\":\"https:\\\/\\\/auctionahead.com\\\/#website\"},\"primaryImageOfPage\":{\"@id\":\"https:\\\/\\\/auctionahead.com\\\/product\\\/compression-socks-for-men-women-2\\\/#primaryimage\"},\"image\":{\"@id\":\"https:\\\/\\\/auctionahead.com\\\/product\\\/compression-socks-for-men-women-2\\\/#primaryimage\"},\"thumbnailUrl\":\"https:\\\/\\\/auctionahead.com\\\/wp-content\\\/uploads\\\/2022\\\/04\\\/SOX-LITE-C-1.png\",\"datePublished\":\"2019-08-13T21:00:44+00:00\",\"dateModified\":\"2022-04-24T20:13:13+00:00\",\"breadcrumb\":{\"@id\":\"https:\\\/\\\/auctionahead.com\\\/product\\\/compression-socks-for-men-women-2\\\/#breadcrumb\"},\"inLanguage\":\"en-US\",\"potentialAction\":[{\"@type\":\"ReadAction\",\"target\":[\"https:\\\/\\\/auctionahead.com\\\/product\\\/compression-socks-for-men-women-2\\\/\"]}]},{\"@type\":\"ImageObject\",\"inLanguage\":\"en-US\",\"@id\":\"https:\\\/\\\/auctionahead.com\\\/product\\\/compression-socks-for-men-women-2\\\/#primaryimage\",\"url\":\"https:\\\/\\\/auctionahead.com\\\/wp-content\\\/uploads\\\/2022\\\/04\\\/SOX-LITE-C-1.png\",\"contentUrl\":\"https:\\\/\\\/auctionahead.com\\\/wp-content\\\/uploads\\\/2022\\\/04\\\/SOX-LITE-C-1.png\",\"width\":679,\"height\":679,\"caption\":\"Compression Socks for Men & Women\"},{\"@type\":\"BreadcrumbList\",\"@id\":\"https:\\\/\\\/auctionahead.com\\\/product\\\/compression-socks-for-men-women-2\\\/#breadcrumb\",\"itemListElement\":[{\"@type\":\"ListItem\",\"position\":1,\"name\":\"Inicio\",\"item\":\"https:\\\/\\\/auctionahead.com\\\/\"},{\"@type\":\"ListItem\",\"position\":2,\"name\":\"Shop\",\"item\":\"https:\\\/\\\/auctionahead.com\\\/shop\\\/\"},{\"@type\":\"ListItem\",\"position\":3,\"name\":\"Calcetines de compresi\u00f3n para hombres y mujeres\"}]},{\"@type\":\"WebSite\",\"@id\":\"https:\\\/\\\/auctionahead.com\\\/#website\",\"url\":\"https:\\\/\\\/auctionahead.com\\\/\",\"name\":\"Auction Ahead\",\"description\":\"Subastas en vivo y tecnolog\u00eda de vanguardia\",\"potentialAction\":[{\"@type\":\"SearchAction\",\"target\":{\"@type\":\"EntryPoint\",\"urlTemplate\":\"https:\\\/\\\/auctionahead.com\\\/?s={search_term_string}\"},\"query-input\":{\"@type\":\"PropertyValueSpecification\",\"valueRequired\":true,\"valueName\":\"search_term_string\"}}],\"inLanguage\":\"en-US\"}]}<\/script>\n<!-- \/ Yoast SEO plugin. -->","yoast_head_json":{"title":"Calcetines de compresi\u00f3n para hombres y mujeres - Auction Ahead","robots":{"index":"index","follow":"follow","max-snippet":"max-snippet:-1","max-image-preview":"max-image-preview:large","max-video-preview":"max-video-preview:-1"},"canonical":"https:\/\/auctionahead.com\/en\/product\/compression-socks-for-men-women-2\/","og_locale":"en_US","og_type":"article","og_title":"Calcetines de compresi\u00f3n para hombres y mujeres - Auction Ahead","og_description":"MEJORA DE LA CIRCULACI\u00d3N SANGU\u00cdNEA CON COMPRESI\u00d3N GRADUADA - Nuestra tecnolog\u00eda de compresi\u00f3n graduada (15-20mmHg) proporciona la compresi\u00f3n ideal para proporcionar el m\u00e1ximo impulso a su circulaci\u00f3n sangu\u00ednea. Una mejor circulaci\u00f3n de ox\u00edgeno proporcionada por nuestros calcetines de compresi\u00f3n ayuda a reducir la acumulaci\u00f3n de \u00e1cido l\u00e1ctico y ayuda a la recuperaci\u00f3n muscular en su pantorrilla, tobillo, pies y piernas. \u00bfPor qu\u00e9 dejarse sufrir m\u00e1s tiempo? Deje que nuestros calcetines de compresi\u00f3n le ayuden a promover la recuperaci\u00f3n, reducir las lesiones y sentirse bien de nuevo!","og_url":"https:\/\/auctionahead.com\/en\/product\/compression-socks-for-men-women-2\/","og_site_name":"Auction Ahead","article_modified_time":"2022-04-24T20:13:13+00:00","og_image":[{"width":679,"height":679,"url":"https:\/\/auctionahead.com\/wp-content\/uploads\/2022\/04\/SOX-LITE-C-1.png","type":"image\/png"}],"twitter_card":"summary_large_image","twitter_misc":{"Est. reading time":"2 minutes"},"schema":{"@context":"https:\/\/schema.org","@graph":[{"@type":"WebPage","@id":"https:\/\/auctionahead.com\/product\/compression-socks-for-men-women-2\/","url":"https:\/\/auctionahead.com\/product\/compression-socks-for-men-women-2\/","name":"Calcetines de compresi\u00f3n para hombres y mujeres - Auction Ahead","isPartOf":{"@id":"https:\/\/auctionahead.com\/#website"},"primaryImageOfPage":{"@id":"https:\/\/auctionahead.com\/product\/compression-socks-for-men-women-2\/#primaryimage"},"image":{"@id":"https:\/\/auctionahead.com\/product\/compression-socks-for-men-women-2\/#primaryimage"},"thumbnailUrl":"https:\/\/auctionahead.com\/wp-content\/uploads\/2022\/04\/SOX-LITE-C-1.png","datePublished":"2019-08-13T21:00:44+00:00","dateModified":"2022-04-24T20:13:13+00:00","breadcrumb":{"@id":"https:\/\/auctionahead.com\/product\/compression-socks-for-men-women-2\/#breadcrumb"},"inLanguage":"en-US","potentialAction":[{"@type":"ReadAction","target":["https:\/\/auctionahead.com\/product\/compression-socks-for-men-women-2\/"]}]},{"@type":"ImageObject","inLanguage":"en-US","@id":"https:\/\/auctionahead.com\/product\/compression-socks-for-men-women-2\/#primaryimage","url":"https:\/\/auctionahead.com\/wp-content\/uploads\/2022\/04\/SOX-LITE-C-1.png","contentUrl":"https:\/\/auctionahead.com\/wp-content\/uploads\/2022\/04\/SOX-LITE-C-1.png","width":679,"height":679,"caption":"Compression Socks for Men & Women"},{"@type":"BreadcrumbList","@id":"https:\/\/auctionahead.com\/product\/compression-socks-for-men-women-2\/#breadcrumb","itemListElement":[{"@type":"ListItem","position":1,"name":"Inicio","item":"https:\/\/auctionahead.com\/"},{"@type":"ListItem","position":2,"name":"Shop","item":"https:\/\/auctionahead.com\/shop\/"},{"@type":"ListItem","position":3,"name":"Calcetines de compresi\u00f3n para hombres y mujeres"}]},{"@type":"WebSite","@id":"https:\/\/auctionahead.com\/#website","url":"https:\/\/auctionahead.com\/","name":"Auction Ahead","description":"Subastas en vivo y tecnolog\u00eda de vanguardia","potentialAction":[{"@type":"SearchAction","target":{"@type":"EntryPoint","urlTemplate":"https:\/\/auctionahead.com\/?s={search_term_string}"},"query-input":{"@type":"PropertyValueSpecification","valueRequired":true,"valueName":"search_term_string"}}],"inLanguage":"en-US"}]}},"_links":{"self":[{"href":"https:\/\/auctionahead.com\/en\/wp-json\/wp\/v2\/product\/2567","targetHints":{"allow":["GET"]}}],"collection":[{"href":"https:\/\/auctionahead.com\/en\/wp-json\/wp\/v2\/product"}],"about":[{"href":"https:\/\/auctionahead.com\/en\/wp-json\/wp\/v2\/types\/product"}],"wp:featuredmedia":[{"embeddable":true,"href":"https:\/\/auctionahead.com\/en\/wp-json\/wp\/v2\/media\/2493"}],"wp:attachment":[{"href":"https:\/\/auctionahead.com\/en\/wp-json\/wp\/v2\/media?parent=2567"}],"wp:term":[{"taxonomy":"product_brand","embeddable":true,"href":"https:\/\/auctionahead.com\/en\/wp-json\/wp\/v2\/product_brand?post=2567"},{"taxonomy":"product_cat","embeddable":true,"href":"https:\/\/auctionahead.com\/en\/wp-json\/wp\/v2\/product_cat?post=2567"},{"taxonomy":"product_tag","embeddable":true,"href":"https:\/\/auctionahead.com\/en\/wp-json\/wp\/v2\/product_tag?post=2567"}],"curies":[{"name":"wp","href":"https:\/\/api.w.org\/{rel}","templated":true}]}}