{"id":2528,"date":"2019-08-13T18:24:50","date_gmt":"2019-08-13T18:24:50","guid":{"rendered":"https:\/\/auctionahead.com\/?post_type=product&#038;p=2528"},"modified":"2022-04-24T20:19:48","modified_gmt":"2022-04-24T20:19:48","slug":"mens-sport-smartwatch-3","status":"publish","type":"product","link":"https:\/\/auctionahead.com\/en\/product\/mens-sport-smartwatch-3\/","title":{"rendered":"Men\u2019s Sport Smartwatch"},"content":{"rendered":"<ul>\n<li><span class=\"a-list-item\">Los relojes inteligentes que funcionan con Wear OS de Google funcionan con los tel\u00e9fonos iPhone y Android.<\/span><\/li>\n<li><span class=\"a-list-item\">Ritmo card\u00edaco y seguimiento de la actividad usando Google Fit; GPS incorporado para el seguimiento de la distancia; Dise\u00f1o a prueba de nataci\u00f3n 5ATM; Asistente de Google incorporado &#8211; es tu Google personal, siempre listo para ayudar; Acelera la salida con tu reloj usando Google Pay<\/span><\/li>\n<li><span class=\"a-list-item\">Este es un reloj inteligente: recibe notificaciones y alertas de aplicaciones para tel\u00e9fonos inteligentes, administra tu calendario, controla tu m\u00fasica, descarga aplicaciones de terceros (tus aplicaciones favoritas para compartir viajes o m\u00fasica) y personaliza la esfera de tu reloj; funcionalidad de pantalla t\u00e1ctil, rastreador de estado f\u00edsico incorporado, micr\u00f3fono, almacenamiento y controles de m\u00fasica, ajustes personalizados de objetivos y alarmas, alertas de calendario, m\u00faltiples zonas horarias, clima, linterna LED, sincronizaci\u00f3n inal\u00e1mbrica<\/span><\/li>\n<li><span class=\"a-list-item\">Duraci\u00f3n estimada de la bater\u00eda de 24 horas, basada en el uso m\u00e1s 2 d\u00edas adicionales en el modo de bajo consumo; cargador r\u00e1pido USB magn\u00e9tico incluido; carga hasta el 80% en menos de una hora<\/span><\/li>\n<li><span class=\"a-list-item\">Este ultra-ligero reloj deportivo de 43mm es hasta un 40% m\u00e1s ligero que otros modelos con una caja de aluminio y una banda de silicona. Te permite controlar tu ritmo card\u00edaco, hacer un seguimiento de tu entrenamiento (incluso de la nataci\u00f3n), personalizar tu esfera y mucho m\u00e1s. Tama\u00f1o de la caja: 43mm; Tama\u00f1o de la banda: 22mm; intercambiable con todas las bandas de 22mm; importado<\/span><\/li>\n<\/ul>","protected":false},"excerpt":{"rendered":"<p><span class=\"a-list-item\">Este es un reloj inteligente: recibe notificaciones y alertas de aplicaciones para tel\u00e9fonos inteligentes, administra tu calendario, controla tu m\u00fasica, descarga aplicaciones de terceros (tus aplicaciones favoritas para compartir viajes o m\u00fasica) y personaliza la esfera de tu reloj; funcionalidad de pantalla t\u00e1ctil, rastreador de estado f\u00edsico incorporado, micr\u00f3fono, almacenamiento y controles de m\u00fasica, ajustes personalizados de objetivos y alarmas, alertas de calendario, m\u00faltiples zonas horarias, clima, linterna LED, sincronizaci\u00f3n inal\u00e1mbrica<\/span><span class=\"a-list-item\">Duraci\u00f3n estimada de la bater\u00eda de 24 horas, basada en el uso m\u00e1s 2 d\u00edas adicionales en el modo de bajo consumo; cargador r\u00e1pido USB magn\u00e9tico incluido; carga hasta el 80% en menos de una hora<\/span><\/p>","protected":false},"featured_media":2459,"template":"","meta":[],"product_brand":[],"product_cat":[64],"product_tag":[],"class_list":{"0":"post-2528","1":"product","2":"type-product","3":"status-publish","4":"has-post-thumbnail","6":"product_cat-sports","8":"first","9":"instock","10":"taxable","11":"shipping-taxable","12":"purchasable","13":"product-type-simple"},"yoast_head":"<!-- This site is optimized with the Yoast SEO plugin v27.4 - https:\/\/yoast.com\/product\/yoast-seo-wordpress\/ -->\n<title>Relojes deportivos para hombres - Auction Ahead<\/title>\n<meta name=\"robots\" content=\"index, follow, max-snippet:-1, max-image-preview:large, max-video-preview:-1\" \/>\n<link rel=\"canonical\" href=\"https:\/\/auctionahead.com\/en\/product\/mens-sport-smartwatch-3\/\" \/>\n<meta property=\"og:locale\" content=\"en_US\" \/>\n<meta property=\"og:type\" content=\"article\" \/>\n<meta property=\"og:title\" content=\"Relojes deportivos para hombres - Auction Ahead\" \/>\n<meta property=\"og:description\" content=\"Este es un reloj inteligente: recibe notificaciones y alertas de aplicaciones para tel\u00e9fonos inteligentes, administra tu calendario, controla tu m\u00fasica, descarga aplicaciones de terceros (tus aplicaciones favoritas para compartir viajes o m\u00fasica) y personaliza la esfera de tu reloj; funcionalidad de pantalla t\u00e1ctil, rastreador de estado f\u00edsico incorporado, micr\u00f3fono, almacenamiento y controles de m\u00fasica, ajustes personalizados de objetivos y alarmas, alertas de calendario, m\u00faltiples zonas horarias, clima, linterna LED, sincronizaci\u00f3n inal\u00e1mbricaDuraci\u00f3n estimada de la bater\u00eda de 24 horas, basada en el uso m\u00e1s 2 d\u00edas adicionales en el modo de bajo consumo; cargador r\u00e1pido USB magn\u00e9tico incluido; carga hasta el 80% en menos de una hora\" \/>\n<meta property=\"og:url\" content=\"https:\/\/auctionahead.com\/en\/product\/mens-sport-smartwatch-3\/\" \/>\n<meta property=\"og:site_name\" content=\"Auction Ahead\" \/>\n<meta property=\"article:modified_time\" content=\"2022-04-24T20:19:48+00:00\" \/>\n<meta property=\"og:image\" content=\"https:\/\/auctionahead.com\/wp-content\/uploads\/2022\/04\/smartwatch-sport2.png\" \/>\n\t<meta property=\"og:image:width\" content=\"534\" \/>\n\t<meta property=\"og:image:height\" content=\"383\" \/>\n\t<meta property=\"og:image:type\" content=\"image\/png\" \/>\n<meta name=\"twitter:card\" content=\"summary_large_image\" \/>\n<meta name=\"twitter:label1\" content=\"Est. reading time\" \/>\n\t<meta name=\"twitter:data1\" content=\"1 minute\" \/>\n<script type=\"application\/ld+json\" class=\"yoast-schema-graph\">{\"@context\":\"https:\\\/\\\/schema.org\",\"@graph\":[{\"@type\":\"WebPage\",\"@id\":\"https:\\\/\\\/auctionahead.com\\\/product\\\/mens-sport-smartwatch-3\\\/\",\"url\":\"https:\\\/\\\/auctionahead.com\\\/product\\\/mens-sport-smartwatch-3\\\/\",\"name\":\"Relojes deportivos para hombres - Auction Ahead\",\"isPartOf\":{\"@id\":\"https:\\\/\\\/auctionahead.com\\\/#website\"},\"primaryImageOfPage\":{\"@id\":\"https:\\\/\\\/auctionahead.com\\\/product\\\/mens-sport-smartwatch-3\\\/#primaryimage\"},\"image\":{\"@id\":\"https:\\\/\\\/auctionahead.com\\\/product\\\/mens-sport-smartwatch-3\\\/#primaryimage\"},\"thumbnailUrl\":\"https:\\\/\\\/auctionahead.com\\\/wp-content\\\/uploads\\\/2022\\\/04\\\/smartwatch-sport2.png\",\"datePublished\":\"2019-08-13T18:24:50+00:00\",\"dateModified\":\"2022-04-24T20:19:48+00:00\",\"breadcrumb\":{\"@id\":\"https:\\\/\\\/auctionahead.com\\\/product\\\/mens-sport-smartwatch-3\\\/#breadcrumb\"},\"inLanguage\":\"en-US\",\"potentialAction\":[{\"@type\":\"ReadAction\",\"target\":[\"https:\\\/\\\/auctionahead.com\\\/product\\\/mens-sport-smartwatch-3\\\/\"]}]},{\"@type\":\"ImageObject\",\"inLanguage\":\"en-US\",\"@id\":\"https:\\\/\\\/auctionahead.com\\\/product\\\/mens-sport-smartwatch-3\\\/#primaryimage\",\"url\":\"https:\\\/\\\/auctionahead.com\\\/wp-content\\\/uploads\\\/2022\\\/04\\\/smartwatch-sport2.png\",\"contentUrl\":\"https:\\\/\\\/auctionahead.com\\\/wp-content\\\/uploads\\\/2022\\\/04\\\/smartwatch-sport2.png\",\"width\":534,\"height\":383,\"caption\":\"Men's Sport Smartwatch\"},{\"@type\":\"BreadcrumbList\",\"@id\":\"https:\\\/\\\/auctionahead.com\\\/product\\\/mens-sport-smartwatch-3\\\/#breadcrumb\",\"itemListElement\":[{\"@type\":\"ListItem\",\"position\":1,\"name\":\"Inicio\",\"item\":\"https:\\\/\\\/auctionahead.com\\\/\"},{\"@type\":\"ListItem\",\"position\":2,\"name\":\"Shop\",\"item\":\"https:\\\/\\\/auctionahead.com\\\/shop\\\/\"},{\"@type\":\"ListItem\",\"position\":3,\"name\":\"Relojes deportivos para hombres\"}]},{\"@type\":\"WebSite\",\"@id\":\"https:\\\/\\\/auctionahead.com\\\/#website\",\"url\":\"https:\\\/\\\/auctionahead.com\\\/\",\"name\":\"Auction Ahead\",\"description\":\"Subastas en vivo y tecnolog\u00eda de vanguardia\",\"potentialAction\":[{\"@type\":\"SearchAction\",\"target\":{\"@type\":\"EntryPoint\",\"urlTemplate\":\"https:\\\/\\\/auctionahead.com\\\/?s={search_term_string}\"},\"query-input\":{\"@type\":\"PropertyValueSpecification\",\"valueRequired\":true,\"valueName\":\"search_term_string\"}}],\"inLanguage\":\"en-US\"}]}<\/script>\n<!-- \/ Yoast SEO plugin. -->","yoast_head_json":{"title":"Relojes deportivos para hombres - Auction Ahead","robots":{"index":"index","follow":"follow","max-snippet":"max-snippet:-1","max-image-preview":"max-image-preview:large","max-video-preview":"max-video-preview:-1"},"canonical":"https:\/\/auctionahead.com\/en\/product\/mens-sport-smartwatch-3\/","og_locale":"en_US","og_type":"article","og_title":"Relojes deportivos para hombres - Auction Ahead","og_description":"Este es un reloj inteligente: recibe notificaciones y alertas de aplicaciones para tel\u00e9fonos inteligentes, administra tu calendario, controla tu m\u00fasica, descarga aplicaciones de terceros (tus aplicaciones favoritas para compartir viajes o m\u00fasica) y personaliza la esfera de tu reloj; funcionalidad de pantalla t\u00e1ctil, rastreador de estado f\u00edsico incorporado, micr\u00f3fono, almacenamiento y controles de m\u00fasica, ajustes personalizados de objetivos y alarmas, alertas de calendario, m\u00faltiples zonas horarias, clima, linterna LED, sincronizaci\u00f3n inal\u00e1mbricaDuraci\u00f3n estimada de la bater\u00eda de 24 horas, basada en el uso m\u00e1s 2 d\u00edas adicionales en el modo de bajo consumo; cargador r\u00e1pido USB magn\u00e9tico incluido; carga hasta el 80% en menos de una hora","og_url":"https:\/\/auctionahead.com\/en\/product\/mens-sport-smartwatch-3\/","og_site_name":"Auction Ahead","article_modified_time":"2022-04-24T20:19:48+00:00","og_image":[{"width":534,"height":383,"url":"https:\/\/auctionahead.com\/wp-content\/uploads\/2022\/04\/smartwatch-sport2.png","type":"image\/png"}],"twitter_card":"summary_large_image","twitter_misc":{"Est. reading time":"1 minute"},"schema":{"@context":"https:\/\/schema.org","@graph":[{"@type":"WebPage","@id":"https:\/\/auctionahead.com\/product\/mens-sport-smartwatch-3\/","url":"https:\/\/auctionahead.com\/product\/mens-sport-smartwatch-3\/","name":"Relojes deportivos para hombres - Auction Ahead","isPartOf":{"@id":"https:\/\/auctionahead.com\/#website"},"primaryImageOfPage":{"@id":"https:\/\/auctionahead.com\/product\/mens-sport-smartwatch-3\/#primaryimage"},"image":{"@id":"https:\/\/auctionahead.com\/product\/mens-sport-smartwatch-3\/#primaryimage"},"thumbnailUrl":"https:\/\/auctionahead.com\/wp-content\/uploads\/2022\/04\/smartwatch-sport2.png","datePublished":"2019-08-13T18:24:50+00:00","dateModified":"2022-04-24T20:19:48+00:00","breadcrumb":{"@id":"https:\/\/auctionahead.com\/product\/mens-sport-smartwatch-3\/#breadcrumb"},"inLanguage":"en-US","potentialAction":[{"@type":"ReadAction","target":["https:\/\/auctionahead.com\/product\/mens-sport-smartwatch-3\/"]}]},{"@type":"ImageObject","inLanguage":"en-US","@id":"https:\/\/auctionahead.com\/product\/mens-sport-smartwatch-3\/#primaryimage","url":"https:\/\/auctionahead.com\/wp-content\/uploads\/2022\/04\/smartwatch-sport2.png","contentUrl":"https:\/\/auctionahead.com\/wp-content\/uploads\/2022\/04\/smartwatch-sport2.png","width":534,"height":383,"caption":"Men's Sport Smartwatch"},{"@type":"BreadcrumbList","@id":"https:\/\/auctionahead.com\/product\/mens-sport-smartwatch-3\/#breadcrumb","itemListElement":[{"@type":"ListItem","position":1,"name":"Inicio","item":"https:\/\/auctionahead.com\/"},{"@type":"ListItem","position":2,"name":"Shop","item":"https:\/\/auctionahead.com\/shop\/"},{"@type":"ListItem","position":3,"name":"Relojes deportivos para hombres"}]},{"@type":"WebSite","@id":"https:\/\/auctionahead.com\/#website","url":"https:\/\/auctionahead.com\/","name":"Auction Ahead","description":"Subastas en vivo y tecnolog\u00eda de vanguardia","potentialAction":[{"@type":"SearchAction","target":{"@type":"EntryPoint","urlTemplate":"https:\/\/auctionahead.com\/?s={search_term_string}"},"query-input":{"@type":"PropertyValueSpecification","valueRequired":true,"valueName":"search_term_string"}}],"inLanguage":"en-US"}]}},"_links":{"self":[{"href":"https:\/\/auctionahead.com\/en\/wp-json\/wp\/v2\/product\/2528","targetHints":{"allow":["GET"]}}],"collection":[{"href":"https:\/\/auctionahead.com\/en\/wp-json\/wp\/v2\/product"}],"about":[{"href":"https:\/\/auctionahead.com\/en\/wp-json\/wp\/v2\/types\/product"}],"wp:featuredmedia":[{"embeddable":true,"href":"https:\/\/auctionahead.com\/en\/wp-json\/wp\/v2\/media\/2459"}],"wp:attachment":[{"href":"https:\/\/auctionahead.com\/en\/wp-json\/wp\/v2\/media?parent=2528"}],"wp:term":[{"taxonomy":"product_brand","embeddable":true,"href":"https:\/\/auctionahead.com\/en\/wp-json\/wp\/v2\/product_brand?post=2528"},{"taxonomy":"product_cat","embeddable":true,"href":"https:\/\/auctionahead.com\/en\/wp-json\/wp\/v2\/product_cat?post=2528"},{"taxonomy":"product_tag","embeddable":true,"href":"https:\/\/auctionahead.com\/en\/wp-json\/wp\/v2\/product_tag?post=2528"}],"curies":[{"name":"wp","href":"https:\/\/api.w.org\/{rel}","templated":true}]}}