{"id":2496,"date":"2019-08-13T21:00:07","date_gmt":"2019-08-13T21:00:07","guid":{"rendered":"https:\/\/auctionahead.com\/?post_type=product&#038;p=2496"},"modified":"2022-04-24T20:14:05","modified_gmt":"2022-04-24T20:14:05","slug":"cassida-small-footprint-easy-read-automatic-counterfeit-detector-2","status":"publish","type":"product","link":"https:\/\/auctionahead.com\/en\/product\/cassida-small-footprint-easy-read-automatic-counterfeit-detector-2\/","title":{"rendered":"Cassida Small Footprint Easy Read Automatic Counterfeit Detector"},"content":{"rendered":"<div class=\"electro-description clearfix\">\n<p>\u00a1Comprueba instant\u00e1neamente la autenticidad de un billete con el Cassida InstaCheck! El InstaCheck utiliza sensores infrarrojos avanzados y una amplia base de datos de marcas de billetes mapeadas con infrarrojos, magn\u00e9ticos y ultravioletas para verificar si el dinero es leg\u00edtimo o falso. La verificaci\u00f3n de las marcas de seguridad infrarrojas de un billete es la protecci\u00f3n anti-falsificaci\u00f3n m\u00e1s fiable disponible en papel moneda, \u00a1mucho m\u00e1s fiable que intentar comprobar las marcas de agua con un bol\u00edgrafo o con luz ultravioleta! La simple interfaz PASS\/FAIL proporciona una respuesta clara y r\u00e1pida sobre la autenticidad de un billete. Simplemente inserte la moneda en cuesti\u00f3n en el InstaCheck en la direcci\u00f3n ilustrada en la m\u00e1quina (boca arriba, mirando hacia afuera). El InstaCheck se encargar\u00e1 del resto! El InstaCheck est\u00e1 respaldado por un equipo de apoyo de un a\u00f1o y de Cassida, con sede en los Estados Unidos. Si cuenta con dinero en efectivo para su negocio, cuente con la marca n\u00famero uno de Am\u00e9rica en soluciones de manejo de moneda de grado empresarial: \u00a1Cassida!<\/p>\n<\/div>","protected":false},"excerpt":{"rendered":"<ul class=\"a-unordered-list a-vertical a-spacing-none\">\n<li><span class=\"a-list-item\">R\u00e1pido y concluyente: confirmar la autenticidad de un proyecto de ley en menos de un segundo con una clara indicaci\u00f3n de &#8220;Aprobado&#8221; o &#8220;Fallido&#8221;.<\/span><\/li>\n<li><span class=\"a-list-item\">Detecci\u00f3n avanzada de falsificaciones: escanea el dinero y hace referencias cruzadas a una amplia base de datos de marcas infrarrojas, magn\u00e9ticas y ultravioletas para confirmar la autenticidad<\/span><\/li>\n<li><span class=\"a-list-item\">La soluci\u00f3n de detecci\u00f3n de falsificaciones m\u00e1s asequible que ofrece la marca n\u00famero uno de Am\u00e9rica en el manejo de dinero en efectivo &#8211; \u00a1Cassida!<\/span><\/li>\n<li><span class=\"a-list-item\">Compacta y ligera, la InstaCheck cabe en cualquier lugar donde la autenticidad del efectivo deba ser verificada.<\/span><\/li>\n<li><span class=\"a-list-item\">Con el respaldo de un a\u00f1o y un \u00fatil equipo de apoyo con base en los Estados Unidos<\/span><\/li>\n<li><span class=\"a-list-item\">Nota: No incluye la bater\u00eda extra\u00edble.<\/span><\/li>\n<\/ul>","protected":false},"featured_media":2497,"template":"","meta":[],"product_brand":[],"product_cat":[66],"product_tag":[],"class_list":{"0":"post-2496","1":"product","2":"type-product","3":"status-publish","4":"has-post-thumbnail","6":"product_cat-office","8":"first","9":"instock","10":"featured","11":"taxable","12":"shipping-taxable","13":"purchasable","14":"product-type-simple"},"yoast_head":"<!-- This site is optimized with the Yoast SEO plugin v27.4 - https:\/\/yoast.com\/product\/yoast-seo-wordpress\/ -->\n<title>Detector autom\u00e1tico de billetes falsos de f\u00e1cil lectura Cassida Small Footprint - Auction Ahead<\/title>\n<meta name=\"robots\" content=\"index, follow, max-snippet:-1, max-image-preview:large, max-video-preview:-1\" \/>\n<link rel=\"canonical\" href=\"https:\/\/auctionahead.com\/en\/product\/cassida-small-footprint-easy-read-automatic-counterfeit-detector-2\/\" \/>\n<meta property=\"og:locale\" content=\"en_US\" \/>\n<meta property=\"og:type\" content=\"article\" \/>\n<meta property=\"og:title\" content=\"Detector autom\u00e1tico de billetes falsos de f\u00e1cil lectura Cassida Small Footprint - Auction Ahead\" \/>\n<meta property=\"og:description\" content=\"R\u00e1pido y concluyente: confirmar la autenticidad de un proyecto de ley en menos de un segundo con una clara indicaci\u00f3n de &quot;Aprobado&quot; o &quot;Fallido&quot;.  Detecci\u00f3n avanzada de falsificaciones: escanea el dinero y hace referencias cruzadas a una amplia base de datos de marcas infrarrojas, magn\u00e9ticas y ultravioletas para confirmar la autenticidad  La soluci\u00f3n de detecci\u00f3n de falsificaciones m\u00e1s asequible que ofrece la marca n\u00famero uno de Am\u00e9rica en el manejo de dinero en efectivo - \u00a1Cassida!  Compacta y ligera, la InstaCheck cabe en cualquier lugar donde la autenticidad del efectivo deba ser verificada.  Con el respaldo de un a\u00f1o y un \u00fatil equipo de apoyo con base en los Estados Unidos  Nota: No incluye la bater\u00eda extra\u00edble.\" \/>\n<meta property=\"og:url\" content=\"https:\/\/auctionahead.com\/en\/product\/cassida-small-footprint-easy-read-automatic-counterfeit-detector-2\/\" \/>\n<meta property=\"og:site_name\" content=\"Auction Ahead\" \/>\n<meta property=\"article:modified_time\" content=\"2022-04-24T20:14:05+00:00\" \/>\n<meta property=\"og:image\" content=\"https:\/\/auctionahead.com\/wp-content\/uploads\/2022\/04\/91yVlke7duL._SL1500_-1.jpg\" \/>\n\t<meta property=\"og:image:width\" content=\"1459\" \/>\n\t<meta property=\"og:image:height\" content=\"1500\" \/>\n\t<meta property=\"og:image:type\" content=\"image\/jpeg\" \/>\n<meta name=\"twitter:card\" content=\"summary_large_image\" \/>\n<meta name=\"twitter:label1\" content=\"Est. reading time\" \/>\n\t<meta name=\"twitter:data1\" content=\"1 minute\" \/>\n<script type=\"application\/ld+json\" class=\"yoast-schema-graph\">{\"@context\":\"https:\\\/\\\/schema.org\",\"@graph\":[{\"@type\":\"WebPage\",\"@id\":\"https:\\\/\\\/auctionahead.com\\\/product\\\/cassida-small-footprint-easy-read-automatic-counterfeit-detector-2\\\/\",\"url\":\"https:\\\/\\\/auctionahead.com\\\/product\\\/cassida-small-footprint-easy-read-automatic-counterfeit-detector-2\\\/\",\"name\":\"Detector autom\u00e1tico de billetes falsos de f\u00e1cil lectura Cassida Small Footprint - Auction Ahead\",\"isPartOf\":{\"@id\":\"https:\\\/\\\/auctionahead.com\\\/#website\"},\"primaryImageOfPage\":{\"@id\":\"https:\\\/\\\/auctionahead.com\\\/product\\\/cassida-small-footprint-easy-read-automatic-counterfeit-detector-2\\\/#primaryimage\"},\"image\":{\"@id\":\"https:\\\/\\\/auctionahead.com\\\/product\\\/cassida-small-footprint-easy-read-automatic-counterfeit-detector-2\\\/#primaryimage\"},\"thumbnailUrl\":\"https:\\\/\\\/auctionahead.com\\\/wp-content\\\/uploads\\\/2022\\\/04\\\/91yVlke7duL._SL1500_-1.jpg\",\"datePublished\":\"2019-08-13T21:00:07+00:00\",\"dateModified\":\"2022-04-24T20:14:05+00:00\",\"breadcrumb\":{\"@id\":\"https:\\\/\\\/auctionahead.com\\\/product\\\/cassida-small-footprint-easy-read-automatic-counterfeit-detector-2\\\/#breadcrumb\"},\"inLanguage\":\"en-US\",\"potentialAction\":[{\"@type\":\"ReadAction\",\"target\":[\"https:\\\/\\\/auctionahead.com\\\/product\\\/cassida-small-footprint-easy-read-automatic-counterfeit-detector-2\\\/\"]}]},{\"@type\":\"ImageObject\",\"inLanguage\":\"en-US\",\"@id\":\"https:\\\/\\\/auctionahead.com\\\/product\\\/cassida-small-footprint-easy-read-automatic-counterfeit-detector-2\\\/#primaryimage\",\"url\":\"https:\\\/\\\/auctionahead.com\\\/wp-content\\\/uploads\\\/2022\\\/04\\\/91yVlke7duL._SL1500_-1.jpg\",\"contentUrl\":\"https:\\\/\\\/auctionahead.com\\\/wp-content\\\/uploads\\\/2022\\\/04\\\/91yVlke7duL._SL1500_-1.jpg\",\"width\":1459,\"height\":1500,\"caption\":\"Cassida Small Footprint Easy Read Automatic Counterfeit Detector\"},{\"@type\":\"BreadcrumbList\",\"@id\":\"https:\\\/\\\/auctionahead.com\\\/product\\\/cassida-small-footprint-easy-read-automatic-counterfeit-detector-2\\\/#breadcrumb\",\"itemListElement\":[{\"@type\":\"ListItem\",\"position\":1,\"name\":\"Inicio\",\"item\":\"https:\\\/\\\/auctionahead.com\\\/\"},{\"@type\":\"ListItem\",\"position\":2,\"name\":\"Shop\",\"item\":\"https:\\\/\\\/auctionahead.com\\\/shop\\\/\"},{\"@type\":\"ListItem\",\"position\":3,\"name\":\"Detector autom\u00e1tico de billetes falsos de f\u00e1cil lectura Cassida Small Footprint\"}]},{\"@type\":\"WebSite\",\"@id\":\"https:\\\/\\\/auctionahead.com\\\/#website\",\"url\":\"https:\\\/\\\/auctionahead.com\\\/\",\"name\":\"Auction Ahead\",\"description\":\"Subastas en vivo y tecnolog\u00eda de vanguardia\",\"potentialAction\":[{\"@type\":\"SearchAction\",\"target\":{\"@type\":\"EntryPoint\",\"urlTemplate\":\"https:\\\/\\\/auctionahead.com\\\/?s={search_term_string}\"},\"query-input\":{\"@type\":\"PropertyValueSpecification\",\"valueRequired\":true,\"valueName\":\"search_term_string\"}}],\"inLanguage\":\"en-US\"}]}<\/script>\n<!-- \/ Yoast SEO plugin. -->","yoast_head_json":{"title":"Detector autom\u00e1tico de billetes falsos de f\u00e1cil lectura Cassida Small Footprint - Auction Ahead","robots":{"index":"index","follow":"follow","max-snippet":"max-snippet:-1","max-image-preview":"max-image-preview:large","max-video-preview":"max-video-preview:-1"},"canonical":"https:\/\/auctionahead.com\/en\/product\/cassida-small-footprint-easy-read-automatic-counterfeit-detector-2\/","og_locale":"en_US","og_type":"article","og_title":"Detector autom\u00e1tico de billetes falsos de f\u00e1cil lectura Cassida Small Footprint - Auction Ahead","og_description":"R\u00e1pido y concluyente: confirmar la autenticidad de un proyecto de ley en menos de un segundo con una clara indicaci\u00f3n de \"Aprobado\" o \"Fallido\".  Detecci\u00f3n avanzada de falsificaciones: escanea el dinero y hace referencias cruzadas a una amplia base de datos de marcas infrarrojas, magn\u00e9ticas y ultravioletas para confirmar la autenticidad  La soluci\u00f3n de detecci\u00f3n de falsificaciones m\u00e1s asequible que ofrece la marca n\u00famero uno de Am\u00e9rica en el manejo de dinero en efectivo - \u00a1Cassida!  Compacta y ligera, la InstaCheck cabe en cualquier lugar donde la autenticidad del efectivo deba ser verificada.  Con el respaldo de un a\u00f1o y un \u00fatil equipo de apoyo con base en los Estados Unidos  Nota: No incluye la bater\u00eda extra\u00edble.","og_url":"https:\/\/auctionahead.com\/en\/product\/cassida-small-footprint-easy-read-automatic-counterfeit-detector-2\/","og_site_name":"Auction Ahead","article_modified_time":"2022-04-24T20:14:05+00:00","og_image":[{"width":1459,"height":1500,"url":"https:\/\/auctionahead.com\/wp-content\/uploads\/2022\/04\/91yVlke7duL._SL1500_-1.jpg","type":"image\/jpeg"}],"twitter_card":"summary_large_image","twitter_misc":{"Est. reading time":"1 minute"},"schema":{"@context":"https:\/\/schema.org","@graph":[{"@type":"WebPage","@id":"https:\/\/auctionahead.com\/product\/cassida-small-footprint-easy-read-automatic-counterfeit-detector-2\/","url":"https:\/\/auctionahead.com\/product\/cassida-small-footprint-easy-read-automatic-counterfeit-detector-2\/","name":"Detector autom\u00e1tico de billetes falsos de f\u00e1cil lectura Cassida Small Footprint - Auction Ahead","isPartOf":{"@id":"https:\/\/auctionahead.com\/#website"},"primaryImageOfPage":{"@id":"https:\/\/auctionahead.com\/product\/cassida-small-footprint-easy-read-automatic-counterfeit-detector-2\/#primaryimage"},"image":{"@id":"https:\/\/auctionahead.com\/product\/cassida-small-footprint-easy-read-automatic-counterfeit-detector-2\/#primaryimage"},"thumbnailUrl":"https:\/\/auctionahead.com\/wp-content\/uploads\/2022\/04\/91yVlke7duL._SL1500_-1.jpg","datePublished":"2019-08-13T21:00:07+00:00","dateModified":"2022-04-24T20:14:05+00:00","breadcrumb":{"@id":"https:\/\/auctionahead.com\/product\/cassida-small-footprint-easy-read-automatic-counterfeit-detector-2\/#breadcrumb"},"inLanguage":"en-US","potentialAction":[{"@type":"ReadAction","target":["https:\/\/auctionahead.com\/product\/cassida-small-footprint-easy-read-automatic-counterfeit-detector-2\/"]}]},{"@type":"ImageObject","inLanguage":"en-US","@id":"https:\/\/auctionahead.com\/product\/cassida-small-footprint-easy-read-automatic-counterfeit-detector-2\/#primaryimage","url":"https:\/\/auctionahead.com\/wp-content\/uploads\/2022\/04\/91yVlke7duL._SL1500_-1.jpg","contentUrl":"https:\/\/auctionahead.com\/wp-content\/uploads\/2022\/04\/91yVlke7duL._SL1500_-1.jpg","width":1459,"height":1500,"caption":"Cassida Small Footprint Easy Read Automatic Counterfeit Detector"},{"@type":"BreadcrumbList","@id":"https:\/\/auctionahead.com\/product\/cassida-small-footprint-easy-read-automatic-counterfeit-detector-2\/#breadcrumb","itemListElement":[{"@type":"ListItem","position":1,"name":"Inicio","item":"https:\/\/auctionahead.com\/"},{"@type":"ListItem","position":2,"name":"Shop","item":"https:\/\/auctionahead.com\/shop\/"},{"@type":"ListItem","position":3,"name":"Detector autom\u00e1tico de billetes falsos de f\u00e1cil lectura Cassida Small Footprint"}]},{"@type":"WebSite","@id":"https:\/\/auctionahead.com\/#website","url":"https:\/\/auctionahead.com\/","name":"Auction Ahead","description":"Subastas en vivo y tecnolog\u00eda de vanguardia","potentialAction":[{"@type":"SearchAction","target":{"@type":"EntryPoint","urlTemplate":"https:\/\/auctionahead.com\/?s={search_term_string}"},"query-input":{"@type":"PropertyValueSpecification","valueRequired":true,"valueName":"search_term_string"}}],"inLanguage":"en-US"}]}},"_links":{"self":[{"href":"https:\/\/auctionahead.com\/en\/wp-json\/wp\/v2\/product\/2496","targetHints":{"allow":["GET"]}}],"collection":[{"href":"https:\/\/auctionahead.com\/en\/wp-json\/wp\/v2\/product"}],"about":[{"href":"https:\/\/auctionahead.com\/en\/wp-json\/wp\/v2\/types\/product"}],"wp:featuredmedia":[{"embeddable":true,"href":"https:\/\/auctionahead.com\/en\/wp-json\/wp\/v2\/media\/2497"}],"wp:attachment":[{"href":"https:\/\/auctionahead.com\/en\/wp-json\/wp\/v2\/media?parent=2496"}],"wp:term":[{"taxonomy":"product_brand","embeddable":true,"href":"https:\/\/auctionahead.com\/en\/wp-json\/wp\/v2\/product_brand?post=2496"},{"taxonomy":"product_cat","embeddable":true,"href":"https:\/\/auctionahead.com\/en\/wp-json\/wp\/v2\/product_cat?post=2496"},{"taxonomy":"product_tag","embeddable":true,"href":"https:\/\/auctionahead.com\/en\/wp-json\/wp\/v2\/product_tag?post=2496"}],"curies":[{"name":"wp","href":"https:\/\/api.w.org\/{rel}","templated":true}]}}