{"id":2478,"date":"2019-08-13T20:51:35","date_gmt":"2019-08-13T20:51:35","guid":{"rendered":"https:\/\/auctionahead.com\/?post_type=product&#038;p=2478"},"modified":"2022-04-24T20:16:03","modified_gmt":"2022-04-24T20:16:03","slug":"plastic-clipboard-a4-letter-size","status":"publish","type":"product","link":"https:\/\/auctionahead.com\/en\/product\/plastic-clipboard-a4-letter-size\/","title":{"rendered":"Plastic Clipboard A4 Letter Size"},"content":{"rendered":"<p><b>\u00a1El mejor material de oficina que te mereces!<\/b><\/p>\n<p><b>Con todas las caracter\u00edsticas y f\u00e1cil de usar<\/b><br \/>\nCada pieza del portapapeles est\u00e1 hecha de materias primas de alta calidad y est\u00e1 cuidadosamente elaborada con tecnolog\u00eda de procesamiento avanzada.<\/p>\n<p>Resistente, dif\u00edcil de doblar y romper, colorido, cada uno de ellos en colores azul, verde y transparente, adecuado para las aulas de la escuela, oficinas de negocios y otros lugares donde se necesita clasificar una gran cantidad de papel.<\/p>\n<p>Clips y muelles de metal pulido de alta calidad, duraderos, que sostienen hasta 100 hojas de papel, suficiente para la mayor\u00eda de las personas<\/p>\n<p>Los bordes lisos de la superficie lisa no rayar\u00e1n el papel, ni causar\u00e1n da\u00f1o al cuerpo humano, lo que le dar\u00e1 una excelente experiencia de escritura.<\/p>\n<p>Considerando las necesidades de algunos usuarios, tenemos dos reglas de medida a ambos lados del portapapeles. Cuando necesitas medir algo, puedes usarlo para obtener los datos que necesitas con precisi\u00f3n. Nuestro dise\u00f1o est\u00e1 pensado para mejorar la experiencia del usuario y esperamos que esto le satisfaga.<\/p>\n<p><b>Tama\u00f1o: 9\u00d712.5\u00d70.07 pulgadas,Tama\u00f1o de la letra<\/b><br \/>\n<b>Material: Pl\u00e1stico<\/b><br \/>\n<b>Color: Azul, verde, transparente<\/b><\/p>\n<p><b>About us<\/b><br \/>\nHemos estado fabricando durante muchos a\u00f1os, con una tecnolog\u00eda de fabricaci\u00f3n madura y un estricto control de calidad. Nuestros productos est\u00e1n respaldados por una garant\u00eda de 12 meses. Si tiene alguna pregunta, no dude en contactarnos y le ayudaremos con su problema lo antes posible.<\/p>","protected":false},"excerpt":{"rendered":"<ul>\n<li><span class=\"a-list-item\">Portapapeles resistente Algunos otros portapapeles de pl\u00e1stico inferior son fr\u00e1giles y pueden doblarse y romperse f\u00e1cilmente durante su uso. Sin embargo, nuestro portapapeles utiliza materias primas de alta calidad, que son muy fuertes, no son f\u00e1ciles de romper y tienen bordes lisos y redondeados. Puede adaptarse a una variedad de diferentes entornos de escritura y es duradero, lo que le proporciona una experiencia de escritura superior. Creo que lo que necesitas es un portapapeles que pueda acompa\u00f1arte durante muchos a\u00f1os!<br \/>\n<\/span><\/li>\n<li><span class=\"a-list-item\">Elecci\u00f3n \u00fanica Nuestro portapapeles es colorido y el paquete surtido contiene dos portapapeles azules, dos verdes y dos transparentes. Introduciremos una gama m\u00e1s amplia de productos en el futuro. \u00a1Siempre hay un color que te gusta! Adem\u00e1s, tenemos dos reglas de diferentes unidades de medida a ambos lados del portapapeles para satisfacer sus necesidades.<\/span><\/li>\n<li><span class=\"a-list-item\">Clip resistente Clips y muelles de alta calidad pueden sujetar eficazmente el papel, y las almohadillas de goma de las esquinas tienen un fuerte agarre. Puede sostener hasta 80-100 hojas de papel.<\/span><\/li>\n<li><span class=\"a-list-item\">F\u00e1cil de llevar y colgar El portapapeles mide 9\u2033 x 12.5\u2033, tama\u00f1o carta y es f\u00e1cil de llevar y f\u00e1cil de organizar. La parte superior tiene un lazo retr\u00e1ctil que puede ser guardado cuando no se usa.<\/span><\/li>\n<li><span class=\"a-list-item\">Garant\u00eda y soporte t\u00e9cnico Le proporcionaremos un completo servicio postventa, este producto tiene una garant\u00eda limitada de 12 meses, si tiene alguna pregunta, p\u00f3ngase en contacto con nosotros de forma gratuita, se la resolveremos lo antes posible.<\/span><\/li>\n<\/ul>","protected":false},"featured_media":2479,"template":"","meta":[],"product_brand":[],"product_cat":[66],"product_tag":[],"class_list":{"0":"post-2478","1":"product","2":"type-product","3":"status-publish","4":"has-post-thumbnail","6":"product_cat-office","8":"first","9":"instock","10":"featured","11":"taxable","12":"shipping-taxable","13":"purchasable","14":"product-type-simple"},"yoast_head":"<!-- This site is optimized with the Yoast SEO plugin v27.4 - https:\/\/yoast.com\/product\/yoast-seo-wordpress\/ -->\n<title>Portapapeles de pl\u00e1stico A4 Tama\u00f1o carta - Auction Ahead<\/title>\n<meta name=\"robots\" content=\"index, follow, max-snippet:-1, max-image-preview:large, max-video-preview:-1\" \/>\n<link rel=\"canonical\" href=\"https:\/\/auctionahead.com\/en\/product\/plastic-clipboard-a4-letter-size\/\" \/>\n<meta property=\"og:locale\" content=\"en_US\" \/>\n<meta property=\"og:type\" content=\"article\" \/>\n<meta property=\"og:title\" content=\"Portapapeles de pl\u00e1stico A4 Tama\u00f1o carta - Auction Ahead\" \/>\n<meta property=\"og:description\" content=\"Portapapeles resistente Algunos otros portapapeles de pl\u00e1stico inferior son fr\u00e1giles y pueden doblarse y romperse f\u00e1cilmente durante su uso. Sin embargo, nuestro portapapeles utiliza materias primas de alta calidad, que son muy fuertes, no son f\u00e1ciles de romper y tienen bordes lisos y redondeados. Puede adaptarse a una variedad de diferentes entornos de escritura y es duradero, lo que le proporciona una experiencia de escritura superior. Creo que lo que necesitas es un portapapeles que pueda acompa\u00f1arte durante muchos a\u00f1os!   Elecci\u00f3n \u00fanica Nuestro portapapeles es colorido y el paquete surtido contiene dos portapapeles azules, dos verdes y dos transparentes. Introduciremos una gama m\u00e1s amplia de productos en el futuro. \u00a1Siempre hay un color que te gusta! Adem\u00e1s, tenemos dos reglas de diferentes unidades de medida a ambos lados del portapapeles para satisfacer sus necesidades.  Clip resistente Clips y muelles de alta calidad pueden sujetar eficazmente el papel, y las almohadillas de goma de las esquinas tienen un fuerte agarre. Puede sostener hasta 80-100 hojas de papel.  F\u00e1cil de llevar y colgar El portapapeles mide 9\u2033 x 12.5\u2033, tama\u00f1o carta y es f\u00e1cil de llevar y f\u00e1cil de organizar. La parte superior tiene un lazo retr\u00e1ctil que puede ser guardado cuando no se usa.  Garant\u00eda y soporte t\u00e9cnico Le proporcionaremos un completo servicio postventa, este producto tiene una garant\u00eda limitada de 12 meses, si tiene alguna pregunta, p\u00f3ngase en contacto con nosotros de forma gratuita, se la resolveremos lo antes posible.\" \/>\n<meta property=\"og:url\" content=\"https:\/\/auctionahead.com\/en\/product\/plastic-clipboard-a4-letter-size\/\" \/>\n<meta property=\"og:site_name\" content=\"Auction Ahead\" \/>\n<meta property=\"article:modified_time\" content=\"2022-04-24T20:16:03+00:00\" \/>\n<meta property=\"og:image\" content=\"https:\/\/auctionahead.com\/wp-content\/uploads\/2022\/04\/61wavkkJ9cL._SL1500_.jpg\" \/>\n\t<meta property=\"og:image:width\" content=\"1500\" \/>\n\t<meta property=\"og:image:height\" content=\"1500\" \/>\n\t<meta property=\"og:image:type\" content=\"image\/jpeg\" \/>\n<meta name=\"twitter:card\" content=\"summary_large_image\" \/>\n<meta name=\"twitter:label1\" content=\"Est. reading time\" \/>\n\t<meta name=\"twitter:data1\" content=\"1 minute\" \/>\n<script type=\"application\/ld+json\" class=\"yoast-schema-graph\">{\"@context\":\"https:\\\/\\\/schema.org\",\"@graph\":[{\"@type\":\"WebPage\",\"@id\":\"https:\\\/\\\/auctionahead.com\\\/product\\\/plastic-clipboard-a4-letter-size\\\/\",\"url\":\"https:\\\/\\\/auctionahead.com\\\/product\\\/plastic-clipboard-a4-letter-size\\\/\",\"name\":\"Portapapeles de pl\u00e1stico A4 Tama\u00f1o carta - Auction Ahead\",\"isPartOf\":{\"@id\":\"https:\\\/\\\/auctionahead.com\\\/#website\"},\"primaryImageOfPage\":{\"@id\":\"https:\\\/\\\/auctionahead.com\\\/product\\\/plastic-clipboard-a4-letter-size\\\/#primaryimage\"},\"image\":{\"@id\":\"https:\\\/\\\/auctionahead.com\\\/product\\\/plastic-clipboard-a4-letter-size\\\/#primaryimage\"},\"thumbnailUrl\":\"https:\\\/\\\/auctionahead.com\\\/wp-content\\\/uploads\\\/2022\\\/04\\\/61wavkkJ9cL._SL1500_.jpg\",\"datePublished\":\"2019-08-13T20:51:35+00:00\",\"dateModified\":\"2022-04-24T20:16:03+00:00\",\"breadcrumb\":{\"@id\":\"https:\\\/\\\/auctionahead.com\\\/product\\\/plastic-clipboard-a4-letter-size\\\/#breadcrumb\"},\"inLanguage\":\"en-US\",\"potentialAction\":[{\"@type\":\"ReadAction\",\"target\":[\"https:\\\/\\\/auctionahead.com\\\/product\\\/plastic-clipboard-a4-letter-size\\\/\"]}]},{\"@type\":\"ImageObject\",\"inLanguage\":\"en-US\",\"@id\":\"https:\\\/\\\/auctionahead.com\\\/product\\\/plastic-clipboard-a4-letter-size\\\/#primaryimage\",\"url\":\"https:\\\/\\\/auctionahead.com\\\/wp-content\\\/uploads\\\/2022\\\/04\\\/61wavkkJ9cL._SL1500_.jpg\",\"contentUrl\":\"https:\\\/\\\/auctionahead.com\\\/wp-content\\\/uploads\\\/2022\\\/04\\\/61wavkkJ9cL._SL1500_.jpg\",\"width\":1500,\"height\":1500,\"caption\":\"Plastic Clipboard A4 Letter Size\"},{\"@type\":\"BreadcrumbList\",\"@id\":\"https:\\\/\\\/auctionahead.com\\\/product\\\/plastic-clipboard-a4-letter-size\\\/#breadcrumb\",\"itemListElement\":[{\"@type\":\"ListItem\",\"position\":1,\"name\":\"Inicio\",\"item\":\"https:\\\/\\\/auctionahead.com\\\/\"},{\"@type\":\"ListItem\",\"position\":2,\"name\":\"Shop\",\"item\":\"https:\\\/\\\/auctionahead.com\\\/shop\\\/\"},{\"@type\":\"ListItem\",\"position\":3,\"name\":\"Portapapeles de pl\u00e1stico A4 Tama\u00f1o carta\"}]},{\"@type\":\"WebSite\",\"@id\":\"https:\\\/\\\/auctionahead.com\\\/#website\",\"url\":\"https:\\\/\\\/auctionahead.com\\\/\",\"name\":\"Auction Ahead\",\"description\":\"Subastas en vivo y tecnolog\u00eda de vanguardia\",\"potentialAction\":[{\"@type\":\"SearchAction\",\"target\":{\"@type\":\"EntryPoint\",\"urlTemplate\":\"https:\\\/\\\/auctionahead.com\\\/?s={search_term_string}\"},\"query-input\":{\"@type\":\"PropertyValueSpecification\",\"valueRequired\":true,\"valueName\":\"search_term_string\"}}],\"inLanguage\":\"en-US\"}]}<\/script>\n<!-- \/ Yoast SEO plugin. -->","yoast_head_json":{"title":"Portapapeles de pl\u00e1stico A4 Tama\u00f1o carta - Auction Ahead","robots":{"index":"index","follow":"follow","max-snippet":"max-snippet:-1","max-image-preview":"max-image-preview:large","max-video-preview":"max-video-preview:-1"},"canonical":"https:\/\/auctionahead.com\/en\/product\/plastic-clipboard-a4-letter-size\/","og_locale":"en_US","og_type":"article","og_title":"Portapapeles de pl\u00e1stico A4 Tama\u00f1o carta - Auction Ahead","og_description":"Portapapeles resistente Algunos otros portapapeles de pl\u00e1stico inferior son fr\u00e1giles y pueden doblarse y romperse f\u00e1cilmente durante su uso. Sin embargo, nuestro portapapeles utiliza materias primas de alta calidad, que son muy fuertes, no son f\u00e1ciles de romper y tienen bordes lisos y redondeados. Puede adaptarse a una variedad de diferentes entornos de escritura y es duradero, lo que le proporciona una experiencia de escritura superior. Creo que lo que necesitas es un portapapeles que pueda acompa\u00f1arte durante muchos a\u00f1os!   Elecci\u00f3n \u00fanica Nuestro portapapeles es colorido y el paquete surtido contiene dos portapapeles azules, dos verdes y dos transparentes. Introduciremos una gama m\u00e1s amplia de productos en el futuro. \u00a1Siempre hay un color que te gusta! Adem\u00e1s, tenemos dos reglas de diferentes unidades de medida a ambos lados del portapapeles para satisfacer sus necesidades.  Clip resistente Clips y muelles de alta calidad pueden sujetar eficazmente el papel, y las almohadillas de goma de las esquinas tienen un fuerte agarre. Puede sostener hasta 80-100 hojas de papel.  F\u00e1cil de llevar y colgar El portapapeles mide 9\u2033 x 12.5\u2033, tama\u00f1o carta y es f\u00e1cil de llevar y f\u00e1cil de organizar. La parte superior tiene un lazo retr\u00e1ctil que puede ser guardado cuando no se usa.  Garant\u00eda y soporte t\u00e9cnico Le proporcionaremos un completo servicio postventa, este producto tiene una garant\u00eda limitada de 12 meses, si tiene alguna pregunta, p\u00f3ngase en contacto con nosotros de forma gratuita, se la resolveremos lo antes posible.","og_url":"https:\/\/auctionahead.com\/en\/product\/plastic-clipboard-a4-letter-size\/","og_site_name":"Auction Ahead","article_modified_time":"2022-04-24T20:16:03+00:00","og_image":[{"width":1500,"height":1500,"url":"https:\/\/auctionahead.com\/wp-content\/uploads\/2022\/04\/61wavkkJ9cL._SL1500_.jpg","type":"image\/jpeg"}],"twitter_card":"summary_large_image","twitter_misc":{"Est. reading time":"1 minute"},"schema":{"@context":"https:\/\/schema.org","@graph":[{"@type":"WebPage","@id":"https:\/\/auctionahead.com\/product\/plastic-clipboard-a4-letter-size\/","url":"https:\/\/auctionahead.com\/product\/plastic-clipboard-a4-letter-size\/","name":"Portapapeles de pl\u00e1stico A4 Tama\u00f1o carta - Auction Ahead","isPartOf":{"@id":"https:\/\/auctionahead.com\/#website"},"primaryImageOfPage":{"@id":"https:\/\/auctionahead.com\/product\/plastic-clipboard-a4-letter-size\/#primaryimage"},"image":{"@id":"https:\/\/auctionahead.com\/product\/plastic-clipboard-a4-letter-size\/#primaryimage"},"thumbnailUrl":"https:\/\/auctionahead.com\/wp-content\/uploads\/2022\/04\/61wavkkJ9cL._SL1500_.jpg","datePublished":"2019-08-13T20:51:35+00:00","dateModified":"2022-04-24T20:16:03+00:00","breadcrumb":{"@id":"https:\/\/auctionahead.com\/product\/plastic-clipboard-a4-letter-size\/#breadcrumb"},"inLanguage":"en-US","potentialAction":[{"@type":"ReadAction","target":["https:\/\/auctionahead.com\/product\/plastic-clipboard-a4-letter-size\/"]}]},{"@type":"ImageObject","inLanguage":"en-US","@id":"https:\/\/auctionahead.com\/product\/plastic-clipboard-a4-letter-size\/#primaryimage","url":"https:\/\/auctionahead.com\/wp-content\/uploads\/2022\/04\/61wavkkJ9cL._SL1500_.jpg","contentUrl":"https:\/\/auctionahead.com\/wp-content\/uploads\/2022\/04\/61wavkkJ9cL._SL1500_.jpg","width":1500,"height":1500,"caption":"Plastic Clipboard A4 Letter Size"},{"@type":"BreadcrumbList","@id":"https:\/\/auctionahead.com\/product\/plastic-clipboard-a4-letter-size\/#breadcrumb","itemListElement":[{"@type":"ListItem","position":1,"name":"Inicio","item":"https:\/\/auctionahead.com\/"},{"@type":"ListItem","position":2,"name":"Shop","item":"https:\/\/auctionahead.com\/shop\/"},{"@type":"ListItem","position":3,"name":"Portapapeles de pl\u00e1stico A4 Tama\u00f1o carta"}]},{"@type":"WebSite","@id":"https:\/\/auctionahead.com\/#website","url":"https:\/\/auctionahead.com\/","name":"Auction Ahead","description":"Subastas en vivo y tecnolog\u00eda de vanguardia","potentialAction":[{"@type":"SearchAction","target":{"@type":"EntryPoint","urlTemplate":"https:\/\/auctionahead.com\/?s={search_term_string}"},"query-input":{"@type":"PropertyValueSpecification","valueRequired":true,"valueName":"search_term_string"}}],"inLanguage":"en-US"}]}},"_links":{"self":[{"href":"https:\/\/auctionahead.com\/en\/wp-json\/wp\/v2\/product\/2478","targetHints":{"allow":["GET"]}}],"collection":[{"href":"https:\/\/auctionahead.com\/en\/wp-json\/wp\/v2\/product"}],"about":[{"href":"https:\/\/auctionahead.com\/en\/wp-json\/wp\/v2\/types\/product"}],"wp:featuredmedia":[{"embeddable":true,"href":"https:\/\/auctionahead.com\/en\/wp-json\/wp\/v2\/media\/2479"}],"wp:attachment":[{"href":"https:\/\/auctionahead.com\/en\/wp-json\/wp\/v2\/media?parent=2478"}],"wp:term":[{"taxonomy":"product_brand","embeddable":true,"href":"https:\/\/auctionahead.com\/en\/wp-json\/wp\/v2\/product_brand?post=2478"},{"taxonomy":"product_cat","embeddable":true,"href":"https:\/\/auctionahead.com\/en\/wp-json\/wp\/v2\/product_cat?post=2478"},{"taxonomy":"product_tag","embeddable":true,"href":"https:\/\/auctionahead.com\/en\/wp-json\/wp\/v2\/product_tag?post=2478"}],"curies":[{"name":"wp","href":"https:\/\/api.w.org\/{rel}","templated":true}]}}