{"id":2470,"date":"2019-08-13T20:41:32","date_gmt":"2019-08-13T20:41:32","guid":{"rendered":"https:\/\/auctionahead.com\/?post_type=product&#038;p=2470"},"modified":"2022-04-24T20:18:09","modified_gmt":"2022-04-24T20:18:09","slug":"onlyeasy-over-door-hanging-file-organizer","status":"publish","type":"product","link":"https:\/\/auctionahead.com\/en\/product\/onlyeasy-over-door-hanging-file-organizer\/","title":{"rendered":"Onlyeasy Over Door Hanging File Organizer"},"content":{"rendered":"<ul class=\"a-unordered-list a-vertical a-spacing-none\">\n<li><span class=\"a-list-item\">SOLUCI\u00d3N DE ARCHIVO DE PARED PERFECTA &#8211; Un total de 5 grandes bolsillos de 9.06\u2033 de profundidad interior, para almacenamiento. Los grandes bolsillos pueden contener f\u00e1cilmente 5 revistas o 600 papeles cada capa y hemos probado que los productos se mantienen sin desgarrar, rasgar o cualquier otro problema de calidad.<\/span><\/li>\n<li><span class=\"a-list-item\">El archivador de pared hecho de tela de dos capas de larga duraci\u00f3n con cart\u00f3n de 2 mm de grosor en el interior. La mayor\u00eda de los otros s\u00f3lo usan una simple capa de tela que se deshace o se rompe. Dos ojales no corrosivos en la parte superior para colgarlo f\u00e1cilmente. Mide 13.78\u2033 de ancho y 50.39\u2033 de largo.<\/span><\/li>\n<li><span class=\"a-list-item\">DISE\u00d1O CONSIDERADO DE DETALLE &#8211; un juego de dos colgadores de puerta funcionales de primera calidad con tama\u00f1o de 35 mm y 45 mm, adecuados para todo tipo de puertas. 3 ganchos de metal extra para colgar los art\u00edculos de uso diario. Adem\u00e1s, puedes encontrar f\u00e1cilmente lo que necesitas por el Portaetiquetas.<\/span><\/li>\n<li><span class=\"a-list-item\">Ahorrar m\u00e1s espacio &#8211; Liberar espacio en el escritorio de la oficina, mantener todo en un solo lugar. Perfecto para aumentar el espacio de almacenamiento. Tenga uno para cada ni\u00f1o en sus habitaciones para los deberes y la organizaci\u00f3n de actividades. Maximice el espacio vertical.<\/span><\/li>\n<li><span class=\"a-list-item\">Marca: Onlyeasy &#8211; EL MEJOR SERVICIO AL CLIENTE &#8211; Compras sin preocupaciones: servicio online de 24 horas con reembolso o sustituci\u00f3n de productos por problemas de calidad en el plazo de un a\u00f1o.<\/span><\/li>\n<\/ul>","protected":false},"excerpt":{"rendered":"<ul class=\"a-unordered-list a-vertical a-spacing-none\">\n<li><span class=\"a-list-item\">SOLUCI\u00d3N DE ARCHIVO DE PARED PERFECTA &#8211; Un total de 5 grandes bolsillos de 9.06\u2033 de profundidad interior, para almacenamiento. Los grandes bolsillos pueden contener f\u00e1cilmente 5 revistas o 600 papeles cada capa y hemos probado que los productos se mantienen sin desgarrar, rasgar o cualquier otro problema de calidad.<\/span><\/li>\n<li><span class=\"a-list-item\">El archivador de pared hecho de tela de dos capas de larga duraci\u00f3n con cart\u00f3n de 2 mm de grosor en el interior. La mayor\u00eda de los otros s\u00f3lo usan una simple capa de tela que se deshace o se rompe. Dos ojales no corrosivos en la parte superior para colgarlo f\u00e1cilmente. Mide 13.78\u2033 de ancho y 50.39\u2033 de largo.<\/span><\/li>\n<li><span class=\"a-list-item\">DISE\u00d1O CONSIDERADO DE DETALLE &#8211; un juego de dos colgadores de puerta funcionales de primera calidad con tama\u00f1o de 35 mm y 45 mm, adecuados para todo tipo de puertas. 3 ganchos de metal extra para colgar los art\u00edculos de uso diario. Adem\u00e1s, puedes encontrar f\u00e1cilmente lo que necesitas por el Portaetiquetas.<\/span><\/li>\n<li><span class=\"a-list-item\">Ahorrar m\u00e1s espacio &#8211; Liberar espacio en el escritorio de la oficina, mantener todo en un solo lugar. Perfecto para aumentar el espacio de almacenamiento. Tenga uno para cada ni\u00f1o en sus habitaciones para los deberes y la organizaci\u00f3n de actividades. Maximice el espacio vertical.<\/span><\/li>\n<li><span class=\"a-list-item\">Marca: Onlyeasy &#8211; EL MEJOR SERVICIO AL CLIENTE &#8211; Compras sin preocupaciones: servicio online de 24 horas con reembolso o sustituci\u00f3n de productos por problemas de calidad en el plazo de un a\u00f1o.<\/span><\/li>\n<\/ul>","protected":false},"featured_media":2471,"template":"","meta":[],"product_brand":[],"product_cat":[66],"product_tag":[],"class_list":{"0":"post-2470","1":"product","2":"type-product","3":"status-publish","4":"has-post-thumbnail","6":"product_cat-office","8":"first","9":"instock","10":"featured","11":"taxable","12":"shipping-taxable","13":"purchasable","14":"product-type-simple"},"yoast_head":"<!-- This site is optimized with the Yoast SEO plugin v27.4 - https:\/\/yoast.com\/product\/yoast-seo-wordpress\/ -->\n<title>El \u00fanico organizador de archivos f\u00e1cil de colgar en la puerta - Auction Ahead<\/title>\n<meta name=\"robots\" content=\"index, follow, max-snippet:-1, max-image-preview:large, max-video-preview:-1\" \/>\n<link rel=\"canonical\" href=\"https:\/\/auctionahead.com\/en\/product\/onlyeasy-over-door-hanging-file-organizer\/\" \/>\n<meta property=\"og:locale\" content=\"en_US\" \/>\n<meta property=\"og:type\" content=\"article\" \/>\n<meta property=\"og:title\" content=\"El \u00fanico organizador de archivos f\u00e1cil de colgar en la puerta - Auction Ahead\" \/>\n<meta property=\"og:description\" content=\"SOLUCI\u00d3N DE ARCHIVO DE PARED PERFECTA - Un total de 5 grandes bolsillos de 9.06\u2033 de profundidad interior, para almacenamiento. Los grandes bolsillos pueden contener f\u00e1cilmente 5 revistas o 600 papeles cada capa y hemos probado que los productos se mantienen sin desgarrar, rasgar o cualquier otro problema de calidad.  El archivador de pared hecho de tela de dos capas de larga duraci\u00f3n con cart\u00f3n de 2 mm de grosor en el interior. La mayor\u00eda de los otros s\u00f3lo usan una simple capa de tela que se deshace o se rompe. Dos ojales no corrosivos en la parte superior para colgarlo f\u00e1cilmente. Mide 13.78\u2033 de ancho y 50.39\u2033 de largo.  DISE\u00d1O CONSIDERADO DE DETALLE - un juego de dos colgadores de puerta funcionales de primera calidad con tama\u00f1o de 35 mm y 45 mm, adecuados para todo tipo de puertas. 3 ganchos de metal extra para colgar los art\u00edculos de uso diario. Adem\u00e1s, puedes encontrar f\u00e1cilmente lo que necesitas por el Portaetiquetas.  Ahorrar m\u00e1s espacio - Liberar espacio en el escritorio de la oficina, mantener todo en un solo lugar. Perfecto para aumentar el espacio de almacenamiento. Tenga uno para cada ni\u00f1o en sus habitaciones para los deberes y la organizaci\u00f3n de actividades. Maximice el espacio vertical.  Marca: Onlyeasy - EL MEJOR SERVICIO AL CLIENTE - Compras sin preocupaciones: servicio online de 24 horas con reembolso o sustituci\u00f3n de productos por problemas de calidad en el plazo de un a\u00f1o.\" \/>\n<meta property=\"og:url\" content=\"https:\/\/auctionahead.com\/en\/product\/onlyeasy-over-door-hanging-file-organizer\/\" \/>\n<meta property=\"og:site_name\" content=\"Auction Ahead\" \/>\n<meta property=\"article:modified_time\" content=\"2022-04-24T20:18:09+00:00\" \/>\n<meta property=\"og:image\" content=\"https:\/\/auctionahead.com\/wp-content\/uploads\/2022\/04\/61PchtZEsL._SL1500_.jpg\" \/>\n\t<meta property=\"og:image:width\" content=\"1136\" \/>\n\t<meta property=\"og:image:height\" content=\"1500\" \/>\n\t<meta property=\"og:image:type\" content=\"image\/jpeg\" \/>\n<meta name=\"twitter:card\" content=\"summary_large_image\" \/>\n<meta name=\"twitter:label1\" content=\"Est. reading time\" \/>\n\t<meta name=\"twitter:data1\" content=\"1 minute\" \/>\n<script type=\"application\/ld+json\" class=\"yoast-schema-graph\">{\"@context\":\"https:\\\/\\\/schema.org\",\"@graph\":[{\"@type\":\"WebPage\",\"@id\":\"https:\\\/\\\/auctionahead.com\\\/product\\\/onlyeasy-over-door-hanging-file-organizer\\\/\",\"url\":\"https:\\\/\\\/auctionahead.com\\\/product\\\/onlyeasy-over-door-hanging-file-organizer\\\/\",\"name\":\"El \u00fanico organizador de archivos f\u00e1cil de colgar en la puerta - Auction Ahead\",\"isPartOf\":{\"@id\":\"https:\\\/\\\/auctionahead.com\\\/#website\"},\"primaryImageOfPage\":{\"@id\":\"https:\\\/\\\/auctionahead.com\\\/product\\\/onlyeasy-over-door-hanging-file-organizer\\\/#primaryimage\"},\"image\":{\"@id\":\"https:\\\/\\\/auctionahead.com\\\/product\\\/onlyeasy-over-door-hanging-file-organizer\\\/#primaryimage\"},\"thumbnailUrl\":\"https:\\\/\\\/auctionahead.com\\\/wp-content\\\/uploads\\\/2022\\\/04\\\/61PchtZEsL._SL1500_.jpg\",\"datePublished\":\"2019-08-13T20:41:32+00:00\",\"dateModified\":\"2022-04-24T20:18:09+00:00\",\"breadcrumb\":{\"@id\":\"https:\\\/\\\/auctionahead.com\\\/product\\\/onlyeasy-over-door-hanging-file-organizer\\\/#breadcrumb\"},\"inLanguage\":\"en-US\",\"potentialAction\":[{\"@type\":\"ReadAction\",\"target\":[\"https:\\\/\\\/auctionahead.com\\\/product\\\/onlyeasy-over-door-hanging-file-organizer\\\/\"]}]},{\"@type\":\"ImageObject\",\"inLanguage\":\"en-US\",\"@id\":\"https:\\\/\\\/auctionahead.com\\\/product\\\/onlyeasy-over-door-hanging-file-organizer\\\/#primaryimage\",\"url\":\"https:\\\/\\\/auctionahead.com\\\/wp-content\\\/uploads\\\/2022\\\/04\\\/61PchtZEsL._SL1500_.jpg\",\"contentUrl\":\"https:\\\/\\\/auctionahead.com\\\/wp-content\\\/uploads\\\/2022\\\/04\\\/61PchtZEsL._SL1500_.jpg\",\"width\":1136,\"height\":1500,\"caption\":\"Onlyeasy Over Door Hanging File Organizer\"},{\"@type\":\"BreadcrumbList\",\"@id\":\"https:\\\/\\\/auctionahead.com\\\/product\\\/onlyeasy-over-door-hanging-file-organizer\\\/#breadcrumb\",\"itemListElement\":[{\"@type\":\"ListItem\",\"position\":1,\"name\":\"Inicio\",\"item\":\"https:\\\/\\\/auctionahead.com\\\/\"},{\"@type\":\"ListItem\",\"position\":2,\"name\":\"Shop\",\"item\":\"https:\\\/\\\/auctionahead.com\\\/shop\\\/\"},{\"@type\":\"ListItem\",\"position\":3,\"name\":\"El \u00fanico organizador de archivos f\u00e1cil de colgar en la puerta\"}]},{\"@type\":\"WebSite\",\"@id\":\"https:\\\/\\\/auctionahead.com\\\/#website\",\"url\":\"https:\\\/\\\/auctionahead.com\\\/\",\"name\":\"Auction Ahead\",\"description\":\"Subastas en vivo y tecnolog\u00eda de vanguardia\",\"potentialAction\":[{\"@type\":\"SearchAction\",\"target\":{\"@type\":\"EntryPoint\",\"urlTemplate\":\"https:\\\/\\\/auctionahead.com\\\/?s={search_term_string}\"},\"query-input\":{\"@type\":\"PropertyValueSpecification\",\"valueRequired\":true,\"valueName\":\"search_term_string\"}}],\"inLanguage\":\"en-US\"}]}<\/script>\n<!-- \/ Yoast SEO plugin. -->","yoast_head_json":{"title":"El \u00fanico organizador de archivos f\u00e1cil de colgar en la puerta - Auction Ahead","robots":{"index":"index","follow":"follow","max-snippet":"max-snippet:-1","max-image-preview":"max-image-preview:large","max-video-preview":"max-video-preview:-1"},"canonical":"https:\/\/auctionahead.com\/en\/product\/onlyeasy-over-door-hanging-file-organizer\/","og_locale":"en_US","og_type":"article","og_title":"El \u00fanico organizador de archivos f\u00e1cil de colgar en la puerta - Auction Ahead","og_description":"SOLUCI\u00d3N DE ARCHIVO DE PARED PERFECTA - Un total de 5 grandes bolsillos de 9.06\u2033 de profundidad interior, para almacenamiento. Los grandes bolsillos pueden contener f\u00e1cilmente 5 revistas o 600 papeles cada capa y hemos probado que los productos se mantienen sin desgarrar, rasgar o cualquier otro problema de calidad.  El archivador de pared hecho de tela de dos capas de larga duraci\u00f3n con cart\u00f3n de 2 mm de grosor en el interior. La mayor\u00eda de los otros s\u00f3lo usan una simple capa de tela que se deshace o se rompe. Dos ojales no corrosivos en la parte superior para colgarlo f\u00e1cilmente. Mide 13.78\u2033 de ancho y 50.39\u2033 de largo.  DISE\u00d1O CONSIDERADO DE DETALLE - un juego de dos colgadores de puerta funcionales de primera calidad con tama\u00f1o de 35 mm y 45 mm, adecuados para todo tipo de puertas. 3 ganchos de metal extra para colgar los art\u00edculos de uso diario. Adem\u00e1s, puedes encontrar f\u00e1cilmente lo que necesitas por el Portaetiquetas.  Ahorrar m\u00e1s espacio - Liberar espacio en el escritorio de la oficina, mantener todo en un solo lugar. Perfecto para aumentar el espacio de almacenamiento. Tenga uno para cada ni\u00f1o en sus habitaciones para los deberes y la organizaci\u00f3n de actividades. Maximice el espacio vertical.  Marca: Onlyeasy - EL MEJOR SERVICIO AL CLIENTE - Compras sin preocupaciones: servicio online de 24 horas con reembolso o sustituci\u00f3n de productos por problemas de calidad en el plazo de un a\u00f1o.","og_url":"https:\/\/auctionahead.com\/en\/product\/onlyeasy-over-door-hanging-file-organizer\/","og_site_name":"Auction Ahead","article_modified_time":"2022-04-24T20:18:09+00:00","og_image":[{"width":1136,"height":1500,"url":"https:\/\/auctionahead.com\/wp-content\/uploads\/2022\/04\/61PchtZEsL._SL1500_.jpg","type":"image\/jpeg"}],"twitter_card":"summary_large_image","twitter_misc":{"Est. reading time":"1 minute"},"schema":{"@context":"https:\/\/schema.org","@graph":[{"@type":"WebPage","@id":"https:\/\/auctionahead.com\/product\/onlyeasy-over-door-hanging-file-organizer\/","url":"https:\/\/auctionahead.com\/product\/onlyeasy-over-door-hanging-file-organizer\/","name":"El \u00fanico organizador de archivos f\u00e1cil de colgar en la puerta - Auction Ahead","isPartOf":{"@id":"https:\/\/auctionahead.com\/#website"},"primaryImageOfPage":{"@id":"https:\/\/auctionahead.com\/product\/onlyeasy-over-door-hanging-file-organizer\/#primaryimage"},"image":{"@id":"https:\/\/auctionahead.com\/product\/onlyeasy-over-door-hanging-file-organizer\/#primaryimage"},"thumbnailUrl":"https:\/\/auctionahead.com\/wp-content\/uploads\/2022\/04\/61PchtZEsL._SL1500_.jpg","datePublished":"2019-08-13T20:41:32+00:00","dateModified":"2022-04-24T20:18:09+00:00","breadcrumb":{"@id":"https:\/\/auctionahead.com\/product\/onlyeasy-over-door-hanging-file-organizer\/#breadcrumb"},"inLanguage":"en-US","potentialAction":[{"@type":"ReadAction","target":["https:\/\/auctionahead.com\/product\/onlyeasy-over-door-hanging-file-organizer\/"]}]},{"@type":"ImageObject","inLanguage":"en-US","@id":"https:\/\/auctionahead.com\/product\/onlyeasy-over-door-hanging-file-organizer\/#primaryimage","url":"https:\/\/auctionahead.com\/wp-content\/uploads\/2022\/04\/61PchtZEsL._SL1500_.jpg","contentUrl":"https:\/\/auctionahead.com\/wp-content\/uploads\/2022\/04\/61PchtZEsL._SL1500_.jpg","width":1136,"height":1500,"caption":"Onlyeasy Over Door Hanging File Organizer"},{"@type":"BreadcrumbList","@id":"https:\/\/auctionahead.com\/product\/onlyeasy-over-door-hanging-file-organizer\/#breadcrumb","itemListElement":[{"@type":"ListItem","position":1,"name":"Inicio","item":"https:\/\/auctionahead.com\/"},{"@type":"ListItem","position":2,"name":"Shop","item":"https:\/\/auctionahead.com\/shop\/"},{"@type":"ListItem","position":3,"name":"El \u00fanico organizador de archivos f\u00e1cil de colgar en la puerta"}]},{"@type":"WebSite","@id":"https:\/\/auctionahead.com\/#website","url":"https:\/\/auctionahead.com\/","name":"Auction Ahead","description":"Subastas en vivo y tecnolog\u00eda de vanguardia","potentialAction":[{"@type":"SearchAction","target":{"@type":"EntryPoint","urlTemplate":"https:\/\/auctionahead.com\/?s={search_term_string}"},"query-input":{"@type":"PropertyValueSpecification","valueRequired":true,"valueName":"search_term_string"}}],"inLanguage":"en-US"}]}},"_links":{"self":[{"href":"https:\/\/auctionahead.com\/en\/wp-json\/wp\/v2\/product\/2470","targetHints":{"allow":["GET"]}}],"collection":[{"href":"https:\/\/auctionahead.com\/en\/wp-json\/wp\/v2\/product"}],"about":[{"href":"https:\/\/auctionahead.com\/en\/wp-json\/wp\/v2\/types\/product"}],"wp:featuredmedia":[{"embeddable":true,"href":"https:\/\/auctionahead.com\/en\/wp-json\/wp\/v2\/media\/2471"}],"wp:attachment":[{"href":"https:\/\/auctionahead.com\/en\/wp-json\/wp\/v2\/media?parent=2470"}],"wp:term":[{"taxonomy":"product_brand","embeddable":true,"href":"https:\/\/auctionahead.com\/en\/wp-json\/wp\/v2\/product_brand?post=2470"},{"taxonomy":"product_cat","embeddable":true,"href":"https:\/\/auctionahead.com\/en\/wp-json\/wp\/v2\/product_cat?post=2470"},{"taxonomy":"product_tag","embeddable":true,"href":"https:\/\/auctionahead.com\/en\/wp-json\/wp\/v2\/product_tag?post=2470"}],"curies":[{"name":"wp","href":"https:\/\/api.w.org\/{rel}","templated":true}]}}