{"id":2461,"date":"2019-08-13T20:37:36","date_gmt":"2019-08-13T20:37:36","guid":{"rendered":"https:\/\/auctionahead.com\/?post_type=product&#038;p=2461"},"modified":"2022-04-25T10:31:39","modified_gmt":"2022-04-25T10:31:39","slug":"moivational-inspirational-perpetual-daily-flip-calendar","status":"publish","type":"product","link":"https:\/\/auctionahead.com\/en\/product\/moivational-inspirational-perpetual-daily-flip-calendar\/","title":{"rendered":"Motivational &amp; Inspirational Perpetual Daily Flip Calendar"},"content":{"rendered":"<div id=\"descriptionAndDetails\" class=\"a-section a-spacing-extra-large\">\n<div id=\"productDescription_feature_div\" class=\"feature\" data-feature-name=\"productDescription\" data-cel-widget=\"productDescription_feature_div\">\n<div id=\"productDescription_feature_div\" class=\"a-row feature\" data-feature-name=\"productDescription\" data-template-name=\"productDescription\" data-cel-widget=\"productDescription_feature_div\">\n<div id=\"productDescription\" class=\"a-section a-spacing-small\">\n<p>Recuerden lo bendecidos que son cada d\u00eda con este inspirador calendario diario. Este colorido y motivador calendario tiene un a\u00f1o de citas inspiradoras que dan aliento a su vida diaria. Construido con alambre de oro resistente y con un caballete autoportante, este calendario durar\u00e1 mucho tiempo.<\/p>\n<\/div>\n<\/div>\n<\/div>\n<\/div>","protected":false},"excerpt":{"rendered":"<ul class=\"a-unordered-list a-vertical a-spacing-none\">\n<li><span class=\"a-list-item\">Este calendario perpetuo incluye un a\u00f1o de citas inspiradoras y motivadoras para una vida feliz y pac\u00edfica.<\/span><\/li>\n<li><span class=\"a-list-item\">DURABLE: Construido con alambre de oro que es lo suficientemente resistente para el uso a largo plazo.<\/span><\/li>\n<li><span class=\"a-list-item\">F\u00c1CIL DE USAR: Este inspirador calendario tiene un caballete incorporado, perfecto para la mesa de trabajo.<\/span><\/li>\n<li><span class=\"a-list-item\">USO A LARGO PLAZO: Este calendario est\u00e1 en formato perpetuo, as\u00ed que puedes usarlo a\u00f1o tras a\u00f1o.<\/span><\/li>\n<li><span class=\"a-list-item\">CALIDAD GARANTIZADA: \u00a1De alta calidad, resistente y construida para durar! Hecho por Excello Global Products. Somos una empresa familiar de EE.UU. y hemos estado haciendo productos de calidad durante m\u00e1s de 50 a\u00f1os<\/span><\/li>\n<li><\/li>\n<\/ul>","protected":false},"featured_media":2462,"template":"","meta":[],"product_brand":[],"product_cat":[66],"product_tag":[],"class_list":{"0":"post-2461","1":"product","2":"type-product","3":"status-publish","4":"has-post-thumbnail","6":"product_cat-office","8":"first","9":"instock","10":"featured","11":"taxable","12":"shipping-taxable","13":"purchasable","14":"product-type-simple"},"yoast_head":"<!-- This site is optimized with the Yoast SEO plugin v27.4 - https:\/\/yoast.com\/product\/yoast-seo-wordpress\/ -->\n<title>Calendario diario motivador e inspirador - Auction Ahead<\/title>\n<meta name=\"robots\" content=\"index, follow, max-snippet:-1, max-image-preview:large, max-video-preview:-1\" \/>\n<link rel=\"canonical\" href=\"https:\/\/auctionahead.com\/en\/product\/moivational-inspirational-perpetual-daily-flip-calendar\/\" \/>\n<meta property=\"og:locale\" content=\"en_US\" \/>\n<meta property=\"og:type\" content=\"article\" \/>\n<meta property=\"og:title\" content=\"Calendario diario motivador e inspirador - Auction Ahead\" \/>\n<meta property=\"og:description\" content=\"Este calendario perpetuo incluye un a\u00f1o de citas inspiradoras y motivadoras para una vida feliz y pac\u00edfica.  DURABLE: Construido con alambre de oro que es lo suficientemente resistente para el uso a largo plazo.  F\u00c1CIL DE USAR: Este inspirador calendario tiene un caballete incorporado, perfecto para la mesa de trabajo.  USO A LARGO PLAZO: Este calendario est\u00e1 en formato perpetuo, as\u00ed que puedes usarlo a\u00f1o tras a\u00f1o.  CALIDAD GARANTIZADA: \u00a1De alta calidad, resistente y construida para durar! Hecho por Excello Global Products. Somos una empresa familiar de EE.UU. y hemos estado haciendo productos de calidad durante m\u00e1s de 50 a\u00f1os\" \/>\n<meta property=\"og:url\" content=\"https:\/\/auctionahead.com\/en\/product\/moivational-inspirational-perpetual-daily-flip-calendar\/\" \/>\n<meta property=\"og:site_name\" content=\"Auction Ahead\" \/>\n<meta property=\"article:modified_time\" content=\"2022-04-25T10:31:39+00:00\" \/>\n<meta property=\"og:image\" content=\"https:\/\/auctionahead.com\/wp-content\/uploads\/2022\/04\/71-xq-gRH1L._SL1500_.jpg\" \/>\n\t<meta property=\"og:image:width\" content=\"1500\" \/>\n\t<meta property=\"og:image:height\" content=\"1500\" \/>\n\t<meta property=\"og:image:type\" content=\"image\/jpeg\" \/>\n<meta name=\"twitter:card\" content=\"summary_large_image\" \/>\n<script type=\"application\/ld+json\" class=\"yoast-schema-graph\">{\"@context\":\"https:\\\/\\\/schema.org\",\"@graph\":[{\"@type\":\"WebPage\",\"@id\":\"https:\\\/\\\/auctionahead.com\\\/product\\\/moivational-inspirational-perpetual-daily-flip-calendar\\\/\",\"url\":\"https:\\\/\\\/auctionahead.com\\\/product\\\/moivational-inspirational-perpetual-daily-flip-calendar\\\/\",\"name\":\"Calendario diario motivador e inspirador - Auction Ahead\",\"isPartOf\":{\"@id\":\"https:\\\/\\\/auctionahead.com\\\/#website\"},\"primaryImageOfPage\":{\"@id\":\"https:\\\/\\\/auctionahead.com\\\/product\\\/moivational-inspirational-perpetual-daily-flip-calendar\\\/#primaryimage\"},\"image\":{\"@id\":\"https:\\\/\\\/auctionahead.com\\\/product\\\/moivational-inspirational-perpetual-daily-flip-calendar\\\/#primaryimage\"},\"thumbnailUrl\":\"https:\\\/\\\/auctionahead.com\\\/wp-content\\\/uploads\\\/2022\\\/04\\\/71-xq-gRH1L._SL1500_.jpg\",\"datePublished\":\"2019-08-13T20:37:36+00:00\",\"dateModified\":\"2022-04-25T10:31:39+00:00\",\"breadcrumb\":{\"@id\":\"https:\\\/\\\/auctionahead.com\\\/product\\\/moivational-inspirational-perpetual-daily-flip-calendar\\\/#breadcrumb\"},\"inLanguage\":\"en-US\",\"potentialAction\":[{\"@type\":\"ReadAction\",\"target\":[\"https:\\\/\\\/auctionahead.com\\\/product\\\/moivational-inspirational-perpetual-daily-flip-calendar\\\/\"]}]},{\"@type\":\"ImageObject\",\"inLanguage\":\"en-US\",\"@id\":\"https:\\\/\\\/auctionahead.com\\\/product\\\/moivational-inspirational-perpetual-daily-flip-calendar\\\/#primaryimage\",\"url\":\"https:\\\/\\\/auctionahead.com\\\/wp-content\\\/uploads\\\/2022\\\/04\\\/71-xq-gRH1L._SL1500_.jpg\",\"contentUrl\":\"https:\\\/\\\/auctionahead.com\\\/wp-content\\\/uploads\\\/2022\\\/04\\\/71-xq-gRH1L._SL1500_.jpg\",\"width\":1500,\"height\":1500,\"caption\":\"Moivational & Inspirational Perpetual Daily Flip Calendar\"},{\"@type\":\"BreadcrumbList\",\"@id\":\"https:\\\/\\\/auctionahead.com\\\/product\\\/moivational-inspirational-perpetual-daily-flip-calendar\\\/#breadcrumb\",\"itemListElement\":[{\"@type\":\"ListItem\",\"position\":1,\"name\":\"Inicio\",\"item\":\"https:\\\/\\\/auctionahead.com\\\/\"},{\"@type\":\"ListItem\",\"position\":2,\"name\":\"Shop\",\"item\":\"https:\\\/\\\/auctionahead.com\\\/shop\\\/\"},{\"@type\":\"ListItem\",\"position\":3,\"name\":\"Calendario diario motivador e inspirador\"}]},{\"@type\":\"WebSite\",\"@id\":\"https:\\\/\\\/auctionahead.com\\\/#website\",\"url\":\"https:\\\/\\\/auctionahead.com\\\/\",\"name\":\"Auction Ahead\",\"description\":\"Subastas en vivo y tecnolog\u00eda de vanguardia\",\"potentialAction\":[{\"@type\":\"SearchAction\",\"target\":{\"@type\":\"EntryPoint\",\"urlTemplate\":\"https:\\\/\\\/auctionahead.com\\\/?s={search_term_string}\"},\"query-input\":{\"@type\":\"PropertyValueSpecification\",\"valueRequired\":true,\"valueName\":\"search_term_string\"}}],\"inLanguage\":\"en-US\"}]}<\/script>\n<!-- \/ Yoast SEO plugin. -->","yoast_head_json":{"title":"Calendario diario motivador e inspirador - Auction Ahead","robots":{"index":"index","follow":"follow","max-snippet":"max-snippet:-1","max-image-preview":"max-image-preview:large","max-video-preview":"max-video-preview:-1"},"canonical":"https:\/\/auctionahead.com\/en\/product\/moivational-inspirational-perpetual-daily-flip-calendar\/","og_locale":"en_US","og_type":"article","og_title":"Calendario diario motivador e inspirador - Auction Ahead","og_description":"Este calendario perpetuo incluye un a\u00f1o de citas inspiradoras y motivadoras para una vida feliz y pac\u00edfica.  DURABLE: Construido con alambre de oro que es lo suficientemente resistente para el uso a largo plazo.  F\u00c1CIL DE USAR: Este inspirador calendario tiene un caballete incorporado, perfecto para la mesa de trabajo.  USO A LARGO PLAZO: Este calendario est\u00e1 en formato perpetuo, as\u00ed que puedes usarlo a\u00f1o tras a\u00f1o.  CALIDAD GARANTIZADA: \u00a1De alta calidad, resistente y construida para durar! Hecho por Excello Global Products. Somos una empresa familiar de EE.UU. y hemos estado haciendo productos de calidad durante m\u00e1s de 50 a\u00f1os","og_url":"https:\/\/auctionahead.com\/en\/product\/moivational-inspirational-perpetual-daily-flip-calendar\/","og_site_name":"Auction Ahead","article_modified_time":"2022-04-25T10:31:39+00:00","og_image":[{"width":1500,"height":1500,"url":"https:\/\/auctionahead.com\/wp-content\/uploads\/2022\/04\/71-xq-gRH1L._SL1500_.jpg","type":"image\/jpeg"}],"twitter_card":"summary_large_image","schema":{"@context":"https:\/\/schema.org","@graph":[{"@type":"WebPage","@id":"https:\/\/auctionahead.com\/product\/moivational-inspirational-perpetual-daily-flip-calendar\/","url":"https:\/\/auctionahead.com\/product\/moivational-inspirational-perpetual-daily-flip-calendar\/","name":"Calendario diario motivador e inspirador - Auction Ahead","isPartOf":{"@id":"https:\/\/auctionahead.com\/#website"},"primaryImageOfPage":{"@id":"https:\/\/auctionahead.com\/product\/moivational-inspirational-perpetual-daily-flip-calendar\/#primaryimage"},"image":{"@id":"https:\/\/auctionahead.com\/product\/moivational-inspirational-perpetual-daily-flip-calendar\/#primaryimage"},"thumbnailUrl":"https:\/\/auctionahead.com\/wp-content\/uploads\/2022\/04\/71-xq-gRH1L._SL1500_.jpg","datePublished":"2019-08-13T20:37:36+00:00","dateModified":"2022-04-25T10:31:39+00:00","breadcrumb":{"@id":"https:\/\/auctionahead.com\/product\/moivational-inspirational-perpetual-daily-flip-calendar\/#breadcrumb"},"inLanguage":"en-US","potentialAction":[{"@type":"ReadAction","target":["https:\/\/auctionahead.com\/product\/moivational-inspirational-perpetual-daily-flip-calendar\/"]}]},{"@type":"ImageObject","inLanguage":"en-US","@id":"https:\/\/auctionahead.com\/product\/moivational-inspirational-perpetual-daily-flip-calendar\/#primaryimage","url":"https:\/\/auctionahead.com\/wp-content\/uploads\/2022\/04\/71-xq-gRH1L._SL1500_.jpg","contentUrl":"https:\/\/auctionahead.com\/wp-content\/uploads\/2022\/04\/71-xq-gRH1L._SL1500_.jpg","width":1500,"height":1500,"caption":"Moivational & Inspirational Perpetual Daily Flip Calendar"},{"@type":"BreadcrumbList","@id":"https:\/\/auctionahead.com\/product\/moivational-inspirational-perpetual-daily-flip-calendar\/#breadcrumb","itemListElement":[{"@type":"ListItem","position":1,"name":"Inicio","item":"https:\/\/auctionahead.com\/"},{"@type":"ListItem","position":2,"name":"Shop","item":"https:\/\/auctionahead.com\/shop\/"},{"@type":"ListItem","position":3,"name":"Calendario diario motivador e inspirador"}]},{"@type":"WebSite","@id":"https:\/\/auctionahead.com\/#website","url":"https:\/\/auctionahead.com\/","name":"Auction Ahead","description":"Subastas en vivo y tecnolog\u00eda de vanguardia","potentialAction":[{"@type":"SearchAction","target":{"@type":"EntryPoint","urlTemplate":"https:\/\/auctionahead.com\/?s={search_term_string}"},"query-input":{"@type":"PropertyValueSpecification","valueRequired":true,"valueName":"search_term_string"}}],"inLanguage":"en-US"}]}},"_links":{"self":[{"href":"https:\/\/auctionahead.com\/en\/wp-json\/wp\/v2\/product\/2461","targetHints":{"allow":["GET"]}}],"collection":[{"href":"https:\/\/auctionahead.com\/en\/wp-json\/wp\/v2\/product"}],"about":[{"href":"https:\/\/auctionahead.com\/en\/wp-json\/wp\/v2\/types\/product"}],"wp:featuredmedia":[{"embeddable":true,"href":"https:\/\/auctionahead.com\/en\/wp-json\/wp\/v2\/media\/2462"}],"wp:attachment":[{"href":"https:\/\/auctionahead.com\/en\/wp-json\/wp\/v2\/media?parent=2461"}],"wp:term":[{"taxonomy":"product_brand","embeddable":true,"href":"https:\/\/auctionahead.com\/en\/wp-json\/wp\/v2\/product_brand?post=2461"},{"taxonomy":"product_cat","embeddable":true,"href":"https:\/\/auctionahead.com\/en\/wp-json\/wp\/v2\/product_cat?post=2461"},{"taxonomy":"product_tag","embeddable":true,"href":"https:\/\/auctionahead.com\/en\/wp-json\/wp\/v2\/product_tag?post=2461"}],"curies":[{"name":"wp","href":"https:\/\/api.w.org\/{rel}","templated":true}]}}