{"id":2427,"date":"2019-08-13T18:18:26","date_gmt":"2019-08-13T18:18:26","guid":{"rendered":"https:\/\/auctionahead.com\/?post_type=product&#038;p=2427"},"modified":"2022-04-24T20:26:14","modified_gmt":"2022-04-24T20:26:14","slug":"women-winter-knit-infinity-scarf","status":"publish","type":"product","link":"https:\/\/auctionahead.com\/en\/product\/women-winter-knit-infinity-scarf\/","title":{"rendered":"Women Winter Knit Infinity Scarf"},"content":{"rendered":"<ul class=\"a-unordered-list a-vertical\">\n<li><span class=\"a-list-item\">Las mujeres de Dimore tejen bufandas de invierno Infinity Fashion Circle Loop Scarves.<\/span><\/li>\n<li><span class=\"a-list-item\">Los accesorios adecuados para climas fr\u00edos te mantendr\u00e1n acogedor y elegante, y esta bufanda infinita tejida con gofre es una opci\u00f3n suntuosamente suave.<br \/>\n<\/span><\/li>\n<li><span class=\"a-list-item\">La bufanda es tan vers\u00e1til. \u00a0Es lo suficientemente larga como para llevarla alrededor de tu cuello o simplemente colgada.<br \/>\n<\/span><\/li>\n<li><span class=\"a-list-item\">Tambi\u00e9n podr\u00edas envolverlo alrededor de tu cabeza como una capucha cuando el clima se pone realmente fr\u00edo. \u00a0\u00a1Sin mencionar que el hilo es lujosamente suave!<br \/>\n<\/span><\/li>\n<li><span class=\"a-list-item\">Para la moda ligera, no tienes que preocuparte por saber c\u00f3mo doblar o atar esto para que te quede bien, ya que es una bufanda infinita, s\u00f3lo tienes que pon\u00e9rtela y listo.\u00a0La bufanda de punto de Dimore ser\u00e1 imprescindible para tu vestuario de oto\u00f1o e invierno.\u00a0<\/span><\/li>\n<li><span class=\"a-list-item\">Es muy c\u00e1lido pero ligero, as\u00ed que se puede usar en el interior y en el exterior. \u00a0Ya que el clima se ha vuelto mucho m\u00e1s fr\u00edo, esta bufanda de c\u00edrculo de lazo es una gran adici\u00f3n para ti.<\/span><\/li>\n<li><\/li>\n<\/ul>","protected":false},"excerpt":{"rendered":"<ul class=\"a-unordered-list a-vertical a-spacing-none\">\n<li><span class=\"a-list-item\">Bufanda de punto de invierno Infinity para mujeres: 100% acr\u00edlico<\/span><\/li>\n<li><span class=\"a-list-item\">Importado<\/span><\/li>\n<li><span class=\"a-list-item\">Bufanda de lazo infinito de invierno. Es suave y c\u00e1lida para protegerte del fr\u00edo. Mide 40*150 CM. Lavado a mano, secado a mano.<\/span><\/li>\n<li><span class=\"a-list-item\">Esta bufanda de lazo circular de moda es perfecta para usarla a diario sobre la marcha. Se puede usar en diferentes estilos. Ligera pero c\u00e1lida y con una longitud perfecta, permite que esta bufanda de punto se use como un lazo simple o doble.<\/span><\/li>\n<li><span class=\"a-list-item\">Bufanda de invierno de punto de lazo circular para el estilo y la calidez perfecta para el exterior y el interior. Ideal para vestir cualquier conjunto durante el oto\u00f1o e invierno, adecuado tanto para ocasiones formales como casuales.<\/span><\/li>\n<li><span class=\"a-list-item\">Se puede estilizar con tu blusa, camisa, su\u00e9ter, chaqueta, jeans o vestido de noche para un look encantador. Una gran bufanda de viaje o de uso diario, c\u00f3moda y acogedora. Popular tanto para adultos como para adolescentes.<\/span><\/li>\n<li><span class=\"a-list-item\">Esta bufanda de punto grueso infinito es un regalo o accesorio ideal para los fr\u00edos meses de invierno. Vienen en 5 tipos diferentes de colores s\u00f3lidos y pueden ser usados por mujeres y tambi\u00e9n por hombres.<\/span><\/li>\n<\/ul>","protected":false},"featured_media":2428,"template":"","meta":[],"product_brand":[],"product_cat":[67],"product_tag":[],"class_list":{"0":"post-2427","1":"product","2":"type-product","3":"status-publish","4":"has-post-thumbnail","6":"product_cat-clothing","8":"first","9":"instock","10":"featured","11":"taxable","12":"shipping-taxable","13":"purchasable","14":"product-type-simple"},"yoast_head":"<!-- This site is optimized with the Yoast SEO plugin v27.4 - https:\/\/yoast.com\/product\/yoast-seo-wordpress\/ -->\n<title>Bufanda de invierno para mujeres Infinity Knit - Auction Ahead<\/title>\n<meta name=\"robots\" content=\"index, follow, max-snippet:-1, max-image-preview:large, max-video-preview:-1\" \/>\n<link rel=\"canonical\" href=\"https:\/\/auctionahead.com\/en\/product\/women-winter-knit-infinity-scarf\/\" \/>\n<meta property=\"og:locale\" content=\"en_US\" \/>\n<meta property=\"og:type\" content=\"article\" \/>\n<meta property=\"og:title\" content=\"Bufanda de invierno para mujeres Infinity Knit - Auction Ahead\" \/>\n<meta property=\"og:description\" content=\"Bufanda de punto de invierno Infinity para mujeres: 100% acr\u00edlico  Importado  Bufanda de lazo infinito de invierno. Es suave y c\u00e1lida para protegerte del fr\u00edo. Mide 40*150 CM. Lavado a mano, secado a mano.  Esta bufanda de lazo circular de moda es perfecta para usarla a diario sobre la marcha. Se puede usar en diferentes estilos. Ligera pero c\u00e1lida y con una longitud perfecta, permite que esta bufanda de punto se use como un lazo simple o doble.  Bufanda de invierno de punto de lazo circular para el estilo y la calidez perfecta para el exterior y el interior. Ideal para vestir cualquier conjunto durante el oto\u00f1o e invierno, adecuado tanto para ocasiones formales como casuales.  Se puede estilizar con tu blusa, camisa, su\u00e9ter, chaqueta, jeans o vestido de noche para un look encantador. Una gran bufanda de viaje o de uso diario, c\u00f3moda y acogedora. Popular tanto para adultos como para adolescentes.  Esta bufanda de punto grueso infinito es un regalo o accesorio ideal para los fr\u00edos meses de invierno. Vienen en 5 tipos diferentes de colores s\u00f3lidos y pueden ser usados por mujeres y tambi\u00e9n por hombres.\" \/>\n<meta property=\"og:url\" content=\"https:\/\/auctionahead.com\/en\/product\/women-winter-knit-infinity-scarf\/\" \/>\n<meta property=\"og:site_name\" content=\"Auction Ahead\" \/>\n<meta property=\"article:modified_time\" content=\"2022-04-24T20:26:14+00:00\" \/>\n<meta property=\"og:image\" content=\"https:\/\/auctionahead.com\/wp-content\/uploads\/2022\/04\/8110AzcPHeL._UX679_.jpg\" \/>\n\t<meta property=\"og:image:width\" content=\"679\" \/>\n\t<meta property=\"og:image:height\" content=\"769\" \/>\n\t<meta property=\"og:image:type\" content=\"image\/jpeg\" \/>\n<meta name=\"twitter:card\" content=\"summary_large_image\" \/>\n<meta name=\"twitter:label1\" content=\"Est. reading time\" \/>\n\t<meta name=\"twitter:data1\" content=\"1 minute\" \/>\n<script type=\"application\/ld+json\" class=\"yoast-schema-graph\">{\"@context\":\"https:\\\/\\\/schema.org\",\"@graph\":[{\"@type\":\"WebPage\",\"@id\":\"https:\\\/\\\/auctionahead.com\\\/product\\\/women-winter-knit-infinity-scarf\\\/\",\"url\":\"https:\\\/\\\/auctionahead.com\\\/product\\\/women-winter-knit-infinity-scarf\\\/\",\"name\":\"Bufanda de invierno para mujeres Infinity Knit - Auction Ahead\",\"isPartOf\":{\"@id\":\"https:\\\/\\\/auctionahead.com\\\/#website\"},\"primaryImageOfPage\":{\"@id\":\"https:\\\/\\\/auctionahead.com\\\/product\\\/women-winter-knit-infinity-scarf\\\/#primaryimage\"},\"image\":{\"@id\":\"https:\\\/\\\/auctionahead.com\\\/product\\\/women-winter-knit-infinity-scarf\\\/#primaryimage\"},\"thumbnailUrl\":\"https:\\\/\\\/auctionahead.com\\\/wp-content\\\/uploads\\\/2022\\\/04\\\/8110AzcPHeL._UX679_.jpg\",\"datePublished\":\"2019-08-13T18:18:26+00:00\",\"dateModified\":\"2022-04-24T20:26:14+00:00\",\"breadcrumb\":{\"@id\":\"https:\\\/\\\/auctionahead.com\\\/product\\\/women-winter-knit-infinity-scarf\\\/#breadcrumb\"},\"inLanguage\":\"en-US\",\"potentialAction\":[{\"@type\":\"ReadAction\",\"target\":[\"https:\\\/\\\/auctionahead.com\\\/product\\\/women-winter-knit-infinity-scarf\\\/\"]}]},{\"@type\":\"ImageObject\",\"inLanguage\":\"en-US\",\"@id\":\"https:\\\/\\\/auctionahead.com\\\/product\\\/women-winter-knit-infinity-scarf\\\/#primaryimage\",\"url\":\"https:\\\/\\\/auctionahead.com\\\/wp-content\\\/uploads\\\/2022\\\/04\\\/8110AzcPHeL._UX679_.jpg\",\"contentUrl\":\"https:\\\/\\\/auctionahead.com\\\/wp-content\\\/uploads\\\/2022\\\/04\\\/8110AzcPHeL._UX679_.jpg\",\"width\":679,\"height\":769,\"caption\":\"Women Winter Knit Infinity Scarf\"},{\"@type\":\"BreadcrumbList\",\"@id\":\"https:\\\/\\\/auctionahead.com\\\/product\\\/women-winter-knit-infinity-scarf\\\/#breadcrumb\",\"itemListElement\":[{\"@type\":\"ListItem\",\"position\":1,\"name\":\"Inicio\",\"item\":\"https:\\\/\\\/auctionahead.com\\\/\"},{\"@type\":\"ListItem\",\"position\":2,\"name\":\"Shop\",\"item\":\"https:\\\/\\\/auctionahead.com\\\/shop\\\/\"},{\"@type\":\"ListItem\",\"position\":3,\"name\":\"Bufanda de invierno para mujeres Infinity Knit\"}]},{\"@type\":\"WebSite\",\"@id\":\"https:\\\/\\\/auctionahead.com\\\/#website\",\"url\":\"https:\\\/\\\/auctionahead.com\\\/\",\"name\":\"Auction Ahead\",\"description\":\"Subastas en vivo y tecnolog\u00eda de vanguardia\",\"potentialAction\":[{\"@type\":\"SearchAction\",\"target\":{\"@type\":\"EntryPoint\",\"urlTemplate\":\"https:\\\/\\\/auctionahead.com\\\/?s={search_term_string}\"},\"query-input\":{\"@type\":\"PropertyValueSpecification\",\"valueRequired\":true,\"valueName\":\"search_term_string\"}}],\"inLanguage\":\"en-US\"}]}<\/script>\n<!-- \/ Yoast SEO plugin. -->","yoast_head_json":{"title":"Bufanda de invierno para mujeres Infinity Knit - Auction Ahead","robots":{"index":"index","follow":"follow","max-snippet":"max-snippet:-1","max-image-preview":"max-image-preview:large","max-video-preview":"max-video-preview:-1"},"canonical":"https:\/\/auctionahead.com\/en\/product\/women-winter-knit-infinity-scarf\/","og_locale":"en_US","og_type":"article","og_title":"Bufanda de invierno para mujeres Infinity Knit - Auction Ahead","og_description":"Bufanda de punto de invierno Infinity para mujeres: 100% acr\u00edlico  Importado  Bufanda de lazo infinito de invierno. Es suave y c\u00e1lida para protegerte del fr\u00edo. Mide 40*150 CM. Lavado a mano, secado a mano.  Esta bufanda de lazo circular de moda es perfecta para usarla a diario sobre la marcha. Se puede usar en diferentes estilos. Ligera pero c\u00e1lida y con una longitud perfecta, permite que esta bufanda de punto se use como un lazo simple o doble.  Bufanda de invierno de punto de lazo circular para el estilo y la calidez perfecta para el exterior y el interior. Ideal para vestir cualquier conjunto durante el oto\u00f1o e invierno, adecuado tanto para ocasiones formales como casuales.  Se puede estilizar con tu blusa, camisa, su\u00e9ter, chaqueta, jeans o vestido de noche para un look encantador. Una gran bufanda de viaje o de uso diario, c\u00f3moda y acogedora. Popular tanto para adultos como para adolescentes.  Esta bufanda de punto grueso infinito es un regalo o accesorio ideal para los fr\u00edos meses de invierno. Vienen en 5 tipos diferentes de colores s\u00f3lidos y pueden ser usados por mujeres y tambi\u00e9n por hombres.","og_url":"https:\/\/auctionahead.com\/en\/product\/women-winter-knit-infinity-scarf\/","og_site_name":"Auction Ahead","article_modified_time":"2022-04-24T20:26:14+00:00","og_image":[{"width":679,"height":769,"url":"https:\/\/auctionahead.com\/wp-content\/uploads\/2022\/04\/8110AzcPHeL._UX679_.jpg","type":"image\/jpeg"}],"twitter_card":"summary_large_image","twitter_misc":{"Est. reading time":"1 minute"},"schema":{"@context":"https:\/\/schema.org","@graph":[{"@type":"WebPage","@id":"https:\/\/auctionahead.com\/product\/women-winter-knit-infinity-scarf\/","url":"https:\/\/auctionahead.com\/product\/women-winter-knit-infinity-scarf\/","name":"Bufanda de invierno para mujeres Infinity Knit - Auction Ahead","isPartOf":{"@id":"https:\/\/auctionahead.com\/#website"},"primaryImageOfPage":{"@id":"https:\/\/auctionahead.com\/product\/women-winter-knit-infinity-scarf\/#primaryimage"},"image":{"@id":"https:\/\/auctionahead.com\/product\/women-winter-knit-infinity-scarf\/#primaryimage"},"thumbnailUrl":"https:\/\/auctionahead.com\/wp-content\/uploads\/2022\/04\/8110AzcPHeL._UX679_.jpg","datePublished":"2019-08-13T18:18:26+00:00","dateModified":"2022-04-24T20:26:14+00:00","breadcrumb":{"@id":"https:\/\/auctionahead.com\/product\/women-winter-knit-infinity-scarf\/#breadcrumb"},"inLanguage":"en-US","potentialAction":[{"@type":"ReadAction","target":["https:\/\/auctionahead.com\/product\/women-winter-knit-infinity-scarf\/"]}]},{"@type":"ImageObject","inLanguage":"en-US","@id":"https:\/\/auctionahead.com\/product\/women-winter-knit-infinity-scarf\/#primaryimage","url":"https:\/\/auctionahead.com\/wp-content\/uploads\/2022\/04\/8110AzcPHeL._UX679_.jpg","contentUrl":"https:\/\/auctionahead.com\/wp-content\/uploads\/2022\/04\/8110AzcPHeL._UX679_.jpg","width":679,"height":769,"caption":"Women Winter Knit Infinity Scarf"},{"@type":"BreadcrumbList","@id":"https:\/\/auctionahead.com\/product\/women-winter-knit-infinity-scarf\/#breadcrumb","itemListElement":[{"@type":"ListItem","position":1,"name":"Inicio","item":"https:\/\/auctionahead.com\/"},{"@type":"ListItem","position":2,"name":"Shop","item":"https:\/\/auctionahead.com\/shop\/"},{"@type":"ListItem","position":3,"name":"Bufanda de invierno para mujeres Infinity Knit"}]},{"@type":"WebSite","@id":"https:\/\/auctionahead.com\/#website","url":"https:\/\/auctionahead.com\/","name":"Auction Ahead","description":"Subastas en vivo y tecnolog\u00eda de vanguardia","potentialAction":[{"@type":"SearchAction","target":{"@type":"EntryPoint","urlTemplate":"https:\/\/auctionahead.com\/?s={search_term_string}"},"query-input":{"@type":"PropertyValueSpecification","valueRequired":true,"valueName":"search_term_string"}}],"inLanguage":"en-US"}]}},"_links":{"self":[{"href":"https:\/\/auctionahead.com\/en\/wp-json\/wp\/v2\/product\/2427","targetHints":{"allow":["GET"]}}],"collection":[{"href":"https:\/\/auctionahead.com\/en\/wp-json\/wp\/v2\/product"}],"about":[{"href":"https:\/\/auctionahead.com\/en\/wp-json\/wp\/v2\/types\/product"}],"wp:featuredmedia":[{"embeddable":true,"href":"https:\/\/auctionahead.com\/en\/wp-json\/wp\/v2\/media\/2428"}],"wp:attachment":[{"href":"https:\/\/auctionahead.com\/en\/wp-json\/wp\/v2\/media?parent=2427"}],"wp:term":[{"taxonomy":"product_brand","embeddable":true,"href":"https:\/\/auctionahead.com\/en\/wp-json\/wp\/v2\/product_brand?post=2427"},{"taxonomy":"product_cat","embeddable":true,"href":"https:\/\/auctionahead.com\/en\/wp-json\/wp\/v2\/product_cat?post=2427"},{"taxonomy":"product_tag","embeddable":true,"href":"https:\/\/auctionahead.com\/en\/wp-json\/wp\/v2\/product_tag?post=2427"}],"curies":[{"name":"wp","href":"https:\/\/api.w.org\/{rel}","templated":true}]}}