{"id":2426,"date":"2019-08-13T18:19:14","date_gmt":"2019-08-13T18:19:14","guid":{"rendered":"https:\/\/auctionahead.com\/?post_type=product&#038;p=2426"},"modified":"2022-04-24T20:25:36","modified_gmt":"2022-04-24T20:25:36","slug":"senso-bluetooth-headphones","status":"publish","type":"product","link":"https:\/\/auctionahead.com\/en\/product\/senso-bluetooth-headphones\/","title":{"rendered":"Bluetooth Headphones"},"content":{"rendered":"<ul>\n<li><span class=\"a-list-item\">Sonido de alta fidelidad de alta definici\u00f3n real con la \u00faltima tecnolog\u00eda de RSC Bluetooth 4.1 y componentes ac\u00fasticos de \u00faltima generaci\u00f3n que producen una calidad de sonido incre\u00edble con bajos profundos y agudos cristalinos.<\/span><\/li>\n<li><span class=\"a-list-item\">Ajuste c\u00f3modo y seguro con la clasificaci\u00f3n de impermeabilidad IPX-7 &#8211; los capuchones activos cuentan con ganchos flexibles para las orejas dise\u00f1ados ergon\u00f3micamente y con almohadillas de gel de silicona Flex para asegurar que los auriculares se mantengan c\u00f3modamente firmes en su lugar y garantizar una comodidad sin fatiga para las orejas y sin enredos.<\/span><\/li>\n<li><span class=\"a-list-item\">Mayor duraci\u00f3n de la bater\u00eda: la nueva y mejorada bater\u00eda de pol\u00edmero de litio permite disfrutar sin problemas de la m\u00fasica hasta 8 horas y 240 horas en espera con una carga r\u00e1pida de s\u00f3lo 1,5 horas.<\/span><\/li>\n<li><span class=\"a-list-item\">Bluetooth V4. 1 tecnolog\u00eda inal\u00e1mbrica con CVC 6. 0 tecnolog\u00eda de supresi\u00f3n de ruido &#8211; conectar sin problemas con todos los dispositivos habilitados para Bluetooth hasta 30 pies de distancia. Con la tecnolog\u00eda de supresi\u00f3n de ruido c\u00e9ntrate en tu m\u00fasica favorita y responde a las llamadas sin saltos ni palabras perdidas.<\/span><\/li>\n<li><span class=\"a-list-item\">1 a\u00f1o de garant\u00eda y art\u00edculos de bono &#8211; accesorios de bono con 1 a\u00f1o de garant\u00eda del fabricante y 30 d\u00edas de pol\u00edtica de devoluci\u00f3n sin preguntas. Valor por el dinero garantizado, compre los capullos activos del sensor sin preocupaciones hoy.<\/span><\/li>\n<\/ul>","protected":false},"excerpt":{"rendered":"<ul>\n<li><span class=\"a-list-item\">Sonido de alta fidelidad de alta definici\u00f3n real con la \u00faltima tecnolog\u00eda de RSC Bluetooth 4.1 y componentes ac\u00fasticos de \u00faltima generaci\u00f3n que producen una calidad de sonido incre\u00edble con bajos profundos y agudos cristalinos.<\/span><\/li>\n<li><span class=\"a-list-item\">Ajuste c\u00f3modo y seguro con la clasificaci\u00f3n impermeable IPX-7 &#8211; los capullos activos cuentan con ganchos flexibles para las orejas dise\u00f1ados ergon\u00f3micamente y con almohadillas de gel de silicona flexible para asegurar que los auriculares se mantengan c\u00f3modamente firmes en su lugar y garantizar una comodidad sin fatiga para las orejas y sin enredos<\/span><\/li>\n<\/ul>","protected":false},"featured_media":2415,"template":"","meta":[],"product_brand":[],"product_cat":[64],"product_tag":[],"class_list":{"0":"post-2426","1":"product","2":"type-product","3":"status-publish","4":"has-post-thumbnail","6":"product_cat-sports","8":"first","9":"instock","10":"featured","11":"taxable","12":"shipping-taxable","13":"purchasable","14":"product-type-simple"},"yoast_head":"<!-- This site is optimized with the Yoast SEO plugin v27.4 - https:\/\/yoast.com\/product\/yoast-seo-wordpress\/ -->\n<title>Auriculares Bluetooth - Auction Ahead<\/title>\n<meta name=\"robots\" content=\"index, follow, max-snippet:-1, max-image-preview:large, max-video-preview:-1\" \/>\n<link rel=\"canonical\" href=\"https:\/\/auctionahead.com\/en\/product\/senso-bluetooth-headphones\/\" \/>\n<meta property=\"og:locale\" content=\"en_US\" \/>\n<meta property=\"og:type\" content=\"article\" \/>\n<meta property=\"og:title\" content=\"Auriculares Bluetooth - Auction Ahead\" \/>\n<meta property=\"og:description\" content=\"Sonido de alta fidelidad de alta definici\u00f3n real con la \u00faltima tecnolog\u00eda de RSC Bluetooth 4.1 y componentes ac\u00fasticos de \u00faltima generaci\u00f3n que producen una calidad de sonido incre\u00edble con bajos profundos y agudos cristalinos.  Ajuste c\u00f3modo y seguro con la clasificaci\u00f3n impermeable IPX-7 - los capullos activos cuentan con ganchos flexibles para las orejas dise\u00f1ados ergon\u00f3micamente y con almohadillas de gel de silicona flexible para asegurar que los auriculares se mantengan c\u00f3modamente firmes en su lugar y garantizar una comodidad sin fatiga para las orejas y sin enredos\" \/>\n<meta property=\"og:url\" content=\"https:\/\/auctionahead.com\/en\/product\/senso-bluetooth-headphones\/\" \/>\n<meta property=\"og:site_name\" content=\"Auction Ahead\" \/>\n<meta property=\"article:modified_time\" content=\"2022-04-24T20:25:36+00:00\" \/>\n<meta property=\"og:image\" content=\"https:\/\/auctionahead.com\/wp-content\/uploads\/2022\/04\/senso-bluetooth.png\" \/>\n\t<meta property=\"og:image:width\" content=\"588\" \/>\n\t<meta property=\"og:image:height\" content=\"684\" \/>\n\t<meta property=\"og:image:type\" content=\"image\/png\" \/>\n<meta name=\"twitter:card\" content=\"summary_large_image\" \/>\n<meta name=\"twitter:label1\" content=\"Est. reading time\" \/>\n\t<meta name=\"twitter:data1\" content=\"1 minute\" \/>\n<script type=\"application\/ld+json\" class=\"yoast-schema-graph\">{\"@context\":\"https:\\\/\\\/schema.org\",\"@graph\":[{\"@type\":\"WebPage\",\"@id\":\"https:\\\/\\\/auctionahead.com\\\/product\\\/senso-bluetooth-headphones\\\/\",\"url\":\"https:\\\/\\\/auctionahead.com\\\/product\\\/senso-bluetooth-headphones\\\/\",\"name\":\"Auriculares Bluetooth - Auction Ahead\",\"isPartOf\":{\"@id\":\"https:\\\/\\\/auctionahead.com\\\/#website\"},\"primaryImageOfPage\":{\"@id\":\"https:\\\/\\\/auctionahead.com\\\/product\\\/senso-bluetooth-headphones\\\/#primaryimage\"},\"image\":{\"@id\":\"https:\\\/\\\/auctionahead.com\\\/product\\\/senso-bluetooth-headphones\\\/#primaryimage\"},\"thumbnailUrl\":\"https:\\\/\\\/auctionahead.com\\\/wp-content\\\/uploads\\\/2022\\\/04\\\/senso-bluetooth.png\",\"datePublished\":\"2019-08-13T18:19:14+00:00\",\"dateModified\":\"2022-04-24T20:25:36+00:00\",\"breadcrumb\":{\"@id\":\"https:\\\/\\\/auctionahead.com\\\/product\\\/senso-bluetooth-headphones\\\/#breadcrumb\"},\"inLanguage\":\"en-US\",\"potentialAction\":[{\"@type\":\"ReadAction\",\"target\":[\"https:\\\/\\\/auctionahead.com\\\/product\\\/senso-bluetooth-headphones\\\/\"]}]},{\"@type\":\"ImageObject\",\"inLanguage\":\"en-US\",\"@id\":\"https:\\\/\\\/auctionahead.com\\\/product\\\/senso-bluetooth-headphones\\\/#primaryimage\",\"url\":\"https:\\\/\\\/auctionahead.com\\\/wp-content\\\/uploads\\\/2022\\\/04\\\/senso-bluetooth.png\",\"contentUrl\":\"https:\\\/\\\/auctionahead.com\\\/wp-content\\\/uploads\\\/2022\\\/04\\\/senso-bluetooth.png\",\"width\":588,\"height\":684,\"caption\":\"Bluetooth Headphones\"},{\"@type\":\"BreadcrumbList\",\"@id\":\"https:\\\/\\\/auctionahead.com\\\/product\\\/senso-bluetooth-headphones\\\/#breadcrumb\",\"itemListElement\":[{\"@type\":\"ListItem\",\"position\":1,\"name\":\"Inicio\",\"item\":\"https:\\\/\\\/auctionahead.com\\\/\"},{\"@type\":\"ListItem\",\"position\":2,\"name\":\"Shop\",\"item\":\"https:\\\/\\\/auctionahead.com\\\/shop\\\/\"},{\"@type\":\"ListItem\",\"position\":3,\"name\":\"Auriculares Bluetooth\"}]},{\"@type\":\"WebSite\",\"@id\":\"https:\\\/\\\/auctionahead.com\\\/#website\",\"url\":\"https:\\\/\\\/auctionahead.com\\\/\",\"name\":\"Auction Ahead\",\"description\":\"Subastas en vivo y tecnolog\u00eda de vanguardia\",\"potentialAction\":[{\"@type\":\"SearchAction\",\"target\":{\"@type\":\"EntryPoint\",\"urlTemplate\":\"https:\\\/\\\/auctionahead.com\\\/?s={search_term_string}\"},\"query-input\":{\"@type\":\"PropertyValueSpecification\",\"valueRequired\":true,\"valueName\":\"search_term_string\"}}],\"inLanguage\":\"en-US\"}]}<\/script>\n<!-- \/ Yoast SEO plugin. -->","yoast_head_json":{"title":"Auriculares Bluetooth - Auction Ahead","robots":{"index":"index","follow":"follow","max-snippet":"max-snippet:-1","max-image-preview":"max-image-preview:large","max-video-preview":"max-video-preview:-1"},"canonical":"https:\/\/auctionahead.com\/en\/product\/senso-bluetooth-headphones\/","og_locale":"en_US","og_type":"article","og_title":"Auriculares Bluetooth - Auction Ahead","og_description":"Sonido de alta fidelidad de alta definici\u00f3n real con la \u00faltima tecnolog\u00eda de RSC Bluetooth 4.1 y componentes ac\u00fasticos de \u00faltima generaci\u00f3n que producen una calidad de sonido incre\u00edble con bajos profundos y agudos cristalinos.  Ajuste c\u00f3modo y seguro con la clasificaci\u00f3n impermeable IPX-7 - los capullos activos cuentan con ganchos flexibles para las orejas dise\u00f1ados ergon\u00f3micamente y con almohadillas de gel de silicona flexible para asegurar que los auriculares se mantengan c\u00f3modamente firmes en su lugar y garantizar una comodidad sin fatiga para las orejas y sin enredos","og_url":"https:\/\/auctionahead.com\/en\/product\/senso-bluetooth-headphones\/","og_site_name":"Auction Ahead","article_modified_time":"2022-04-24T20:25:36+00:00","og_image":[{"width":588,"height":684,"url":"https:\/\/auctionahead.com\/wp-content\/uploads\/2022\/04\/senso-bluetooth.png","type":"image\/png"}],"twitter_card":"summary_large_image","twitter_misc":{"Est. reading time":"1 minute"},"schema":{"@context":"https:\/\/schema.org","@graph":[{"@type":"WebPage","@id":"https:\/\/auctionahead.com\/product\/senso-bluetooth-headphones\/","url":"https:\/\/auctionahead.com\/product\/senso-bluetooth-headphones\/","name":"Auriculares Bluetooth - Auction Ahead","isPartOf":{"@id":"https:\/\/auctionahead.com\/#website"},"primaryImageOfPage":{"@id":"https:\/\/auctionahead.com\/product\/senso-bluetooth-headphones\/#primaryimage"},"image":{"@id":"https:\/\/auctionahead.com\/product\/senso-bluetooth-headphones\/#primaryimage"},"thumbnailUrl":"https:\/\/auctionahead.com\/wp-content\/uploads\/2022\/04\/senso-bluetooth.png","datePublished":"2019-08-13T18:19:14+00:00","dateModified":"2022-04-24T20:25:36+00:00","breadcrumb":{"@id":"https:\/\/auctionahead.com\/product\/senso-bluetooth-headphones\/#breadcrumb"},"inLanguage":"en-US","potentialAction":[{"@type":"ReadAction","target":["https:\/\/auctionahead.com\/product\/senso-bluetooth-headphones\/"]}]},{"@type":"ImageObject","inLanguage":"en-US","@id":"https:\/\/auctionahead.com\/product\/senso-bluetooth-headphones\/#primaryimage","url":"https:\/\/auctionahead.com\/wp-content\/uploads\/2022\/04\/senso-bluetooth.png","contentUrl":"https:\/\/auctionahead.com\/wp-content\/uploads\/2022\/04\/senso-bluetooth.png","width":588,"height":684,"caption":"Bluetooth Headphones"},{"@type":"BreadcrumbList","@id":"https:\/\/auctionahead.com\/product\/senso-bluetooth-headphones\/#breadcrumb","itemListElement":[{"@type":"ListItem","position":1,"name":"Inicio","item":"https:\/\/auctionahead.com\/"},{"@type":"ListItem","position":2,"name":"Shop","item":"https:\/\/auctionahead.com\/shop\/"},{"@type":"ListItem","position":3,"name":"Auriculares Bluetooth"}]},{"@type":"WebSite","@id":"https:\/\/auctionahead.com\/#website","url":"https:\/\/auctionahead.com\/","name":"Auction Ahead","description":"Subastas en vivo y tecnolog\u00eda de vanguardia","potentialAction":[{"@type":"SearchAction","target":{"@type":"EntryPoint","urlTemplate":"https:\/\/auctionahead.com\/?s={search_term_string}"},"query-input":{"@type":"PropertyValueSpecification","valueRequired":true,"valueName":"search_term_string"}}],"inLanguage":"en-US"}]}},"_links":{"self":[{"href":"https:\/\/auctionahead.com\/en\/wp-json\/wp\/v2\/product\/2426","targetHints":{"allow":["GET"]}}],"collection":[{"href":"https:\/\/auctionahead.com\/en\/wp-json\/wp\/v2\/product"}],"about":[{"href":"https:\/\/auctionahead.com\/en\/wp-json\/wp\/v2\/types\/product"}],"wp:featuredmedia":[{"embeddable":true,"href":"https:\/\/auctionahead.com\/en\/wp-json\/wp\/v2\/media\/2415"}],"wp:attachment":[{"href":"https:\/\/auctionahead.com\/en\/wp-json\/wp\/v2\/media?parent=2426"}],"wp:term":[{"taxonomy":"product_brand","embeddable":true,"href":"https:\/\/auctionahead.com\/en\/wp-json\/wp\/v2\/product_brand?post=2426"},{"taxonomy":"product_cat","embeddable":true,"href":"https:\/\/auctionahead.com\/en\/wp-json\/wp\/v2\/product_cat?post=2426"},{"taxonomy":"product_tag","embeddable":true,"href":"https:\/\/auctionahead.com\/en\/wp-json\/wp\/v2\/product_tag?post=2426"}],"curies":[{"name":"wp","href":"https:\/\/api.w.org\/{rel}","templated":true}]}}