{"id":2408,"date":"2019-08-13T18:17:20","date_gmt":"2019-08-13T18:17:20","guid":{"rendered":"https:\/\/auctionahead.com\/?post_type=product&#038;p=2408"},"modified":"2022-04-24T20:26:41","modified_gmt":"2022-04-24T20:26:41","slug":"man-duffel-bag","status":"publish","type":"product","link":"https:\/\/auctionahead.com\/en\/product\/man-duffel-bag\/","title":{"rendered":"Man Duffel Bag"},"content":{"rendered":"<div class=\"electro-description clearfix\">\n<p>Lleva tu equipo de entrenamiento como los profesionales cuando haces de Duffel tu bolsa de gimnasia. El bolso Duffel est\u00e1 fabricado en un resistente polipropileno con paneles reforzados en las cremalleras y puntos de tensi\u00f3n. El compartimento principal con cremallera est\u00e1 reforzado para mantener una forma de pie para un f\u00e1cil acceso. Bolsillo con cremallera con forro interior separado para guardar los zapatos o la ropa sucia. Bolsillo con cremallera en la cara exterior para guardar peque\u00f1os objetos. Bolsillo plano en el extremo con cremallera. Un solo bolsillo de pared interior con cremallera de seguridad. Doble asa con panel acolchado para colgar y cerrar. Correa para el hombro ajustable y extra\u00edble con almohadilla deslizante. Marcas impresas de Tres Rayas en la cara y en la correa del hombro. Cuerpo: 100% poli\u00e9ster; Forro: 100% poli\u00e9ster. Importado. Medidas: Ancho inferior: 23 3\u20444 en profundidad: 11 1\u20442 en altura: 12 1\u20442 en longitud de la correa: 21 en ca\u00edda de la correa: 9 1\u20442 en longitud de la correa de accesorios: 55 en ca\u00edda de la correa de accesorios: 27 1\u20442 en peso: 1 lb 9 o.<\/p>\n<\/div>","protected":false},"excerpt":{"rendered":"<ul class=\"a-unordered-list a-vertical a-spacing-none\">\n<li><span class=\"a-list-item\">100% Poli\u00e9ster<\/span><\/li>\n<li><span class=\"a-list-item\">Importado<\/span><\/li>\n<li><span class=\"a-list-item\">Forro 100% de poli\u00e9ster<\/span><\/li>\n<li><span class=\"a-list-item\">27.5\u2033 Ca\u00edda de hombro<\/span><\/li>\n<li><span class=\"a-list-item\">13\u2033 alta<\/span><\/li>\n<li><span class=\"a-list-item\">23\u2033 de ancho<\/span><\/li>\n<li><span class=\"a-list-item\">Peque\u00f1o bolsillo inferior<\/span><\/li>\n<\/ul>","protected":false},"featured_media":2409,"template":"","meta":[],"product_brand":[],"product_cat":[64],"product_tag":[],"class_list":{"0":"post-2408","1":"product","2":"type-product","3":"status-publish","4":"has-post-thumbnail","6":"product_cat-sports","8":"first","9":"instock","10":"featured","11":"taxable","12":"shipping-taxable","13":"purchasable","14":"product-type-simple"},"yoast_head":"<!-- This site is optimized with the Yoast SEO plugin v27.4 - https:\/\/yoast.com\/product\/yoast-seo-wordpress\/ -->\n<title>Bolsa de Duffel para hombre - Auction Ahead<\/title>\n<meta name=\"robots\" content=\"index, follow, max-snippet:-1, max-image-preview:large, max-video-preview:-1\" \/>\n<link rel=\"canonical\" href=\"https:\/\/auctionahead.com\/en\/product\/man-duffel-bag\/\" \/>\n<meta property=\"og:locale\" content=\"en_US\" \/>\n<meta property=\"og:type\" content=\"article\" \/>\n<meta property=\"og:title\" content=\"Bolsa de Duffel para hombre - Auction Ahead\" \/>\n<meta property=\"og:description\" content=\"100% Poli\u00e9ster  Importado  Forro 100% de poli\u00e9ster  27.5\u2033 Ca\u00edda de hombro  13\u2033 alta  23\u2033 de ancho  Peque\u00f1o bolsillo inferior\" \/>\n<meta property=\"og:url\" content=\"https:\/\/auctionahead.com\/en\/product\/man-duffel-bag\/\" \/>\n<meta property=\"og:site_name\" content=\"Auction Ahead\" \/>\n<meta property=\"article:modified_time\" content=\"2022-04-24T20:26:41+00:00\" \/>\n<meta property=\"og:image\" content=\"https:\/\/auctionahead.com\/wp-content\/uploads\/2022\/04\/ADIDAS-BAG-1.png\" \/>\n\t<meta property=\"og:image:width\" content=\"714\" \/>\n\t<meta property=\"og:image:height\" content=\"583\" \/>\n\t<meta property=\"og:image:type\" content=\"image\/png\" \/>\n<meta name=\"twitter:card\" content=\"summary_large_image\" \/>\n<meta name=\"twitter:label1\" content=\"Est. reading time\" \/>\n\t<meta name=\"twitter:data1\" content=\"1 minute\" \/>\n<script type=\"application\/ld+json\" class=\"yoast-schema-graph\">{\"@context\":\"https:\\\/\\\/schema.org\",\"@graph\":[{\"@type\":\"WebPage\",\"@id\":\"https:\\\/\\\/auctionahead.com\\\/product\\\/man-duffel-bag\\\/\",\"url\":\"https:\\\/\\\/auctionahead.com\\\/product\\\/man-duffel-bag\\\/\",\"name\":\"Bolsa de Duffel para hombre - Auction Ahead\",\"isPartOf\":{\"@id\":\"https:\\\/\\\/auctionahead.com\\\/#website\"},\"primaryImageOfPage\":{\"@id\":\"https:\\\/\\\/auctionahead.com\\\/product\\\/man-duffel-bag\\\/#primaryimage\"},\"image\":{\"@id\":\"https:\\\/\\\/auctionahead.com\\\/product\\\/man-duffel-bag\\\/#primaryimage\"},\"thumbnailUrl\":\"https:\\\/\\\/auctionahead.com\\\/wp-content\\\/uploads\\\/2022\\\/04\\\/ADIDAS-BAG-1.png\",\"datePublished\":\"2019-08-13T18:17:20+00:00\",\"dateModified\":\"2022-04-24T20:26:41+00:00\",\"breadcrumb\":{\"@id\":\"https:\\\/\\\/auctionahead.com\\\/product\\\/man-duffel-bag\\\/#breadcrumb\"},\"inLanguage\":\"en-US\",\"potentialAction\":[{\"@type\":\"ReadAction\",\"target\":[\"https:\\\/\\\/auctionahead.com\\\/product\\\/man-duffel-bag\\\/\"]}]},{\"@type\":\"ImageObject\",\"inLanguage\":\"en-US\",\"@id\":\"https:\\\/\\\/auctionahead.com\\\/product\\\/man-duffel-bag\\\/#primaryimage\",\"url\":\"https:\\\/\\\/auctionahead.com\\\/wp-content\\\/uploads\\\/2022\\\/04\\\/ADIDAS-BAG-1.png\",\"contentUrl\":\"https:\\\/\\\/auctionahead.com\\\/wp-content\\\/uploads\\\/2022\\\/04\\\/ADIDAS-BAG-1.png\",\"width\":714,\"height\":583,\"caption\":\"Man Duffel Bag\"},{\"@type\":\"BreadcrumbList\",\"@id\":\"https:\\\/\\\/auctionahead.com\\\/product\\\/man-duffel-bag\\\/#breadcrumb\",\"itemListElement\":[{\"@type\":\"ListItem\",\"position\":1,\"name\":\"Inicio\",\"item\":\"https:\\\/\\\/auctionahead.com\\\/\"},{\"@type\":\"ListItem\",\"position\":2,\"name\":\"Shop\",\"item\":\"https:\\\/\\\/auctionahead.com\\\/shop\\\/\"},{\"@type\":\"ListItem\",\"position\":3,\"name\":\"Bolsa de Duffel para hombre\"}]},{\"@type\":\"WebSite\",\"@id\":\"https:\\\/\\\/auctionahead.com\\\/#website\",\"url\":\"https:\\\/\\\/auctionahead.com\\\/\",\"name\":\"Auction Ahead\",\"description\":\"Subastas en vivo y tecnolog\u00eda de vanguardia\",\"potentialAction\":[{\"@type\":\"SearchAction\",\"target\":{\"@type\":\"EntryPoint\",\"urlTemplate\":\"https:\\\/\\\/auctionahead.com\\\/?s={search_term_string}\"},\"query-input\":{\"@type\":\"PropertyValueSpecification\",\"valueRequired\":true,\"valueName\":\"search_term_string\"}}],\"inLanguage\":\"en-US\"}]}<\/script>\n<!-- \/ Yoast SEO plugin. -->","yoast_head_json":{"title":"Bolsa de Duffel para hombre - Auction Ahead","robots":{"index":"index","follow":"follow","max-snippet":"max-snippet:-1","max-image-preview":"max-image-preview:large","max-video-preview":"max-video-preview:-1"},"canonical":"https:\/\/auctionahead.com\/en\/product\/man-duffel-bag\/","og_locale":"en_US","og_type":"article","og_title":"Bolsa de Duffel para hombre - Auction Ahead","og_description":"100% Poli\u00e9ster  Importado  Forro 100% de poli\u00e9ster  27.5\u2033 Ca\u00edda de hombro  13\u2033 alta  23\u2033 de ancho  Peque\u00f1o bolsillo inferior","og_url":"https:\/\/auctionahead.com\/en\/product\/man-duffel-bag\/","og_site_name":"Auction Ahead","article_modified_time":"2022-04-24T20:26:41+00:00","og_image":[{"width":714,"height":583,"url":"https:\/\/auctionahead.com\/wp-content\/uploads\/2022\/04\/ADIDAS-BAG-1.png","type":"image\/png"}],"twitter_card":"summary_large_image","twitter_misc":{"Est. reading time":"1 minute"},"schema":{"@context":"https:\/\/schema.org","@graph":[{"@type":"WebPage","@id":"https:\/\/auctionahead.com\/product\/man-duffel-bag\/","url":"https:\/\/auctionahead.com\/product\/man-duffel-bag\/","name":"Bolsa de Duffel para hombre - Auction Ahead","isPartOf":{"@id":"https:\/\/auctionahead.com\/#website"},"primaryImageOfPage":{"@id":"https:\/\/auctionahead.com\/product\/man-duffel-bag\/#primaryimage"},"image":{"@id":"https:\/\/auctionahead.com\/product\/man-duffel-bag\/#primaryimage"},"thumbnailUrl":"https:\/\/auctionahead.com\/wp-content\/uploads\/2022\/04\/ADIDAS-BAG-1.png","datePublished":"2019-08-13T18:17:20+00:00","dateModified":"2022-04-24T20:26:41+00:00","breadcrumb":{"@id":"https:\/\/auctionahead.com\/product\/man-duffel-bag\/#breadcrumb"},"inLanguage":"en-US","potentialAction":[{"@type":"ReadAction","target":["https:\/\/auctionahead.com\/product\/man-duffel-bag\/"]}]},{"@type":"ImageObject","inLanguage":"en-US","@id":"https:\/\/auctionahead.com\/product\/man-duffel-bag\/#primaryimage","url":"https:\/\/auctionahead.com\/wp-content\/uploads\/2022\/04\/ADIDAS-BAG-1.png","contentUrl":"https:\/\/auctionahead.com\/wp-content\/uploads\/2022\/04\/ADIDAS-BAG-1.png","width":714,"height":583,"caption":"Man Duffel Bag"},{"@type":"BreadcrumbList","@id":"https:\/\/auctionahead.com\/product\/man-duffel-bag\/#breadcrumb","itemListElement":[{"@type":"ListItem","position":1,"name":"Inicio","item":"https:\/\/auctionahead.com\/"},{"@type":"ListItem","position":2,"name":"Shop","item":"https:\/\/auctionahead.com\/shop\/"},{"@type":"ListItem","position":3,"name":"Bolsa de Duffel para hombre"}]},{"@type":"WebSite","@id":"https:\/\/auctionahead.com\/#website","url":"https:\/\/auctionahead.com\/","name":"Auction Ahead","description":"Subastas en vivo y tecnolog\u00eda de vanguardia","potentialAction":[{"@type":"SearchAction","target":{"@type":"EntryPoint","urlTemplate":"https:\/\/auctionahead.com\/?s={search_term_string}"},"query-input":{"@type":"PropertyValueSpecification","valueRequired":true,"valueName":"search_term_string"}}],"inLanguage":"en-US"}]}},"_links":{"self":[{"href":"https:\/\/auctionahead.com\/en\/wp-json\/wp\/v2\/product\/2408","targetHints":{"allow":["GET"]}}],"collection":[{"href":"https:\/\/auctionahead.com\/en\/wp-json\/wp\/v2\/product"}],"about":[{"href":"https:\/\/auctionahead.com\/en\/wp-json\/wp\/v2\/types\/product"}],"wp:featuredmedia":[{"embeddable":true,"href":"https:\/\/auctionahead.com\/en\/wp-json\/wp\/v2\/media\/2409"}],"wp:attachment":[{"href":"https:\/\/auctionahead.com\/en\/wp-json\/wp\/v2\/media?parent=2408"}],"wp:term":[{"taxonomy":"product_brand","embeddable":true,"href":"https:\/\/auctionahead.com\/en\/wp-json\/wp\/v2\/product_brand?post=2408"},{"taxonomy":"product_cat","embeddable":true,"href":"https:\/\/auctionahead.com\/en\/wp-json\/wp\/v2\/product_cat?post=2408"},{"taxonomy":"product_tag","embeddable":true,"href":"https:\/\/auctionahead.com\/en\/wp-json\/wp\/v2\/product_tag?post=2408"}],"curies":[{"name":"wp","href":"https:\/\/api.w.org\/{rel}","templated":true}]}}