{"id":2366,"date":"2019-08-13T17:30:50","date_gmt":"2019-08-13T17:30:50","guid":{"rendered":"https:\/\/auctionahead.com\/?post_type=product&#038;p=2366"},"modified":"2022-04-25T10:25:17","modified_gmt":"2022-04-25T10:25:17","slug":"cap-classic-adjustable-plain-hat-men-women-unisex","status":"publish","type":"product","link":"https:\/\/auctionahead.com\/en\/product\/cap-classic-adjustable-plain-hat-men-women-unisex\/","title":{"rendered":"Cap Classic Adjustable Plain Hat Men Women Unisex"},"content":{"rendered":"<ul class=\"a-unordered-list a-vertical a-spacing-none\">\n<li><span class=\"a-list-item\">2 PAQUETES Y COLOR GRIS &#8211; Set de 2 con precios razonables y Gris<\/span><\/li>\n<li><span class=\"a-list-item\">CIERRE DE LA ESPALDA AJUSTABLE &#8211; Aj\u00fastelo con el cierre de la espalda para que se ajuste a su cabeza y le proporcione la m\u00e1xima comodidad<\/span><\/li>\n<li><span class=\"a-list-item\">ASEGURARSE DEL SOL &#8211; El ala ancha y curvada y el tejido de poli\u00e9ster trabajan juntos para mantener la cabeza fr\u00eda<\/span><\/li>\n<li><span class=\"a-list-item\">DISE\u00d1O UNISEX PARA HOMBRES Y MUJERES &#8211; Dise\u00f1o simple y cl\u00e1sico, tama\u00f1o ajustable para unisex<\/span><\/li>\n<li><span class=\"a-list-item\">TALLA &#8211; Ajustable por el cierre de la espalda<\/span><\/li>\n<\/ul>","protected":false},"excerpt":{"rendered":"<ul class=\"a-unordered-list a-vertical a-spacing-none\">\n<li><span class=\"a-list-item\">2 PAQUETES Y COLOR GRIS &#8211; Set de 2 con precios razonables y Gris<\/span><\/li>\n<li><span class=\"a-list-item\">CIERRE DE LA ESPALDA AJUSTABLE &#8211; Aj\u00fastelo con el cierre de la espalda para que se ajuste a su cabeza y le proporcione la m\u00e1xima comodidad<\/span><\/li>\n<li><span class=\"a-list-item\">ASEGURARSE DEL SOL &#8211; El ala ancha y curvada y el tejido de poli\u00e9ster trabajan juntos para mantener la cabeza fr\u00eda<\/span><\/li>\n<li><span class=\"a-list-item\">DISE\u00d1O UNISEX PARA HOMBRES Y MUJERES &#8211; Dise\u00f1o simple y cl\u00e1sico, tama\u00f1o ajustable para unisex<\/span><\/li>\n<li><span class=\"a-list-item\">TALLA &#8211; Ajustable por el cierre de la espalda<\/span><\/li>\n<li><\/li>\n<\/ul>","protected":false},"featured_media":2357,"template":"","meta":[],"product_brand":[],"product_cat":[67],"product_tag":[],"class_list":{"0":"post-2366","1":"product","2":"type-product","3":"status-publish","4":"has-post-thumbnail","6":"product_cat-clothing","8":"first","9":"instock","10":"featured","11":"taxable","12":"shipping-taxable","13":"purchasable","14":"product-type-simple"},"yoast_head":"<!-- This site is optimized with the Yoast SEO plugin v27.4 - https:\/\/yoast.com\/product\/yoast-seo-wordpress\/ -->\n<title>Gorra Classic Adjustable Plain Hat Hombres Mujeres Unisex - Auction Ahead<\/title>\n<meta name=\"robots\" content=\"index, follow, max-snippet:-1, max-image-preview:large, max-video-preview:-1\" \/>\n<link rel=\"canonical\" href=\"https:\/\/auctionahead.com\/en\/product\/cap-classic-adjustable-plain-hat-men-women-unisex\/\" \/>\n<meta property=\"og:locale\" content=\"en_US\" \/>\n<meta property=\"og:type\" content=\"article\" \/>\n<meta property=\"og:title\" content=\"Gorra Classic Adjustable Plain Hat Hombres Mujeres Unisex - Auction Ahead\" \/>\n<meta property=\"og:description\" content=\"2 PAQUETES Y COLOR GRIS - Set de 2 con precios razonables y Gris  CIERRE DE LA ESPALDA AJUSTABLE - Aj\u00fastelo con el cierre de la espalda para que se ajuste a su cabeza y le proporcione la m\u00e1xima comodidad  ASEGURARSE DEL SOL - El ala ancha y curvada y el tejido de poli\u00e9ster trabajan juntos para mantener la cabeza fr\u00eda  DISE\u00d1O UNISEX PARA HOMBRES Y MUJERES - Dise\u00f1o simple y cl\u00e1sico, tama\u00f1o ajustable para unisex  TALLA - Ajustable por el cierre de la espalda\" \/>\n<meta property=\"og:url\" content=\"https:\/\/auctionahead.com\/en\/product\/cap-classic-adjustable-plain-hat-men-women-unisex\/\" \/>\n<meta property=\"og:site_name\" content=\"Auction Ahead\" \/>\n<meta property=\"article:modified_time\" content=\"2022-04-25T10:25:17+00:00\" \/>\n<meta property=\"og:image\" content=\"https:\/\/auctionahead.com\/wp-content\/uploads\/2022\/04\/71yvlbltesL._SX679._SX._UX._SY._UY_.jpg\" \/>\n\t<meta property=\"og:image:width\" content=\"679\" \/>\n\t<meta property=\"og:image:height\" content=\"673\" \/>\n\t<meta property=\"og:image:type\" content=\"image\/jpeg\" \/>\n<meta name=\"twitter:card\" content=\"summary_large_image\" \/>\n<script type=\"application\/ld+json\" class=\"yoast-schema-graph\">{\"@context\":\"https:\\\/\\\/schema.org\",\"@graph\":[{\"@type\":\"WebPage\",\"@id\":\"https:\\\/\\\/auctionahead.com\\\/product\\\/cap-classic-adjustable-plain-hat-men-women-unisex\\\/\",\"url\":\"https:\\\/\\\/auctionahead.com\\\/product\\\/cap-classic-adjustable-plain-hat-men-women-unisex\\\/\",\"name\":\"Gorra Classic Adjustable Plain Hat Hombres Mujeres Unisex - Auction Ahead\",\"isPartOf\":{\"@id\":\"https:\\\/\\\/auctionahead.com\\\/#website\"},\"primaryImageOfPage\":{\"@id\":\"https:\\\/\\\/auctionahead.com\\\/product\\\/cap-classic-adjustable-plain-hat-men-women-unisex\\\/#primaryimage\"},\"image\":{\"@id\":\"https:\\\/\\\/auctionahead.com\\\/product\\\/cap-classic-adjustable-plain-hat-men-women-unisex\\\/#primaryimage\"},\"thumbnailUrl\":\"https:\\\/\\\/auctionahead.com\\\/wp-content\\\/uploads\\\/2022\\\/04\\\/71yvlbltesL._SX679._SX._UX._SY._UY_.jpg\",\"datePublished\":\"2019-08-13T17:30:50+00:00\",\"dateModified\":\"2022-04-25T10:25:17+00:00\",\"breadcrumb\":{\"@id\":\"https:\\\/\\\/auctionahead.com\\\/product\\\/cap-classic-adjustable-plain-hat-men-women-unisex\\\/#breadcrumb\"},\"inLanguage\":\"en-US\",\"potentialAction\":[{\"@type\":\"ReadAction\",\"target\":[\"https:\\\/\\\/auctionahead.com\\\/product\\\/cap-classic-adjustable-plain-hat-men-women-unisex\\\/\"]}]},{\"@type\":\"ImageObject\",\"inLanguage\":\"en-US\",\"@id\":\"https:\\\/\\\/auctionahead.com\\\/product\\\/cap-classic-adjustable-plain-hat-men-women-unisex\\\/#primaryimage\",\"url\":\"https:\\\/\\\/auctionahead.com\\\/wp-content\\\/uploads\\\/2022\\\/04\\\/71yvlbltesL._SX679._SX._UX._SY._UY_.jpg\",\"contentUrl\":\"https:\\\/\\\/auctionahead.com\\\/wp-content\\\/uploads\\\/2022\\\/04\\\/71yvlbltesL._SX679._SX._UX._SY._UY_.jpg\",\"width\":679,\"height\":673,\"caption\":\"Cap Classic Adjustable Plain Hat Men Women Unisex\"},{\"@type\":\"BreadcrumbList\",\"@id\":\"https:\\\/\\\/auctionahead.com\\\/product\\\/cap-classic-adjustable-plain-hat-men-women-unisex\\\/#breadcrumb\",\"itemListElement\":[{\"@type\":\"ListItem\",\"position\":1,\"name\":\"Inicio\",\"item\":\"https:\\\/\\\/auctionahead.com\\\/\"},{\"@type\":\"ListItem\",\"position\":2,\"name\":\"Shop\",\"item\":\"https:\\\/\\\/auctionahead.com\\\/shop\\\/\"},{\"@type\":\"ListItem\",\"position\":3,\"name\":\"Gorra Classic Adjustable Plain Hat Hombres Mujeres Unisex\"}]},{\"@type\":\"WebSite\",\"@id\":\"https:\\\/\\\/auctionahead.com\\\/#website\",\"url\":\"https:\\\/\\\/auctionahead.com\\\/\",\"name\":\"Auction Ahead\",\"description\":\"Subastas en vivo y tecnolog\u00eda de vanguardia\",\"potentialAction\":[{\"@type\":\"SearchAction\",\"target\":{\"@type\":\"EntryPoint\",\"urlTemplate\":\"https:\\\/\\\/auctionahead.com\\\/?s={search_term_string}\"},\"query-input\":{\"@type\":\"PropertyValueSpecification\",\"valueRequired\":true,\"valueName\":\"search_term_string\"}}],\"inLanguage\":\"en-US\"}]}<\/script>\n<!-- \/ Yoast SEO plugin. -->","yoast_head_json":{"title":"Gorra Classic Adjustable Plain Hat Hombres Mujeres Unisex - Auction Ahead","robots":{"index":"index","follow":"follow","max-snippet":"max-snippet:-1","max-image-preview":"max-image-preview:large","max-video-preview":"max-video-preview:-1"},"canonical":"https:\/\/auctionahead.com\/en\/product\/cap-classic-adjustable-plain-hat-men-women-unisex\/","og_locale":"en_US","og_type":"article","og_title":"Gorra Classic Adjustable Plain Hat Hombres Mujeres Unisex - Auction Ahead","og_description":"2 PAQUETES Y COLOR GRIS - Set de 2 con precios razonables y Gris  CIERRE DE LA ESPALDA AJUSTABLE - Aj\u00fastelo con el cierre de la espalda para que se ajuste a su cabeza y le proporcione la m\u00e1xima comodidad  ASEGURARSE DEL SOL - El ala ancha y curvada y el tejido de poli\u00e9ster trabajan juntos para mantener la cabeza fr\u00eda  DISE\u00d1O UNISEX PARA HOMBRES Y MUJERES - Dise\u00f1o simple y cl\u00e1sico, tama\u00f1o ajustable para unisex  TALLA - Ajustable por el cierre de la espalda","og_url":"https:\/\/auctionahead.com\/en\/product\/cap-classic-adjustable-plain-hat-men-women-unisex\/","og_site_name":"Auction Ahead","article_modified_time":"2022-04-25T10:25:17+00:00","og_image":[{"width":679,"height":673,"url":"https:\/\/auctionahead.com\/wp-content\/uploads\/2022\/04\/71yvlbltesL._SX679._SX._UX._SY._UY_.jpg","type":"image\/jpeg"}],"twitter_card":"summary_large_image","schema":{"@context":"https:\/\/schema.org","@graph":[{"@type":"WebPage","@id":"https:\/\/auctionahead.com\/product\/cap-classic-adjustable-plain-hat-men-women-unisex\/","url":"https:\/\/auctionahead.com\/product\/cap-classic-adjustable-plain-hat-men-women-unisex\/","name":"Gorra Classic Adjustable Plain Hat Hombres Mujeres Unisex - Auction Ahead","isPartOf":{"@id":"https:\/\/auctionahead.com\/#website"},"primaryImageOfPage":{"@id":"https:\/\/auctionahead.com\/product\/cap-classic-adjustable-plain-hat-men-women-unisex\/#primaryimage"},"image":{"@id":"https:\/\/auctionahead.com\/product\/cap-classic-adjustable-plain-hat-men-women-unisex\/#primaryimage"},"thumbnailUrl":"https:\/\/auctionahead.com\/wp-content\/uploads\/2022\/04\/71yvlbltesL._SX679._SX._UX._SY._UY_.jpg","datePublished":"2019-08-13T17:30:50+00:00","dateModified":"2022-04-25T10:25:17+00:00","breadcrumb":{"@id":"https:\/\/auctionahead.com\/product\/cap-classic-adjustable-plain-hat-men-women-unisex\/#breadcrumb"},"inLanguage":"en-US","potentialAction":[{"@type":"ReadAction","target":["https:\/\/auctionahead.com\/product\/cap-classic-adjustable-plain-hat-men-women-unisex\/"]}]},{"@type":"ImageObject","inLanguage":"en-US","@id":"https:\/\/auctionahead.com\/product\/cap-classic-adjustable-plain-hat-men-women-unisex\/#primaryimage","url":"https:\/\/auctionahead.com\/wp-content\/uploads\/2022\/04\/71yvlbltesL._SX679._SX._UX._SY._UY_.jpg","contentUrl":"https:\/\/auctionahead.com\/wp-content\/uploads\/2022\/04\/71yvlbltesL._SX679._SX._UX._SY._UY_.jpg","width":679,"height":673,"caption":"Cap Classic Adjustable Plain Hat Men Women Unisex"},{"@type":"BreadcrumbList","@id":"https:\/\/auctionahead.com\/product\/cap-classic-adjustable-plain-hat-men-women-unisex\/#breadcrumb","itemListElement":[{"@type":"ListItem","position":1,"name":"Inicio","item":"https:\/\/auctionahead.com\/"},{"@type":"ListItem","position":2,"name":"Shop","item":"https:\/\/auctionahead.com\/shop\/"},{"@type":"ListItem","position":3,"name":"Gorra Classic Adjustable Plain Hat Hombres Mujeres Unisex"}]},{"@type":"WebSite","@id":"https:\/\/auctionahead.com\/#website","url":"https:\/\/auctionahead.com\/","name":"Auction Ahead","description":"Subastas en vivo y tecnolog\u00eda de vanguardia","potentialAction":[{"@type":"SearchAction","target":{"@type":"EntryPoint","urlTemplate":"https:\/\/auctionahead.com\/?s={search_term_string}"},"query-input":{"@type":"PropertyValueSpecification","valueRequired":true,"valueName":"search_term_string"}}],"inLanguage":"en-US"}]}},"_links":{"self":[{"href":"https:\/\/auctionahead.com\/en\/wp-json\/wp\/v2\/product\/2366","targetHints":{"allow":["GET"]}}],"collection":[{"href":"https:\/\/auctionahead.com\/en\/wp-json\/wp\/v2\/product"}],"about":[{"href":"https:\/\/auctionahead.com\/en\/wp-json\/wp\/v2\/types\/product"}],"wp:featuredmedia":[{"embeddable":true,"href":"https:\/\/auctionahead.com\/en\/wp-json\/wp\/v2\/media\/2357"}],"wp:attachment":[{"href":"https:\/\/auctionahead.com\/en\/wp-json\/wp\/v2\/media?parent=2366"}],"wp:term":[{"taxonomy":"product_brand","embeddable":true,"href":"https:\/\/auctionahead.com\/en\/wp-json\/wp\/v2\/product_brand?post=2366"},{"taxonomy":"product_cat","embeddable":true,"href":"https:\/\/auctionahead.com\/en\/wp-json\/wp\/v2\/product_cat?post=2366"},{"taxonomy":"product_tag","embeddable":true,"href":"https:\/\/auctionahead.com\/en\/wp-json\/wp\/v2\/product_tag?post=2366"}],"curies":[{"name":"wp","href":"https:\/\/api.w.org\/{rel}","templated":true}]}}