{"id":2354,"date":"2019-08-13T17:18:46","date_gmt":"2019-08-13T17:18:46","guid":{"rendered":"https:\/\/auctionahead.com\/?post_type=product&#038;p=2354"},"modified":"2022-04-24T20:30:28","modified_gmt":"2022-04-24T20:30:28","slug":"dare-2b-womens-ladies-centra-softshell-jacket-2","status":"publish","type":"product","link":"https:\/\/auctionahead.com\/en\/product\/dare-2b-womens-ladies-centra-softshell-jacket-2\/","title":{"rendered":"Dare 2b Womens\/Ladies Centra Softshell Jacket"},"content":{"rendered":"<div id=\"dp_productDescription_container_div\" class=\"feature\" data-feature-name=\"productDescription\" data-cel-widget=\"dp_productDescription_container_div\">\n<div id=\"productDescription_feature_div\" class=\"a-row feature\" data-feature-name=\"productDescription\" data-template-name=\"productDescription\" data-cel-widget=\"productDescription_feature_div\">\n<div id=\"productDescription\" class=\"a-section a-spacing-small\">\n<div class=\"electro-description clearfix\">\n<div id=\"dp_productDescription_container_div\" class=\"feature\" data-feature-name=\"productDescription\" data-cel-widget=\"dp_productDescription_container_div\">\n<div id=\"productDescription_feature_div\" class=\"a-row feature\" data-feature-name=\"productDescription\" data-template-name=\"productDescription\" data-cel-widget=\"productDescription_feature_div\">\n<div id=\"productDescription\" class=\"a-section a-spacing-small\">\n<p>Centra chaqueta softshell. Tejido de respaldo de jersey de softshell Ilus. Tejido resistente al viento. Acabado repelente al agua Cincha de cuello ajustable con cuerda de choque. Cremallera interior y protector de barbilla. Cintur\u00f3n el\u00e1stico en el cuello, los pu\u00f1os y el dobladillo. 2 bolsillos inferiores para calentar las manos. Forro c\u00e1lido de bolsillo de tela met\u00e1lica.<\/p>\n<\/div>\n<\/div>\n<\/div>\n<\/div>\n<\/div>\n<\/div>\n<\/div>","protected":false},"excerpt":{"rendered":"<ul class=\"a-unordered-list a-vertical a-spacing-none\">\n<li><span class=\"a-list-item\">Cierre de cremallera<\/span><\/li>\n<li><span class=\"a-list-item\">S\u00f3lo lavar a mano.<\/span><\/li>\n<li><span class=\"a-list-item\">Centra chaqueta softshell.<\/span><\/li>\n<li><span class=\"a-list-item\">Tejido de fondo de jersey de Ilus softshell.<\/span><\/li>\n<li><span class=\"a-list-item\">Tejido resistente al viento.<\/span><\/li>\n<li><span class=\"a-list-item\">Acabado repelente al agua Cincha de cuello ajustable con cuerda de choque.<\/span><\/li>\n<li><span class=\"a-list-item\">Cremallera interior y protector de barbilla.<\/span><\/li>\n<\/ul>","protected":false},"featured_media":2351,"template":"","meta":[],"product_brand":[],"product_cat":[67],"product_tag":[],"class_list":{"0":"post-2354","1":"product","2":"type-product","3":"status-publish","4":"has-post-thumbnail","6":"product_cat-clothing","8":"first","9":"instock","10":"featured","11":"taxable","12":"shipping-taxable","13":"purchasable","14":"product-type-simple"},"yoast_head":"<!-- This site is optimized with the Yoast SEO plugin v27.4 - https:\/\/yoast.com\/product\/yoast-seo-wordpress\/ -->\n<title>Atr\u00e9vete 2b Chaqueta Softshell Centra para mujeres y damas - Auction Ahead<\/title>\n<meta name=\"robots\" content=\"index, follow, max-snippet:-1, max-image-preview:large, max-video-preview:-1\" \/>\n<link rel=\"canonical\" href=\"https:\/\/auctionahead.com\/en\/product\/dare-2b-womens-ladies-centra-softshell-jacket-2\/\" \/>\n<meta property=\"og:locale\" content=\"en_US\" \/>\n<meta property=\"og:type\" content=\"article\" \/>\n<meta property=\"og:title\" content=\"Atr\u00e9vete 2b Chaqueta Softshell Centra para mujeres y damas - Auction Ahead\" \/>\n<meta property=\"og:description\" content=\"Cierre de cremallera  S\u00f3lo lavar a mano.  Centra chaqueta softshell.  Tejido de fondo de jersey de Ilus softshell.  Tejido resistente al viento.  Acabado repelente al agua Cincha de cuello ajustable con cuerda de choque.  Cremallera interior y protector de barbilla.\" \/>\n<meta property=\"og:url\" content=\"https:\/\/auctionahead.com\/en\/product\/dare-2b-womens-ladies-centra-softshell-jacket-2\/\" \/>\n<meta property=\"og:site_name\" content=\"Auction Ahead\" \/>\n<meta property=\"article:modified_time\" content=\"2022-04-24T20:30:28+00:00\" \/>\n<meta property=\"og:image\" content=\"https:\/\/auctionahead.com\/wp-content\/uploads\/2022\/04\/415te7CNAEL.jpg\" \/>\n\t<meta property=\"og:image:width\" content=\"500\" \/>\n\t<meta property=\"og:image:height\" content=\"500\" \/>\n\t<meta property=\"og:image:type\" content=\"image\/jpeg\" \/>\n<meta name=\"twitter:card\" content=\"summary_large_image\" \/>\n<script type=\"application\/ld+json\" class=\"yoast-schema-graph\">{\"@context\":\"https:\\\/\\\/schema.org\",\"@graph\":[{\"@type\":\"WebPage\",\"@id\":\"https:\\\/\\\/auctionahead.com\\\/product\\\/dare-2b-womens-ladies-centra-softshell-jacket-2\\\/\",\"url\":\"https:\\\/\\\/auctionahead.com\\\/product\\\/dare-2b-womens-ladies-centra-softshell-jacket-2\\\/\",\"name\":\"Atr\u00e9vete 2b Chaqueta Softshell Centra para mujeres y damas - Auction Ahead\",\"isPartOf\":{\"@id\":\"https:\\\/\\\/auctionahead.com\\\/#website\"},\"primaryImageOfPage\":{\"@id\":\"https:\\\/\\\/auctionahead.com\\\/product\\\/dare-2b-womens-ladies-centra-softshell-jacket-2\\\/#primaryimage\"},\"image\":{\"@id\":\"https:\\\/\\\/auctionahead.com\\\/product\\\/dare-2b-womens-ladies-centra-softshell-jacket-2\\\/#primaryimage\"},\"thumbnailUrl\":\"https:\\\/\\\/auctionahead.com\\\/wp-content\\\/uploads\\\/2022\\\/04\\\/415te7CNAEL.jpg\",\"datePublished\":\"2019-08-13T17:18:46+00:00\",\"dateModified\":\"2022-04-24T20:30:28+00:00\",\"breadcrumb\":{\"@id\":\"https:\\\/\\\/auctionahead.com\\\/product\\\/dare-2b-womens-ladies-centra-softshell-jacket-2\\\/#breadcrumb\"},\"inLanguage\":\"en-US\",\"potentialAction\":[{\"@type\":\"ReadAction\",\"target\":[\"https:\\\/\\\/auctionahead.com\\\/product\\\/dare-2b-womens-ladies-centra-softshell-jacket-2\\\/\"]}]},{\"@type\":\"ImageObject\",\"inLanguage\":\"en-US\",\"@id\":\"https:\\\/\\\/auctionahead.com\\\/product\\\/dare-2b-womens-ladies-centra-softshell-jacket-2\\\/#primaryimage\",\"url\":\"https:\\\/\\\/auctionahead.com\\\/wp-content\\\/uploads\\\/2022\\\/04\\\/415te7CNAEL.jpg\",\"contentUrl\":\"https:\\\/\\\/auctionahead.com\\\/wp-content\\\/uploads\\\/2022\\\/04\\\/415te7CNAEL.jpg\",\"width\":500,\"height\":500,\"caption\":\"Dare 2b Womens\\\/Ladies Centra Softshell Jacket\"},{\"@type\":\"BreadcrumbList\",\"@id\":\"https:\\\/\\\/auctionahead.com\\\/product\\\/dare-2b-womens-ladies-centra-softshell-jacket-2\\\/#breadcrumb\",\"itemListElement\":[{\"@type\":\"ListItem\",\"position\":1,\"name\":\"Inicio\",\"item\":\"https:\\\/\\\/auctionahead.com\\\/\"},{\"@type\":\"ListItem\",\"position\":2,\"name\":\"Shop\",\"item\":\"https:\\\/\\\/auctionahead.com\\\/shop\\\/\"},{\"@type\":\"ListItem\",\"position\":3,\"name\":\"Atr\u00e9vete 2b Chaqueta Softshell Centra para mujeres y damas\"}]},{\"@type\":\"WebSite\",\"@id\":\"https:\\\/\\\/auctionahead.com\\\/#website\",\"url\":\"https:\\\/\\\/auctionahead.com\\\/\",\"name\":\"Auction Ahead\",\"description\":\"Subastas en vivo y tecnolog\u00eda de vanguardia\",\"potentialAction\":[{\"@type\":\"SearchAction\",\"target\":{\"@type\":\"EntryPoint\",\"urlTemplate\":\"https:\\\/\\\/auctionahead.com\\\/?s={search_term_string}\"},\"query-input\":{\"@type\":\"PropertyValueSpecification\",\"valueRequired\":true,\"valueName\":\"search_term_string\"}}],\"inLanguage\":\"en-US\"}]}<\/script>\n<!-- \/ Yoast SEO plugin. -->","yoast_head_json":{"title":"Atr\u00e9vete 2b Chaqueta Softshell Centra para mujeres y damas - Auction Ahead","robots":{"index":"index","follow":"follow","max-snippet":"max-snippet:-1","max-image-preview":"max-image-preview:large","max-video-preview":"max-video-preview:-1"},"canonical":"https:\/\/auctionahead.com\/en\/product\/dare-2b-womens-ladies-centra-softshell-jacket-2\/","og_locale":"en_US","og_type":"article","og_title":"Atr\u00e9vete 2b Chaqueta Softshell Centra para mujeres y damas - Auction Ahead","og_description":"Cierre de cremallera  S\u00f3lo lavar a mano.  Centra chaqueta softshell.  Tejido de fondo de jersey de Ilus softshell.  Tejido resistente al viento.  Acabado repelente al agua Cincha de cuello ajustable con cuerda de choque.  Cremallera interior y protector de barbilla.","og_url":"https:\/\/auctionahead.com\/en\/product\/dare-2b-womens-ladies-centra-softshell-jacket-2\/","og_site_name":"Auction Ahead","article_modified_time":"2022-04-24T20:30:28+00:00","og_image":[{"width":500,"height":500,"url":"https:\/\/auctionahead.com\/wp-content\/uploads\/2022\/04\/415te7CNAEL.jpg","type":"image\/jpeg"}],"twitter_card":"summary_large_image","schema":{"@context":"https:\/\/schema.org","@graph":[{"@type":"WebPage","@id":"https:\/\/auctionahead.com\/product\/dare-2b-womens-ladies-centra-softshell-jacket-2\/","url":"https:\/\/auctionahead.com\/product\/dare-2b-womens-ladies-centra-softshell-jacket-2\/","name":"Atr\u00e9vete 2b Chaqueta Softshell Centra para mujeres y damas - Auction Ahead","isPartOf":{"@id":"https:\/\/auctionahead.com\/#website"},"primaryImageOfPage":{"@id":"https:\/\/auctionahead.com\/product\/dare-2b-womens-ladies-centra-softshell-jacket-2\/#primaryimage"},"image":{"@id":"https:\/\/auctionahead.com\/product\/dare-2b-womens-ladies-centra-softshell-jacket-2\/#primaryimage"},"thumbnailUrl":"https:\/\/auctionahead.com\/wp-content\/uploads\/2022\/04\/415te7CNAEL.jpg","datePublished":"2019-08-13T17:18:46+00:00","dateModified":"2022-04-24T20:30:28+00:00","breadcrumb":{"@id":"https:\/\/auctionahead.com\/product\/dare-2b-womens-ladies-centra-softshell-jacket-2\/#breadcrumb"},"inLanguage":"en-US","potentialAction":[{"@type":"ReadAction","target":["https:\/\/auctionahead.com\/product\/dare-2b-womens-ladies-centra-softshell-jacket-2\/"]}]},{"@type":"ImageObject","inLanguage":"en-US","@id":"https:\/\/auctionahead.com\/product\/dare-2b-womens-ladies-centra-softshell-jacket-2\/#primaryimage","url":"https:\/\/auctionahead.com\/wp-content\/uploads\/2022\/04\/415te7CNAEL.jpg","contentUrl":"https:\/\/auctionahead.com\/wp-content\/uploads\/2022\/04\/415te7CNAEL.jpg","width":500,"height":500,"caption":"Dare 2b Womens\/Ladies Centra Softshell Jacket"},{"@type":"BreadcrumbList","@id":"https:\/\/auctionahead.com\/product\/dare-2b-womens-ladies-centra-softshell-jacket-2\/#breadcrumb","itemListElement":[{"@type":"ListItem","position":1,"name":"Inicio","item":"https:\/\/auctionahead.com\/"},{"@type":"ListItem","position":2,"name":"Shop","item":"https:\/\/auctionahead.com\/shop\/"},{"@type":"ListItem","position":3,"name":"Atr\u00e9vete 2b Chaqueta Softshell Centra para mujeres y damas"}]},{"@type":"WebSite","@id":"https:\/\/auctionahead.com\/#website","url":"https:\/\/auctionahead.com\/","name":"Auction Ahead","description":"Subastas en vivo y tecnolog\u00eda de vanguardia","potentialAction":[{"@type":"SearchAction","target":{"@type":"EntryPoint","urlTemplate":"https:\/\/auctionahead.com\/?s={search_term_string}"},"query-input":{"@type":"PropertyValueSpecification","valueRequired":true,"valueName":"search_term_string"}}],"inLanguage":"en-US"}]}},"_links":{"self":[{"href":"https:\/\/auctionahead.com\/en\/wp-json\/wp\/v2\/product\/2354","targetHints":{"allow":["GET"]}}],"collection":[{"href":"https:\/\/auctionahead.com\/en\/wp-json\/wp\/v2\/product"}],"about":[{"href":"https:\/\/auctionahead.com\/en\/wp-json\/wp\/v2\/types\/product"}],"wp:featuredmedia":[{"embeddable":true,"href":"https:\/\/auctionahead.com\/en\/wp-json\/wp\/v2\/media\/2351"}],"wp:attachment":[{"href":"https:\/\/auctionahead.com\/en\/wp-json\/wp\/v2\/media?parent=2354"}],"wp:term":[{"taxonomy":"product_brand","embeddable":true,"href":"https:\/\/auctionahead.com\/en\/wp-json\/wp\/v2\/product_brand?post=2354"},{"taxonomy":"product_cat","embeddable":true,"href":"https:\/\/auctionahead.com\/en\/wp-json\/wp\/v2\/product_cat?post=2354"},{"taxonomy":"product_tag","embeddable":true,"href":"https:\/\/auctionahead.com\/en\/wp-json\/wp\/v2\/product_tag?post=2354"}],"curies":[{"name":"wp","href":"https:\/\/api.w.org\/{rel}","templated":true}]}}