{"id":2344,"date":"2019-08-13T16:29:36","date_gmt":"2019-08-13T16:29:36","guid":{"rendered":"https:\/\/auctionahead.com\/?post_type=product&#038;p=2344"},"modified":"2022-04-24T20:30:52","modified_gmt":"2022-04-24T20:30:52","slug":"valtcan-impel-titanium-bolt-pen-edc-military-gear-2","status":"publish","type":"product","link":"https:\/\/auctionahead.com\/en\/product\/valtcan-impel-titanium-bolt-pen-edc-military-gear-2\/","title":{"rendered":"Valtcan Impel Titanium Bolt Pen EDC Military Gear"},"content":{"rendered":"<div class=\"electro-description clearfix\">\n<p>\u00bfNecesitas un bol\u00edgrafo EDC fiable y de buen aspecto para el trabajo, la patrulla o la oficina? Este bol\u00edgrafo de acci\u00f3n de titanio con punta de tungsteno y clip de bolsillo cumplir\u00e1 y superar\u00e1 sus expectativas. Quer\u00edamos dise\u00f1ar un bol\u00edgrafo para llevar todos los d\u00edas que fuera ligero y port\u00e1til pero que tuviera una fuerte presencia para mayor seguridad y confianza. Este es el resultado de esa filosof\u00eda de dise\u00f1o para el hombre y la mujer de cada d\u00eda en el trabajo que necesita un escritor fuerte y confiable con una punta de acero de tungsteno incorporada y ranuras para los dedos para una escritura precisa. Tambi\u00e9n es genial para moverse con el mecanismo de acci\u00f3n de pernos. Este confiable escritor viene en un barril de titanio pulido con acci\u00f3n de cerrojo de bloqueo y desbloqueo. Incluye una caja de regalo con un bol\u00edgrafo y un recambio de tinta negra de punta media.<\/p>\n<\/div>","protected":false},"excerpt":{"rendered":"<ul class=\"a-unordered-list a-vertical a-spacing-none\">\n<li><span class=\"a-list-item\">Todos los bol\u00edgrafos de acci\u00f3n de titanio de Valtcan para mayor seguridad y confianza en EDC. Se puede llevar en el bolsillo, en el portapapeles, en el cuaderno, en el diario, etc.<\/span><\/li>\n<li><span class=\"a-list-item\">Ligero y duradero dise\u00f1ado para llevar a diario en el trabajo, oficina, viajes, senderismo, patrullaje, etc. Es un gran regalo de D\u00eda del Padre, Aniversario, graduaci\u00f3n y cumplea\u00f1os para los hombres.<\/span><\/li>\n<li><span class=\"a-list-item\">Punta de tugsteno para entrada t\u00e1ctica, escape del coche cuando se vuelca o en situaciones de emergencia A\u00f1ade seguridad y confianza al EDC<\/span><\/li>\n<li><span class=\"a-list-item\">Acabado de titanio mate con un fuerte clip pulido para el bolsillo de la camisa, bolsos, carteras, cuadernos, portapapeles y m\u00e1s. Es un bonito regalo de aniversario para los hombres.<\/span><\/li>\n<li><span class=\"a-list-item\">Toma Schmidt P900 estilo Parker, rito bajo la lluvia, recambios de pluma Fisher Space, gel Parker y tinta quink, y recambios de Valtcan 2V. Viene con una caja de regalo y un bol\u00edgrafo con recambio de bol\u00edgrafo negro en el interior del bol\u00edgrafo. No hay recambios adicionales en la caja. Dimensiones: La longitud es de 5.5 pulgadas y el grosor es de 0.46 pulgadas. Peso: 44 gramos con recambio en el interior. Contenido: 1 bol\u00edgrafo de titanio en una caja negra de regalo.<\/span><\/li>\n<\/ul>","protected":false},"featured_media":2345,"template":"","meta":[],"product_brand":[],"product_cat":[66],"product_tag":[],"class_list":{"0":"post-2344","1":"product","2":"type-product","3":"status-publish","4":"has-post-thumbnail","6":"product_cat-office","8":"first","9":"instock","10":"featured","11":"taxable","12":"shipping-taxable","13":"purchasable","14":"product-type-simple"},"yoast_head":"<!-- This site is optimized with the Yoast SEO plugin v27.4 - https:\/\/yoast.com\/product\/yoast-seo-wordpress\/ -->\n<title>Valtcan Impel Bolt Pen de Titanio EDC Equipo Militar - Auction Ahead<\/title>\n<meta name=\"robots\" content=\"index, follow, max-snippet:-1, max-image-preview:large, max-video-preview:-1\" \/>\n<link rel=\"canonical\" href=\"https:\/\/auctionahead.com\/en\/product\/valtcan-impel-titanium-bolt-pen-edc-military-gear-2\/\" \/>\n<meta property=\"og:locale\" content=\"en_US\" \/>\n<meta property=\"og:type\" content=\"article\" \/>\n<meta property=\"og:title\" content=\"Valtcan Impel Bolt Pen de Titanio EDC Equipo Militar - Auction Ahead\" \/>\n<meta property=\"og:description\" content=\"Todos los bol\u00edgrafos de acci\u00f3n de titanio de Valtcan para mayor seguridad y confianza en EDC. Se puede llevar en el bolsillo, en el portapapeles, en el cuaderno, en el diario, etc.  Ligero y duradero dise\u00f1ado para llevar a diario en el trabajo, oficina, viajes, senderismo, patrullaje, etc. Es un gran regalo de D\u00eda del Padre, Aniversario, graduaci\u00f3n y cumplea\u00f1os para los hombres.  Punta de tugsteno para entrada t\u00e1ctica, escape del coche cuando se vuelca o en situaciones de emergencia A\u00f1ade seguridad y confianza al EDC  Acabado de titanio mate con un fuerte clip pulido para el bolsillo de la camisa, bolsos, carteras, cuadernos, portapapeles y m\u00e1s. Es un bonito regalo de aniversario para los hombres.  Toma Schmidt P900 estilo Parker, rito bajo la lluvia, recambios de pluma Fisher Space, gel Parker y tinta quink, y recambios de Valtcan 2V. Viene con una caja de regalo y un bol\u00edgrafo con recambio de bol\u00edgrafo negro en el interior del bol\u00edgrafo. No hay recambios adicionales en la caja. Dimensiones: La longitud es de 5.5 pulgadas y el grosor es de 0.46 pulgadas. Peso: 44 gramos con recambio en el interior. Contenido: 1 bol\u00edgrafo de titanio en una caja negra de regalo.\" \/>\n<meta property=\"og:url\" content=\"https:\/\/auctionahead.com\/en\/product\/valtcan-impel-titanium-bolt-pen-edc-military-gear-2\/\" \/>\n<meta property=\"og:site_name\" content=\"Auction Ahead\" \/>\n<meta property=\"article:modified_time\" content=\"2022-04-24T20:30:52+00:00\" \/>\n<meta property=\"og:image\" content=\"https:\/\/auctionahead.com\/wp-content\/uploads\/2022\/04\/61FBMNzNCeL._SL1500_-1.jpg\" \/>\n\t<meta property=\"og:image:width\" content=\"1500\" \/>\n\t<meta property=\"og:image:height\" content=\"1200\" \/>\n\t<meta property=\"og:image:type\" content=\"image\/jpeg\" \/>\n<meta name=\"twitter:card\" content=\"summary_large_image\" \/>\n<meta name=\"twitter:label1\" content=\"Est. reading time\" \/>\n\t<meta name=\"twitter:data1\" content=\"1 minute\" \/>\n<script type=\"application\/ld+json\" class=\"yoast-schema-graph\">{\"@context\":\"https:\\\/\\\/schema.org\",\"@graph\":[{\"@type\":\"WebPage\",\"@id\":\"https:\\\/\\\/auctionahead.com\\\/product\\\/valtcan-impel-titanium-bolt-pen-edc-military-gear-2\\\/\",\"url\":\"https:\\\/\\\/auctionahead.com\\\/product\\\/valtcan-impel-titanium-bolt-pen-edc-military-gear-2\\\/\",\"name\":\"Valtcan Impel Bolt Pen de Titanio EDC Equipo Militar - Auction Ahead\",\"isPartOf\":{\"@id\":\"https:\\\/\\\/auctionahead.com\\\/#website\"},\"primaryImageOfPage\":{\"@id\":\"https:\\\/\\\/auctionahead.com\\\/product\\\/valtcan-impel-titanium-bolt-pen-edc-military-gear-2\\\/#primaryimage\"},\"image\":{\"@id\":\"https:\\\/\\\/auctionahead.com\\\/product\\\/valtcan-impel-titanium-bolt-pen-edc-military-gear-2\\\/#primaryimage\"},\"thumbnailUrl\":\"https:\\\/\\\/auctionahead.com\\\/wp-content\\\/uploads\\\/2022\\\/04\\\/61FBMNzNCeL._SL1500_-1.jpg\",\"datePublished\":\"2019-08-13T16:29:36+00:00\",\"dateModified\":\"2022-04-24T20:30:52+00:00\",\"breadcrumb\":{\"@id\":\"https:\\\/\\\/auctionahead.com\\\/product\\\/valtcan-impel-titanium-bolt-pen-edc-military-gear-2\\\/#breadcrumb\"},\"inLanguage\":\"en-US\",\"potentialAction\":[{\"@type\":\"ReadAction\",\"target\":[\"https:\\\/\\\/auctionahead.com\\\/product\\\/valtcan-impel-titanium-bolt-pen-edc-military-gear-2\\\/\"]}]},{\"@type\":\"ImageObject\",\"inLanguage\":\"en-US\",\"@id\":\"https:\\\/\\\/auctionahead.com\\\/product\\\/valtcan-impel-titanium-bolt-pen-edc-military-gear-2\\\/#primaryimage\",\"url\":\"https:\\\/\\\/auctionahead.com\\\/wp-content\\\/uploads\\\/2022\\\/04\\\/61FBMNzNCeL._SL1500_-1.jpg\",\"contentUrl\":\"https:\\\/\\\/auctionahead.com\\\/wp-content\\\/uploads\\\/2022\\\/04\\\/61FBMNzNCeL._SL1500_-1.jpg\",\"width\":1500,\"height\":1200,\"caption\":\"Valtcan Impel Titanium Bolt Pen EDC Military Gear\"},{\"@type\":\"BreadcrumbList\",\"@id\":\"https:\\\/\\\/auctionahead.com\\\/product\\\/valtcan-impel-titanium-bolt-pen-edc-military-gear-2\\\/#breadcrumb\",\"itemListElement\":[{\"@type\":\"ListItem\",\"position\":1,\"name\":\"Inicio\",\"item\":\"https:\\\/\\\/auctionahead.com\\\/\"},{\"@type\":\"ListItem\",\"position\":2,\"name\":\"Shop\",\"item\":\"https:\\\/\\\/auctionahead.com\\\/shop\\\/\"},{\"@type\":\"ListItem\",\"position\":3,\"name\":\"Valtcan Impel Bolt Pen de Titanio EDC Equipo Militar\"}]},{\"@type\":\"WebSite\",\"@id\":\"https:\\\/\\\/auctionahead.com\\\/#website\",\"url\":\"https:\\\/\\\/auctionahead.com\\\/\",\"name\":\"Auction Ahead\",\"description\":\"Subastas en vivo y tecnolog\u00eda de vanguardia\",\"potentialAction\":[{\"@type\":\"SearchAction\",\"target\":{\"@type\":\"EntryPoint\",\"urlTemplate\":\"https:\\\/\\\/auctionahead.com\\\/?s={search_term_string}\"},\"query-input\":{\"@type\":\"PropertyValueSpecification\",\"valueRequired\":true,\"valueName\":\"search_term_string\"}}],\"inLanguage\":\"en-US\"}]}<\/script>\n<!-- \/ Yoast SEO plugin. -->","yoast_head_json":{"title":"Valtcan Impel Bolt Pen de Titanio EDC Equipo Militar - Auction Ahead","robots":{"index":"index","follow":"follow","max-snippet":"max-snippet:-1","max-image-preview":"max-image-preview:large","max-video-preview":"max-video-preview:-1"},"canonical":"https:\/\/auctionahead.com\/en\/product\/valtcan-impel-titanium-bolt-pen-edc-military-gear-2\/","og_locale":"en_US","og_type":"article","og_title":"Valtcan Impel Bolt Pen de Titanio EDC Equipo Militar - Auction Ahead","og_description":"Todos los bol\u00edgrafos de acci\u00f3n de titanio de Valtcan para mayor seguridad y confianza en EDC. Se puede llevar en el bolsillo, en el portapapeles, en el cuaderno, en el diario, etc.  Ligero y duradero dise\u00f1ado para llevar a diario en el trabajo, oficina, viajes, senderismo, patrullaje, etc. Es un gran regalo de D\u00eda del Padre, Aniversario, graduaci\u00f3n y cumplea\u00f1os para los hombres.  Punta de tugsteno para entrada t\u00e1ctica, escape del coche cuando se vuelca o en situaciones de emergencia A\u00f1ade seguridad y confianza al EDC  Acabado de titanio mate con un fuerte clip pulido para el bolsillo de la camisa, bolsos, carteras, cuadernos, portapapeles y m\u00e1s. Es un bonito regalo de aniversario para los hombres.  Toma Schmidt P900 estilo Parker, rito bajo la lluvia, recambios de pluma Fisher Space, gel Parker y tinta quink, y recambios de Valtcan 2V. Viene con una caja de regalo y un bol\u00edgrafo con recambio de bol\u00edgrafo negro en el interior del bol\u00edgrafo. No hay recambios adicionales en la caja. Dimensiones: La longitud es de 5.5 pulgadas y el grosor es de 0.46 pulgadas. Peso: 44 gramos con recambio en el interior. Contenido: 1 bol\u00edgrafo de titanio en una caja negra de regalo.","og_url":"https:\/\/auctionahead.com\/en\/product\/valtcan-impel-titanium-bolt-pen-edc-military-gear-2\/","og_site_name":"Auction Ahead","article_modified_time":"2022-04-24T20:30:52+00:00","og_image":[{"width":1500,"height":1200,"url":"https:\/\/auctionahead.com\/wp-content\/uploads\/2022\/04\/61FBMNzNCeL._SL1500_-1.jpg","type":"image\/jpeg"}],"twitter_card":"summary_large_image","twitter_misc":{"Est. reading time":"1 minute"},"schema":{"@context":"https:\/\/schema.org","@graph":[{"@type":"WebPage","@id":"https:\/\/auctionahead.com\/product\/valtcan-impel-titanium-bolt-pen-edc-military-gear-2\/","url":"https:\/\/auctionahead.com\/product\/valtcan-impel-titanium-bolt-pen-edc-military-gear-2\/","name":"Valtcan Impel Bolt Pen de Titanio EDC Equipo Militar - Auction Ahead","isPartOf":{"@id":"https:\/\/auctionahead.com\/#website"},"primaryImageOfPage":{"@id":"https:\/\/auctionahead.com\/product\/valtcan-impel-titanium-bolt-pen-edc-military-gear-2\/#primaryimage"},"image":{"@id":"https:\/\/auctionahead.com\/product\/valtcan-impel-titanium-bolt-pen-edc-military-gear-2\/#primaryimage"},"thumbnailUrl":"https:\/\/auctionahead.com\/wp-content\/uploads\/2022\/04\/61FBMNzNCeL._SL1500_-1.jpg","datePublished":"2019-08-13T16:29:36+00:00","dateModified":"2022-04-24T20:30:52+00:00","breadcrumb":{"@id":"https:\/\/auctionahead.com\/product\/valtcan-impel-titanium-bolt-pen-edc-military-gear-2\/#breadcrumb"},"inLanguage":"en-US","potentialAction":[{"@type":"ReadAction","target":["https:\/\/auctionahead.com\/product\/valtcan-impel-titanium-bolt-pen-edc-military-gear-2\/"]}]},{"@type":"ImageObject","inLanguage":"en-US","@id":"https:\/\/auctionahead.com\/product\/valtcan-impel-titanium-bolt-pen-edc-military-gear-2\/#primaryimage","url":"https:\/\/auctionahead.com\/wp-content\/uploads\/2022\/04\/61FBMNzNCeL._SL1500_-1.jpg","contentUrl":"https:\/\/auctionahead.com\/wp-content\/uploads\/2022\/04\/61FBMNzNCeL._SL1500_-1.jpg","width":1500,"height":1200,"caption":"Valtcan Impel Titanium Bolt Pen EDC Military Gear"},{"@type":"BreadcrumbList","@id":"https:\/\/auctionahead.com\/product\/valtcan-impel-titanium-bolt-pen-edc-military-gear-2\/#breadcrumb","itemListElement":[{"@type":"ListItem","position":1,"name":"Inicio","item":"https:\/\/auctionahead.com\/"},{"@type":"ListItem","position":2,"name":"Shop","item":"https:\/\/auctionahead.com\/shop\/"},{"@type":"ListItem","position":3,"name":"Valtcan Impel Bolt Pen de Titanio EDC Equipo Militar"}]},{"@type":"WebSite","@id":"https:\/\/auctionahead.com\/#website","url":"https:\/\/auctionahead.com\/","name":"Auction Ahead","description":"Subastas en vivo y tecnolog\u00eda de vanguardia","potentialAction":[{"@type":"SearchAction","target":{"@type":"EntryPoint","urlTemplate":"https:\/\/auctionahead.com\/?s={search_term_string}"},"query-input":{"@type":"PropertyValueSpecification","valueRequired":true,"valueName":"search_term_string"}}],"inLanguage":"en-US"}]}},"_links":{"self":[{"href":"https:\/\/auctionahead.com\/en\/wp-json\/wp\/v2\/product\/2344","targetHints":{"allow":["GET"]}}],"collection":[{"href":"https:\/\/auctionahead.com\/en\/wp-json\/wp\/v2\/product"}],"about":[{"href":"https:\/\/auctionahead.com\/en\/wp-json\/wp\/v2\/types\/product"}],"wp:featuredmedia":[{"embeddable":true,"href":"https:\/\/auctionahead.com\/en\/wp-json\/wp\/v2\/media\/2345"}],"wp:attachment":[{"href":"https:\/\/auctionahead.com\/en\/wp-json\/wp\/v2\/media?parent=2344"}],"wp:term":[{"taxonomy":"product_brand","embeddable":true,"href":"https:\/\/auctionahead.com\/en\/wp-json\/wp\/v2\/product_brand?post=2344"},{"taxonomy":"product_cat","embeddable":true,"href":"https:\/\/auctionahead.com\/en\/wp-json\/wp\/v2\/product_cat?post=2344"},{"taxonomy":"product_tag","embeddable":true,"href":"https:\/\/auctionahead.com\/en\/wp-json\/wp\/v2\/product_tag?post=2344"}],"curies":[{"name":"wp","href":"https:\/\/api.w.org\/{rel}","templated":true}]}}