{"id":2340,"date":"2019-08-13T14:54:34","date_gmt":"2019-08-13T14:54:34","guid":{"rendered":"https:\/\/auctionahead.com\/?post_type=product&#038;p=2340"},"modified":"2022-04-24T20:31:19","modified_gmt":"2022-04-24T20:31:19","slug":"mosdart-5-x-32gb-usb-2-0-2","status":"publish","type":"product","link":"https:\/\/auctionahead.com\/en\/product\/mosdart-5-x-32gb-usb-2-0-2\/","title":{"rendered":"mosDART 5 X 32GB USB 2.0"},"content":{"rendered":"<div class=\"electro-description clearfix\">\n<ul>\n<li><span class=\"a-text-bold\">SOBRE EL PRODUCTO &#8211;<\/span>\u00a0Paquete de 5 memorias USB 2.0 multicolor de 32 GB con tecnolog\u00eda MOS (Metal Oxide Semiconductor) y acabado en aceite de goma para dar durabilidad y fiabilidad al pen drive.<\/li>\n<li><span class=\"a-text-bold\">CHIP &#8211;<\/span>\u00a0Grado A, chip de memoria flash de marca original<\/li>\n<li><span class=\"a-text-bold\">INTERFAZ &#8211;<\/span>\u00a0Compatible con USB 2.0 (compatible con USB 1.1)<\/li>\n<li><span class=\"a-text-bold\">VELOCIDAD &#8211;<\/span>\u00a0Velocidad de escritura: 5MB\/S-7MB\/S; velocidad de lectura: 12MB\/S-15MB\/S<\/li>\n<li><span class=\"a-text-bold\">TEMPERATURAS DE FUNCIONAMIENTO &#8211;<\/span>\u00a032\u00ba F to 140\u00ba F (0\u00ba C to 60\u00ba C)<\/li>\n<li><span class=\"a-text-bold\">TEMPERATURAS DE ALMACENAMIENTO &#8211;<\/span>\u00a0-4\u00ba F to 185\u00ba F (-20\u00ba C to 85\u00ba C)<\/li>\n<li><span class=\"a-text-bold\">DURABILIDAD &#8211;\u00a0<\/span>50.000 veces leer y escribir<\/li>\n<li><span class=\"a-text-bold\">DIMENSIONES &#8211;<\/span>\u00a0L\/B\/H \u2013 2.24\u2033*0.76\u2033*0.4\u2033<\/li>\n<li><span class=\"a-text-bold\">PAQUETE &#8211;<\/span>\u00a0Empaquetado en una bonita caja de cart\u00f3n<\/li>\n<\/ul>\n<\/div>","protected":false},"excerpt":{"rendered":"<ul class=\"a-unordered-list a-vertical a-spacing-none\">\n<li><span class=\"a-list-item\">PACK SUPER SAVER &#8211; Incluye 5 unidades de 32GB USB 2.0 Flash Drive empaquetadas en una caja compacta y ecol\u00f3gica<\/span><\/li>\n<li><span class=\"a-list-item\">COMPATIBILIDAD E INTERFAZ &#8211; Soporta casi todos los sistemas operativos, incluyendo Windows 2000\/7\/8\/8.1\/10\/Vista\/XP\/2000\/ME, Linux y MacOs 10.3 y superiores. No es necesario instalar ning\u00fan controlador adicional para usar en la unidad flash. Compatible con USB 2.0 y versiones anteriores.<\/span><\/li>\n<li><span class=\"a-list-item\">360 GIRAR Y GIRAR DISE\u00d1O &#8211; El Clip de metal gira 360 alrededor del cuerpo de pl\u00e1stico ABS con un acabado de aceite de goma. El Clip de Metal est\u00e1 integrado con un lazo de llavero que le ayuda a proteger su conducci\u00f3n para que no se pierda.<\/span><\/li>\n<li><span class=\"a-list-item\">USO &#8211; La r\u00e1pida transmisi\u00f3n de datos le permite almacenar todos sus documentos, im\u00e1genes, v\u00eddeos, software, manuales de instrucciones, etc. importantes en la unidad de memoria USB que estar\u00e1 disponible en cualquier momento y a la que se podr\u00e1 acceder desde cualquier dispositivo con ranura USB.<\/span><\/li>\n<li><span class=\"a-list-item\">Lo que obtienes &#8211; 5 unidades de Pen drive con 30 d\u00edas de pol\u00edtica de devoluci\u00f3n y 1 a\u00f1o de garant\u00eda por defectos de fabricaci\u00f3n.<\/span><\/li>\n<\/ul>","protected":false},"featured_media":2338,"template":"","meta":[],"product_brand":[],"product_cat":[66],"product_tag":[],"class_list":{"0":"post-2340","1":"product","2":"type-product","3":"status-publish","4":"has-post-thumbnail","6":"product_cat-office","8":"first","9":"instock","10":"featured","11":"taxable","12":"shipping-taxable","13":"purchasable","14":"product-type-simple"},"yoast_head":"<!-- This site is optimized with the Yoast SEO plugin v27.4 - https:\/\/yoast.com\/product\/yoast-seo-wordpress\/ -->\n<title>mosDART 5 X 32GB USB 2.0 - Auction Ahead<\/title>\n<meta name=\"robots\" content=\"index, follow, max-snippet:-1, max-image-preview:large, max-video-preview:-1\" \/>\n<link rel=\"canonical\" href=\"https:\/\/auctionahead.com\/en\/product\/mosdart-5-x-32gb-usb-2-0-2\/\" \/>\n<meta property=\"og:locale\" content=\"en_US\" \/>\n<meta property=\"og:type\" content=\"article\" \/>\n<meta property=\"og:title\" content=\"mosDART 5 X 32GB USB 2.0 - Auction Ahead\" \/>\n<meta property=\"og:description\" content=\"PACK SUPER SAVER - Incluye 5 unidades de 32GB USB 2.0 Flash Drive empaquetadas en una caja compacta y ecol\u00f3gica  COMPATIBILIDAD E INTERFAZ - Soporta casi todos los sistemas operativos, incluyendo Windows 2000\/7\/8\/8.1\/10\/Vista\/XP\/2000\/ME, Linux y MacOs 10.3 y superiores. No es necesario instalar ning\u00fan controlador adicional para usar en la unidad flash. Compatible con USB 2.0 y versiones anteriores.  360 GIRAR Y GIRAR DISE\u00d1O - El Clip de metal gira 360 alrededor del cuerpo de pl\u00e1stico ABS con un acabado de aceite de goma. El Clip de Metal est\u00e1 integrado con un lazo de llavero que le ayuda a proteger su conducci\u00f3n para que no se pierda.  USO - La r\u00e1pida transmisi\u00f3n de datos le permite almacenar todos sus documentos, im\u00e1genes, v\u00eddeos, software, manuales de instrucciones, etc. importantes en la unidad de memoria USB que estar\u00e1 disponible en cualquier momento y a la que se podr\u00e1 acceder desde cualquier dispositivo con ranura USB.  Lo que obtienes - 5 unidades de Pen drive con 30 d\u00edas de pol\u00edtica de devoluci\u00f3n y 1 a\u00f1o de garant\u00eda por defectos de fabricaci\u00f3n.\" \/>\n<meta property=\"og:url\" content=\"https:\/\/auctionahead.com\/en\/product\/mosdart-5-x-32gb-usb-2-0-2\/\" \/>\n<meta property=\"og:site_name\" content=\"Auction Ahead\" \/>\n<meta property=\"article:modified_time\" content=\"2022-04-24T20:31:19+00:00\" \/>\n<meta property=\"og:image\" content=\"https:\/\/auctionahead.com\/wp-content\/uploads\/2022\/04\/61MvFJYN7WL._SL1100_.jpg\" \/>\n\t<meta property=\"og:image:width\" content=\"1100\" \/>\n\t<meta property=\"og:image:height\" content=\"1100\" \/>\n\t<meta property=\"og:image:type\" content=\"image\/jpeg\" \/>\n<meta name=\"twitter:card\" content=\"summary_large_image\" \/>\n<meta name=\"twitter:label1\" content=\"Est. reading time\" \/>\n\t<meta name=\"twitter:data1\" content=\"1 minute\" \/>\n<script type=\"application\/ld+json\" class=\"yoast-schema-graph\">{\"@context\":\"https:\\\/\\\/schema.org\",\"@graph\":[{\"@type\":\"WebPage\",\"@id\":\"https:\\\/\\\/auctionahead.com\\\/product\\\/mosdart-5-x-32gb-usb-2-0-2\\\/\",\"url\":\"https:\\\/\\\/auctionahead.com\\\/product\\\/mosdart-5-x-32gb-usb-2-0-2\\\/\",\"name\":\"mosDART 5 X 32GB USB 2.0 - Auction Ahead\",\"isPartOf\":{\"@id\":\"https:\\\/\\\/auctionahead.com\\\/#website\"},\"primaryImageOfPage\":{\"@id\":\"https:\\\/\\\/auctionahead.com\\\/product\\\/mosdart-5-x-32gb-usb-2-0-2\\\/#primaryimage\"},\"image\":{\"@id\":\"https:\\\/\\\/auctionahead.com\\\/product\\\/mosdart-5-x-32gb-usb-2-0-2\\\/#primaryimage\"},\"thumbnailUrl\":\"https:\\\/\\\/auctionahead.com\\\/wp-content\\\/uploads\\\/2022\\\/04\\\/61MvFJYN7WL._SL1100_.jpg\",\"datePublished\":\"2019-08-13T14:54:34+00:00\",\"dateModified\":\"2022-04-24T20:31:19+00:00\",\"breadcrumb\":{\"@id\":\"https:\\\/\\\/auctionahead.com\\\/product\\\/mosdart-5-x-32gb-usb-2-0-2\\\/#breadcrumb\"},\"inLanguage\":\"en-US\",\"potentialAction\":[{\"@type\":\"ReadAction\",\"target\":[\"https:\\\/\\\/auctionahead.com\\\/product\\\/mosdart-5-x-32gb-usb-2-0-2\\\/\"]}]},{\"@type\":\"ImageObject\",\"inLanguage\":\"en-US\",\"@id\":\"https:\\\/\\\/auctionahead.com\\\/product\\\/mosdart-5-x-32gb-usb-2-0-2\\\/#primaryimage\",\"url\":\"https:\\\/\\\/auctionahead.com\\\/wp-content\\\/uploads\\\/2022\\\/04\\\/61MvFJYN7WL._SL1100_.jpg\",\"contentUrl\":\"https:\\\/\\\/auctionahead.com\\\/wp-content\\\/uploads\\\/2022\\\/04\\\/61MvFJYN7WL._SL1100_.jpg\",\"width\":1100,\"height\":1100,\"caption\":\"mosDART 5 X 32GB USB 2.0\"},{\"@type\":\"BreadcrumbList\",\"@id\":\"https:\\\/\\\/auctionahead.com\\\/product\\\/mosdart-5-x-32gb-usb-2-0-2\\\/#breadcrumb\",\"itemListElement\":[{\"@type\":\"ListItem\",\"position\":1,\"name\":\"Inicio\",\"item\":\"https:\\\/\\\/auctionahead.com\\\/\"},{\"@type\":\"ListItem\",\"position\":2,\"name\":\"Shop\",\"item\":\"https:\\\/\\\/auctionahead.com\\\/shop\\\/\"},{\"@type\":\"ListItem\",\"position\":3,\"name\":\"mosDART 5 X 32GB USB 2.0\"}]},{\"@type\":\"WebSite\",\"@id\":\"https:\\\/\\\/auctionahead.com\\\/#website\",\"url\":\"https:\\\/\\\/auctionahead.com\\\/\",\"name\":\"Auction Ahead\",\"description\":\"Subastas en vivo y tecnolog\u00eda de vanguardia\",\"potentialAction\":[{\"@type\":\"SearchAction\",\"target\":{\"@type\":\"EntryPoint\",\"urlTemplate\":\"https:\\\/\\\/auctionahead.com\\\/?s={search_term_string}\"},\"query-input\":{\"@type\":\"PropertyValueSpecification\",\"valueRequired\":true,\"valueName\":\"search_term_string\"}}],\"inLanguage\":\"en-US\"}]}<\/script>\n<!-- \/ Yoast SEO plugin. -->","yoast_head_json":{"title":"mosDART 5 X 32GB USB 2.0 - Auction Ahead","robots":{"index":"index","follow":"follow","max-snippet":"max-snippet:-1","max-image-preview":"max-image-preview:large","max-video-preview":"max-video-preview:-1"},"canonical":"https:\/\/auctionahead.com\/en\/product\/mosdart-5-x-32gb-usb-2-0-2\/","og_locale":"en_US","og_type":"article","og_title":"mosDART 5 X 32GB USB 2.0 - Auction Ahead","og_description":"PACK SUPER SAVER - Incluye 5 unidades de 32GB USB 2.0 Flash Drive empaquetadas en una caja compacta y ecol\u00f3gica  COMPATIBILIDAD E INTERFAZ - Soporta casi todos los sistemas operativos, incluyendo Windows 2000\/7\/8\/8.1\/10\/Vista\/XP\/2000\/ME, Linux y MacOs 10.3 y superiores. No es necesario instalar ning\u00fan controlador adicional para usar en la unidad flash. Compatible con USB 2.0 y versiones anteriores.  360 GIRAR Y GIRAR DISE\u00d1O - El Clip de metal gira 360 alrededor del cuerpo de pl\u00e1stico ABS con un acabado de aceite de goma. El Clip de Metal est\u00e1 integrado con un lazo de llavero que le ayuda a proteger su conducci\u00f3n para que no se pierda.  USO - La r\u00e1pida transmisi\u00f3n de datos le permite almacenar todos sus documentos, im\u00e1genes, v\u00eddeos, software, manuales de instrucciones, etc. importantes en la unidad de memoria USB que estar\u00e1 disponible en cualquier momento y a la que se podr\u00e1 acceder desde cualquier dispositivo con ranura USB.  Lo que obtienes - 5 unidades de Pen drive con 30 d\u00edas de pol\u00edtica de devoluci\u00f3n y 1 a\u00f1o de garant\u00eda por defectos de fabricaci\u00f3n.","og_url":"https:\/\/auctionahead.com\/en\/product\/mosdart-5-x-32gb-usb-2-0-2\/","og_site_name":"Auction Ahead","article_modified_time":"2022-04-24T20:31:19+00:00","og_image":[{"width":1100,"height":1100,"url":"https:\/\/auctionahead.com\/wp-content\/uploads\/2022\/04\/61MvFJYN7WL._SL1100_.jpg","type":"image\/jpeg"}],"twitter_card":"summary_large_image","twitter_misc":{"Est. reading time":"1 minute"},"schema":{"@context":"https:\/\/schema.org","@graph":[{"@type":"WebPage","@id":"https:\/\/auctionahead.com\/product\/mosdart-5-x-32gb-usb-2-0-2\/","url":"https:\/\/auctionahead.com\/product\/mosdart-5-x-32gb-usb-2-0-2\/","name":"mosDART 5 X 32GB USB 2.0 - Auction Ahead","isPartOf":{"@id":"https:\/\/auctionahead.com\/#website"},"primaryImageOfPage":{"@id":"https:\/\/auctionahead.com\/product\/mosdart-5-x-32gb-usb-2-0-2\/#primaryimage"},"image":{"@id":"https:\/\/auctionahead.com\/product\/mosdart-5-x-32gb-usb-2-0-2\/#primaryimage"},"thumbnailUrl":"https:\/\/auctionahead.com\/wp-content\/uploads\/2022\/04\/61MvFJYN7WL._SL1100_.jpg","datePublished":"2019-08-13T14:54:34+00:00","dateModified":"2022-04-24T20:31:19+00:00","breadcrumb":{"@id":"https:\/\/auctionahead.com\/product\/mosdart-5-x-32gb-usb-2-0-2\/#breadcrumb"},"inLanguage":"en-US","potentialAction":[{"@type":"ReadAction","target":["https:\/\/auctionahead.com\/product\/mosdart-5-x-32gb-usb-2-0-2\/"]}]},{"@type":"ImageObject","inLanguage":"en-US","@id":"https:\/\/auctionahead.com\/product\/mosdart-5-x-32gb-usb-2-0-2\/#primaryimage","url":"https:\/\/auctionahead.com\/wp-content\/uploads\/2022\/04\/61MvFJYN7WL._SL1100_.jpg","contentUrl":"https:\/\/auctionahead.com\/wp-content\/uploads\/2022\/04\/61MvFJYN7WL._SL1100_.jpg","width":1100,"height":1100,"caption":"mosDART 5 X 32GB USB 2.0"},{"@type":"BreadcrumbList","@id":"https:\/\/auctionahead.com\/product\/mosdart-5-x-32gb-usb-2-0-2\/#breadcrumb","itemListElement":[{"@type":"ListItem","position":1,"name":"Inicio","item":"https:\/\/auctionahead.com\/"},{"@type":"ListItem","position":2,"name":"Shop","item":"https:\/\/auctionahead.com\/shop\/"},{"@type":"ListItem","position":3,"name":"mosDART 5 X 32GB USB 2.0"}]},{"@type":"WebSite","@id":"https:\/\/auctionahead.com\/#website","url":"https:\/\/auctionahead.com\/","name":"Auction Ahead","description":"Subastas en vivo y tecnolog\u00eda de vanguardia","potentialAction":[{"@type":"SearchAction","target":{"@type":"EntryPoint","urlTemplate":"https:\/\/auctionahead.com\/?s={search_term_string}"},"query-input":{"@type":"PropertyValueSpecification","valueRequired":true,"valueName":"search_term_string"}}],"inLanguage":"en-US"}]}},"_links":{"self":[{"href":"https:\/\/auctionahead.com\/en\/wp-json\/wp\/v2\/product\/2340","targetHints":{"allow":["GET"]}}],"collection":[{"href":"https:\/\/auctionahead.com\/en\/wp-json\/wp\/v2\/product"}],"about":[{"href":"https:\/\/auctionahead.com\/en\/wp-json\/wp\/v2\/types\/product"}],"wp:featuredmedia":[{"embeddable":true,"href":"https:\/\/auctionahead.com\/en\/wp-json\/wp\/v2\/media\/2338"}],"wp:attachment":[{"href":"https:\/\/auctionahead.com\/en\/wp-json\/wp\/v2\/media?parent=2340"}],"wp:term":[{"taxonomy":"product_brand","embeddable":true,"href":"https:\/\/auctionahead.com\/en\/wp-json\/wp\/v2\/product_brand?post=2340"},{"taxonomy":"product_cat","embeddable":true,"href":"https:\/\/auctionahead.com\/en\/wp-json\/wp\/v2\/product_cat?post=2340"},{"taxonomy":"product_tag","embeddable":true,"href":"https:\/\/auctionahead.com\/en\/wp-json\/wp\/v2\/product_tag?post=2340"}],"curies":[{"name":"wp","href":"https:\/\/api.w.org\/{rel}","templated":true}]}}