{"id":2325,"date":"2019-08-13T14:12:15","date_gmt":"2019-08-13T14:12:15","guid":{"rendered":"https:\/\/auctionahead.com\/?post_type=product&#038;p=2325"},"modified":"2022-04-24T20:31:44","modified_gmt":"2022-04-24T20:31:44","slug":"standing-stapler-set","status":"publish","type":"product","link":"https:\/\/auctionahead.com\/en\/product\/standing-stapler-set\/","title":{"rendered":"Standing Stapler Set"},"content":{"rendered":"<p><strong>Disfruta de la comodidad mientras ahorras tiempo y dinero con nuestro ergon\u00f3mico juego de grapadoras de pie de 2 paquetes<\/strong><\/p>\n<p>Si utiliza con frecuencia una grapadora para el uso diario en su aula, oficina o casa, sabe lo molesto que puede ser cuando su grapadora es tosca, r\u00edgida o dif\u00edcil de usar, causando calambres en las manos y frustraci\u00f3n. Nuestro paquete de dos grapadoras de pie de mano viene equipado con c\u00f3modas empu\u00f1aduras curvas, tecnolog\u00eda resistente a los atascos, y su uso requiere poco esfuerzo, por lo que es ideal para trabajos r\u00e1pidos de grapado en su escritorio.<\/p>\n<ul>\n<li>El dise\u00f1o de la grapadora que ahorra espacio puede ser almacenado en posici\u00f3n vertical en su escritorio, lo que hace que sea f\u00e1cil de agarrar para un uso r\u00e1pido<\/li>\n<li>El dise\u00f1o \u00fanico de mano es m\u00e1s f\u00e1cil de usar que las grapadoras normales, ofreciendo una tecnolog\u00eda de grapado de esfuerzo reducido muy c\u00f3moda.<\/li>\n<\/ul>\n<p><strong>Dise\u00f1ado para un uso vers\u00e1til diario en entornos de oficina o de clase dif\u00edciles<\/strong><\/p>\n<p>Nuestras grapadoras de pl\u00e1stico negro con entra\u00f1as met\u00e1licas de alta resistencia fueron dise\u00f1adas para ser f\u00e1ciles de usar en el escritorio de trabajo ligero o en el aula, grapando hasta 15 hojas a la vez, pero son lo suficientemente resistentes para soportar el uso repetido en cualquier hogar, escuela u oficina.<\/p>\n<ul>\n<li>Incluye 2000 grapas est\u00e1ndar de 1\/4 de pulgada, para que puedas trabajar directamente desde la caja<\/li>\n<li>El yunque reversible permite sujetar temporalmente los documentos, mientras que el dise\u00f1o est\u00e1ndar de la abrazadera ofrece un m\u00e9todo m\u00e1s tradicional de sujetar los documentos de forma permanente.<\/li>\n<\/ul>\n<p><strong>Garant\u00eda de devoluci\u00f3n del 100% del dinero<\/strong><\/p>\n<p>Apoyamos nuestros productos completamente. Entendemos que a veces comprar productos f\u00edsicos puede ser dif\u00edcil si no puedes ver f\u00edsicamente lo que est\u00e1s comprando. Sin embargo, si nuestro producto no es exactamente lo que est\u00e1 buscando o no cumple sus expectativas, entonces env\u00edelo de vuelta en cualquier momento para un reembolso del 100%.<\/p>","protected":false},"excerpt":{"rendered":"<ul class=\"a-unordered-list a-vertical a-spacing-none\">\n<li><span class=\"a-list-item\">Aborde f\u00e1cil y eficientemente sus tareas diarias de grapado con una capacidad de hasta 20 hojas gracias a nuestro duradero y econ\u00f3mico paquete de 2 grapadoras de pie que fue dise\u00f1ado para el uso de escritorio en el trabajo, en casa o en el aula.<\/span><\/li>\n<li><span class=\"a-list-item\">Evita los calambres en las manos y la frustraci\u00f3n gracias a nuestras funciones de grapadora de mano de f\u00e1cil uso y bajo impacto, que cuentan con c\u00f3modos mangos de goma ergon\u00f3micos y un dise\u00f1o resistente a los atascos.<\/span><\/li>\n<li><span class=\"a-list-item\">Mantenga un escritorio ordenado y organizado gracias al dise\u00f1o vertical y la base antideslizante de nuestras grapadoras de pie, que ocupar\u00e1n menos espacio en su escritorio al ponerse de pie en su extremo y consumir\u00e1n mucho menos espacio que las grapadoras tradicionales.<\/span><\/li>\n<li><span class=\"a-list-item\">Comience a grapar inmediatamente fuera de la caja con las grapas incluidas de tama\u00f1o est\u00e1ndar 2000 de 1\/4 de pulgada, adem\u00e1s de que es f\u00e1cil y r\u00e1pido cargar la grapadora gracias al mecanismo de alta calidad con resorte.<\/span><\/li>\n<li><span class=\"a-list-item\">Disfrute de la comodidad y versatilidad para varios proyectos b\u00e1sicos con un yunque de sujeci\u00f3n est\u00e1ndar, que tambi\u00e9n es reversible para fijar documentos temporalmente.<\/span><\/li>\n<\/ul>","protected":false},"featured_media":2326,"template":"","meta":[],"product_brand":[],"product_cat":[66],"product_tag":[],"class_list":{"0":"post-2325","1":"product","2":"type-product","3":"status-publish","4":"has-post-thumbnail","6":"product_cat-office","8":"first","9":"instock","10":"featured","11":"taxable","12":"shipping-taxable","13":"purchasable","14":"product-type-simple"},"yoast_head":"<!-- This site is optimized with the Yoast SEO plugin v27.4 - https:\/\/yoast.com\/product\/yoast-seo-wordpress\/ -->\n<title>Juego de grapadoras de pie - Auction Ahead<\/title>\n<meta name=\"robots\" content=\"index, follow, max-snippet:-1, max-image-preview:large, max-video-preview:-1\" \/>\n<link rel=\"canonical\" href=\"https:\/\/auctionahead.com\/en\/product\/standing-stapler-set\/\" \/>\n<meta property=\"og:locale\" content=\"en_US\" \/>\n<meta property=\"og:type\" content=\"article\" \/>\n<meta property=\"og:title\" content=\"Juego de grapadoras de pie - Auction Ahead\" \/>\n<meta property=\"og:description\" content=\"Aborde f\u00e1cil y eficientemente sus tareas diarias de grapado con una capacidad de hasta 20 hojas gracias a nuestro duradero y econ\u00f3mico paquete de 2 grapadoras de pie que fue dise\u00f1ado para el uso de escritorio en el trabajo, en casa o en el aula.  Evita los calambres en las manos y la frustraci\u00f3n gracias a nuestras funciones de grapadora de mano de f\u00e1cil uso y bajo impacto, que cuentan con c\u00f3modos mangos de goma ergon\u00f3micos y un dise\u00f1o resistente a los atascos.  Mantenga un escritorio ordenado y organizado gracias al dise\u00f1o vertical y la base antideslizante de nuestras grapadoras de pie, que ocupar\u00e1n menos espacio en su escritorio al ponerse de pie en su extremo y consumir\u00e1n mucho menos espacio que las grapadoras tradicionales.  Comience a grapar inmediatamente fuera de la caja con las grapas incluidas de tama\u00f1o est\u00e1ndar 2000 de 1\/4 de pulgada, adem\u00e1s de que es f\u00e1cil y r\u00e1pido cargar la grapadora gracias al mecanismo de alta calidad con resorte.  Disfrute de la comodidad y versatilidad para varios proyectos b\u00e1sicos con un yunque de sujeci\u00f3n est\u00e1ndar, que tambi\u00e9n es reversible para fijar documentos temporalmente.\" \/>\n<meta property=\"og:url\" content=\"https:\/\/auctionahead.com\/en\/product\/standing-stapler-set\/\" \/>\n<meta property=\"og:site_name\" content=\"Auction Ahead\" \/>\n<meta property=\"article:modified_time\" content=\"2022-04-24T20:31:44+00:00\" \/>\n<meta property=\"og:image\" content=\"https:\/\/auctionahead.com\/wp-content\/uploads\/2022\/04\/71J8zvATZPL._SL1500_.jpg\" \/>\n\t<meta property=\"og:image:width\" content=\"1500\" \/>\n\t<meta property=\"og:image:height\" content=\"1500\" \/>\n\t<meta property=\"og:image:type\" content=\"image\/jpeg\" \/>\n<meta name=\"twitter:card\" content=\"summary_large_image\" \/>\n<meta name=\"twitter:label1\" content=\"Est. reading time\" \/>\n\t<meta name=\"twitter:data1\" content=\"2 minutes\" \/>\n<script type=\"application\/ld+json\" class=\"yoast-schema-graph\">{\"@context\":\"https:\\\/\\\/schema.org\",\"@graph\":[{\"@type\":\"WebPage\",\"@id\":\"https:\\\/\\\/auctionahead.com\\\/product\\\/standing-stapler-set\\\/\",\"url\":\"https:\\\/\\\/auctionahead.com\\\/product\\\/standing-stapler-set\\\/\",\"name\":\"Juego de grapadoras de pie - Auction Ahead\",\"isPartOf\":{\"@id\":\"https:\\\/\\\/auctionahead.com\\\/#website\"},\"primaryImageOfPage\":{\"@id\":\"https:\\\/\\\/auctionahead.com\\\/product\\\/standing-stapler-set\\\/#primaryimage\"},\"image\":{\"@id\":\"https:\\\/\\\/auctionahead.com\\\/product\\\/standing-stapler-set\\\/#primaryimage\"},\"thumbnailUrl\":\"https:\\\/\\\/auctionahead.com\\\/wp-content\\\/uploads\\\/2022\\\/04\\\/71J8zvATZPL._SL1500_.jpg\",\"datePublished\":\"2019-08-13T14:12:15+00:00\",\"dateModified\":\"2022-04-24T20:31:44+00:00\",\"breadcrumb\":{\"@id\":\"https:\\\/\\\/auctionahead.com\\\/product\\\/standing-stapler-set\\\/#breadcrumb\"},\"inLanguage\":\"en-US\",\"potentialAction\":[{\"@type\":\"ReadAction\",\"target\":[\"https:\\\/\\\/auctionahead.com\\\/product\\\/standing-stapler-set\\\/\"]}]},{\"@type\":\"ImageObject\",\"inLanguage\":\"en-US\",\"@id\":\"https:\\\/\\\/auctionahead.com\\\/product\\\/standing-stapler-set\\\/#primaryimage\",\"url\":\"https:\\\/\\\/auctionahead.com\\\/wp-content\\\/uploads\\\/2022\\\/04\\\/71J8zvATZPL._SL1500_.jpg\",\"contentUrl\":\"https:\\\/\\\/auctionahead.com\\\/wp-content\\\/uploads\\\/2022\\\/04\\\/71J8zvATZPL._SL1500_.jpg\",\"width\":1500,\"height\":1500,\"caption\":\"Standing Stapler Set\"},{\"@type\":\"BreadcrumbList\",\"@id\":\"https:\\\/\\\/auctionahead.com\\\/product\\\/standing-stapler-set\\\/#breadcrumb\",\"itemListElement\":[{\"@type\":\"ListItem\",\"position\":1,\"name\":\"Inicio\",\"item\":\"https:\\\/\\\/auctionahead.com\\\/\"},{\"@type\":\"ListItem\",\"position\":2,\"name\":\"Shop\",\"item\":\"https:\\\/\\\/auctionahead.com\\\/shop\\\/\"},{\"@type\":\"ListItem\",\"position\":3,\"name\":\"Juego de grapadoras de pie\"}]},{\"@type\":\"WebSite\",\"@id\":\"https:\\\/\\\/auctionahead.com\\\/#website\",\"url\":\"https:\\\/\\\/auctionahead.com\\\/\",\"name\":\"Auction Ahead\",\"description\":\"Subastas en vivo y tecnolog\u00eda de vanguardia\",\"potentialAction\":[{\"@type\":\"SearchAction\",\"target\":{\"@type\":\"EntryPoint\",\"urlTemplate\":\"https:\\\/\\\/auctionahead.com\\\/?s={search_term_string}\"},\"query-input\":{\"@type\":\"PropertyValueSpecification\",\"valueRequired\":true,\"valueName\":\"search_term_string\"}}],\"inLanguage\":\"en-US\"}]}<\/script>\n<!-- \/ Yoast SEO plugin. -->","yoast_head_json":{"title":"Juego de grapadoras de pie - Auction Ahead","robots":{"index":"index","follow":"follow","max-snippet":"max-snippet:-1","max-image-preview":"max-image-preview:large","max-video-preview":"max-video-preview:-1"},"canonical":"https:\/\/auctionahead.com\/en\/product\/standing-stapler-set\/","og_locale":"en_US","og_type":"article","og_title":"Juego de grapadoras de pie - Auction Ahead","og_description":"Aborde f\u00e1cil y eficientemente sus tareas diarias de grapado con una capacidad de hasta 20 hojas gracias a nuestro duradero y econ\u00f3mico paquete de 2 grapadoras de pie que fue dise\u00f1ado para el uso de escritorio en el trabajo, en casa o en el aula.  Evita los calambres en las manos y la frustraci\u00f3n gracias a nuestras funciones de grapadora de mano de f\u00e1cil uso y bajo impacto, que cuentan con c\u00f3modos mangos de goma ergon\u00f3micos y un dise\u00f1o resistente a los atascos.  Mantenga un escritorio ordenado y organizado gracias al dise\u00f1o vertical y la base antideslizante de nuestras grapadoras de pie, que ocupar\u00e1n menos espacio en su escritorio al ponerse de pie en su extremo y consumir\u00e1n mucho menos espacio que las grapadoras tradicionales.  Comience a grapar inmediatamente fuera de la caja con las grapas incluidas de tama\u00f1o est\u00e1ndar 2000 de 1\/4 de pulgada, adem\u00e1s de que es f\u00e1cil y r\u00e1pido cargar la grapadora gracias al mecanismo de alta calidad con resorte.  Disfrute de la comodidad y versatilidad para varios proyectos b\u00e1sicos con un yunque de sujeci\u00f3n est\u00e1ndar, que tambi\u00e9n es reversible para fijar documentos temporalmente.","og_url":"https:\/\/auctionahead.com\/en\/product\/standing-stapler-set\/","og_site_name":"Auction Ahead","article_modified_time":"2022-04-24T20:31:44+00:00","og_image":[{"width":1500,"height":1500,"url":"https:\/\/auctionahead.com\/wp-content\/uploads\/2022\/04\/71J8zvATZPL._SL1500_.jpg","type":"image\/jpeg"}],"twitter_card":"summary_large_image","twitter_misc":{"Est. reading time":"2 minutes"},"schema":{"@context":"https:\/\/schema.org","@graph":[{"@type":"WebPage","@id":"https:\/\/auctionahead.com\/product\/standing-stapler-set\/","url":"https:\/\/auctionahead.com\/product\/standing-stapler-set\/","name":"Juego de grapadoras de pie - Auction Ahead","isPartOf":{"@id":"https:\/\/auctionahead.com\/#website"},"primaryImageOfPage":{"@id":"https:\/\/auctionahead.com\/product\/standing-stapler-set\/#primaryimage"},"image":{"@id":"https:\/\/auctionahead.com\/product\/standing-stapler-set\/#primaryimage"},"thumbnailUrl":"https:\/\/auctionahead.com\/wp-content\/uploads\/2022\/04\/71J8zvATZPL._SL1500_.jpg","datePublished":"2019-08-13T14:12:15+00:00","dateModified":"2022-04-24T20:31:44+00:00","breadcrumb":{"@id":"https:\/\/auctionahead.com\/product\/standing-stapler-set\/#breadcrumb"},"inLanguage":"en-US","potentialAction":[{"@type":"ReadAction","target":["https:\/\/auctionahead.com\/product\/standing-stapler-set\/"]}]},{"@type":"ImageObject","inLanguage":"en-US","@id":"https:\/\/auctionahead.com\/product\/standing-stapler-set\/#primaryimage","url":"https:\/\/auctionahead.com\/wp-content\/uploads\/2022\/04\/71J8zvATZPL._SL1500_.jpg","contentUrl":"https:\/\/auctionahead.com\/wp-content\/uploads\/2022\/04\/71J8zvATZPL._SL1500_.jpg","width":1500,"height":1500,"caption":"Standing Stapler Set"},{"@type":"BreadcrumbList","@id":"https:\/\/auctionahead.com\/product\/standing-stapler-set\/#breadcrumb","itemListElement":[{"@type":"ListItem","position":1,"name":"Inicio","item":"https:\/\/auctionahead.com\/"},{"@type":"ListItem","position":2,"name":"Shop","item":"https:\/\/auctionahead.com\/shop\/"},{"@type":"ListItem","position":3,"name":"Juego de grapadoras de pie"}]},{"@type":"WebSite","@id":"https:\/\/auctionahead.com\/#website","url":"https:\/\/auctionahead.com\/","name":"Auction Ahead","description":"Subastas en vivo y tecnolog\u00eda de vanguardia","potentialAction":[{"@type":"SearchAction","target":{"@type":"EntryPoint","urlTemplate":"https:\/\/auctionahead.com\/?s={search_term_string}"},"query-input":{"@type":"PropertyValueSpecification","valueRequired":true,"valueName":"search_term_string"}}],"inLanguage":"en-US"}]}},"_links":{"self":[{"href":"https:\/\/auctionahead.com\/en\/wp-json\/wp\/v2\/product\/2325","targetHints":{"allow":["GET"]}}],"collection":[{"href":"https:\/\/auctionahead.com\/en\/wp-json\/wp\/v2\/product"}],"about":[{"href":"https:\/\/auctionahead.com\/en\/wp-json\/wp\/v2\/types\/product"}],"wp:featuredmedia":[{"embeddable":true,"href":"https:\/\/auctionahead.com\/en\/wp-json\/wp\/v2\/media\/2326"}],"wp:attachment":[{"href":"https:\/\/auctionahead.com\/en\/wp-json\/wp\/v2\/media?parent=2325"}],"wp:term":[{"taxonomy":"product_brand","embeddable":true,"href":"https:\/\/auctionahead.com\/en\/wp-json\/wp\/v2\/product_brand?post=2325"},{"taxonomy":"product_cat","embeddable":true,"href":"https:\/\/auctionahead.com\/en\/wp-json\/wp\/v2\/product_cat?post=2325"},{"taxonomy":"product_tag","embeddable":true,"href":"https:\/\/auctionahead.com\/en\/wp-json\/wp\/v2\/product_tag?post=2325"}],"curies":[{"name":"wp","href":"https:\/\/api.w.org\/{rel}","templated":true}]}}