{"id":2320,"date":"2019-08-13T13:24:40","date_gmt":"2019-08-13T13:24:40","guid":{"rendered":"https:\/\/auctionahead.com\/?post_type=product&#038;p=2320"},"modified":"2022-04-24T20:34:34","modified_gmt":"2022-04-24T20:34:34","slug":"fitness-tracker-smart-watch-2","status":"publish","type":"product","link":"https:\/\/auctionahead.com\/en\/product\/fitness-tracker-smart-watch-2\/","title":{"rendered":"Fitness Tracker Smart Watch"},"content":{"rendered":"<ul class=\"a-unordered-list a-vertical a-spacing-none\">\n<li><span class=\"a-list-item\">Ritmo card\u00edaco y monitor de sue\u00f1o en tiempo real autom\u00e1ticamente Medir su ritmo card\u00edaco en every\u3001 registrar con precisi\u00f3n las actividades de todo el d\u00eda como los pasos,Coraz\u00f3n Rate\u3001 distancia, calor\u00edas quemadas, la vigilancia autom\u00e1tica del sue\u00f1o \uff0c registra el sue\u00f1o profundo, el sue\u00f1o ligero, permanecer despierto y despierto states\u3001 ayudando a adaptarse a un estilo de vida m\u00e1s saludable.es bueno para usted a la enfermedad el riesgo de cardiovascular para saber a la fatiga. Reconocer claramente su estado de forma f\u00edsica en todo el d\u00eda \/ semana \/ mes.<\/span><\/li>\n<li><span class=\"a-list-item\">Actividad de dise\u00f1o perfecto tracker\uff1aa llave de reloj cuadrado function\u3001HD Pantalla colorida 1.3 TFT Screen+Iconos 3D \u3001user pulsera amigable; El dise\u00f1o s\u00faper artesanal la hace bastante diferente de otras pulseras inteligentes, hecha de elast\u00f3mero de alta calidad, previene la irritaci\u00f3n de la piel, es suave, ligera y duradera, muy c\u00f3moda de llevar!<\/span><\/li>\n<li><span class=\"a-list-item\">Est\u00e1ndar internacional IP68 impermeable Resistente al agua para sudar, lavarse las manos, contacto con agua ligera; \u3001you puede ir a nadar llevando el fitness trackers\u3001Switch 4 modos de deporte diferentes de guardia directamente. Incorpora un avanzado sensor 3D y un pod\u00f3metro para contar con precisi\u00f3n los pasos, las calor\u00edas quemadas y la distancia recorrida. Pasos: 1. Pulsaci\u00f3n larga para elegir el tipo de deporte, 2. pulsaci\u00f3n larga de nuevo para entrar en el deporte mode\u3001 Conectar el GPS de tu tel\u00e9fono m\u00f3vil puede mostrar estad\u00edsticas de carreras como ritmo y distancia.<\/span><\/li>\n<li><span class=\"a-list-item\">M\u00e1s funciones: Notificaci\u00f3n de mensajes inteligentes A trav\u00e9s de la conexi\u00f3n constante de alta velocidad Bluetooth 4.0, recibe notificaciones de llamadas, SMS y SNS (Facebook, WhatsApp, LinkedIn, Instagram y Twitter) en pantalla, funci\u00f3n de rechazo de llamadas, nunca te pierdas los mensajes que importan; \u00a1haz que tu vida sea m\u00e1s maravillosa con el brazalete inteligente!<\/span><\/li>\n<li><span class=\"a-list-item\">Cable magn\u00e9tico USB cargando una bater\u00eda de 320mAh, carga 2 horas, uso normal 7 d\u00edas, en espera 40 d\u00edas. Creo que ahorrar\u00e1 enormemente el tiempo de carga y mejorar\u00e1 la eficiencia de uso.12 meses de garant\u00eda y servicio al cliente de por vida. Si no est\u00e1 satisfecho con el art\u00edculo, puede solicitar a BLUETI un reembolso o un nuevo reemplazo<\/span><\/li>\n<\/ul>","protected":false},"excerpt":{"rendered":"<ul>\n<li>CPU: NRF52832<\/li>\n<li>Sincronizaci\u00f3n: Bluetooth 4.0<\/li>\n<li>Peso: 40g<\/li>\n<li>Carga del cable magn\u00e9tico USB<\/li>\n<li>Capacidad de la bater\u00eda: 320mAh<\/li>\n<li>Resoluci\u00f3n: 240*240<\/li>\n<li>Tiempo de trabajo: 7 d\u00edas<\/li>\n<li>Pantalla: Pantalla IPS de 1.3&#8243;.<\/li>\n<li>A prueba de agua: IP68<\/li>\n<li>Tama\u00f1o del reloj: 43*37*13(L*W*H)<\/li>\n<\/ul>","protected":false},"featured_media":2321,"template":"","meta":[],"product_brand":[],"product_cat":[65],"product_tag":[],"class_list":{"0":"post-2320","1":"product","2":"type-product","3":"status-publish","4":"has-post-thumbnail","6":"product_cat-others","8":"first","9":"instock","10":"featured","11":"taxable","12":"shipping-taxable","13":"purchasable","14":"product-type-simple"},"yoast_head":"<!-- This site is optimized with the Yoast SEO plugin v27.4 - https:\/\/yoast.com\/product\/yoast-seo-wordpress\/ -->\n<title>Reloj inteligente Fitness Tracker - Auction Ahead<\/title>\n<meta name=\"robots\" content=\"index, follow, max-snippet:-1, max-image-preview:large, max-video-preview:-1\" \/>\n<link rel=\"canonical\" href=\"https:\/\/auctionahead.com\/en\/product\/fitness-tracker-smart-watch-2\/\" \/>\n<meta property=\"og:locale\" content=\"en_US\" \/>\n<meta property=\"og:type\" content=\"article\" \/>\n<meta property=\"og:title\" content=\"Reloj inteligente Fitness Tracker - Auction Ahead\" \/>\n<meta property=\"og:description\" content=\"CPU: NRF52832  Sincronizaci\u00f3n: Bluetooth 4.0  Peso: 40g  Carga del cable magn\u00e9tico USB  Capacidad de la bater\u00eda: 320mAh  Resoluci\u00f3n: 240*240  Tiempo de trabajo: 7 d\u00edas  Pantalla: Pantalla IPS de 1.3&quot;.  A prueba de agua: IP68  Tama\u00f1o del reloj: 43*37*13(L*W*H)\" \/>\n<meta property=\"og:url\" content=\"https:\/\/auctionahead.com\/en\/product\/fitness-tracker-smart-watch-2\/\" \/>\n<meta property=\"og:site_name\" content=\"Auction Ahead\" \/>\n<meta property=\"article:modified_time\" content=\"2022-04-24T20:34:34+00:00\" \/>\n<meta property=\"og:image\" content=\"https:\/\/auctionahead.com\/wp-content\/uploads\/2022\/04\/61c8ne9mMgL._SL1001_-1.jpg\" \/>\n\t<meta property=\"og:image:width\" content=\"1001\" \/>\n\t<meta property=\"og:image:height\" content=\"1001\" \/>\n\t<meta property=\"og:image:type\" content=\"image\/jpeg\" \/>\n<meta name=\"twitter:card\" content=\"summary_large_image\" \/>\n<meta name=\"twitter:label1\" content=\"Est. reading time\" \/>\n\t<meta name=\"twitter:data1\" content=\"2 minutes\" \/>\n<script type=\"application\/ld+json\" class=\"yoast-schema-graph\">{\"@context\":\"https:\\\/\\\/schema.org\",\"@graph\":[{\"@type\":\"WebPage\",\"@id\":\"https:\\\/\\\/auctionahead.com\\\/product\\\/fitness-tracker-smart-watch-2\\\/\",\"url\":\"https:\\\/\\\/auctionahead.com\\\/product\\\/fitness-tracker-smart-watch-2\\\/\",\"name\":\"Reloj inteligente Fitness Tracker - Auction Ahead\",\"isPartOf\":{\"@id\":\"https:\\\/\\\/auctionahead.com\\\/#website\"},\"primaryImageOfPage\":{\"@id\":\"https:\\\/\\\/auctionahead.com\\\/product\\\/fitness-tracker-smart-watch-2\\\/#primaryimage\"},\"image\":{\"@id\":\"https:\\\/\\\/auctionahead.com\\\/product\\\/fitness-tracker-smart-watch-2\\\/#primaryimage\"},\"thumbnailUrl\":\"https:\\\/\\\/auctionahead.com\\\/wp-content\\\/uploads\\\/2022\\\/04\\\/61c8ne9mMgL._SL1001_-1.jpg\",\"datePublished\":\"2019-08-13T13:24:40+00:00\",\"dateModified\":\"2022-04-24T20:34:34+00:00\",\"breadcrumb\":{\"@id\":\"https:\\\/\\\/auctionahead.com\\\/product\\\/fitness-tracker-smart-watch-2\\\/#breadcrumb\"},\"inLanguage\":\"en-US\",\"potentialAction\":[{\"@type\":\"ReadAction\",\"target\":[\"https:\\\/\\\/auctionahead.com\\\/product\\\/fitness-tracker-smart-watch-2\\\/\"]}]},{\"@type\":\"ImageObject\",\"inLanguage\":\"en-US\",\"@id\":\"https:\\\/\\\/auctionahead.com\\\/product\\\/fitness-tracker-smart-watch-2\\\/#primaryimage\",\"url\":\"https:\\\/\\\/auctionahead.com\\\/wp-content\\\/uploads\\\/2022\\\/04\\\/61c8ne9mMgL._SL1001_-1.jpg\",\"contentUrl\":\"https:\\\/\\\/auctionahead.com\\\/wp-content\\\/uploads\\\/2022\\\/04\\\/61c8ne9mMgL._SL1001_-1.jpg\",\"width\":1001,\"height\":1001,\"caption\":\"Fitness Tracker Smart Watch\"},{\"@type\":\"BreadcrumbList\",\"@id\":\"https:\\\/\\\/auctionahead.com\\\/product\\\/fitness-tracker-smart-watch-2\\\/#breadcrumb\",\"itemListElement\":[{\"@type\":\"ListItem\",\"position\":1,\"name\":\"Inicio\",\"item\":\"https:\\\/\\\/auctionahead.com\\\/\"},{\"@type\":\"ListItem\",\"position\":2,\"name\":\"Shop\",\"item\":\"https:\\\/\\\/auctionahead.com\\\/shop\\\/\"},{\"@type\":\"ListItem\",\"position\":3,\"name\":\"Reloj inteligente Fitness Tracker\"}]},{\"@type\":\"WebSite\",\"@id\":\"https:\\\/\\\/auctionahead.com\\\/#website\",\"url\":\"https:\\\/\\\/auctionahead.com\\\/\",\"name\":\"Auction Ahead\",\"description\":\"Subastas en vivo y tecnolog\u00eda de vanguardia\",\"potentialAction\":[{\"@type\":\"SearchAction\",\"target\":{\"@type\":\"EntryPoint\",\"urlTemplate\":\"https:\\\/\\\/auctionahead.com\\\/?s={search_term_string}\"},\"query-input\":{\"@type\":\"PropertyValueSpecification\",\"valueRequired\":true,\"valueName\":\"search_term_string\"}}],\"inLanguage\":\"en-US\"}]}<\/script>\n<!-- \/ Yoast SEO plugin. -->","yoast_head_json":{"title":"Reloj inteligente Fitness Tracker - Auction Ahead","robots":{"index":"index","follow":"follow","max-snippet":"max-snippet:-1","max-image-preview":"max-image-preview:large","max-video-preview":"max-video-preview:-1"},"canonical":"https:\/\/auctionahead.com\/en\/product\/fitness-tracker-smart-watch-2\/","og_locale":"en_US","og_type":"article","og_title":"Reloj inteligente Fitness Tracker - Auction Ahead","og_description":"CPU: NRF52832  Sincronizaci\u00f3n: Bluetooth 4.0  Peso: 40g  Carga del cable magn\u00e9tico USB  Capacidad de la bater\u00eda: 320mAh  Resoluci\u00f3n: 240*240  Tiempo de trabajo: 7 d\u00edas  Pantalla: Pantalla IPS de 1.3\".  A prueba de agua: IP68  Tama\u00f1o del reloj: 43*37*13(L*W*H)","og_url":"https:\/\/auctionahead.com\/en\/product\/fitness-tracker-smart-watch-2\/","og_site_name":"Auction Ahead","article_modified_time":"2022-04-24T20:34:34+00:00","og_image":[{"width":1001,"height":1001,"url":"https:\/\/auctionahead.com\/wp-content\/uploads\/2022\/04\/61c8ne9mMgL._SL1001_-1.jpg","type":"image\/jpeg"}],"twitter_card":"summary_large_image","twitter_misc":{"Est. reading time":"2 minutes"},"schema":{"@context":"https:\/\/schema.org","@graph":[{"@type":"WebPage","@id":"https:\/\/auctionahead.com\/product\/fitness-tracker-smart-watch-2\/","url":"https:\/\/auctionahead.com\/product\/fitness-tracker-smart-watch-2\/","name":"Reloj inteligente Fitness Tracker - Auction Ahead","isPartOf":{"@id":"https:\/\/auctionahead.com\/#website"},"primaryImageOfPage":{"@id":"https:\/\/auctionahead.com\/product\/fitness-tracker-smart-watch-2\/#primaryimage"},"image":{"@id":"https:\/\/auctionahead.com\/product\/fitness-tracker-smart-watch-2\/#primaryimage"},"thumbnailUrl":"https:\/\/auctionahead.com\/wp-content\/uploads\/2022\/04\/61c8ne9mMgL._SL1001_-1.jpg","datePublished":"2019-08-13T13:24:40+00:00","dateModified":"2022-04-24T20:34:34+00:00","breadcrumb":{"@id":"https:\/\/auctionahead.com\/product\/fitness-tracker-smart-watch-2\/#breadcrumb"},"inLanguage":"en-US","potentialAction":[{"@type":"ReadAction","target":["https:\/\/auctionahead.com\/product\/fitness-tracker-smart-watch-2\/"]}]},{"@type":"ImageObject","inLanguage":"en-US","@id":"https:\/\/auctionahead.com\/product\/fitness-tracker-smart-watch-2\/#primaryimage","url":"https:\/\/auctionahead.com\/wp-content\/uploads\/2022\/04\/61c8ne9mMgL._SL1001_-1.jpg","contentUrl":"https:\/\/auctionahead.com\/wp-content\/uploads\/2022\/04\/61c8ne9mMgL._SL1001_-1.jpg","width":1001,"height":1001,"caption":"Fitness Tracker Smart Watch"},{"@type":"BreadcrumbList","@id":"https:\/\/auctionahead.com\/product\/fitness-tracker-smart-watch-2\/#breadcrumb","itemListElement":[{"@type":"ListItem","position":1,"name":"Inicio","item":"https:\/\/auctionahead.com\/"},{"@type":"ListItem","position":2,"name":"Shop","item":"https:\/\/auctionahead.com\/shop\/"},{"@type":"ListItem","position":3,"name":"Reloj inteligente Fitness Tracker"}]},{"@type":"WebSite","@id":"https:\/\/auctionahead.com\/#website","url":"https:\/\/auctionahead.com\/","name":"Auction Ahead","description":"Subastas en vivo y tecnolog\u00eda de vanguardia","potentialAction":[{"@type":"SearchAction","target":{"@type":"EntryPoint","urlTemplate":"https:\/\/auctionahead.com\/?s={search_term_string}"},"query-input":{"@type":"PropertyValueSpecification","valueRequired":true,"valueName":"search_term_string"}}],"inLanguage":"en-US"}]}},"_links":{"self":[{"href":"https:\/\/auctionahead.com\/en\/wp-json\/wp\/v2\/product\/2320","targetHints":{"allow":["GET"]}}],"collection":[{"href":"https:\/\/auctionahead.com\/en\/wp-json\/wp\/v2\/product"}],"about":[{"href":"https:\/\/auctionahead.com\/en\/wp-json\/wp\/v2\/types\/product"}],"wp:featuredmedia":[{"embeddable":true,"href":"https:\/\/auctionahead.com\/en\/wp-json\/wp\/v2\/media\/2321"}],"wp:attachment":[{"href":"https:\/\/auctionahead.com\/en\/wp-json\/wp\/v2\/media?parent=2320"}],"wp:term":[{"taxonomy":"product_brand","embeddable":true,"href":"https:\/\/auctionahead.com\/en\/wp-json\/wp\/v2\/product_brand?post=2320"},{"taxonomy":"product_cat","embeddable":true,"href":"https:\/\/auctionahead.com\/en\/wp-json\/wp\/v2\/product_cat?post=2320"},{"taxonomy":"product_tag","embeddable":true,"href":"https:\/\/auctionahead.com\/en\/wp-json\/wp\/v2\/product_tag?post=2320"}],"curies":[{"name":"wp","href":"https:\/\/api.w.org\/{rel}","templated":true}]}}