{"id":2314,"date":"2019-08-13T13:21:37","date_gmt":"2019-08-13T13:21:37","guid":{"rendered":"https:\/\/auctionahead.com\/?post_type=product&#038;p=2314"},"modified":"2022-04-24T20:34:58","modified_gmt":"2022-04-24T20:34:58","slug":"fittech-gear-hydration-belts-for-runners-3","status":"publish","type":"product","link":"https:\/\/auctionahead.com\/en\/product\/fittech-gear-hydration-belts-for-runners-3\/","title":{"rendered":"FitTech Gear Hydration Belts for Runners"},"content":{"rendered":"<div class=\"electro-description clearfix\">\n<p>La nueva generaci\u00f3n de FitTech Gear, el \u00faltimo cintur\u00f3n de hidrataci\u00f3n para corredores. No rebota cuando corres y proporciona 2 botellas de agua de 10oz sin BPA. Gran bolsillo impermeable para tu tel\u00e9fono celular, tarjetas de cr\u00e9dito, identificaci\u00f3n, barras de energ\u00eda y mucho m\u00e1s! Nota: \u00a1Suficientemente grande para el Iphone 6+ y el Note 4 incluso con una funda! Cintur\u00f3n de alta calidad muy funcional que le dar\u00e1 a\u00f1os de buen servicio. Somos corredores, probamos todos nuestros productos y los usamos nosotros mismos! Estamos detr\u00e1s de nuestros productos y su satisfacci\u00f3n es 100% garantizada!<\/p>\n<\/div>","protected":false},"excerpt":{"rendered":"<div class=\"woocommerce-product-details__short-description\">\n<ul class=\"a-unordered-list a-vertical a-spacing-none\">\n<li><span class=\"a-list-item\">\u00a1Cintur\u00f3n totalmente ajustable que no rebota cuando corres!<\/span><\/li>\n<li><span class=\"a-list-item\">Cintur\u00f3n de hidrataci\u00f3n de nueva generaci\u00f3n con caracter\u00edsticas mejoradas<\/span><\/li>\n<li><span class=\"a-list-item\">Gran bolsillo impermeable para el tel\u00e9fono, el dinero, las tarjetas de cr\u00e9dito y la identificaci\u00f3n.<\/span><\/li>\n<li><span class=\"a-list-item\">Dos botellas de agua contorneadas sin BPA<\/span><\/li>\n<li><span class=\"a-list-item\">\u00a1Salta la cuerda gratis! Banda reflectante GRATIS para que te vean de noche!<\/span><\/li>\n<\/ul>\n<\/div>","protected":false},"featured_media":2311,"template":"","meta":[],"product_brand":[],"product_cat":[64],"product_tag":[],"class_list":{"0":"post-2314","1":"product","2":"type-product","3":"status-publish","4":"has-post-thumbnail","6":"product_cat-sports","8":"first","9":"instock","10":"featured","11":"taxable","12":"shipping-taxable","13":"purchasable","14":"product-type-simple"},"yoast_head":"<!-- This site is optimized with the Yoast SEO plugin v27.3 - https:\/\/yoast.com\/product\/yoast-seo-wordpress\/ -->\n<title>Cinturones de hidrataci\u00f3n FitTech Gear para corredores - Auction Ahead<\/title>\n<meta name=\"robots\" content=\"index, follow, max-snippet:-1, max-image-preview:large, max-video-preview:-1\" \/>\n<link rel=\"canonical\" href=\"https:\/\/auctionahead.com\/en\/product\/fittech-gear-hydration-belts-for-runners-3\/\" \/>\n<meta property=\"og:locale\" content=\"en_US\" \/>\n<meta property=\"og:type\" content=\"article\" \/>\n<meta property=\"og:title\" content=\"Cinturones de hidrataci\u00f3n FitTech Gear para corredores - Auction Ahead\" \/>\n<meta property=\"og:description\" content=\"\u00a1Cintur\u00f3n totalmente ajustable que no rebota cuando corres!  Cintur\u00f3n de hidrataci\u00f3n de nueva generaci\u00f3n con caracter\u00edsticas mejoradas  Gran bolsillo impermeable para el tel\u00e9fono, el dinero, las tarjetas de cr\u00e9dito y la identificaci\u00f3n.  Dos botellas de agua contorneadas sin BPA  \u00a1Salta la cuerda gratis! Banda reflectante GRATIS para que te vean de noche!\" \/>\n<meta property=\"og:url\" content=\"https:\/\/auctionahead.com\/en\/product\/fittech-gear-hydration-belts-for-runners-3\/\" \/>\n<meta property=\"og:site_name\" content=\"Auction Ahead\" \/>\n<meta property=\"article:modified_time\" content=\"2022-04-24T20:34:58+00:00\" \/>\n<meta property=\"og:image\" content=\"https:\/\/auctionahead.com\/wp-content\/uploads\/2022\/04\/71McfK0LtZL._SL1500_-1.jpg\" \/>\n\t<meta property=\"og:image:width\" content=\"1500\" \/>\n\t<meta property=\"og:image:height\" content=\"793\" \/>\n\t<meta property=\"og:image:type\" content=\"image\/jpeg\" \/>\n<meta name=\"twitter:card\" content=\"summary_large_image\" \/>\n<meta name=\"twitter:label1\" content=\"Est. reading time\" \/>\n\t<meta name=\"twitter:data1\" content=\"1 minute\" \/>\n<script type=\"application\/ld+json\" class=\"yoast-schema-graph\">{\"@context\":\"https:\\\/\\\/schema.org\",\"@graph\":[{\"@type\":\"WebPage\",\"@id\":\"https:\\\/\\\/auctionahead.com\\\/product\\\/fittech-gear-hydration-belts-for-runners-3\\\/\",\"url\":\"https:\\\/\\\/auctionahead.com\\\/product\\\/fittech-gear-hydration-belts-for-runners-3\\\/\",\"name\":\"Cinturones de hidrataci\u00f3n FitTech Gear para corredores - Auction Ahead\",\"isPartOf\":{\"@id\":\"https:\\\/\\\/auctionahead.com\\\/#website\"},\"primaryImageOfPage\":{\"@id\":\"https:\\\/\\\/auctionahead.com\\\/product\\\/fittech-gear-hydration-belts-for-runners-3\\\/#primaryimage\"},\"image\":{\"@id\":\"https:\\\/\\\/auctionahead.com\\\/product\\\/fittech-gear-hydration-belts-for-runners-3\\\/#primaryimage\"},\"thumbnailUrl\":\"https:\\\/\\\/auctionahead.com\\\/wp-content\\\/uploads\\\/2022\\\/04\\\/71McfK0LtZL._SL1500_-1.jpg\",\"datePublished\":\"2019-08-13T13:21:37+00:00\",\"dateModified\":\"2022-04-24T20:34:58+00:00\",\"breadcrumb\":{\"@id\":\"https:\\\/\\\/auctionahead.com\\\/product\\\/fittech-gear-hydration-belts-for-runners-3\\\/#breadcrumb\"},\"inLanguage\":\"en-US\",\"potentialAction\":[{\"@type\":\"ReadAction\",\"target\":[\"https:\\\/\\\/auctionahead.com\\\/product\\\/fittech-gear-hydration-belts-for-runners-3\\\/\"]}]},{\"@type\":\"ImageObject\",\"inLanguage\":\"en-US\",\"@id\":\"https:\\\/\\\/auctionahead.com\\\/product\\\/fittech-gear-hydration-belts-for-runners-3\\\/#primaryimage\",\"url\":\"https:\\\/\\\/auctionahead.com\\\/wp-content\\\/uploads\\\/2022\\\/04\\\/71McfK0LtZL._SL1500_-1.jpg\",\"contentUrl\":\"https:\\\/\\\/auctionahead.com\\\/wp-content\\\/uploads\\\/2022\\\/04\\\/71McfK0LtZL._SL1500_-1.jpg\",\"width\":1500,\"height\":793,\"caption\":\"FitTech Gear Hydration Belts for Runners\"},{\"@type\":\"BreadcrumbList\",\"@id\":\"https:\\\/\\\/auctionahead.com\\\/product\\\/fittech-gear-hydration-belts-for-runners-3\\\/#breadcrumb\",\"itemListElement\":[{\"@type\":\"ListItem\",\"position\":1,\"name\":\"Inicio\",\"item\":\"https:\\\/\\\/auctionahead.com\\\/\"},{\"@type\":\"ListItem\",\"position\":2,\"name\":\"Shop\",\"item\":\"https:\\\/\\\/auctionahead.com\\\/shop\\\/\"},{\"@type\":\"ListItem\",\"position\":3,\"name\":\"Cinturones de hidrataci\u00f3n FitTech Gear para corredores\"}]},{\"@type\":\"WebSite\",\"@id\":\"https:\\\/\\\/auctionahead.com\\\/#website\",\"url\":\"https:\\\/\\\/auctionahead.com\\\/\",\"name\":\"Auction Ahead\",\"description\":\"Subastas en vivo y tecnolog\u00eda de vanguardia\",\"potentialAction\":[{\"@type\":\"SearchAction\",\"target\":{\"@type\":\"EntryPoint\",\"urlTemplate\":\"https:\\\/\\\/auctionahead.com\\\/?s={search_term_string}\"},\"query-input\":{\"@type\":\"PropertyValueSpecification\",\"valueRequired\":true,\"valueName\":\"search_term_string\"}}],\"inLanguage\":\"en-US\"}]}<\/script>\n<!-- \/ Yoast SEO plugin. -->","yoast_head_json":{"title":"Cinturones de hidrataci\u00f3n FitTech Gear para corredores - Auction Ahead","robots":{"index":"index","follow":"follow","max-snippet":"max-snippet:-1","max-image-preview":"max-image-preview:large","max-video-preview":"max-video-preview:-1"},"canonical":"https:\/\/auctionahead.com\/en\/product\/fittech-gear-hydration-belts-for-runners-3\/","og_locale":"en_US","og_type":"article","og_title":"Cinturones de hidrataci\u00f3n FitTech Gear para corredores - Auction Ahead","og_description":"\u00a1Cintur\u00f3n totalmente ajustable que no rebota cuando corres!  Cintur\u00f3n de hidrataci\u00f3n de nueva generaci\u00f3n con caracter\u00edsticas mejoradas  Gran bolsillo impermeable para el tel\u00e9fono, el dinero, las tarjetas de cr\u00e9dito y la identificaci\u00f3n.  Dos botellas de agua contorneadas sin BPA  \u00a1Salta la cuerda gratis! Banda reflectante GRATIS para que te vean de noche!","og_url":"https:\/\/auctionahead.com\/en\/product\/fittech-gear-hydration-belts-for-runners-3\/","og_site_name":"Auction Ahead","article_modified_time":"2022-04-24T20:34:58+00:00","og_image":[{"width":1500,"height":793,"url":"https:\/\/auctionahead.com\/wp-content\/uploads\/2022\/04\/71McfK0LtZL._SL1500_-1.jpg","type":"image\/jpeg"}],"twitter_card":"summary_large_image","twitter_misc":{"Est. reading time":"1 minute"},"schema":{"@context":"https:\/\/schema.org","@graph":[{"@type":"WebPage","@id":"https:\/\/auctionahead.com\/product\/fittech-gear-hydration-belts-for-runners-3\/","url":"https:\/\/auctionahead.com\/product\/fittech-gear-hydration-belts-for-runners-3\/","name":"Cinturones de hidrataci\u00f3n FitTech Gear para corredores - Auction Ahead","isPartOf":{"@id":"https:\/\/auctionahead.com\/#website"},"primaryImageOfPage":{"@id":"https:\/\/auctionahead.com\/product\/fittech-gear-hydration-belts-for-runners-3\/#primaryimage"},"image":{"@id":"https:\/\/auctionahead.com\/product\/fittech-gear-hydration-belts-for-runners-3\/#primaryimage"},"thumbnailUrl":"https:\/\/auctionahead.com\/wp-content\/uploads\/2022\/04\/71McfK0LtZL._SL1500_-1.jpg","datePublished":"2019-08-13T13:21:37+00:00","dateModified":"2022-04-24T20:34:58+00:00","breadcrumb":{"@id":"https:\/\/auctionahead.com\/product\/fittech-gear-hydration-belts-for-runners-3\/#breadcrumb"},"inLanguage":"en-US","potentialAction":[{"@type":"ReadAction","target":["https:\/\/auctionahead.com\/product\/fittech-gear-hydration-belts-for-runners-3\/"]}]},{"@type":"ImageObject","inLanguage":"en-US","@id":"https:\/\/auctionahead.com\/product\/fittech-gear-hydration-belts-for-runners-3\/#primaryimage","url":"https:\/\/auctionahead.com\/wp-content\/uploads\/2022\/04\/71McfK0LtZL._SL1500_-1.jpg","contentUrl":"https:\/\/auctionahead.com\/wp-content\/uploads\/2022\/04\/71McfK0LtZL._SL1500_-1.jpg","width":1500,"height":793,"caption":"FitTech Gear Hydration Belts for Runners"},{"@type":"BreadcrumbList","@id":"https:\/\/auctionahead.com\/product\/fittech-gear-hydration-belts-for-runners-3\/#breadcrumb","itemListElement":[{"@type":"ListItem","position":1,"name":"Inicio","item":"https:\/\/auctionahead.com\/"},{"@type":"ListItem","position":2,"name":"Shop","item":"https:\/\/auctionahead.com\/shop\/"},{"@type":"ListItem","position":3,"name":"Cinturones de hidrataci\u00f3n FitTech Gear para corredores"}]},{"@type":"WebSite","@id":"https:\/\/auctionahead.com\/#website","url":"https:\/\/auctionahead.com\/","name":"Auction Ahead","description":"Subastas en vivo y tecnolog\u00eda de vanguardia","potentialAction":[{"@type":"SearchAction","target":{"@type":"EntryPoint","urlTemplate":"https:\/\/auctionahead.com\/?s={search_term_string}"},"query-input":{"@type":"PropertyValueSpecification","valueRequired":true,"valueName":"search_term_string"}}],"inLanguage":"en-US"}]}},"_links":{"self":[{"href":"https:\/\/auctionahead.com\/en\/wp-json\/wp\/v2\/product\/2314","targetHints":{"allow":["GET"]}}],"collection":[{"href":"https:\/\/auctionahead.com\/en\/wp-json\/wp\/v2\/product"}],"about":[{"href":"https:\/\/auctionahead.com\/en\/wp-json\/wp\/v2\/types\/product"}],"wp:featuredmedia":[{"embeddable":true,"href":"https:\/\/auctionahead.com\/en\/wp-json\/wp\/v2\/media\/2311"}],"wp:attachment":[{"href":"https:\/\/auctionahead.com\/en\/wp-json\/wp\/v2\/media?parent=2314"}],"wp:term":[{"taxonomy":"product_brand","embeddable":true,"href":"https:\/\/auctionahead.com\/en\/wp-json\/wp\/v2\/product_brand?post=2314"},{"taxonomy":"product_cat","embeddable":true,"href":"https:\/\/auctionahead.com\/en\/wp-json\/wp\/v2\/product_cat?post=2314"},{"taxonomy":"product_tag","embeddable":true,"href":"https:\/\/auctionahead.com\/en\/wp-json\/wp\/v2\/product_tag?post=2314"}],"curies":[{"name":"wp","href":"https:\/\/api.w.org\/{rel}","templated":true}]}}