{"id":2313,"date":"2017-12-08T12:34:38","date_gmt":"2017-12-08T12:34:38","guid":{"rendered":"https:\/\/auctionahead.com\/?post_type=product&#038;p=2313"},"modified":"2022-04-24T20:35:21","modified_gmt":"2022-04-24T20:35:21","slug":"takeya-thermoflask","status":"publish","type":"product","link":"https:\/\/auctionahead.com\/en\/product\/takeya-thermoflask\/","title":{"rendered":"Takeya ThermoFlask"},"content":{"rendered":"<div class=\"electro-description clearfix\">\n<p>Takeya ThermoFlask 2 Pack 40 oz El acero inoxidable aislado al vac\u00edo de doble pared evita que la temperatura exterior afecte al interior y que se forme condensaci\u00f3n en la botella Acero inoxidable 18\/8 &#8211; evita la oxidaci\u00f3n El s\u00f3lido asa de lazo facilita el transporte de su bebida favorita Pitorro f\u00e1cil de beber con tapa a prueba de fugas Amplia abertura para los cubitos de hielo Fr\u00edo hasta 24 horas; 12 horas caliente.<\/p>\n<\/div>","protected":false},"excerpt":{"rendered":"<p>Un recipiente de doble pared, aislado al vac\u00edo<br \/>\nAcero inoxidable de grado alimenticio 18\/8<br \/>\nAsa de lazo f\u00e1cil de llevar, parachoques protector de silicona<br \/>\nLa tapa se cierra en su lugar mientras se bebe<br \/>\n24 horas de fr\u00edo, 12 horas de calor<\/p>","protected":false},"featured_media":14478,"template":"","meta":[],"product_brand":[],"product_cat":[64],"product_tag":[],"class_list":{"0":"post-2313","1":"product","2":"type-product","3":"status-publish","4":"has-post-thumbnail","6":"product_cat-sports","8":"first","9":"instock","10":"featured","11":"taxable","12":"shipping-taxable","13":"purchasable","14":"product-type-simple"},"yoast_head":"<!-- This site is optimized with the Yoast SEO plugin v27.4 - https:\/\/yoast.com\/product\/yoast-seo-wordpress\/ -->\n<title>Takeya ThermoFlask - Auction Ahead<\/title>\n<meta name=\"robots\" content=\"index, follow, max-snippet:-1, max-image-preview:large, max-video-preview:-1\" \/>\n<link rel=\"canonical\" href=\"https:\/\/auctionahead.com\/en\/product\/takeya-thermoflask\/\" \/>\n<meta property=\"og:locale\" content=\"en_US\" \/>\n<meta property=\"og:type\" content=\"article\" \/>\n<meta property=\"og:title\" content=\"Takeya ThermoFlask - Auction Ahead\" \/>\n<meta property=\"og:description\" content=\"Un recipiente de doble pared, aislado al vac\u00edo Acero inoxidable de grado alimenticio 18\/8 Asa de lazo f\u00e1cil de llevar, parachoques protector de silicona La tapa se cierra en su lugar mientras se bebe 24 horas de fr\u00edo, 12 horas de calor\" \/>\n<meta property=\"og:url\" content=\"https:\/\/auctionahead.com\/en\/product\/takeya-thermoflask\/\" \/>\n<meta property=\"og:site_name\" content=\"Auction Ahead\" \/>\n<meta property=\"article:modified_time\" content=\"2022-04-24T20:35:21+00:00\" \/>\n<meta property=\"og:image\" content=\"https:\/\/auctionahead.com\/wp-content\/uploads\/2017\/12\/81F9ImUweSL._SL1500_-300x300-1.jpg\" \/>\n\t<meta property=\"og:image:width\" content=\"300\" \/>\n\t<meta property=\"og:image:height\" content=\"300\" \/>\n\t<meta property=\"og:image:type\" content=\"image\/jpeg\" \/>\n<meta name=\"twitter:card\" content=\"summary_large_image\" \/>\n<script type=\"application\/ld+json\" class=\"yoast-schema-graph\">{\"@context\":\"https:\\\/\\\/schema.org\",\"@graph\":[{\"@type\":\"WebPage\",\"@id\":\"https:\\\/\\\/auctionahead.com\\\/product\\\/takeya-thermoflask\\\/\",\"url\":\"https:\\\/\\\/auctionahead.com\\\/product\\\/takeya-thermoflask\\\/\",\"name\":\"Takeya ThermoFlask - Auction Ahead\",\"isPartOf\":{\"@id\":\"https:\\\/\\\/auctionahead.com\\\/#website\"},\"primaryImageOfPage\":{\"@id\":\"https:\\\/\\\/auctionahead.com\\\/product\\\/takeya-thermoflask\\\/#primaryimage\"},\"image\":{\"@id\":\"https:\\\/\\\/auctionahead.com\\\/product\\\/takeya-thermoflask\\\/#primaryimage\"},\"thumbnailUrl\":\"https:\\\/\\\/auctionahead.com\\\/wp-content\\\/uploads\\\/2017\\\/12\\\/81F9ImUweSL._SL1500_-300x300-1.jpg\",\"datePublished\":\"2017-12-08T12:34:38+00:00\",\"dateModified\":\"2022-04-24T20:35:21+00:00\",\"breadcrumb\":{\"@id\":\"https:\\\/\\\/auctionahead.com\\\/product\\\/takeya-thermoflask\\\/#breadcrumb\"},\"inLanguage\":\"en-US\",\"potentialAction\":[{\"@type\":\"ReadAction\",\"target\":[\"https:\\\/\\\/auctionahead.com\\\/product\\\/takeya-thermoflask\\\/\"]}]},{\"@type\":\"ImageObject\",\"inLanguage\":\"en-US\",\"@id\":\"https:\\\/\\\/auctionahead.com\\\/product\\\/takeya-thermoflask\\\/#primaryimage\",\"url\":\"https:\\\/\\\/auctionahead.com\\\/wp-content\\\/uploads\\\/2017\\\/12\\\/81F9ImUweSL._SL1500_-300x300-1.jpg\",\"contentUrl\":\"https:\\\/\\\/auctionahead.com\\\/wp-content\\\/uploads\\\/2017\\\/12\\\/81F9ImUweSL._SL1500_-300x300-1.jpg\",\"width\":300,\"height\":300},{\"@type\":\"BreadcrumbList\",\"@id\":\"https:\\\/\\\/auctionahead.com\\\/product\\\/takeya-thermoflask\\\/#breadcrumb\",\"itemListElement\":[{\"@type\":\"ListItem\",\"position\":1,\"name\":\"Inicio\",\"item\":\"https:\\\/\\\/auctionahead.com\\\/\"},{\"@type\":\"ListItem\",\"position\":2,\"name\":\"Shop\",\"item\":\"https:\\\/\\\/auctionahead.com\\\/shop\\\/\"},{\"@type\":\"ListItem\",\"position\":3,\"name\":\"Takeya ThermoFlask\"}]},{\"@type\":\"WebSite\",\"@id\":\"https:\\\/\\\/auctionahead.com\\\/#website\",\"url\":\"https:\\\/\\\/auctionahead.com\\\/\",\"name\":\"Auction Ahead\",\"description\":\"Subastas en vivo y tecnolog\u00eda de vanguardia\",\"potentialAction\":[{\"@type\":\"SearchAction\",\"target\":{\"@type\":\"EntryPoint\",\"urlTemplate\":\"https:\\\/\\\/auctionahead.com\\\/?s={search_term_string}\"},\"query-input\":{\"@type\":\"PropertyValueSpecification\",\"valueRequired\":true,\"valueName\":\"search_term_string\"}}],\"inLanguage\":\"en-US\"}]}<\/script>\n<!-- \/ Yoast SEO plugin. -->","yoast_head_json":{"title":"Takeya ThermoFlask - Auction Ahead","robots":{"index":"index","follow":"follow","max-snippet":"max-snippet:-1","max-image-preview":"max-image-preview:large","max-video-preview":"max-video-preview:-1"},"canonical":"https:\/\/auctionahead.com\/en\/product\/takeya-thermoflask\/","og_locale":"en_US","og_type":"article","og_title":"Takeya ThermoFlask - Auction Ahead","og_description":"Un recipiente de doble pared, aislado al vac\u00edo Acero inoxidable de grado alimenticio 18\/8 Asa de lazo f\u00e1cil de llevar, parachoques protector de silicona La tapa se cierra en su lugar mientras se bebe 24 horas de fr\u00edo, 12 horas de calor","og_url":"https:\/\/auctionahead.com\/en\/product\/takeya-thermoflask\/","og_site_name":"Auction Ahead","article_modified_time":"2022-04-24T20:35:21+00:00","og_image":[{"width":300,"height":300,"url":"https:\/\/auctionahead.com\/wp-content\/uploads\/2017\/12\/81F9ImUweSL._SL1500_-300x300-1.jpg","type":"image\/jpeg"}],"twitter_card":"summary_large_image","schema":{"@context":"https:\/\/schema.org","@graph":[{"@type":"WebPage","@id":"https:\/\/auctionahead.com\/product\/takeya-thermoflask\/","url":"https:\/\/auctionahead.com\/product\/takeya-thermoflask\/","name":"Takeya ThermoFlask - Auction Ahead","isPartOf":{"@id":"https:\/\/auctionahead.com\/#website"},"primaryImageOfPage":{"@id":"https:\/\/auctionahead.com\/product\/takeya-thermoflask\/#primaryimage"},"image":{"@id":"https:\/\/auctionahead.com\/product\/takeya-thermoflask\/#primaryimage"},"thumbnailUrl":"https:\/\/auctionahead.com\/wp-content\/uploads\/2017\/12\/81F9ImUweSL._SL1500_-300x300-1.jpg","datePublished":"2017-12-08T12:34:38+00:00","dateModified":"2022-04-24T20:35:21+00:00","breadcrumb":{"@id":"https:\/\/auctionahead.com\/product\/takeya-thermoflask\/#breadcrumb"},"inLanguage":"en-US","potentialAction":[{"@type":"ReadAction","target":["https:\/\/auctionahead.com\/product\/takeya-thermoflask\/"]}]},{"@type":"ImageObject","inLanguage":"en-US","@id":"https:\/\/auctionahead.com\/product\/takeya-thermoflask\/#primaryimage","url":"https:\/\/auctionahead.com\/wp-content\/uploads\/2017\/12\/81F9ImUweSL._SL1500_-300x300-1.jpg","contentUrl":"https:\/\/auctionahead.com\/wp-content\/uploads\/2017\/12\/81F9ImUweSL._SL1500_-300x300-1.jpg","width":300,"height":300},{"@type":"BreadcrumbList","@id":"https:\/\/auctionahead.com\/product\/takeya-thermoflask\/#breadcrumb","itemListElement":[{"@type":"ListItem","position":1,"name":"Inicio","item":"https:\/\/auctionahead.com\/"},{"@type":"ListItem","position":2,"name":"Shop","item":"https:\/\/auctionahead.com\/shop\/"},{"@type":"ListItem","position":3,"name":"Takeya ThermoFlask"}]},{"@type":"WebSite","@id":"https:\/\/auctionahead.com\/#website","url":"https:\/\/auctionahead.com\/","name":"Auction Ahead","description":"Subastas en vivo y tecnolog\u00eda de vanguardia","potentialAction":[{"@type":"SearchAction","target":{"@type":"EntryPoint","urlTemplate":"https:\/\/auctionahead.com\/?s={search_term_string}"},"query-input":{"@type":"PropertyValueSpecification","valueRequired":true,"valueName":"search_term_string"}}],"inLanguage":"en-US"}]}},"_links":{"self":[{"href":"https:\/\/auctionahead.com\/en\/wp-json\/wp\/v2\/product\/2313","targetHints":{"allow":["GET"]}}],"collection":[{"href":"https:\/\/auctionahead.com\/en\/wp-json\/wp\/v2\/product"}],"about":[{"href":"https:\/\/auctionahead.com\/en\/wp-json\/wp\/v2\/types\/product"}],"wp:featuredmedia":[{"embeddable":true,"href":"https:\/\/auctionahead.com\/en\/wp-json\/wp\/v2\/media\/14478"}],"wp:attachment":[{"href":"https:\/\/auctionahead.com\/en\/wp-json\/wp\/v2\/media?parent=2313"}],"wp:term":[{"taxonomy":"product_brand","embeddable":true,"href":"https:\/\/auctionahead.com\/en\/wp-json\/wp\/v2\/product_brand?post=2313"},{"taxonomy":"product_cat","embeddable":true,"href":"https:\/\/auctionahead.com\/en\/wp-json\/wp\/v2\/product_cat?post=2313"},{"taxonomy":"product_tag","embeddable":true,"href":"https:\/\/auctionahead.com\/en\/wp-json\/wp\/v2\/product_tag?post=2313"}],"curies":[{"name":"wp","href":"https:\/\/api.w.org\/{rel}","templated":true}]}}