{"id":1498,"date":"2019-08-13T17:44:38","date_gmt":"2019-08-13T17:44:38","guid":{"rendered":"https:\/\/auctionahead.com\/?post_type=product&#038;p=1498"},"modified":"2022-04-25T11:55:34","modified_gmt":"2022-04-25T11:55:34","slug":"sloggers-womens-waterproof-rain-and-garden-boot","status":"publish","type":"product","link":"https:\/\/auctionahead.com\/en\/product\/sloggers-womens-waterproof-rain-and-garden-boot\/","title":{"rendered":"Women's Waterproof boots"},"content":{"rendered":"<h5>El coraz\u00f3n y la soledad comienzan desde el suelo hacia arriba<\/h5>\n<p>La resistente suela del Sloggers est\u00e1 dise\u00f1ada para una tracci\u00f3n segura en el agua, el barro y la suciedad. Proporciona el apoyo y la tracci\u00f3n de una buena bota de trabajo. Compare esto con los populares zapatos de &#8220;espuma&#8221;, que ofrecen poco apoyo o tracci\u00f3n. Las suelas tambi\u00e9n est\u00e1n hechas de un material duradero y duradero e incluyen hasta un 50% de material reciclado.<\/p>\n<h5>La clave de la comodidad: las plantillas &#8220;All-Day-Comfort&#8221;.<\/h5>\n<p>No todas las plantillas son creadas igual. La mayor\u00eda de las botas de lluvia usan plantillas baratas, planas y cortadas. Lo creas o no, algunas botas de lluvia ni siquiera incluyen plantillas.<\/p>\n<p>Las plantillas &#8220;All-Day-Comfort&#8221; de los Sloggers tienen 7 mm de grosor en el tal\u00f3n y 5 mm en la planta del pie. Est\u00e1n formadas, no son planas, e incluyen un material de soporte deshuesado bajo el tal\u00f3n.<\/p>\n<p>Las plantillas &#8220;All-Day-Comfort&#8221; son una de las principales razones por las que los Sloggers reciben tan buenas cr\u00edticas. La compa\u00f1\u00eda cree que si vas a gastar tu dinero en comprar sus zapatos, entonces mereces una plantilla de calidad.<\/p>\n<h5>El tama\u00f1o s\u00ed importa: la clave de su satisfacci\u00f3n es el tama\u00f1o.<\/h5>\n<p>Afront\u00e9moslo, comprar zapatos en l\u00ednea es un poco como un juego de adivinanzas. Algunas mujeres creen que el ajuste es acorde con la talla, otras creen que son peque\u00f1os y otras que son grandes. El hecho es que cada fabricante utiliza una horma diferente (la forma del interior del zapato) y los pies de cada uno son un poco diferentes.<\/p>\n<p>Los zapatos y botas Sloggers se ajustan bastante a la talla, pero aqu\u00ed hay algunas pautas y consejos para asegurar un buen ajuste:<\/p>\n<ul>\n<li>Casi todas las mujeres que est\u00e1n entre las tallas deber\u00edan pedir y comprar una &#8220;Plantilla de media talla&#8221;<\/li>\n<li>Un calcet\u00edn pesado sumar\u00e1 hasta la mitad de su tama\u00f1o<\/li>\n<li>Un pie ancho puede requerir un tama\u00f1o medio m\u00e1s grande<\/li>\n<li>Un pie estrecho NO debe pedir la mitad de la talla debido a la longitud; sin embargo, una plantilla &#8220;Half-Sizer&#8221; a\u00f1adida bajo la plantilla existente ajustar\u00e1 el ajuste un poco<\/li>\n<\/ul>\n<p>La tabla de abajo es un buen punto de partida. Contacte con Sloggers directamente con cualquier pregunta adicional.<\/p>","protected":false},"excerpt":{"rendered":"<ul class=\"a-unordered-list a-vertical a-spacing-none\">\n<li><span class=\"a-list-item\">Incluye la exclusiva plantilla &#8220;All-Day-Comfort&#8221; de Sloggers para la m\u00e1xima comodidad<\/span><\/li>\n<li><span class=\"a-list-item\">La banda de rodadura de alta resistencia para una excelente tracci\u00f3n<\/span><\/li>\n<li><span class=\"a-list-item\">Informaci\u00f3n sobre el ajuste: S\u00f3lo en tallas enteras. Se ajusta a la medida. Las tallas medias se ordenan arriba. Para un ajuste perfecto, busque la plantilla Sloggers Half Sizer (estilo 330BK, ASIN B000KMA9X6). Altura: 10.5\u2033 Circunferencia: 15\u2033<\/span><\/li>\n<li><span class=\"a-list-item\">Qu\u00edtale la manguera o l\u00edmpialo con un trapo h\u00famedo. Plantilla extra\u00edble, remojada y secada al aire para su limpieza. Para las plantillas de repuesto, p\u00eddalas directamente a Sloggers.<\/span><\/li>\n<li><span class=\"a-list-item\">Hecho en EE.UU. con material 100% reciclable. No de l\u00e1tex. Amigable con los vegetarianos<\/span><\/li>\n<li><\/li>\n<\/ul>","protected":false},"featured_media":2384,"template":"","meta":[],"product_brand":[],"product_cat":[67],"product_tag":[],"class_list":{"0":"post-1498","1":"product","2":"type-product","3":"status-publish","4":"has-post-thumbnail","6":"product_cat-clothing","8":"first","9":"instock","10":"featured","11":"taxable","12":"shipping-taxable","13":"purchasable","14":"product-type-simple"},"yoast_head":"<!-- This site is optimized with the Yoast SEO plugin v27.4 - https:\/\/yoast.com\/product\/yoast-seo-wordpress\/ -->\n<title>Botas de jard\u00edn impermeables para mujer - Auction Ahead<\/title>\n<meta name=\"robots\" content=\"index, follow, max-snippet:-1, max-image-preview:large, max-video-preview:-1\" \/>\n<link rel=\"canonical\" href=\"https:\/\/auctionahead.com\/en\/product\/sloggers-womens-waterproof-rain-and-garden-boot\/\" \/>\n<meta property=\"og:locale\" content=\"en_US\" \/>\n<meta property=\"og:type\" content=\"article\" \/>\n<meta property=\"og:title\" content=\"Botas de jard\u00edn impermeables para mujer - Auction Ahead\" \/>\n<meta property=\"og:description\" content=\"Incluye la exclusiva plantilla &quot;All-Day-Comfort&quot; de Sloggers para la m\u00e1xima comodidad  La banda de rodadura de alta resistencia para una excelente tracci\u00f3n  Informaci\u00f3n sobre el ajuste: S\u00f3lo en tallas enteras. Se ajusta a la medida. Las tallas medias se ordenan arriba. Para un ajuste perfecto, busque la plantilla Sloggers Half Sizer (estilo 330BK, ASIN B000KMA9X6). Altura: 10.5\u2033 Circunferencia: 15\u2033  Qu\u00edtale la manguera o l\u00edmpialo con un trapo h\u00famedo. Plantilla extra\u00edble, remojada y secada al aire para su limpieza. Para las plantillas de repuesto, p\u00eddalas directamente a Sloggers.  Hecho en EE.UU. con material 100% reciclable. No de l\u00e1tex. Amigable con los vegetarianos\" \/>\n<meta property=\"og:url\" content=\"https:\/\/auctionahead.com\/en\/product\/sloggers-womens-waterproof-rain-and-garden-boot\/\" \/>\n<meta property=\"og:site_name\" content=\"Auction Ahead\" \/>\n<meta property=\"article:modified_time\" content=\"2022-04-25T11:55:34+00:00\" \/>\n<meta property=\"og:image\" content=\"https:\/\/auctionahead.com\/wp-content\/uploads\/2022\/04\/816LbKNkkEL._SL1500_.jpg\" \/>\n\t<meta property=\"og:image:width\" content=\"1200\" \/>\n\t<meta property=\"og:image:height\" content=\"1500\" \/>\n\t<meta property=\"og:image:type\" content=\"image\/jpeg\" \/>\n<meta name=\"twitter:card\" content=\"summary_large_image\" \/>\n<meta name=\"twitter:label1\" content=\"Est. reading time\" \/>\n\t<meta name=\"twitter:data1\" content=\"2 minutes\" \/>\n<script type=\"application\/ld+json\" class=\"yoast-schema-graph\">{\"@context\":\"https:\\\/\\\/schema.org\",\"@graph\":[{\"@type\":\"WebPage\",\"@id\":\"https:\\\/\\\/auctionahead.com\\\/product\\\/sloggers-womens-waterproof-rain-and-garden-boot\\\/\",\"url\":\"https:\\\/\\\/auctionahead.com\\\/product\\\/sloggers-womens-waterproof-rain-and-garden-boot\\\/\",\"name\":\"Botas de jard\u00edn impermeables para mujer - Auction Ahead\",\"isPartOf\":{\"@id\":\"https:\\\/\\\/auctionahead.com\\\/#website\"},\"primaryImageOfPage\":{\"@id\":\"https:\\\/\\\/auctionahead.com\\\/product\\\/sloggers-womens-waterproof-rain-and-garden-boot\\\/#primaryimage\"},\"image\":{\"@id\":\"https:\\\/\\\/auctionahead.com\\\/product\\\/sloggers-womens-waterproof-rain-and-garden-boot\\\/#primaryimage\"},\"thumbnailUrl\":\"https:\\\/\\\/auctionahead.com\\\/wp-content\\\/uploads\\\/2022\\\/04\\\/816LbKNkkEL._SL1500_.jpg\",\"datePublished\":\"2019-08-13T17:44:38+00:00\",\"dateModified\":\"2022-04-25T11:55:34+00:00\",\"breadcrumb\":{\"@id\":\"https:\\\/\\\/auctionahead.com\\\/product\\\/sloggers-womens-waterproof-rain-and-garden-boot\\\/#breadcrumb\"},\"inLanguage\":\"en-US\",\"potentialAction\":[{\"@type\":\"ReadAction\",\"target\":[\"https:\\\/\\\/auctionahead.com\\\/product\\\/sloggers-womens-waterproof-rain-and-garden-boot\\\/\"]}]},{\"@type\":\"ImageObject\",\"inLanguage\":\"en-US\",\"@id\":\"https:\\\/\\\/auctionahead.com\\\/product\\\/sloggers-womens-waterproof-rain-and-garden-boot\\\/#primaryimage\",\"url\":\"https:\\\/\\\/auctionahead.com\\\/wp-content\\\/uploads\\\/2022\\\/04\\\/816LbKNkkEL._SL1500_.jpg\",\"contentUrl\":\"https:\\\/\\\/auctionahead.com\\\/wp-content\\\/uploads\\\/2022\\\/04\\\/816LbKNkkEL._SL1500_.jpg\",\"width\":1200,\"height\":1500,\"caption\":\"Sloggers Women's Waterproof Rain and Garden Boot\"},{\"@type\":\"BreadcrumbList\",\"@id\":\"https:\\\/\\\/auctionahead.com\\\/product\\\/sloggers-womens-waterproof-rain-and-garden-boot\\\/#breadcrumb\",\"itemListElement\":[{\"@type\":\"ListItem\",\"position\":1,\"name\":\"Inicio\",\"item\":\"https:\\\/\\\/auctionahead.com\\\/\"},{\"@type\":\"ListItem\",\"position\":2,\"name\":\"Shop\",\"item\":\"https:\\\/\\\/auctionahead.com\\\/shop\\\/\"},{\"@type\":\"ListItem\",\"position\":3,\"name\":\"Botas de jard\u00edn impermeables para mujer\"}]},{\"@type\":\"WebSite\",\"@id\":\"https:\\\/\\\/auctionahead.com\\\/#website\",\"url\":\"https:\\\/\\\/auctionahead.com\\\/\",\"name\":\"Auction Ahead\",\"description\":\"Subastas en vivo y tecnolog\u00eda de vanguardia\",\"potentialAction\":[{\"@type\":\"SearchAction\",\"target\":{\"@type\":\"EntryPoint\",\"urlTemplate\":\"https:\\\/\\\/auctionahead.com\\\/?s={search_term_string}\"},\"query-input\":{\"@type\":\"PropertyValueSpecification\",\"valueRequired\":true,\"valueName\":\"search_term_string\"}}],\"inLanguage\":\"en-US\"}]}<\/script>\n<!-- \/ Yoast SEO plugin. -->","yoast_head_json":{"title":"Botas de jard\u00edn impermeables para mujer - Auction Ahead","robots":{"index":"index","follow":"follow","max-snippet":"max-snippet:-1","max-image-preview":"max-image-preview:large","max-video-preview":"max-video-preview:-1"},"canonical":"https:\/\/auctionahead.com\/en\/product\/sloggers-womens-waterproof-rain-and-garden-boot\/","og_locale":"en_US","og_type":"article","og_title":"Botas de jard\u00edn impermeables para mujer - Auction Ahead","og_description":"Incluye la exclusiva plantilla \"All-Day-Comfort\" de Sloggers para la m\u00e1xima comodidad  La banda de rodadura de alta resistencia para una excelente tracci\u00f3n  Informaci\u00f3n sobre el ajuste: S\u00f3lo en tallas enteras. Se ajusta a la medida. Las tallas medias se ordenan arriba. Para un ajuste perfecto, busque la plantilla Sloggers Half Sizer (estilo 330BK, ASIN B000KMA9X6). Altura: 10.5\u2033 Circunferencia: 15\u2033  Qu\u00edtale la manguera o l\u00edmpialo con un trapo h\u00famedo. Plantilla extra\u00edble, remojada y secada al aire para su limpieza. Para las plantillas de repuesto, p\u00eddalas directamente a Sloggers.  Hecho en EE.UU. con material 100% reciclable. No de l\u00e1tex. Amigable con los vegetarianos","og_url":"https:\/\/auctionahead.com\/en\/product\/sloggers-womens-waterproof-rain-and-garden-boot\/","og_site_name":"Auction Ahead","article_modified_time":"2022-04-25T11:55:34+00:00","og_image":[{"width":1200,"height":1500,"url":"https:\/\/auctionahead.com\/wp-content\/uploads\/2022\/04\/816LbKNkkEL._SL1500_.jpg","type":"image\/jpeg"}],"twitter_card":"summary_large_image","twitter_misc":{"Est. reading time":"2 minutes"},"schema":{"@context":"https:\/\/schema.org","@graph":[{"@type":"WebPage","@id":"https:\/\/auctionahead.com\/product\/sloggers-womens-waterproof-rain-and-garden-boot\/","url":"https:\/\/auctionahead.com\/product\/sloggers-womens-waterproof-rain-and-garden-boot\/","name":"Botas de jard\u00edn impermeables para mujer - Auction Ahead","isPartOf":{"@id":"https:\/\/auctionahead.com\/#website"},"primaryImageOfPage":{"@id":"https:\/\/auctionahead.com\/product\/sloggers-womens-waterproof-rain-and-garden-boot\/#primaryimage"},"image":{"@id":"https:\/\/auctionahead.com\/product\/sloggers-womens-waterproof-rain-and-garden-boot\/#primaryimage"},"thumbnailUrl":"https:\/\/auctionahead.com\/wp-content\/uploads\/2022\/04\/816LbKNkkEL._SL1500_.jpg","datePublished":"2019-08-13T17:44:38+00:00","dateModified":"2022-04-25T11:55:34+00:00","breadcrumb":{"@id":"https:\/\/auctionahead.com\/product\/sloggers-womens-waterproof-rain-and-garden-boot\/#breadcrumb"},"inLanguage":"en-US","potentialAction":[{"@type":"ReadAction","target":["https:\/\/auctionahead.com\/product\/sloggers-womens-waterproof-rain-and-garden-boot\/"]}]},{"@type":"ImageObject","inLanguage":"en-US","@id":"https:\/\/auctionahead.com\/product\/sloggers-womens-waterproof-rain-and-garden-boot\/#primaryimage","url":"https:\/\/auctionahead.com\/wp-content\/uploads\/2022\/04\/816LbKNkkEL._SL1500_.jpg","contentUrl":"https:\/\/auctionahead.com\/wp-content\/uploads\/2022\/04\/816LbKNkkEL._SL1500_.jpg","width":1200,"height":1500,"caption":"Sloggers Women's Waterproof Rain and Garden Boot"},{"@type":"BreadcrumbList","@id":"https:\/\/auctionahead.com\/product\/sloggers-womens-waterproof-rain-and-garden-boot\/#breadcrumb","itemListElement":[{"@type":"ListItem","position":1,"name":"Inicio","item":"https:\/\/auctionahead.com\/"},{"@type":"ListItem","position":2,"name":"Shop","item":"https:\/\/auctionahead.com\/shop\/"},{"@type":"ListItem","position":3,"name":"Botas de jard\u00edn impermeables para mujer"}]},{"@type":"WebSite","@id":"https:\/\/auctionahead.com\/#website","url":"https:\/\/auctionahead.com\/","name":"Auction Ahead","description":"Subastas en vivo y tecnolog\u00eda de vanguardia","potentialAction":[{"@type":"SearchAction","target":{"@type":"EntryPoint","urlTemplate":"https:\/\/auctionahead.com\/?s={search_term_string}"},"query-input":{"@type":"PropertyValueSpecification","valueRequired":true,"valueName":"search_term_string"}}],"inLanguage":"en-US"}]}},"_links":{"self":[{"href":"https:\/\/auctionahead.com\/en\/wp-json\/wp\/v2\/product\/1498","targetHints":{"allow":["GET"]}}],"collection":[{"href":"https:\/\/auctionahead.com\/en\/wp-json\/wp\/v2\/product"}],"about":[{"href":"https:\/\/auctionahead.com\/en\/wp-json\/wp\/v2\/types\/product"}],"wp:featuredmedia":[{"embeddable":true,"href":"https:\/\/auctionahead.com\/en\/wp-json\/wp\/v2\/media\/2384"}],"wp:attachment":[{"href":"https:\/\/auctionahead.com\/en\/wp-json\/wp\/v2\/media?parent=1498"}],"wp:term":[{"taxonomy":"product_brand","embeddable":true,"href":"https:\/\/auctionahead.com\/en\/wp-json\/wp\/v2\/product_brand?post=1498"},{"taxonomy":"product_cat","embeddable":true,"href":"https:\/\/auctionahead.com\/en\/wp-json\/wp\/v2\/product_cat?post=1498"},{"taxonomy":"product_tag","embeddable":true,"href":"https:\/\/auctionahead.com\/en\/wp-json\/wp\/v2\/product_tag?post=1498"}],"curies":[{"name":"wp","href":"https:\/\/api.w.org\/{rel}","templated":true}]}}