{"id":1743,"date":"2022-03-27T18:52:19","date_gmt":"2022-03-27T18:52:19","guid":{"rendered":"https:\/\/auctionahead.com\/?page_id=1743"},"modified":"2022-04-25T12:09:40","modified_gmt":"2022-04-25T12:09:40","slug":"terminos-y-condiciones","status":"publish","type":"page","link":"https:\/\/auctionahead.com\/en\/terminos-y-condiciones\/","title":{"rendered":"Terms and Conditions"},"content":{"rendered":"<div data-elementor-type=\"wp-page\" data-elementor-id=\"1743\" class=\"elementor elementor-1743\" data-elementor-post-type=\"page\">\n\t\t\t\t\t\t<section class=\"elementor-section elementor-top-section elementor-element elementor-element-677f84b3 elementor-section-boxed elementor-section-height-default elementor-section-height-default\" data-id=\"677f84b3\" data-element_type=\"section\" data-e-type=\"section\" data-settings=\"{&quot;background_background&quot;:&quot;classic&quot;}\">\n\t\t\t\t\t\t\t<div class=\"elementor-background-overlay\"><\/div>\n\t\t\t\t\t\t\t<div class=\"elementor-container elementor-column-gap-no\">\n\t\t\t\t\t<div class=\"elementor-column elementor-col-100 elementor-top-column elementor-element elementor-element-10e15cc8\" data-id=\"10e15cc8\" data-element_type=\"column\" data-e-type=\"column\">\n\t\t\t<div class=\"elementor-widget-wrap elementor-element-populated\">\n\t\t\t\t\t\t<div class=\"elementor-element elementor-element-3650477f elementor-widget elementor-widget-heading\" data-id=\"3650477f\" data-element_type=\"widget\" data-e-type=\"widget\" data-widget_type=\"heading.default\">\n\t\t\t\t<div class=\"elementor-widget-container\">\n\t\t\t\t\t<h1 class=\"elementor-heading-title elementor-size-default\">Terms and Conditions<\/h1>\t\t\t\t<\/div>\n\t\t\t\t<\/div>\n\t\t\t\t\t<\/div>\n\t\t<\/div>\n\t\t\t\t\t<\/div>\n\t\t<\/section>\n\t\t\t\t<section class=\"elementor-section elementor-top-section elementor-element elementor-element-7e914b6a translation-block elementor-section-boxed elementor-section-height-default elementor-section-height-default\" data-id=\"7e914b6a\" data-element_type=\"section\" data-e-type=\"section\">\n\t\t\t\t\t\t<div class=\"elementor-container elementor-column-gap-default\">\n\t\t\t\t\t<div class=\"elementor-column elementor-col-100 elementor-top-column elementor-element elementor-element-63e27657\" data-id=\"63e27657\" data-element_type=\"column\" data-e-type=\"column\">\n\t\t\t<div class=\"elementor-widget-wrap elementor-element-populated\">\n\t\t\t\t\t\t<div class=\"elementor-element elementor-element-7752fbfa translation-block elementor-widget elementor-widget-text-editor\" data-id=\"7752fbfa\" data-element_type=\"widget\" data-e-type=\"widget\" data-widget_type=\"text-editor.default\">\n\t\t\t\t<div class=\"elementor-widget-container\">\n\t\t\t\t\t\t\t\t\t<p class=\"p1\"><span class=\"s1\">Este acuerdo se modific\u00f3 por \u00faltima vez el 10 de agosto de 2020. Lea atentamente estos t\u00e9rminos de uso. al acceder o utilizar cualquier sitio web o aplicaci\u00f3n m\u00f3vil de Auction Ahead (o cualquier contenido, producto, servicio o caracter\u00edstica disponible a trav\u00e9s del sitio web o la aplicaci\u00f3n m\u00f3vil, incluido el visor integrado) (colectivamente, el &#8220;sitio&#8221;), usted acepta cumplir y estar sujeto a los t\u00e9rminos descritos en el presente y a todos los t\u00e9rminos, pol\u00edticas y pautas incorporados por referencia, as\u00ed como a los t\u00e9rminos y restricciones adicionales presentados sobre contenido espec\u00edfico o un producto, servicio o caracter\u00edstica espec\u00edficos (colectivamente, los &#8220;t\u00e9rminos del sitio&#8221;). Si no est\u00e1 de acuerdo con todos estos t\u00e9rminos, no utilice el sitio. Estos T\u00e9rminos del sitio no pretenden alterar los t\u00e9rminos o condiciones de ning\u00fan acuerdo de licencia de contenido que pueda tener con &#8220;Auction Ahead&#8221;, sus subsidiarias o afiliadas, y en la medida de cualquier conflicto, prevalecer\u00e1n los t\u00e9rminos de su acuerdo de licencia de contenido. Al usar el Sitio, usted declara y garantiza que es mayor de 18 a\u00f1os y que puede aceptar legalmente estos T\u00e9rminos del sitio. Si est\u00e1 utilizando el Sitio en nombre de cualquier entidad, declara y garantiza adem\u00e1s que est\u00e1 autorizado a aceptar estos T\u00e9rminos del sitio en nombre de dicha entidad, y que dicha entidad acepta indemnizar a Auction Ahead por violaciones de estos T\u00e9rminos del sitio. <\/span><\/p><p class=\"p1\"><span class=\"s1\">POL\u00cdTICA DE PRIVACIDAD<\/span><\/p><p class=\"p1\"><span class=\"s1\">Auction Ahead se compromete a proteger su privacidad. Consulte nuestra Pol\u00edtica de privacidad para obtener informaci\u00f3n sobre c\u00f3mo recopilamos, usamos y divulgamos informaci\u00f3n personal.<\/span><\/p><p class=\"p1\"><span class=\"s1\">PROPIEDAD DEL SITIO Y SU CONTENIDO<\/span><\/p><p class=\"p1\"><span class=\"s1\"> El Sitio es propiedad de Auction Ahead A menos que se indique lo contrario, todo el contenido presentado o mostrado en el Sitio, incluidos, entre otros, texto, gr\u00e1ficos, datos, im\u00e1genes fotogr\u00e1ficas, im\u00e1genes en movimiento, sonido, las ilustraciones, el software y la selecci\u00f3n y disposici\u00f3n de los mismos (Contenido de \u201cAuction Ahead\u201d), es propiedad de Auction Ahead, sus licenciantes o sus socios de imagen externos. Todos los elementos del Sitio, incluido el Contenido de Auction Ahead, est\u00e1n protegidos por derechos de autor, imagen comercial, derechos morales, marca registrada y otras leyes relacionadas con la protecci\u00f3n de la propiedad intelectual.<\/span><\/p><p class=\"p1\"><span class=\"s1\">USO DEL SITIO <\/span><\/p><p class=\"p1\"><span class=\"s1\">El Sitio y el Contenido de Auction Ahead est\u00e1n destinados a los clientes de Auction Ahead. No puede usar el Sitio o el Contenido de Auction Ahead para ning\u00fan prop\u00f3sito que no est\u00e9 relacionado con su negocio con Auction Ahead. Se le proh\u00edbe espec\u00edficamente: (a) descargar, copiar o retransmitir una parte o la totalidad del Sitio o el Contenido de Auction Ahead sin, o en violaci\u00f3n de, una licencia por escrito o un acuerdo con Auction Ahead; (b) usar cualquier extracci\u00f3n de datos, robots o m\u00e9todos similares de recopilaci\u00f3n o extracci\u00f3n de datos; (c) manipular o mostrar el Sitio o el Contenido de Auction Ahead mediante el uso de marcos o tecnolog\u00eda de navegaci\u00f3n similar; (d) registrar, suscribir, cancelar la suscripci\u00f3n o intentar registrar, suscribir o cancelar la suscripci\u00f3n de cualquier parte para cualquier producto o servicio de Auction Ahead si no est\u00e1 expresamente autorizado por dicha parte para hacerlo; (e) realizar ingenier\u00eda inversa, alterar o modificar cualquier parte del Sitio o el Contenido de Auction Ahead; (f) eludir, deshabilitar o interferir de otro modo con las caracter\u00edsticas relacionadas con la seguridad del Sitio o cualquier recurso del sistema, servicios o redes conectadas o accesibles a trav\u00e9s del Sitio; (g) vender, otorgar licencias, arrendar o comercializar de cualquier forma el Sitio o el Contenido de Auction Ahead sin la autorizaci\u00f3n espec\u00edfica por escrito de Auction Ahead; y (h) utilizar el Sitio o el Contenido de Auction Ahead para fines distintos a los previstos. Dicho uso no autorizado tambi\u00e9n puede violar las leyes aplicables, incluidas, entre otras, las leyes de derechos de autor y marcas registradas, las leyes de privacidad y publicidad, y los reglamentos y estatutos de comunicaciones aplicables. Usted declara y garantiza que cumplir\u00e1 con todas las leyes y reglamentos aplicables, incluidos, entre otros, los relacionados con Internet, datos, correo electr\u00f3nico, privacidad y la transmisi\u00f3n de datos t\u00e9cnicos exportados desde los Estados Unidos o el pa\u00eds en el que resides.<\/span><\/p><p class=\"p1\"><span class=\"s1\">POL\u00cdTICA DE INFRACCI\u00d3N DE DERECHOS DE AUTOR <\/span><\/p><p class=\"p1\"><span class=\"s1\">Por Byital Millennium Copyright Act (&#8220;DMCA&#8221;) y otras leyes aplicables, Auction Ahead ha adoptado una pol\u00edtica de terminaci\u00f3n, en circunstancias apropiadas y a la sola discreci\u00f3n de Auction Ahead, titulares de cuentas que infrinjan los derechos de propiedad intelectual de Auction Ahead o cualquier tercero.<\/span><\/p><p class=\"p1\"><span class=\"s1\">QUEJAS DE DERECHOS DE AUTOR<\/span><\/p><p class=\"p1\"><span class=\"s1\"> Si cree que cualquier material en el Sitio infringe cualquier derecho de autor que posea o controle, puede presentar una notificaci\u00f3n de dicha infracci\u00f3n a nuestro Agente designado como se establece a continuaci\u00f3n: Auction Aheadinfo@auctionahead.com.<\/span><\/p><p class=\"p1\"><span class=\"s1\">MARCAS COMERCIALES<\/span><\/p><p class=\"p1\"><span class=\"s1\">Las marcas comerciales de Auction Ahead, el logotipo de Auction Ahead y cualquier otro nombre de producto o servicio o eslogan contenido en el Sitio son marcas comerciales de Auction Ahead y sus proveedores o licenciantes, y no pueden copiarse, imitarse ni utilizarse, en su totalidad o en parte. , sin el permiso previo por escrito de Auction Ahead o del titular de la marca correspondiente. No puede usar metaetiquetas ni ninguna otra utilidad de &#8220;texto oculto\u201d<\/span><\/p><p class=\"p1\"><span class=\"s1\">DEL SITIO, LOS SERVICIOS, EL CONTENIDO DE Auction Ahead O LOS MATERIALES CONTENIDOS O A LOS QUE SE ACCEDE A TRAV\u00c9S DEL SITIO, INCLUYENDO, SIN LIMITACI\u00d3N, CUALQUIER DA\u00d1O CAUSADO O RESULTADO DE LA CONFIANZA POR PARTE DEL USUARIO EN CUALQUIER INFORMACI\u00d3N OBTENIDA DE Auction Ahead, O QUE RESULTE DE ERRORES U OMISIONES , INTERRUPCIONES, ELIMINACI\u00d3N DE ARCHIVOS O CORREOS ELECTR\u00d3NICOS, ERRORES, DEFECTOS, VIRUS, RETRASOS EN EL FUNCIONAMIENTO O LA TRANSMISI\u00d3N O CUALQUIER FALLA DE RENDIMIENTO, RESULTE O NO DE CAUSAS DE FORTUNA, FALLAS EN LAS COMUNICACIONES, ROBO, DESTRUCCI\u00d3N O ACCESO NO AUTORIZADO A LOS REGISTROS DE Auction Ahead, PROGRAMAS O SERVICIOS. EN NING\u00daN CASO LA RESPONSABILIDAD TOTAL DE Auction Ahead, YA SEA POR CONTRATO, GARANT\u00cdA, AGRAVIO (INCLUIDA LA NEGLIGENCIA, YA SEA ACTIVA, PASIVA O IMPUTADA), RESPONSABILIDAD DEL PRODUCTO, RESPONSABILIDAD ESTRICTA U OTRA TEOR\u00cdA, DERIVADA O RELACIONADA CON EL USO DEL SITIO EXCEDER CUALQUIER COMPENSACI\u00d3N QUE PAGUE, SI LA HAY, A Auction Ahead POR EL ACCESO O EL USO DEL SITIO.<\/span><\/p><p class=\"p1\"><span class=\"s1\">LEY APLICABLE<\/span><\/p><p class=\"p1\"><span class=\"s1\"> Estos T\u00e9rminos de servicio y cualquier acuerdo por separado mediante el cual le brindemos Servicios se regir\u00e1n e interpretar\u00e1n de acuerdo con wibyico. Este sitio es propiedad de Auction Ahead y se puede acceder a \u00e9l en M\u00e9xico y en el extranjero.<\/span><\/p><p class=\"p1\"><span class=\"s1\">TERMINACI\u00d3N <\/span><\/p><p class=\"p1\"><span class=\"s1\">Sin perjuicio de cualquiera de estos T\u00e9rminos del sitio, Auction Ahead se reserva el derecho, sin previo aviso ya su entera discreci\u00f3n, de cancelar su cuenta y\/o bloquear su uso del Sitio.<\/span><\/p><p class=\"p1\"><span class=\"s1\">DISPOSICIONES VARIAS <\/span><\/p><p class=\"p1\"><span class=\"s1\">Cualquier renuncia a cualquier disposici\u00f3n de los T\u00e9rminos del sitio ser\u00e1 efectiva solo si se realiza por escrito y firmada por Auction Ahead. Si se determina que alguna cl\u00e1usula de estos T\u00e9rminos del sitio no se puede hacer cumplir, siempre que sea posible, esto no afectar\u00e1 a ninguna otra cl\u00e1usula y cada una permanecer\u00e1 en pleno vigor y efecto. Quedan reservados todos los derechos no concedidos expresamente en el presente.<\/span><\/p><p class=\"p1\"><span class=\"s1\">CAMBIOS A LOS T\u00c9RMINOS DEL SITIO<\/span><\/p><p class=\"p1\"><span class=\"s1\">Auction Ahead se reserva el derecho de cambiar cualquiera de los t\u00e9rminos y condiciones contenidos en los T\u00e9rminos del sitio o cualquier pol\u00edtica o directriz del Sitio, en cualquier momento ya su entera discreci\u00f3n. Cuando hagamos cambios, revisaremos la fecha de &#8220;\u00faltima actualizaci\u00f3n&#8221; en la parte superior de los T\u00e9rminos del sitio. Cualquier cambio entrar\u00e1 en vigencia inmediatamente despu\u00e9s de su publicaci\u00f3n en el Sitio. Su uso continuado del Sitio despu\u00e9s de la publicaci\u00f3n de los cambios constituir\u00e1 su aceptaci\u00f3n de dichos cambios. Le recomendamos que revise los T\u00e9rminos del sitio cada vez que visite uno de nuestros sitios web.<\/span><\/p>\t\t\t\t\t\t\t\t<\/div>\n\t\t\t\t<\/div>\n\t\t\t\t\t<\/div>\n\t\t<\/div>\n\t\t\t\t\t<\/div>\n\t\t<\/section>\n\t\t\t\t<\/div>","protected":false},"excerpt":{"rendered":"<p>Este acuerdo se modific\u00f3 por \u00faltima vez el 10 de agosto de 2020. Lea atentamente estos t\u00e9rminos de uso. al acceder o utilizar cualquier sitio web o aplicaci\u00f3n m\u00f3vil de Auction Ahead (o cualquier contenido, producto, servicio o caracter\u00edstica disponible a trav\u00e9s del sitio web o la aplicaci\u00f3n m\u00f3vil, incluido el visor integrado) (colectivamente, el [&hellip;]<\/p>\n","protected":false},"author":13,"featured_media":0,"parent":0,"menu_order":0,"comment_status":"closed","ping_status":"closed","template":"","meta":{"footnotes":""},"class_list":["post-1743","page","type-page","status-publish","hentry"],"yoast_head":"<!-- This site is optimized with the Yoast SEO plugin v27.4 - https:\/\/yoast.com\/product\/yoast-seo-wordpress\/ -->\n<title>T\u00e9rminos y condiciones - Auction Ahead<\/title>\n<meta name=\"robots\" content=\"index, follow, max-snippet:-1, max-image-preview:large, max-video-preview:-1\" \/>\n<link rel=\"canonical\" href=\"https:\/\/auctionahead.com\/en\/terminos-y-condiciones\/\" \/>\n<meta property=\"og:locale\" content=\"en_US\" \/>\n<meta property=\"og:type\" content=\"article\" \/>\n<meta property=\"og:title\" content=\"T\u00e9rminos y condiciones - Auction Ahead\" \/>\n<meta property=\"og:description\" content=\"Este acuerdo se modific\u00f3 por \u00faltima vez el 10 de agosto de 2020. Lea atentamente estos t\u00e9rminos de uso. al acceder o utilizar cualquier sitio web o aplicaci\u00f3n m\u00f3vil de Auction Ahead (o cualquier contenido, producto, servicio o caracter\u00edstica disponible a trav\u00e9s del sitio web o la aplicaci\u00f3n m\u00f3vil, incluido el visor integrado) (colectivamente, el [&hellip;]\" \/>\n<meta property=\"og:url\" content=\"https:\/\/auctionahead.com\/en\/terminos-y-condiciones\/\" \/>\n<meta property=\"og:site_name\" content=\"Auction Ahead\" \/>\n<meta property=\"article:modified_time\" content=\"2022-04-25T12:09:40+00:00\" \/>\n<meta name=\"twitter:card\" content=\"summary_large_image\" \/>\n<meta name=\"twitter:label1\" content=\"Est. reading time\" \/>\n\t<meta name=\"twitter:data1\" content=\"7 minutes\" \/>\n<script type=\"application\/ld+json\" class=\"yoast-schema-graph\">{\"@context\":\"https:\\\/\\\/schema.org\",\"@graph\":[{\"@type\":\"WebPage\",\"@id\":\"https:\\\/\\\/auctionahead.com\\\/terminos-y-condiciones\\\/\",\"url\":\"https:\\\/\\\/auctionahead.com\\\/terminos-y-condiciones\\\/\",\"name\":\"T\u00e9rminos y condiciones - Auction Ahead\",\"isPartOf\":{\"@id\":\"https:\\\/\\\/auctionahead.com\\\/#website\"},\"datePublished\":\"2022-03-27T18:52:19+00:00\",\"dateModified\":\"2022-04-25T12:09:40+00:00\",\"breadcrumb\":{\"@id\":\"https:\\\/\\\/auctionahead.com\\\/terminos-y-condiciones\\\/#breadcrumb\"},\"inLanguage\":\"en-US\",\"potentialAction\":[{\"@type\":\"ReadAction\",\"target\":[\"https:\\\/\\\/auctionahead.com\\\/terminos-y-condiciones\\\/\"]}]},{\"@type\":\"BreadcrumbList\",\"@id\":\"https:\\\/\\\/auctionahead.com\\\/terminos-y-condiciones\\\/#breadcrumb\",\"itemListElement\":[{\"@type\":\"ListItem\",\"position\":1,\"name\":\"Inicio\",\"item\":\"https:\\\/\\\/auctionahead.com\\\/\"},{\"@type\":\"ListItem\",\"position\":2,\"name\":\"T\u00e9rminos y condiciones\"}]},{\"@type\":\"WebSite\",\"@id\":\"https:\\\/\\\/auctionahead.com\\\/#website\",\"url\":\"https:\\\/\\\/auctionahead.com\\\/\",\"name\":\"Auction Ahead\",\"description\":\"Subastas en vivo y tecnolog\u00eda de vanguardia\",\"potentialAction\":[{\"@type\":\"SearchAction\",\"target\":{\"@type\":\"EntryPoint\",\"urlTemplate\":\"https:\\\/\\\/auctionahead.com\\\/?s={search_term_string}\"},\"query-input\":{\"@type\":\"PropertyValueSpecification\",\"valueRequired\":true,\"valueName\":\"search_term_string\"}}],\"inLanguage\":\"en-US\"}]}<\/script>\n<!-- \/ Yoast SEO plugin. -->","yoast_head_json":{"title":"T\u00e9rminos y condiciones - Auction Ahead","robots":{"index":"index","follow":"follow","max-snippet":"max-snippet:-1","max-image-preview":"max-image-preview:large","max-video-preview":"max-video-preview:-1"},"canonical":"https:\/\/auctionahead.com\/en\/terminos-y-condiciones\/","og_locale":"en_US","og_type":"article","og_title":"T\u00e9rminos y condiciones - Auction Ahead","og_description":"Este acuerdo se modific\u00f3 por \u00faltima vez el 10 de agosto de 2020. Lea atentamente estos t\u00e9rminos de uso. al acceder o utilizar cualquier sitio web o aplicaci\u00f3n m\u00f3vil de Auction Ahead (o cualquier contenido, producto, servicio o caracter\u00edstica disponible a trav\u00e9s del sitio web o la aplicaci\u00f3n m\u00f3vil, incluido el visor integrado) (colectivamente, el [&hellip;]","og_url":"https:\/\/auctionahead.com\/en\/terminos-y-condiciones\/","og_site_name":"Auction Ahead","article_modified_time":"2022-04-25T12:09:40+00:00","twitter_card":"summary_large_image","twitter_misc":{"Est. reading time":"7 minutes"},"schema":{"@context":"https:\/\/schema.org","@graph":[{"@type":"WebPage","@id":"https:\/\/auctionahead.com\/terminos-y-condiciones\/","url":"https:\/\/auctionahead.com\/terminos-y-condiciones\/","name":"T\u00e9rminos y condiciones - Auction Ahead","isPartOf":{"@id":"https:\/\/auctionahead.com\/#website"},"datePublished":"2022-03-27T18:52:19+00:00","dateModified":"2022-04-25T12:09:40+00:00","breadcrumb":{"@id":"https:\/\/auctionahead.com\/terminos-y-condiciones\/#breadcrumb"},"inLanguage":"en-US","potentialAction":[{"@type":"ReadAction","target":["https:\/\/auctionahead.com\/terminos-y-condiciones\/"]}]},{"@type":"BreadcrumbList","@id":"https:\/\/auctionahead.com\/terminos-y-condiciones\/#breadcrumb","itemListElement":[{"@type":"ListItem","position":1,"name":"Inicio","item":"https:\/\/auctionahead.com\/"},{"@type":"ListItem","position":2,"name":"T\u00e9rminos y condiciones"}]},{"@type":"WebSite","@id":"https:\/\/auctionahead.com\/#website","url":"https:\/\/auctionahead.com\/","name":"Auction Ahead","description":"Subastas en vivo y tecnolog\u00eda de vanguardia","potentialAction":[{"@type":"SearchAction","target":{"@type":"EntryPoint","urlTemplate":"https:\/\/auctionahead.com\/?s={search_term_string}"},"query-input":{"@type":"PropertyValueSpecification","valueRequired":true,"valueName":"search_term_string"}}],"inLanguage":"en-US"}]}},"_links":{"self":[{"href":"https:\/\/auctionahead.com\/en\/wp-json\/wp\/v2\/pages\/1743","targetHints":{"allow":["GET"]}}],"collection":[{"href":"https:\/\/auctionahead.com\/en\/wp-json\/wp\/v2\/pages"}],"about":[{"href":"https:\/\/auctionahead.com\/en\/wp-json\/wp\/v2\/types\/page"}],"author":[{"embeddable":true,"href":"https:\/\/auctionahead.com\/en\/wp-json\/wp\/v2\/users\/13"}],"replies":[{"embeddable":true,"href":"https:\/\/auctionahead.com\/en\/wp-json\/wp\/v2\/comments?post=1743"}],"version-history":[{"count":25,"href":"https:\/\/auctionahead.com\/en\/wp-json\/wp\/v2\/pages\/1743\/revisions"}],"predecessor-version":[{"id":14780,"href":"https:\/\/auctionahead.com\/en\/wp-json\/wp\/v2\/pages\/1743\/revisions\/14780"}],"wp:attachment":[{"href":"https:\/\/auctionahead.com\/en\/wp-json\/wp\/v2\/media?parent=1743"}],"curies":[{"name":"wp","href":"https:\/\/api.w.org\/{rel}","templated":true}]}}