{"id":11,"date":"2022-03-27T18:53:06","date_gmt":"2022-03-27T18:53:06","guid":{"rendered":"https:\/\/auctionahead.com\/?page_id=11"},"modified":"2022-07-12T15:22:42","modified_gmt":"2022-07-12T15:22:42","slug":"devoluciones-y-reembolsos","status":"publish","type":"page","link":"https:\/\/auctionahead.com\/en\/devoluciones-y-reembolsos\/","title":{"rendered":"Devoluciones y reembolsos"},"content":{"rendered":"<div data-elementor-type=\"wp-page\" data-elementor-id=\"11\" class=\"elementor elementor-11\" data-elementor-post-type=\"page\">\n\t\t\t\t\t\t<section class=\"elementor-section elementor-top-section elementor-element elementor-element-67d47aa1 elementor-section-boxed elementor-section-height-default elementor-section-height-default\" data-id=\"67d47aa1\" data-element_type=\"section\" data-e-type=\"section\" data-settings=\"{&quot;background_background&quot;:&quot;classic&quot;}\">\n\t\t\t\t\t\t\t<div class=\"elementor-background-overlay\"><\/div>\n\t\t\t\t\t\t\t<div class=\"elementor-container elementor-column-gap-no\">\n\t\t\t\t\t<div class=\"elementor-column elementor-col-100 elementor-top-column elementor-element elementor-element-4bac456c\" data-id=\"4bac456c\" data-element_type=\"column\" data-e-type=\"column\">\n\t\t\t<div class=\"elementor-widget-wrap elementor-element-populated\">\n\t\t\t\t\t\t<div class=\"elementor-element elementor-element-218207ad elementor-widget elementor-widget-heading\" data-id=\"218207ad\" data-element_type=\"widget\" data-e-type=\"widget\" data-widget_type=\"heading.default\">\n\t\t\t\t<div class=\"elementor-widget-container\">\n\t\t\t\t\t<h1 class=\"elementor-heading-title elementor-size-default\">Devoluciones y reembolsos<\/h1>\t\t\t\t<\/div>\n\t\t\t\t<\/div>\n\t\t\t\t\t<\/div>\n\t\t<\/div>\n\t\t\t\t\t<\/div>\n\t\t<\/section>\n\t\t\t\t<section class=\"elementor-section elementor-top-section elementor-element elementor-element-6879dba1 translation-block elementor-section-boxed elementor-section-height-default elementor-section-height-default\" data-id=\"6879dba1\" data-element_type=\"section\" data-e-type=\"section\">\n\t\t\t\t\t\t<div class=\"elementor-container elementor-column-gap-default\">\n\t\t\t\t\t<div class=\"elementor-column elementor-col-100 elementor-top-column elementor-element elementor-element-c396e17\" data-id=\"c396e17\" data-element_type=\"column\" data-e-type=\"column\">\n\t\t\t<div class=\"elementor-widget-wrap elementor-element-populated\">\n\t\t\t\t\t\t<div class=\"elementor-element elementor-element-349de097 translation-block elementor-widget elementor-widget-text-editor\" data-id=\"349de097\" data-element_type=\"widget\" data-e-type=\"widget\" data-widget_type=\"text-editor.default\">\n\t\t\t\t<div class=\"elementor-widget-container\">\n\t\t\t\t\t\t\t\t\t<p>Al hacer una compra con nosotros, usted acepta estar sujeto a la siguiente Pol\u00edtica de Devoluci\u00f3n y Reembolso, lo ideal ser\u00eda que la leyera en su totalidad antes de enviar un pedido.<br \/>\u00faltima actualizaci\u00f3n: 4 Dicembre, 2020<br \/>DEVOLUCIONES<br \/>Todas las ventas en este sitio son definitivas. Desafortunadamente, no podemos ofrecerle un reembolso o cambio de ning\u00fan producto comprado en este sitio a menos que est\u00e9 defectuoso de alguna manera. Si recibes un producto defectuoso o si el pedido que has recibido difiere de tu intenci\u00f3n de compra, aceptaremos devoluciones dentro de los 15 d\u00edas h\u00e1biles siguientes a la fecha de recepci\u00f3n de tu paquete.<br \/>Para tener derecho a una devoluci\u00f3n, su art\u00edculo debe estar sin usar y en las mismas condiciones en que lo recibi\u00f3. Tambi\u00e9n debe estar en el embalaje original en el que fue recibido.<br \/>Para completar su devoluci\u00f3n, requerimos un recibo o prueba de compra.<br \/>Tambi\u00e9n exigimos que todas las devoluciones vayan acompa\u00f1adas de una declaraci\u00f3n escrita que detalle. Por favor, no env\u00ede su compra de vuelta al fabricante. En su lugar, por favor contacte con nuestro departamento de atenci\u00f3n al cliente y env\u00ede su paquete a la siguiente direcci\u00f3n:<\/p><p>AUCTION AHEAD<br \/>Homero #404 piso 5, Polanco V Secci\u00f3n, CDMX<br \/>Tel\u00e9fono: +1-888-732-8280<br \/>DEVOLUCIONES<br \/>Una vez que su devoluci\u00f3n sea recibida e inspeccionada, le enviaremos un correo electr\u00f3nico para notificarle que hemos recibido su art\u00edculo devuelto. Tambi\u00e9n le notificaremos la aprobaci\u00f3n o el rechazo de su devoluci\u00f3n.<br \/>Si se aprueba, se procesar\u00e1 su reembolso y se aplicar\u00e1 autom\u00e1ticamente un cr\u00e9dito a su tarjeta de cr\u00e9dito o al m\u00e9todo de pago original, dentro de los 30 d\u00edas h\u00e1biles siguientes a la aprobaci\u00f3n de su reembolso.<\/p><p>CAMBIOS<br \/>S\u00f3lo reemplazamos los art\u00edculos si est\u00e1n defectuosos o da\u00f1ados. Si necesitas cambiarlo por el mismo art\u00edculo, env\u00edanos un correo electr\u00f3nico a\u00a0info@auctionahead.com\u00a0y env\u00eda tu art\u00edculo a:<br \/>AUCTION AHEAD<br \/>Homero #404 piso 5, Polanco V Secci\u00f3n, CDMX<br \/>Tel\u00e9fono: +1-888-732-8280<\/p><p>ENV\u00cdO<br \/>Nuestros productos se env\u00edan en un plazo de 4 a 7 d\u00edas h\u00e1biles. Ofrecemos env\u00edo gratuito en cualquier pedido, a todos los lugares dentro de M\u00e9xico. Si vive fuera de M\u00e9xico, pueden aplicarse tarifas de env\u00edo adicionales. Para devolver su producto, debe enviar su producto por correo a:<br \/>AUCTION AHEAD<br \/>Homero #404 piso 5, Polanco V Secci\u00f3n, CDMX<br \/>Tel\u00e9fono: +1-888-732-8280<\/p><p>Usted ser\u00e1 responsable de pagar los gastos de env\u00edo para la devoluci\u00f3n de su art\u00edculo. Los gastos de env\u00edo no son reembolsables. Si recibes un reembolso, los gastos de env\u00edo de la devoluci\u00f3n se deducir\u00e1n de tu reembolso. Dependiendo del lugar donde vivas, el tiempo que puede tardar en llegarte el producto cambiado puede variar. Si env\u00edas un art\u00edculo de m\u00e1s de 50 d\u00f3lares, deber\u00edas considerar la posibilidad de utilizar un servicio de env\u00edo con seguimiento o de adquirir un seguro de env\u00edo. No garantizamos que recibamos el art\u00edculo devuelto.<\/p><p>Para solicitar cualquier cambio, por favor env\u00ede un correo electr\u00f3nico describiendo su problema e indicando su n\u00famero de pedido a\u00a0info@auctionahead.com\u00a0o usando nuestro formulario de quejas: <a href=\"http:\/\/aucthcom.com\">aucthcom.com<\/a><\/p>\t\t\t\t\t\t\t\t<\/div>\n\t\t\t\t<\/div>\n\t\t\t\t\t<\/div>\n\t\t<\/div>\n\t\t\t\t\t<\/div>\n\t\t<\/section>\n\t\t\t\t<\/div>","protected":false},"excerpt":{"rendered":"<p>Al hacer una compra con nosotros, usted acepta estar sujeto a la siguiente Pol\u00edtica de Devoluci\u00f3n y Reembolso, lo ideal ser\u00eda que la leyera en su totalidad antes de enviar un pedido.\u00faltima actualizaci\u00f3n: 4 Dicembre, 2020DEVOLUCIONESTodas las ventas en este sitio son definitivas. Desafortunadamente, no podemos ofrecerle un reembolso o cambio de ning\u00fan producto comprado [&hellip;]<\/p>\n","protected":false},"author":13,"featured_media":0,"parent":0,"menu_order":0,"comment_status":"closed","ping_status":"closed","template":"","meta":{"footnotes":""},"class_list":["post-11","page","type-page","status-publish","hentry"],"yoast_head":"<!-- This site is optimized with the Yoast SEO plugin v27.4 - https:\/\/yoast.com\/product\/yoast-seo-wordpress\/ -->\n<title>Devoluciones y reembolsos - Auction Ahead<\/title>\n<meta name=\"robots\" content=\"index, follow, max-snippet:-1, max-image-preview:large, max-video-preview:-1\" \/>\n<link rel=\"canonical\" href=\"https:\/\/auctionahead.com\/en\/devoluciones-y-reembolsos\/\" \/>\n<meta property=\"og:locale\" content=\"en_US\" \/>\n<meta property=\"og:type\" content=\"article\" \/>\n<meta property=\"og:title\" content=\"Devoluciones y reembolsos - Auction Ahead\" \/>\n<meta property=\"og:description\" content=\"Al hacer una compra con nosotros, usted acepta estar sujeto a la siguiente Pol\u00edtica de Devoluci\u00f3n y Reembolso, lo ideal ser\u00eda que la leyera en su totalidad antes de enviar un pedido.\u00faltima actualizaci\u00f3n: 4 Dicembre, 2020DEVOLUCIONESTodas las ventas en este sitio son definitivas. Desafortunadamente, no podemos ofrecerle un reembolso o cambio de ning\u00fan producto comprado [&hellip;]\" \/>\n<meta property=\"og:url\" content=\"https:\/\/auctionahead.com\/en\/devoluciones-y-reembolsos\/\" \/>\n<meta property=\"og:site_name\" content=\"Auction Ahead\" \/>\n<meta property=\"article:modified_time\" content=\"2022-07-12T15:22:42+00:00\" \/>\n<meta name=\"twitter:card\" content=\"summary_large_image\" \/>\n<meta name=\"twitter:label1\" content=\"Est. reading time\" \/>\n\t<meta name=\"twitter:data1\" content=\"3 minutes\" \/>\n<script type=\"application\/ld+json\" class=\"yoast-schema-graph\">{\"@context\":\"https:\\\/\\\/schema.org\",\"@graph\":[{\"@type\":\"WebPage\",\"@id\":\"https:\\\/\\\/auctionahead.com\\\/devoluciones-y-reembolsos\\\/\",\"url\":\"https:\\\/\\\/auctionahead.com\\\/devoluciones-y-reembolsos\\\/\",\"name\":\"Devoluciones y reembolsos - Auction Ahead\",\"isPartOf\":{\"@id\":\"https:\\\/\\\/auctionahead.com\\\/#website\"},\"datePublished\":\"2022-03-27T18:53:06+00:00\",\"dateModified\":\"2022-07-12T15:22:42+00:00\",\"breadcrumb\":{\"@id\":\"https:\\\/\\\/auctionahead.com\\\/devoluciones-y-reembolsos\\\/#breadcrumb\"},\"inLanguage\":\"en-US\",\"potentialAction\":[{\"@type\":\"ReadAction\",\"target\":[\"https:\\\/\\\/auctionahead.com\\\/devoluciones-y-reembolsos\\\/\"]}]},{\"@type\":\"BreadcrumbList\",\"@id\":\"https:\\\/\\\/auctionahead.com\\\/devoluciones-y-reembolsos\\\/#breadcrumb\",\"itemListElement\":[{\"@type\":\"ListItem\",\"position\":1,\"name\":\"Inicio\",\"item\":\"https:\\\/\\\/auctionahead.com\\\/\"},{\"@type\":\"ListItem\",\"position\":2,\"name\":\"Devoluciones y reembolsos\"}]},{\"@type\":\"WebSite\",\"@id\":\"https:\\\/\\\/auctionahead.com\\\/#website\",\"url\":\"https:\\\/\\\/auctionahead.com\\\/\",\"name\":\"Auction Ahead\",\"description\":\"Subastas en vivo y tecnolog\u00eda de vanguardia\",\"potentialAction\":[{\"@type\":\"SearchAction\",\"target\":{\"@type\":\"EntryPoint\",\"urlTemplate\":\"https:\\\/\\\/auctionahead.com\\\/?s={search_term_string}\"},\"query-input\":{\"@type\":\"PropertyValueSpecification\",\"valueRequired\":true,\"valueName\":\"search_term_string\"}}],\"inLanguage\":\"en-US\"}]}<\/script>\n<!-- \/ Yoast SEO plugin. -->","yoast_head_json":{"title":"Devoluciones y reembolsos - Auction Ahead","robots":{"index":"index","follow":"follow","max-snippet":"max-snippet:-1","max-image-preview":"max-image-preview:large","max-video-preview":"max-video-preview:-1"},"canonical":"https:\/\/auctionahead.com\/en\/devoluciones-y-reembolsos\/","og_locale":"en_US","og_type":"article","og_title":"Devoluciones y reembolsos - Auction Ahead","og_description":"Al hacer una compra con nosotros, usted acepta estar sujeto a la siguiente Pol\u00edtica de Devoluci\u00f3n y Reembolso, lo ideal ser\u00eda que la leyera en su totalidad antes de enviar un pedido.\u00faltima actualizaci\u00f3n: 4 Dicembre, 2020DEVOLUCIONESTodas las ventas en este sitio son definitivas. Desafortunadamente, no podemos ofrecerle un reembolso o cambio de ning\u00fan producto comprado [&hellip;]","og_url":"https:\/\/auctionahead.com\/en\/devoluciones-y-reembolsos\/","og_site_name":"Auction Ahead","article_modified_time":"2022-07-12T15:22:42+00:00","twitter_card":"summary_large_image","twitter_misc":{"Est. reading time":"3 minutes"},"schema":{"@context":"https:\/\/schema.org","@graph":[{"@type":"WebPage","@id":"https:\/\/auctionahead.com\/devoluciones-y-reembolsos\/","url":"https:\/\/auctionahead.com\/devoluciones-y-reembolsos\/","name":"Devoluciones y reembolsos - Auction Ahead","isPartOf":{"@id":"https:\/\/auctionahead.com\/#website"},"datePublished":"2022-03-27T18:53:06+00:00","dateModified":"2022-07-12T15:22:42+00:00","breadcrumb":{"@id":"https:\/\/auctionahead.com\/devoluciones-y-reembolsos\/#breadcrumb"},"inLanguage":"en-US","potentialAction":[{"@type":"ReadAction","target":["https:\/\/auctionahead.com\/devoluciones-y-reembolsos\/"]}]},{"@type":"BreadcrumbList","@id":"https:\/\/auctionahead.com\/devoluciones-y-reembolsos\/#breadcrumb","itemListElement":[{"@type":"ListItem","position":1,"name":"Inicio","item":"https:\/\/auctionahead.com\/"},{"@type":"ListItem","position":2,"name":"Devoluciones y reembolsos"}]},{"@type":"WebSite","@id":"https:\/\/auctionahead.com\/#website","url":"https:\/\/auctionahead.com\/","name":"Auction Ahead","description":"Subastas en vivo y tecnolog\u00eda de vanguardia","potentialAction":[{"@type":"SearchAction","target":{"@type":"EntryPoint","urlTemplate":"https:\/\/auctionahead.com\/?s={search_term_string}"},"query-input":{"@type":"PropertyValueSpecification","valueRequired":true,"valueName":"search_term_string"}}],"inLanguage":"en-US"}]}},"_links":{"self":[{"href":"https:\/\/auctionahead.com\/en\/wp-json\/wp\/v2\/pages\/11","targetHints":{"allow":["GET"]}}],"collection":[{"href":"https:\/\/auctionahead.com\/en\/wp-json\/wp\/v2\/pages"}],"about":[{"href":"https:\/\/auctionahead.com\/en\/wp-json\/wp\/v2\/types\/page"}],"author":[{"embeddable":true,"href":"https:\/\/auctionahead.com\/en\/wp-json\/wp\/v2\/users\/13"}],"replies":[{"embeddable":true,"href":"https:\/\/auctionahead.com\/en\/wp-json\/wp\/v2\/comments?post=11"}],"version-history":[{"count":28,"href":"https:\/\/auctionahead.com\/en\/wp-json\/wp\/v2\/pages\/11\/revisions"}],"predecessor-version":[{"id":14866,"href":"https:\/\/auctionahead.com\/en\/wp-json\/wp\/v2\/pages\/11\/revisions\/14866"}],"wp:attachment":[{"href":"https:\/\/auctionahead.com\/en\/wp-json\/wp\/v2\/media?parent=11"}],"curies":[{"name":"wp","href":"https:\/\/api.w.org\/{rel}","templated":true}]}}